{"id":1170,"date":"2013-10-18T11:07:32","date_gmt":"2013-10-18T09:07:32","guid":{"rendered":"http:\/\/www.slovakdoublebassclub.com\/?page_id=1170"},"modified":"2013-10-18T11:27:48","modified_gmt":"2013-10-18T09:27:48","slug":"zoznam-clenov","status":"publish","type":"page","link":"https:\/\/www.slovakdoublebassclub.com\/SK\/zoznam-clenov\/","title":{"rendered":"Zoznam \u010dlenov"},"content":{"rendered":"<p>Alexander Samo<br \/>\nBako Palo<br \/>\nBal\u00e1zs J\u00e1n<br \/>\nBari-ang. Enea<br \/>\nBik\u00e1r Jozef<br \/>\nBorza J\u00e1n<br \/>\nBuj\u0148\u00e1k Mari\u00e1n<br \/>\nCvanciger Lubo<br \/>\n\u010c\u00ed\u017eek Pavol<br \/>\nDubravsky Karol<br \/>\nFristyk Pavol<br \/>\nGa\u0161par Richard<br \/>\nGrondzel Robert<br \/>\nJaro Filip<br \/>\nJaro Tono<br \/>\nJa\u0161 Jaro<br \/>\nKalu\u017en\u00fd Stefan<br \/>\nK\u00e1n Peter<br \/>\nKlesa Lubo<br \/>\nKopeck\u00e1 Zuzana<br \/>\nKov\u00e1cs Vojtech<br \/>\nKrigovsk\u00e1 Karin<br \/>\nKrigovsk\u00e1 Karin<br \/>\nKrigovsk\u00e1 Karol\u00edna<br \/>\nKrigovsk\u00fd J\u00e1n<br \/>\nKul\u00ed\u010dkov\u00e1 Dasa<br \/>\nKvitkovsk\u00fd Michal<br \/>\nLuk\u00e1cs Jozef<br \/>\nLuk\u00e1csov\u00e1 M\u00e1ria<br \/>\nMach\u00e1\u010dek Zdenek<br \/>\nMa\u0165a\u0161 Milan<br \/>\nMihok Sano<br \/>\nMichael Masa<br \/>\nMikula\u0161ov\u00fdch Milan<br \/>\nMorav\u010d\u00edkov\u00e1 Ane\u017eka<br \/>\nNagy Tibor<br \/>\nPacalaj Filip<br \/>\nPa\u0161kaj Peter<br \/>\nPatkolo Roman<br \/>\nPodolsky Martin<br \/>\nPodolsk\u00fd Jakub<br \/>\nPodolsk\u00fd Matej<br \/>\nPodolsk\u00fd Metod<br \/>\nPodstavek Marko<br \/>\nPrievozn\u00edk J\u00e1n<br \/>\nProfant J\u00e1n<br \/>\nRagan Robert<br \/>\nRagan Robert<br \/>\nRagusk\u00fd Franti\u0161ek<br \/>\nRozum Pavol<br \/>\nSalamon Dr.Pavol<br \/>\nSamko Emil<br \/>\nSarkozi Robert<br \/>\nSokol Aristid<br \/>\nSokol Rastislav<br \/>\nSpi\u0161iak Andrej<br \/>\nStra\u010dina Jakub<br \/>\n\u0160ag\u00e1t Milan<br \/>\n\u0160ipkov\u00e1 Ru\u017eena<br \/>\nTakacsov\u00e1 Ilona<br \/>\nTrn Tibor<br \/>\nUhl\u00edkov\u00e1 Romana<br \/>\nVarga Matej<br \/>\nVarga Peter<br \/>\nVician Pavel<br \/>\nVizv\u00e1ry Edo<br \/>\nVizv\u00e1ry Peter<br \/>\nZatko Vladim\u00edr<br \/>\nZatloukal Rastislav<\/p>\n","protected":false},"excerpt":{"rendered":"<p>Alexander Samo Bako Palo Bal\u00e1zs J\u00e1n Bari-ang. Enea Bik\u00e1r Jozef Borza J\u00e1n Buj\u0148\u00e1k Mari\u00e1n Cvanciger Lubo \u010c\u00ed\u017eek Pavol Dubravsky Karol Fristyk Pavol Ga\u0161par Richard Grondzel Robert Jaro Filip Jaro Tono Ja\u0161 Jaro Kalu\u017en\u00fd Stefan K\u00e1n Peter Klesa Lubo Kopeck\u00e1 Zuzana &hellip; <a href=\"https:\/\/www.slovakdoublebassclub.com\/SK\/zoznam-clenov\/\">Continued<\/a><\/p>\n","protected":false},"author":6,"featured_media":0,"parent":0,"menu_order":0,"comment_status":"closed","ping_status":"closed","template":"","meta":{"ngg_post_thumbnail":0,"footnotes":""},"class_list":["post-1170","page","type-page","status-publish","hentry"],"_links":{"self":[{"href":"https:\/\/www.slovakdoublebassclub.com\/SK\/wp-json\/wp\/v2\/pages\/1170","targetHints":{"allow":["GET"]}}],"collection":[{"href":"https:\/\/www.slovakdoublebassclub.com\/SK\/wp-json\/wp\/v2\/pages"}],"about":[{"href":"https:\/\/www.slovakdoublebassclub.com\/SK\/wp-json\/wp\/v2\/types\/page"}],"author":[{"embeddable":true,"href":"https:\/\/www.slovakdoublebassclub.com\/SK\/wp-json\/wp\/v2\/users\/6"}],"replies":[{"embeddable":true,"href":"https:\/\/www.slovakdoublebassclub.com\/SK\/wp-json\/wp\/v2\/comments?post=1170"}],"version-history":[{"count":6,"href":"https:\/\/www.slovakdoublebassclub.com\/SK\/wp-json\/wp\/v2\/pages\/1170\/revisions"}],"predecessor-version":[{"id":1177,"href":"https:\/\/www.slovakdoublebassclub.com\/SK\/wp-json\/wp\/v2\/pages\/1170\/revisions\/1177"}],"wp:attachment":[{"href":"https:\/\/www.slovakdoublebassclub.com\/SK\/wp-json\/wp\/v2\/media?parent=1170"}],"curies":[{"name":"wp","href":"https:\/\/api.w.org\/{rel}","templated":true}]}}