{"id":1267,"date":"2013-10-23T14:03:30","date_gmt":"2013-10-23T12:03:30","guid":{"rendered":"http:\/\/www.slovakdoublebassclub.com\/?page_id=1267"},"modified":"2013-10-23T14:08:18","modified_gmt":"2013-10-23T12:08:18","slug":"jan-borza","status":"publish","type":"page","link":"https:\/\/www.slovakdoublebassclub.com\/SK\/jan-borza\/","title":{"rendered":"J\u00e1n Borza"},"content":{"rendered":"<p>Narodil sa v Bratislave v roku 1977. Hre na kontrabase sa za\u010dal venova\u0165 vo veku, v ktorom<br \/>\nsa zvy\u010dajne zavr\u0161uje u\u017e vysoko\u0161kolsk\u00e9 \u0161t\u00fadium tohto n\u00e1stroja. K tomu ho priviedla ako<br \/>\nd\u00e1vna t\u00fa\u017eba, tak i n\u00e1hoda, v\u010faka ktorej sa spoznal so svojim bud\u00facim profesorom Jankom<br \/>\nKrigovsk\u00fdm pod ktor\u00e9ho veden\u00edm hru vy\u0161tudoval na Cirkevnom konzervat\u00f3riu v Bratislave<br \/>\na n\u00e1sledne i na Akad\u00e9mii Umen\u00ed v Banskej Bystrici. Na magisterskom recit\u00e1ly predstavil<br \/>\nokrem in\u00e9ho aj Koncert pre kontrabas a orchester od \u0160. B. Poradowsk\u00e9ho, Botessiniho<br \/>\nVari\u00e1cie La Somnambula \u010di M\u00ed\u0161ekovu Son\u00e1tu pre kontrabas a klav\u00edr \u010d.3 e mol. U\u017e po\u010das<br \/>\n\u0161t\u00fadi\u00ed v\u0161ak predviedol aj Va\u0148halov Koncert D dur, Kusevick\u00e9ho fis mol, Dittersdorfov E dur,<br \/>\nBotessiniho h mol, prv\u00e9 dve z Bachovych \u010delov\u00fdch su\u00edt a mnoho \u010fal\u0161ieho z kontrabasov\u00e9ho<br \/>\nreperto\u00e1ru.<br \/>\nOkrem hry na kontrabas, elektrick\u00fa, taktie\u017e akustick\u00fa basgitaru, sa J\u00e1n Borza venuje<br \/>\naj kompoz\u00edcii skladieb v\u00e1\u017enej i menej v\u00e1\u017enej hudby. Zlo\u017eil tak \u201eSon\u00e1tu pre kontrabas<br \/>\na klav\u00edr\u201c, \u201eKlav\u00edrnu suitu g mol\u201c, \u201e3 tri\u00e1 pre klav\u00edr alebo sl\u00e1\u010dikov\u00e9 trio\u201c (prel\u00fadium, f\u00faga<br \/>\na epil\u00f3g), \u201ePrel\u00fadium pre violon\u010delo\u201c, ale aj \u201ePiese\u0148 pre bas a sl\u00e1\u010dikov\u00fd kvartet\u201c, \u201ePiese\u0148<br \/>\npre kontrabas a klav\u00edr\u201c \u010di \u201eConcerto Minimo\u201c \u2013 dychovo-sl\u00e1\u010dikov\u00fd kvartet (flauta, hoboj,<br \/>\nviolon\u010delo, kontrabas, \u010dembalo), v ktorom vzd\u00e1va hold Johannovi Sebastianovi Bachovi.<br \/>\nP\u00f4sobil v medzin\u00e1rodn\u00fdch klasick\u00fdch zoskupeniach, ako je Austria Barock Akademie<br \/>\nWien, 2004 a\u017e 2009 v European philharmonic orchestra a v rokoch 2005 a\u017e 2012 v Donau<br \/>\nFilharmonie Wien.<br \/>\nVo vo\u013enom \u010dase sa venuje hre na basovej gitare v r\u00f4znych hudobn\u00fdch zostav\u00e1ch<br \/>\nviacer\u00fdch \u017e\u00e1nrov. Nieko\u013eko rokov spolupracuje s kapelou Arccus, ktorej reperto\u00e1r<br \/>\nzah\u0155\u0148a predov\u0161etk\u00fdm slovensk\u00e9 \u013eudov\u00e9 balady s rockov\u00fdmi aran\u017em\u00e1nmi. Ned\u00e1vno za\u010dal<br \/>\nkoncertova\u0165 s form\u00e1ciou Feelme, ktor\u00e1 sa venuje najzn\u00e1mej\u0161\u00edm muzik\u00e1lov\u00fdm a filmov\u00fdm<br \/>\nmel\u00f3di\u00e1m. V metalovej kapele Mindstorm hr\u00e1 na gitare.<\/p>\n<p>&nbsp;<\/p>\n","protected":false},"excerpt":{"rendered":"<p>Narodil sa v Bratislave v roku 1977. Hre na kontrabase sa za\u010dal venova\u0165 vo veku, v ktorom sa zvy\u010dajne zavr\u0161uje u\u017e vysoko\u0161kolsk\u00e9 \u0161t\u00fadium tohto n\u00e1stroja. K tomu ho priviedla ako d\u00e1vna t\u00fa\u017eba, tak i n\u00e1hoda, v\u010faka ktorej sa spoznal so &hellip; <a href=\"https:\/\/www.slovakdoublebassclub.com\/SK\/jan-borza\/\">Continued<\/a><\/p>\n","protected":false},"author":6,"featured_media":0,"parent":0,"menu_order":0,"comment_status":"closed","ping_status":"closed","template":"onecolumn-page.php","meta":{"ngg_post_thumbnail":0,"footnotes":""},"class_list":["post-1267","page","type-page","status-publish","hentry"],"_links":{"self":[{"href":"https:\/\/www.slovakdoublebassclub.com\/SK\/wp-json\/wp\/v2\/pages\/1267","targetHints":{"allow":["GET"]}}],"collection":[{"href":"https:\/\/www.slovakdoublebassclub.com\/SK\/wp-json\/wp\/v2\/pages"}],"about":[{"href":"https:\/\/www.slovakdoublebassclub.com\/SK\/wp-json\/wp\/v2\/types\/page"}],"author":[{"embeddable":true,"href":"https:\/\/www.slovakdoublebassclub.com\/SK\/wp-json\/wp\/v2\/users\/6"}],"replies":[{"embeddable":true,"href":"https:\/\/www.slovakdoublebassclub.com\/SK\/wp-json\/wp\/v2\/comments?post=1267"}],"version-history":[{"count":2,"href":"https:\/\/www.slovakdoublebassclub.com\/SK\/wp-json\/wp\/v2\/pages\/1267\/revisions"}],"predecessor-version":[{"id":1278,"href":"https:\/\/www.slovakdoublebassclub.com\/SK\/wp-json\/wp\/v2\/pages\/1267\/revisions\/1278"}],"wp:attachment":[{"href":"https:\/\/www.slovakdoublebassclub.com\/SK\/wp-json\/wp\/v2\/media?parent=1267"}],"curies":[{"name":"wp","href":"https:\/\/api.w.org\/{rel}","templated":true}]}}