{"id":13418,"date":"2019-09-18T09:39:53","date_gmt":"2019-09-18T07:39:53","guid":{"rendered":"https:\/\/www.slovakdoublebassclub.com\/?page_id=13418"},"modified":"2019-09-18T09:44:37","modified_gmt":"2019-09-18T07:44:37","slug":"erich-traxler","status":"publish","type":"page","link":"https:\/\/www.slovakdoublebassclub.com\/SK\/erich-traxler\/","title":{"rendered":"Erich Traxler"},"content":{"rendered":"<div class=\"_437j\">\n<div class=\"_3l-q\">\n<div class=\"_371r\">\n<div style=\"text-align: center;\"><a href=\"https:\/\/www.slovakdoublebassclub.com\/wp-content\/uploads\/2019\/09\/erich-traxler-.jpg\"><img loading=\"lazy\" decoding=\"async\" class=\"size-full wp-image-13419 aligncenter\" src=\"https:\/\/www.slovakdoublebassclub.com\/wp-content\/uploads\/2019\/09\/erich-traxler-.jpg\" alt=\"\" width=\"183\" height=\"275\"><\/a><\/div>\n<div style=\"text-align: center;\">Master class 26-28.9.<\/div>\n<div class=\"_44bj\" style=\"text-align: center;\">\n<p>Erich Traxler sa ako \u010dembalista a organista zaobera hudbou v obdob\u00ed od roku 1600 &#8211; 1800. V jeho interpret\u00e1cii sa zameriavana sk\u00famanie &#8222;hudobn\u00e9ho remesla&#8220; ako z\u00e1klad barokovej hudby.<\/p>\n<p>\u00da\u010dinkuje ako s\u00f3lista na \u010dembale a organe a aj ako komorn\u00fd hr\u00e1\u010d v r\u00f4znych zoskupeniach (L&#8217;Orfeo Baroque Orchestra, Ars Antiqua Austria, Accentus Austria, Bach Consort Vienna, Venice Baroque Orchestra, Ensemble saitsiing, Musica novantica vienna, Ensemble).<\/p>\n<p>Erich Traxler z\u00edskal hudobn\u00e9 vzdelanie v Linzi a vo Viedni u Michael Radulescu, August Humer, Wolfgang Gl\u00fcxam, Gordon Murray, Brett Leighton a Augusta Campagne q nesk\u00f4r v Bazileji na Schola Cantorum Basiliensis, kde sa stretol s hudobn\u00edkmi ako Andrea Marcon, Wolfgang Zerer, Jean-Claude Zehnder a Jesper Christensen ktor\u00ed ho motivovali k jeho pr\u00e1ci. Ako organista z\u00edskal 1. cenu na medzin\u00e1rodn\u00fdch organov\u00fdch s\u00fa\u0165a\u017eiach (Goldrain \/ I 2003, Bochum \/ D 2005).<\/p>\n<p>Od roku 2013 do roku 2018 p\u00f4sobil Erich Traxler ako profesor \u010dembala na Hudobnej a umeleckej univerzite vo Viedni (MUK). Od roku 2018 je na Vysokej \u0161kole m\u00fazick\u00fdch umen\u00ed vo Viedni (MDW). Vyu\u010doval tie\u017e na majstrovsk\u00fdch kurzoch v Belehrade, Univerzite Notre Dame v USA a Stellenbosch University v Ju\u017enej Afrike.<\/p>\n<\/div>\n<\/div>\n<\/div>\n<\/div>\n<div style=\"text-align: center;\">&nbsp;<\/div>","protected":false},"excerpt":{"rendered":"<p>Master class 26-28.9. Erich Traxler sa ako \u010dembalista a organista zaobera hudbou v obdob\u00ed od roku 1600 &#8211; 1800. V jeho interpret\u00e1cii sa zameriavana sk\u00famanie &#8222;hudobn\u00e9ho remesla&#8220; ako z\u00e1klad barokovej hudby. \u00da\u010dinkuje ako s\u00f3lista na \u010dembale a organe a aj &hellip; <a href=\"https:\/\/www.slovakdoublebassclub.com\/SK\/erich-traxler\/\">Continued<\/a><\/p>\n","protected":false},"author":5,"featured_media":0,"parent":0,"menu_order":0,"comment_status":"closed","ping_status":"closed","template":"","meta":{"ngg_post_thumbnail":0,"footnotes":""},"class_list":["post-13418","page","type-page","status-publish","hentry"],"_links":{"self":[{"href":"https:\/\/www.slovakdoublebassclub.com\/SK\/wp-json\/wp\/v2\/pages\/13418","targetHints":{"allow":["GET"]}}],"collection":[{"href":"https:\/\/www.slovakdoublebassclub.com\/SK\/wp-json\/wp\/v2\/pages"}],"about":[{"href":"https:\/\/www.slovakdoublebassclub.com\/SK\/wp-json\/wp\/v2\/types\/page"}],"author":[{"embeddable":true,"href":"https:\/\/www.slovakdoublebassclub.com\/SK\/wp-json\/wp\/v2\/users\/5"}],"replies":[{"embeddable":true,"href":"https:\/\/www.slovakdoublebassclub.com\/SK\/wp-json\/wp\/v2\/comments?post=13418"}],"version-history":[{"count":2,"href":"https:\/\/www.slovakdoublebassclub.com\/SK\/wp-json\/wp\/v2\/pages\/13418\/revisions"}],"predecessor-version":[{"id":13421,"href":"https:\/\/www.slovakdoublebassclub.com\/SK\/wp-json\/wp\/v2\/pages\/13418\/revisions\/13421"}],"wp:attachment":[{"href":"https:\/\/www.slovakdoublebassclub.com\/SK\/wp-json\/wp\/v2\/media?parent=13418"}],"curies":[{"name":"wp","href":"https:\/\/api.w.org\/{rel}","templated":true}]}}