{"id":1397,"date":"2013-10-30T22:35:37","date_gmt":"2013-10-30T21:35:37","guid":{"rendered":"http:\/\/www.slovakdoublebassclub.com\/?page_id=1397"},"modified":"2015-03-18T23:53:54","modified_gmt":"2015-03-18T22:53:54","slug":"dalibor-karvay","status":"publish","type":"page","link":"https:\/\/www.slovakdoublebassclub.com\/SK\/dalibor-karvay\/","title":{"rendered":"Dalibor Karvay"},"content":{"rendered":"<div id=\"maincontent\" style=\"text-align: center;\">\n<p style=\"text-align: center;\"><a href=\"http:\/\/www.slovakdoublebassclub.com\/wp-content\/uploads\/2013\/10\/IMG_400.jpg\"><img loading=\"lazy\" decoding=\"async\" class=\"aligncenter wp-image-3622\" src=\"http:\/\/www.slovakdoublebassclub.com\/wp-content\/uploads\/2013\/10\/IMG_400-300x200.jpg\" alt=\"IMG_400\" width=\"400\" height=\"267\" srcset=\"https:\/\/www.slovakdoublebassclub.com\/wp-content\/uploads\/2013\/10\/IMG_400-300x200.jpg 300w, https:\/\/www.slovakdoublebassclub.com\/wp-content\/uploads\/2013\/10\/IMG_400-600x400.jpg 600w, https:\/\/www.slovakdoublebassclub.com\/wp-content\/uploads\/2013\/10\/IMG_400.jpg 1000w\" sizes=\"auto, (max-width: 400px) 100vw, 400px\" \/><\/a><\/p>\n<p style=\"text-align: justify;\">Narodil sa vo Vr\u00fatkach na Slovensku, 24. j\u00fala 1985. Od detstva preukazoval pozoruhodn\u00fd hudobn\u00fd talent. Ke\u010f mal tri a pol roka, za\u010dal hra\u0165 na husle pod veden\u00edm svojho otca. Jeho v\u00fdvoj ovplyvnilo hudobn\u00e9 prostredie domova. Dlh\u00fd \u010das bol zn\u00e1my ako \u201cz\u00e1zra\u010dn\u00e9 die\u0165a\u201d v\u010faka pokro\u010dilej technike a neobvykle ucelen\u00e9mu v\u00fdrazu. Svoj prv\u00fd koncert mal vo veku 7 rokov. U\u017e po\u010das svojho \u0161t\u00fadia na Z\u00e1kladnej umeleckej \u0161kole vo Vr\u00fatkach urobil nieko\u013eko nahr\u00e1vok pre Slovensk\u00fd rozhlas.<\/p>\n<p style=\"text-align: justify;\">V roku 1993 sa ako osemro\u010dn\u00fd z\u00fa\u010dastnil na Medzin\u00e1rodnej Kocianovej hus\u013eovej s\u00fa\u0165a\u017ei v \u00dast\u00ed nad Orlic\u00ed (\u010cesk\u00e1 republika), kde z\u00edskal Zlat\u00fa cenu a o rok na to, v roku 1994 z\u00edskal prv\u00fa cenu na Festivale J\u00e1na Cikkera v Banskej Bystrici. V roku 1995 sa ako desa\u0165ro\u010dn\u00fd z\u00fa\u010dastnil na kurze hus\u013eovej interpret\u00e1cie v Pie\u0161\u0165anoch pod veden\u00edm Prof. Eduarda Gracha. V roku 1996, ke\u010f mal 11 rokov, vydal svoju prv\u00fa nahr\u00e1vku na CD. V tom istom roku vyhral Zlat\u00fa cenu na VIII. Medzin\u00e1rodnom stretnut\u00ed mlad\u00fdch hudobn\u00edkov v Cordobe (Argent\u00edna) a na Talentariu v Zl\u00edne (\u010cesk\u00e1 republika).<\/p>\n<p style=\"text-align: justify;\">Je ve\u013emi v\u010fa\u010dn\u00fd Bohdanovi Warchalovi, ktor\u00e9ho pomoc si cen\u00ed najm\u00e4 pri vydan\u00ed svojho CD. S ve\u013ekou usilovnos\u0165ou a tvrdou pr\u00e1cou si Karvay neust\u00e1le roz\u0161iroval svoju zru\u010dnos\u0165, ktor\u00e1 mu priniesla koncertn\u00fd \u00faspech v takom mladom veku. Absolovoval systematick\u00e9 \u0161t\u00fadium na \u017dilinskom konzervat\u00f3riu u Prof. Bohumila Urbana a od roku 2000 bol nav\u0161tevuj\u00faci \u0161tudent a nesk\u00f4r riadny \u0161tudent na Viedenskom konzervat\u00f3riu v Rak\u00fasku. V s\u00fa\u010dasnosti \u0161tuduje na Konzervat\u00f3riu mesta Viede\u0148, v triede dobre zn\u00e1meho hus\u013eov\u00e9ho pedag\u00f3ga Prof. Borisa Kuschnira. V roku 2002 sa z\u00fa\u010dastnil na majstrovskom kurze u Prof. Hermana Krebbesa.<\/p>\n<p style=\"text-align: justify;\">V roku 2002 z\u00edskal prv\u00fa cenu v s\u00fa\u0165a\u017ei Viedensk\u00e9ho konzervat\u00f3ria. V tom istom roku vyhral dve ceny na 11.medzin\u00e1rodnej s\u00fa\u0165a\u017ei Eurov\u00edzie \u2013 Grand Prix Mlad\u00fd hudobn\u00edk roka a takisto prv\u00fa cenu s\u00fa\u0165a\u017ee. Medzi jeho najv\u00fdznamnej\u0161ie \u00faspechy patr\u00ed prv\u00e9 miesto v Medzin\u00e1rodnej s\u00fa\u0165a\u017ei Tibora Vargu vo \u0160vaj\u010diarsku (2003). Po\u010das svojho \u0161t\u00fadia na Viedenskom konzervat\u00f3riu prijal ponuky vystupova\u0165 na slovensk\u00fdch festivaloch v svojej rodnej krajine \u2013 Vr\u00fatock\u00e1 hudobn\u00e1 jar 2001, Trnavsk\u00e1 hudobn\u00e1 jar 2003, Bratislavsk\u00e9 kult\u00farne leto 2003, takisto ako na medzin\u00e1rodn\u00fdch podujatiach: Bratislavsk\u00e9 hudobn\u00e9 sl\u00e1vnosti 1994, koncert vo Vatik\u00e1ne na po\u010des\u0165 p\u00e1pe\u017ea J\u00e1na Pavla II. v roku 1995, benefi\u010dn\u00fd koncert pre Spojen\u00e9 n\u00e1rody, T\u00fd\u017ede\u0148 slovenskej kult\u00fary v \u0160panielsku. Vystupoval tie\u017e na medzin\u00e1rodnom festivale mlad\u00fdch koncertn\u00fdch umelcov v Zl\u00edne, Talentinum 1996 (\u010cesk\u00e1 republika), na 37. medzin\u00e1rodnom festivale Moravsk\u00e1 jese\u0148 (\u010cesk\u00e1 republika) a na Stredoeur\u00f3pskom festivale v \u017diline (2003). Okrem toho vystupoval na koncertoch v Eur\u00f3pe, Ju\u017enej Amerike, Severnej Amerike a \u00c1zii.<\/p>\n<p style=\"text-align: justify;\">Spolupracoval s tak\u00fdmi dirigentmi ako Ernst Theis, Leo\u0161 Sv\u00e1rovsky, Oliver Dohn\u00e1nyi, Herman Engels, Petr Vronsk\u00fd, Karol Kevick\u00fd, Ondrej Len\u00e1rd a \u010fal\u0161\u00ed. Vystupoval s mnoh\u00fdmi orchestrami: Rundfunk Symfonieorchester Berlin, Solistes Europ\u00e9ens Luxembourg, Radio Symphonieorchester Vienna, English Chamber Orchestra, Filharm\u00f3nia Bohuslava Martin\u016f v Zl\u00edne, Slovensk\u00e1 filharm\u00f3nia, Ko\u0161ick\u00e1 \u0161t\u00e1tna filharm\u00f3nia, \u017dilinsk\u00fd \u0161t\u00e1tny komorn\u00fd orchester, at\u010f.<\/p>\n<p style=\"text-align: justify;\">Venuje sa taktie\u017e komornej hudbe ako \u010dlen klav\u00edrneho tria: Dalibor Karvay (husle), Milan Karanovi\u010d (violon\u010delo), Stefan Stroissnig (klav\u00edr).<\/p>\n<hr \/>\n<p style=\"text-align: justify;\"><a href=\"http:\/\/www.daliborkarvay.sk\/\">http:\/\/www.daliborkarvay.sk\/<\/a><\/p>\n<\/div>\n<div id=\"subcontent\"><\/div>","protected":false},"excerpt":{"rendered":"<p>Narodil sa vo Vr\u00fatkach na Slovensku, 24. j\u00fala 1985. Od detstva preukazoval pozoruhodn\u00fd hudobn\u00fd talent. Ke\u010f mal tri a pol roka, za\u010dal hra\u0165 na husle pod veden\u00edm svojho otca. Jeho v\u00fdvoj ovplyvnilo hudobn\u00e9 prostredie domova. Dlh\u00fd \u010das bol zn\u00e1my ako &hellip; <a href=\"https:\/\/www.slovakdoublebassclub.com\/SK\/dalibor-karvay\/\">Continued<\/a><\/p>\n","protected":false},"author":5,"featured_media":0,"parent":0,"menu_order":0,"comment_status":"closed","ping_status":"open","template":"","meta":{"ngg_post_thumbnail":0,"footnotes":""},"class_list":["post-1397","page","type-page","status-publish","hentry"],"_links":{"self":[{"href":"https:\/\/www.slovakdoublebassclub.com\/SK\/wp-json\/wp\/v2\/pages\/1397","targetHints":{"allow":["GET"]}}],"collection":[{"href":"https:\/\/www.slovakdoublebassclub.com\/SK\/wp-json\/wp\/v2\/pages"}],"about":[{"href":"https:\/\/www.slovakdoublebassclub.com\/SK\/wp-json\/wp\/v2\/types\/page"}],"author":[{"embeddable":true,"href":"https:\/\/www.slovakdoublebassclub.com\/SK\/wp-json\/wp\/v2\/users\/5"}],"replies":[{"embeddable":true,"href":"https:\/\/www.slovakdoublebassclub.com\/SK\/wp-json\/wp\/v2\/comments?post=1397"}],"version-history":[{"count":4,"href":"https:\/\/www.slovakdoublebassclub.com\/SK\/wp-json\/wp\/v2\/pages\/1397\/revisions"}],"predecessor-version":[{"id":3625,"href":"https:\/\/www.slovakdoublebassclub.com\/SK\/wp-json\/wp\/v2\/pages\/1397\/revisions\/3625"}],"wp:attachment":[{"href":"https:\/\/www.slovakdoublebassclub.com\/SK\/wp-json\/wp\/v2\/media?parent=1397"}],"curies":[{"name":"wp","href":"https:\/\/api.w.org\/{rel}","templated":true}]}}