{"id":1431,"date":"2013-10-30T23:23:55","date_gmt":"2013-10-30T22:23:55","guid":{"rendered":"http:\/\/www.slovakdoublebassclub.com\/?page_id=1431"},"modified":"2015-03-19T00:06:15","modified_gmt":"2015-03-18T23:06:15","slug":"eva-cahova","status":"publish","type":"page","link":"https:\/\/www.slovakdoublebassclub.com\/SK\/eva-cahova\/","title":{"rendered":"Eva C\u00e1hov\u00e1"},"content":{"rendered":"<p style=\"text-align: center;\"><a href=\"http:\/\/www.slovakdoublebassclub.com\/wp-content\/uploads\/2013\/10\/c\u00e1hov\u00e1_eva.jpg\"><img loading=\"lazy\" decoding=\"async\" class=\"aligncenter wp-image-1432\" src=\"http:\/\/www.slovakdoublebassclub.com\/wp-content\/uploads\/2013\/10\/c\u00e1hov\u00e1_eva-228x300.jpg\" alt=\"c\u00e1hov\u00e1_eva\" width=\"300\" height=\"395\" srcset=\"https:\/\/www.slovakdoublebassclub.com\/wp-content\/uploads\/2013\/10\/c\u00e1hov\u00e1_eva-228x300.jpg 228w, https:\/\/www.slovakdoublebassclub.com\/wp-content\/uploads\/2013\/10\/c\u00e1hov\u00e1_eva-600x789.jpg 600w, https:\/\/www.slovakdoublebassclub.com\/wp-content\/uploads\/2013\/10\/c\u00e1hov\u00e1_eva.jpg 730w\" sizes=\"auto, (max-width: 300px) 100vw, 300px\" \/><\/a><\/p>\n<p style=\"text-align: justify;\">P\u00f4sob\u00ed ako koncertn\u00e1 klaviristka doma aj v zahrani\u010d\u00ed. \u0160tudovala na Konzervat\u00f3riu v \u017diline, v klav\u00edrnej triede Mgr. Dariny \u0160v\u00e1rnej. Konzervat\u00f3rium ukon\u010dila v roku 1998 absolventsk\u00fdm koncertom v spolupr\u00e1ci s \u0160KO v \u017diline.V \u0161t\u00fadi\u00e1ch pokra\u010dovala pod veden\u00edm prof. Mgr.art. Zuzany Niederdorfer ArtD. na Fakulte m\u00fazick\u00fdch umen\u00ed AU v Banskej Bystrici. V roku 2009 ukon\u010dila doktorandsk\u00e9 \u0161t\u00fadium na V\u0160MU v Bratislave v triede prof. Mgr.art.Zuzany Niederdorfer ArtD. Eva C\u00e1hov\u00e1 je dr\u017eite\u013ekou \u00a0nieko\u013ek\u00fdch ocenen\u00ed z dom\u00e1cich i medzin\u00e1rodn\u00fdch klav\u00edrnych s\u00fa\u0165a\u017e\u00ed. V roku 1999 z\u00edskala na Medzin\u00e1rodnej s\u00fa\u0165a\u017ei B. Martin\u016f v Prahe \u010cestn\u00e9 uznanie. V m\u00e1ji 2002 vyst\u00fapila v r\u00e1mci festivalu Anglo \u2013 czechoslovak Trust na viacer\u00fdch koncertoch v Lond\u00fdne. Na \u00a0 tomto festivale jej \u00a0 bola udelen\u00e1 Cena za interpret\u00e1ciu F. Liszta a J. Cikkera. V roku 2004 \u00a0z\u00edskala \u00a0 3 . miesto na Medzin\u00e1rodnej s\u00fa\u0165a\u017ei B. Smetanu v Plzni. Ako \u010dlenka klav\u00edrneho dua sa z\u00fa\u010dastnila Medzin\u00e1rodnej s\u00fa\u0165a\u017ee F. Schuberta v Jesen\u00edku, kde sa spolu s Anetou Majerovou umiestnili na 1. mieste. \u00a0Vo febru\u00e1ri 2008 z\u00edskala ocenenie Zlat\u00fd Parnas, ude\u013eovan\u00e9 najlep\u0161\u00edm \u00fa\u010dastn\u00edkom Medzin\u00e1rodn\u00e9ho f\u00f3ra klaviristov v po\u013eskom Sanoku.<\/p>\n<p style=\"text-align: justify;\">Venuje sa akt\u00edvnej umeleckej \u00a0 \u010dinnosti, koncertuje doma aj v zahrani\u010d\u00ed, \u00fa\u010dinkovala \u00a0v Anglicku (Lond\u00fdn), Rusku (Moskva),\u010cesku (Praha, Brno), Po\u013esku (Sanok, Krosno, Sta\u013eova Wo\u013ea, Var\u0161ava), Slovinsku (\u013dub\u013eana, \u017dalec), Taliansku (Adria, Terni, Florencia), \u0160panielsku (Barcelona), Litve (Kleipeda), \u00a0F\u00ednsku (Oulu), na Ukrajine (\u013dvov),Islande (Rezkjav\u00edk) a v Bulharsku (Ruse). Spolupracovala \u00a0 s dom\u00e1cimi aj zahrani\u010dn\u00fdmi symfonick\u00fdmi orchestrami (Slovensk\u00e1 filharm\u00f3nia Bratislava, \u0160KO \u017dilina, Komorn\u00fd orchester \u010cesk\u00e9 Bud\u011bjovice, Symfonick\u00fd orchester Akad\u00e9mie muzickej v \u013dvove, Filharm\u00f3nia v Ruse). Ako \u00a0 komorn\u00e1 hr\u00e1\u010dka p\u00f4sobila v klav\u00edrnom duu s prof. Zuzanou Niederdorfer ArtD., spolupracovala aj so spev\u00e1kom Ivanom Zvar\u00edkom, akordeonistom Michalom \u010cervienkom a gitaristom Adamom Marcom.<\/p>\n<p style=\"text-align: justify;\">Pre Slovensk\u00fd rozhlas \u2013 R\u00e1dio Dev\u00edn nahrala mno\u017estvo verejn\u00fdch live nahr\u00e1vok. Premi\u00e9rovo uviedla \u00a0nieko\u013eko p\u00f4vodn\u00fdch slovensk\u00fdch diel pre klav\u00edr \u2013 P.\u0160pil\u00e1k: E. Es pre klav\u00edr, Concertino pre klav\u00edr a orchester, J.Ir\u0161ai: Magnil totoka pre gitaru a klav\u00edr, E.Kr\u00e1k: Candlelight pre gitaru a klav\u00edr, Panoptikum pre klav\u00edr.<\/p>\n","protected":false},"excerpt":{"rendered":"<p>P\u00f4sob\u00ed ako koncertn\u00e1 klaviristka doma aj v zahrani\u010d\u00ed. \u0160tudovala na Konzervat\u00f3riu v \u017diline, v klav\u00edrnej triede Mgr. Dariny \u0160v\u00e1rnej. Konzervat\u00f3rium ukon\u010dila v roku 1998 absolventsk\u00fdm koncertom v spolupr\u00e1ci s \u0160KO v \u017diline.V \u0161t\u00fadi\u00e1ch pokra\u010dovala pod veden\u00edm prof. Mgr.art. Zuzany Niederdorfer &hellip; <a href=\"https:\/\/www.slovakdoublebassclub.com\/SK\/eva-cahova\/\">Continued<\/a><\/p>\n","protected":false},"author":5,"featured_media":0,"parent":0,"menu_order":0,"comment_status":"closed","ping_status":"open","template":"","meta":{"ngg_post_thumbnail":0,"footnotes":""},"class_list":["post-1431","page","type-page","status-publish","hentry"],"_links":{"self":[{"href":"https:\/\/www.slovakdoublebassclub.com\/SK\/wp-json\/wp\/v2\/pages\/1431","targetHints":{"allow":["GET"]}}],"collection":[{"href":"https:\/\/www.slovakdoublebassclub.com\/SK\/wp-json\/wp\/v2\/pages"}],"about":[{"href":"https:\/\/www.slovakdoublebassclub.com\/SK\/wp-json\/wp\/v2\/types\/page"}],"author":[{"embeddable":true,"href":"https:\/\/www.slovakdoublebassclub.com\/SK\/wp-json\/wp\/v2\/users\/5"}],"replies":[{"embeddable":true,"href":"https:\/\/www.slovakdoublebassclub.com\/SK\/wp-json\/wp\/v2\/comments?post=1431"}],"version-history":[{"count":4,"href":"https:\/\/www.slovakdoublebassclub.com\/SK\/wp-json\/wp\/v2\/pages\/1431\/revisions"}],"predecessor-version":[{"id":3630,"href":"https:\/\/www.slovakdoublebassclub.com\/SK\/wp-json\/wp\/v2\/pages\/1431\/revisions\/3630"}],"wp:attachment":[{"href":"https:\/\/www.slovakdoublebassclub.com\/SK\/wp-json\/wp\/v2\/media?parent=1431"}],"curies":[{"name":"wp","href":"https:\/\/api.w.org\/{rel}","templated":true}]}}