{"id":1515,"date":"2013-11-08T10:55:21","date_gmt":"2013-11-08T09:55:21","guid":{"rendered":"http:\/\/www.slovakdoublebassclub.com\/?page_id=1515"},"modified":"2014-01-20T21:25:41","modified_gmt":"2014-01-20T20:25:41","slug":"jakub-waldman-solo-bass","status":"publish","type":"page","link":"https:\/\/www.slovakdoublebassclub.com\/SK\/jakub-waldman-solo-bass\/","title":{"rendered":"Jakub Waldman &#8211; solo bass"},"content":{"rendered":"<h3><span style=\"color: #000000; font-size: 1.8em; line-height: 1.5em;\"><a href=\"http:\/\/www.slovakdoublebassclub.com\/wp-content\/uploads\/2013\/11\/Jakub-Waldmann.jpg\"><img loading=\"lazy\" decoding=\"async\" class=\"size-full wp-image-1692 alignleft\" alt=\"Jakub-Waldmann\" src=\"http:\/\/www.slovakdoublebassclub.com\/wp-content\/uploads\/2013\/11\/Jakub-Waldmann.jpg\" width=\"300\" height=\"400\" srcset=\"https:\/\/www.slovakdoublebassclub.com\/wp-content\/uploads\/2013\/11\/Jakub-Waldmann.jpg 300w, https:\/\/www.slovakdoublebassclub.com\/wp-content\/uploads\/2013\/11\/Jakub-Waldmann-225x300.jpg 225w\" sizes=\"auto, (max-width: 300px) 100vw, 300px\" \/><\/a>Jakub Waldmann<\/span><\/h3>\n<p style=\"text-align: justify;\">je absolventem Teplick\u00e9 konzervato\u0159e (prof. Rudolf Slach) a Hudebn\u00ed fakulty akademie m\u00fazick\u00fdch um\u011bn\u00ed v Praze (prof. Zden\u011bk Benda). B\u011bhem sv\u00e9ho studia p\u016fsobil v orchestru N\u00e1rodn\u00edho divadla a v Sukov\u011b komorn\u00edm orchestru. Po skon\u010den\u00ed studi\u00ed byl p\u0159ijat do kontrabasov\u00e9 skupiny \u010cesk\u00e9 filharmonie. Od roku 2002 vyu\u010duje na Hudebn\u00edm gymn\u00e1ziu v Praze. Svou \u010dinnost v \u010cesk\u00e9 filharmonii ukon\u010dil a pokra\u010doval v \u010cesk\u00e9m komorn\u00edm orchestru, kter\u00e9ho byl p\u011bt let \u0159editelem. V roce 1989 se stal zakladatelem Unie orchestr\u00e1ln\u00edch hudebn\u00edk\u016f a ochrann\u00e9 spole\u010dnosti Intergram. Spolupracuje s \u010cesk\u00fdm rozhlasem \u2013 mimo jin\u00e9 vytvo\u0159il rozhlasov\u00e9 po\u0159ady o sv\u011btov\u00fdch orchestrech, organizuje v \u010cech\u00e1ch hudebn\u00ed festivaly, v\u011bnuje se edukativn\u00edm hudebn\u00edm projekt\u016fm a je organiz\u00e1torem Kontrabasov\u00e9 sout\u011b\u017ee Franti\u0161ka Simandla v Blatn\u00e9. V sou\u010dasn\u00e9 dob\u011b se vedle sv\u00e9 pedagogick\u00e9 \u010dinnosti v\u011bnuje komorn\u00ed hudb\u011b a pod veden\u00edm Valerije Gergieva spolu\u00fa\u010dinkuje ve World orchestra for Peace.<\/p>\n","protected":false},"excerpt":{"rendered":"<p>Jakub Waldmann je absolventem Teplick\u00e9 konzervato\u0159e (prof. Rudolf Slach) a Hudebn\u00ed fakulty akademie m\u00fazick\u00fdch um\u011bn\u00ed v Praze (prof. Zden\u011bk Benda). B\u011bhem sv\u00e9ho studia p\u016fsobil v orchestru N\u00e1rodn\u00edho divadla a v Sukov\u011b komorn\u00edm orchestru. Po skon\u010den\u00ed studi\u00ed byl p\u0159ijat do kontrabasov\u00e9 &hellip; <a href=\"https:\/\/www.slovakdoublebassclub.com\/SK\/jakub-waldman-solo-bass\/\">Continued<\/a><\/p>\n","protected":false},"author":5,"featured_media":0,"parent":0,"menu_order":0,"comment_status":"closed","ping_status":"open","template":"","meta":{"ngg_post_thumbnail":0,"footnotes":""},"class_list":["post-1515","page","type-page","status-publish","hentry"],"_links":{"self":[{"href":"https:\/\/www.slovakdoublebassclub.com\/SK\/wp-json\/wp\/v2\/pages\/1515","targetHints":{"allow":["GET"]}}],"collection":[{"href":"https:\/\/www.slovakdoublebassclub.com\/SK\/wp-json\/wp\/v2\/pages"}],"about":[{"href":"https:\/\/www.slovakdoublebassclub.com\/SK\/wp-json\/wp\/v2\/types\/page"}],"author":[{"embeddable":true,"href":"https:\/\/www.slovakdoublebassclub.com\/SK\/wp-json\/wp\/v2\/users\/5"}],"replies":[{"embeddable":true,"href":"https:\/\/www.slovakdoublebassclub.com\/SK\/wp-json\/wp\/v2\/comments?post=1515"}],"version-history":[{"count":6,"href":"https:\/\/www.slovakdoublebassclub.com\/SK\/wp-json\/wp\/v2\/pages\/1515\/revisions"}],"predecessor-version":[{"id":1697,"href":"https:\/\/www.slovakdoublebassclub.com\/SK\/wp-json\/wp\/v2\/pages\/1515\/revisions\/1697"}],"wp:attachment":[{"href":"https:\/\/www.slovakdoublebassclub.com\/SK\/wp-json\/wp\/v2\/media?parent=1515"}],"curies":[{"name":"wp","href":"https:\/\/api.w.org\/{rel}","templated":true}]}}