{"id":1521,"date":"2013-11-08T11:12:16","date_gmt":"2013-11-08T10:12:16","guid":{"rendered":"http:\/\/www.slovakdoublebassclub.com\/?page_id=1521"},"modified":"2014-02-05T23:35:47","modified_gmt":"2014-02-05T22:35:47","slug":"waldemar-tamowski-solo-bass","status":"publish","type":"page","link":"https:\/\/www.slovakdoublebassclub.com\/SK\/waldemar-tamowski-solo-bass\/","title":{"rendered":"Waldemar Tamowski &#8211; solo bass"},"content":{"rendered":"<p><a href=\"http:\/\/www.slovakdoublebassclub.com\/wp-content\/uploads\/2013\/11\/waldemar-tamowski.jpg\"><img loading=\"lazy\" decoding=\"async\" class=\"size-full wp-image-1522 aligncenter\" alt=\"waldemar-tamowski\" src=\"http:\/\/www.slovakdoublebassclub.com\/wp-content\/uploads\/2013\/11\/waldemar-tamowski.jpg\" width=\"300\" height=\"225\" \/><\/a><\/p>\n<p>&nbsp;<\/p>\n<p>&nbsp;<\/p>\n<p>Waldemar Tamowski is a Karol Szymanowski Academy of Music in Katowice graduate, academic education at Instrumental Department. He graduated from Instrumental Department in 1982 in Professor Stefan Nowak double &#8211; bass Class. He has been musician in WOSPR and TV in Katowice (currently NOSPR) since 1978. In the years 1984-1987 he led a double-bass class in Music Secondary School in Katowice. Since 1987 he has been an employee of Academy of Music in Katowice, currently on the post of Assistant Professor. In 1995 Department of Art Education and Education Centre offered him accession to the office of first and second grade music schools consultant.<\/p>\n<p>He regularly attends the works of Macro-regional Cello and Contrabass Auditions and since 1988 he has been the member of competition board in National Auditions of these classes. He is also invited to the jury of National Cello and Contrabass Contest in Pozna\u0144.<\/p>\n<p>Along with Art Education Centre he has initiated\u00a0\u00a0 and has been developing Wiktor Grodzi\u0144ski National Contrabass Contest programme formula in Katowice. In 2002 , being invited by Professor Thomas Martin, he conducted individual\u00a0 classes and master course in Guildhall School of Music&amp;Drama in London.<\/p>\n<p>His students and graduates are the laureates of National Contrabass Competition in Pozna\u0144, \u0141\u00f3d\u017a and International Competition in\u00a0 Markneukirchen, Geneva and Wroc\u0142aw. They are in concerts as soloists and record in Poland and abroad. They occupy the leading positions in prestigious symphonic orchestras in Poland and Europe (among others: Jan Kotula- a contrabass soloist for NOSPR in Katowice, Arkadiusz Maciejski \u2013 Symphonic Orchestra soloist in San Sebastian, Aleksander Gabry\u015b- the member of \u201cEnsemble Phenix Basel\u201d and\u00a0 \u201cX-Quartet\u201d in Basel, S\u0142awomir Grenda- Munich Philharmonic soloist, Bogus\u0142aw Furtok- Radio Symphonic Orchestra in Frankfurt on the Main.<\/p>\n<p>In 2012 he was called to the position of the director of Academy of Music String Instruments Chair in Katowice.<\/p>\n<p>&nbsp;<\/p>\n","protected":false},"excerpt":{"rendered":"<p>&nbsp; &nbsp; Waldemar Tamowski is a Karol Szymanowski Academy of Music in Katowice graduate, academic education at Instrumental Department. He graduated from Instrumental Department in 1982 in Professor Stefan Nowak double &#8211; bass Class. He has been musician in WOSPR &hellip; <a href=\"https:\/\/www.slovakdoublebassclub.com\/SK\/waldemar-tamowski-solo-bass\/\">Continued<\/a><\/p>\n","protected":false},"author":5,"featured_media":0,"parent":0,"menu_order":0,"comment_status":"closed","ping_status":"open","template":"","meta":{"ngg_post_thumbnail":0,"footnotes":""},"class_list":["post-1521","page","type-page","status-publish","hentry"],"_links":{"self":[{"href":"https:\/\/www.slovakdoublebassclub.com\/SK\/wp-json\/wp\/v2\/pages\/1521","targetHints":{"allow":["GET"]}}],"collection":[{"href":"https:\/\/www.slovakdoublebassclub.com\/SK\/wp-json\/wp\/v2\/pages"}],"about":[{"href":"https:\/\/www.slovakdoublebassclub.com\/SK\/wp-json\/wp\/v2\/types\/page"}],"author":[{"embeddable":true,"href":"https:\/\/www.slovakdoublebassclub.com\/SK\/wp-json\/wp\/v2\/users\/5"}],"replies":[{"embeddable":true,"href":"https:\/\/www.slovakdoublebassclub.com\/SK\/wp-json\/wp\/v2\/comments?post=1521"}],"version-history":[{"count":3,"href":"https:\/\/www.slovakdoublebassclub.com\/SK\/wp-json\/wp\/v2\/pages\/1521\/revisions"}],"predecessor-version":[{"id":1825,"href":"https:\/\/www.slovakdoublebassclub.com\/SK\/wp-json\/wp\/v2\/pages\/1521\/revisions\/1825"}],"wp:attachment":[{"href":"https:\/\/www.slovakdoublebassclub.com\/SK\/wp-json\/wp\/v2\/media?parent=1521"}],"curies":[{"name":"wp","href":"https:\/\/api.w.org\/{rel}","templated":true}]}}