{"id":1596,"date":"2013-12-20T21:37:08","date_gmt":"2013-12-20T20:37:08","guid":{"rendered":"http:\/\/www.slovakdoublebassclub.com\/?page_id=1596"},"modified":"2014-01-25T12:43:11","modified_gmt":"2014-01-25T11:43:11","slug":"komorna-hudba-chamber-music","status":"publish","type":"page","link":"https:\/\/www.slovakdoublebassclub.com\/SK\/komorna-hudba-chamber-music\/","title":{"rendered":"Komorn\u00e1 hudba\/ Chamber music"},"content":{"rendered":"<p style=\"text-align: justify;\">V r\u00e1mci jednotliv\u00fdch lekci\u00ed n\u00e1strojov husl\u00ed, violy,violon\u010dela, kontrabasu a klav\u00edra sa \u00fa\u010dastn\u00edci kurzu m\u00f4\u017eu z\u00fa\u010dastni\u0165 lekci\u00ed komornej hudby. Z\u00e1merom je aby sa \u0161tudenti mohli pod veden\u00edm sk\u00fasen\u00fdch lektorov bli\u017e\u0161ie zozn\u00e1mi\u0165 s problematikou hrania v komorn\u00fdch zoskupeniach, podporovali vz\u00e1jomn\u00fa muzikalitu a muzic\u00edrovanie. \u00da\u010dastn\u00edci sa maj\u00fa mo\u017enos\u0165 zaobera\u0165 jednotliv\u00fdmi partami na lekci\u00e1ch pod veden\u00edm lektorov jednotliv\u00fdch tried a n\u00e1sledne v r\u00e1mci spolo\u010dn\u00fdch sk\u00fa\u0161ok pripravi\u0165 spolo\u010dn\u00fd program na koncert komornej hudby.<\/p>\n<p>Program pre rok 2014 :<\/p>\n<p><strong>Gioachino Rossini: Sonata Nr. I<\/strong><\/p>\n<p><a href=\"http:\/\/www.slovakdoublebassclub.com\/wp-content\/uploads\/2013\/Rossini-Sonata\/Rossini-Sonata-No-I-contrabasso.pdf\" target=\"_blank\">Rossini Sonata No. I \u00a0contrabasso<\/a><br \/>\n<a href=\"http:\/\/www.slovakdoublebassclub.com\/wp-content\/uploads\/2013\/Rossini-Sonata\/Rossini-Sonata-No-I-viola.pdf\" target=\"_blank\">Rossini Sonata No. I \u00a0viola<\/a><br \/>\n<a href=\"http:\/\/www.slovakdoublebassclub.com\/wp-content\/uploads\/2013\/Rossini-Sonata\/Rossini-Sonata-No-I-violino.pdf\" target=\"_blank\">Rossini Sonata No. I \u00a0violino<\/a><br \/>\n<a href=\"http:\/\/www.slovakdoublebassclub.com\/wp-content\/uploads\/2013\/Rossini-Sonata\/Rossini-Sonata-No-I-violoncello.pdf\" target=\"_blank\">Rossini Sonata No. I \u00a0violoncello<\/a><\/p>\n<p><strong>Franz Schubert:\u00a0klav\u00edrny kvintet &#8222;pstruh&#8220;\/\u00a0 Piano quintet in A major<\/strong><\/p>\n<p><a href=\"http:\/\/conquest.imslp.info\/files\/imglnks\/usimg\/e\/e8\/IMSLP252509-PMLP10129-Schubert_-_Forellen__Trout__Quintet_D667_in_A_Major_Op114_piano.pdf\" target=\"_blank\">Schubert Piano Quintet in A major &#8211; Piano Score<\/a><br \/>\n<a href=\"http:\/\/petrucci.mus.auth.gr\/imglnks\/usimg\/2\/22\/IMSLP252510-PMLP10129-Schubert_-_Forellen__Trout__Quintet_D667_in_A_Major_Op114_violin.pdf\" target=\"_blank\">Schubert Piano Quintet in A major &#8211; Violin Part<\/a><br \/>\n<a href=\"http:\/\/petrucci.mus.auth.gr\/imglnks\/usimg\/8\/80\/IMSLP252511-PMLP10129-Schubert_-_Forellen__Trout__Quintet_D667_in_A_Major_Op114_viola.pdf\" target=\"_blank\">Schubert Piano Quintet in A major &#8211; Viola Part<\/a><br \/>\n<a href=\"http:\/\/javanese.imslp.info\/files\/imglnks\/usimg\/5\/53\/IMSLP252512-PMLP10129-Schubert_-_Forellen__Trout__Quintet_D667_in_A_Major_Op114_cello.pdf\" target=\"_blank\">Schubert Piano Quintet in A major &#8211; Cello Part<\/a><br \/>\n<a href=\"http:\/\/petrucci.mus.auth.gr\/imglnks\/usimg\/0\/08\/IMSLP252513-PMLP10129-Schubert_-_Forellen__Trout__Quintet_D667_in_A_Major_Op114_bass.pdf\" target=\"_blank\">Schubert Piano Quintet in A major &#8211; Bass Part<\/a><\/p>\n<p><strong>Johann Nepomuk Hummel: Piano Quintet Op. 87<\/strong><\/p>\n<p><a href=\"http:\/\/conquest.imslp.info\/files\/imglnks\/usimg\/a\/a0\/IMSLP228040-SIBLEY1802.18160.ca81-39087009100373score.pdf\" target=\"_blank\">Hummel Piano Quintet Op. 87 &#8211; Piano Score<\/a><br \/>\n<a href=\"http:\/\/conquest.imslp.info\/files\/imglnks\/usimg\/9\/91\/IMSLP228041-SIBLEY1802.18160.8ed7-39087009100373violin.pdf\" target=\"_blank\">Hummel Piano Quintet Op. 87 &#8211; Violin Part<\/a><br \/>\n<a href=\"http:\/\/petrucci.mus.auth.gr\/imglnks\/usimg\/e\/eb\/IMSLP228042-SIBLEY1802.18160.e677-39087009100373viola.pdf\" target=\"_blank\">Hummel Piano Quintet Op. 87 &#8211; Viola Part<\/a><br \/>\n<a href=\"http:\/\/petrucci.mus.auth.gr\/imglnks\/usimg\/f\/f2\/IMSLP228043-SIBLEY1802.18160.b8fb-39087009100373cello.pdf\" target=\"_blank\">Hummel Piano Quintet Op. 87 &#8211;\u00a0Cello Part<\/a><br \/>\n<a href=\"http:\/\/conquest.imslp.info\/files\/imglnks\/usimg\/b\/b4\/IMSLP228044-SIBLEY1802.18160.e7aa-39087009100373bass.pdf\" target=\"_blank\">Hummel Piano Quintet Op. 87 &#8211;\u00a0Bass Part<\/a><\/p>\n","protected":false},"excerpt":{"rendered":"<p>V r\u00e1mci jednotliv\u00fdch lekci\u00ed n\u00e1strojov husl\u00ed, violy,violon\u010dela, kontrabasu a klav\u00edra sa \u00fa\u010dastn\u00edci kurzu m\u00f4\u017eu z\u00fa\u010dastni\u0165 lekci\u00ed komornej hudby. Z\u00e1merom je aby sa \u0161tudenti mohli pod veden\u00edm sk\u00fasen\u00fdch lektorov bli\u017e\u0161ie zozn\u00e1mi\u0165 s problematikou hrania v komorn\u00fdch zoskupeniach, podporovali vz\u00e1jomn\u00fa muzikalitu a &hellip; <a href=\"https:\/\/www.slovakdoublebassclub.com\/SK\/komorna-hudba-chamber-music\/\">Continued<\/a><\/p>\n","protected":false},"author":5,"featured_media":0,"parent":0,"menu_order":0,"comment_status":"closed","ping_status":"open","template":"","meta":{"ngg_post_thumbnail":0,"footnotes":""},"class_list":["post-1596","page","type-page","status-publish","hentry"],"_links":{"self":[{"href":"https:\/\/www.slovakdoublebassclub.com\/SK\/wp-json\/wp\/v2\/pages\/1596","targetHints":{"allow":["GET"]}}],"collection":[{"href":"https:\/\/www.slovakdoublebassclub.com\/SK\/wp-json\/wp\/v2\/pages"}],"about":[{"href":"https:\/\/www.slovakdoublebassclub.com\/SK\/wp-json\/wp\/v2\/types\/page"}],"author":[{"embeddable":true,"href":"https:\/\/www.slovakdoublebassclub.com\/SK\/wp-json\/wp\/v2\/users\/5"}],"replies":[{"embeddable":true,"href":"https:\/\/www.slovakdoublebassclub.com\/SK\/wp-json\/wp\/v2\/comments?post=1596"}],"version-history":[{"count":11,"href":"https:\/\/www.slovakdoublebassclub.com\/SK\/wp-json\/wp\/v2\/pages\/1596\/revisions"}],"predecessor-version":[{"id":1727,"href":"https:\/\/www.slovakdoublebassclub.com\/SK\/wp-json\/wp\/v2\/pages\/1596\/revisions\/1727"}],"wp:attachment":[{"href":"https:\/\/www.slovakdoublebassclub.com\/SK\/wp-json\/wp\/v2\/media?parent=1596"}],"curies":[{"name":"wp","href":"https:\/\/api.w.org\/{rel}","templated":true}]}}