{"id":18,"date":"2012-02-28T22:29:00","date_gmt":"2012-02-28T21:29:00","guid":{"rendered":"http:\/\/localhost\/slovak_doublebass_club\/?page_id=18"},"modified":"2013-10-19T17:16:52","modified_gmt":"2013-10-19T15:16:52","slug":"kontrabasove-kurzy","status":"publish","type":"page","link":"https:\/\/www.slovakdoublebassclub.com\/SK\/kontrabasove-kurzy\/","title":{"rendered":"Kontrabasov\u00e9 kurzy 2012"},"content":{"rendered":"<dl class=\"wp-caption alignleft\" id=\"attachment_157\" style=\"width: 223px;\">\n<dt class=\"wp-caption-dt\"><\/dt>\n<dd class=\"wp-caption-dd\"><a href=\"http:\/\/www.slovakdoublebassclub.com\/wp-content\/uploads\/2012\/10\/images.jpg\"><img loading=\"lazy\" decoding=\"async\" class=\"alignnone size-full wp-image-1211\" alt=\"images\" src=\"http:\/\/www.slovakdoublebassclub.com\/wp-content\/uploads\/2012\/10\/images.jpg\" width=\"189\" height=\"267\" \/><\/a>Kontrabasov\u00e9 kurzy &amp; Koncerty BB 2012<\/dd>\n<\/dl>\n<p>&nbsp;<\/p>\n<p style=\"text-align: center;\"><span style=\"color: #000000;\"><br \/>\n<\/span><\/p>\n<p style=\"text-align: center;\">Poz\u00fdvame v\u0161etk\u00fdch priaznivcov kontrabasu a dobrej hudby na\u00a0tret\u00ed ro\u010dn\u00edk kontrabasov\u00fdch kurzov, ktor\u00e9 sa uskuto\u010dnia v\u00a0d\u0148och od 18-22 apr\u00edla 2012 v Banskej Bystrici. Pr\u00ed\u010fte sa\u00a0\u00a0nain\u0161pirova\u0165 najhlb\u0161\u00edm z rodu sl\u00e1\u010dikov\u00fdch n\u00e1strojov&#8230;<\/p>\n<p>&nbsp;<\/p>\n","protected":false},"excerpt":{"rendered":"<p>Kontrabasov\u00e9 kurzy &amp; Koncerty BB 2012 &nbsp; Poz\u00fdvame v\u0161etk\u00fdch priaznivcov kontrabasu a dobrej hudby na\u00a0tret\u00ed ro\u010dn\u00edk kontrabasov\u00fdch kurzov, ktor\u00e9 sa uskuto\u010dnia v\u00a0d\u0148och od 18-22 apr\u00edla 2012 v Banskej Bystrici. Pr\u00ed\u010fte sa\u00a0\u00a0nain\u0161pirova\u0165 najhlb\u0161\u00edm z rodu sl\u00e1\u010dikov\u00fdch n\u00e1strojov&#8230; &nbsp;<\/p>\n","protected":false},"author":2,"featured_media":0,"parent":0,"menu_order":0,"comment_status":"closed","ping_status":"closed","template":"","meta":{"ngg_post_thumbnail":0,"footnotes":""},"class_list":["post-18","page","type-page","status-publish","hentry"],"_links":{"self":[{"href":"https:\/\/www.slovakdoublebassclub.com\/SK\/wp-json\/wp\/v2\/pages\/18","targetHints":{"allow":["GET"]}}],"collection":[{"href":"https:\/\/www.slovakdoublebassclub.com\/SK\/wp-json\/wp\/v2\/pages"}],"about":[{"href":"https:\/\/www.slovakdoublebassclub.com\/SK\/wp-json\/wp\/v2\/types\/page"}],"author":[{"embeddable":true,"href":"https:\/\/www.slovakdoublebassclub.com\/SK\/wp-json\/wp\/v2\/users\/2"}],"replies":[{"embeddable":true,"href":"https:\/\/www.slovakdoublebassclub.com\/SK\/wp-json\/wp\/v2\/comments?post=18"}],"version-history":[{"count":3,"href":"https:\/\/www.slovakdoublebassclub.com\/SK\/wp-json\/wp\/v2\/pages\/18\/revisions"}],"predecessor-version":[{"id":1213,"href":"https:\/\/www.slovakdoublebassclub.com\/SK\/wp-json\/wp\/v2\/pages\/18\/revisions\/1213"}],"wp:attachment":[{"href":"https:\/\/www.slovakdoublebassclub.com\/SK\/wp-json\/wp\/v2\/media?parent=18"}],"curies":[{"name":"wp","href":"https:\/\/api.w.org\/{rel}","templated":true}]}}