{"id":1827,"date":"2014-02-07T23:56:24","date_gmt":"2014-02-07T22:56:24","guid":{"rendered":"http:\/\/www.slovakdoublebassclub.com\/?page_id=1827"},"modified":"2014-02-08T23:16:49","modified_gmt":"2014-02-08T22:16:49","slug":"ucastnici-sutaze-2014participiant-of-competition-2014","status":"publish","type":"page","link":"https:\/\/www.slovakdoublebassclub.com\/SK\/ucastnici-sutaze-2014participiant-of-competition-2014\/","title":{"rendered":"\u00fa\u010dastn\u00edci s\u00fa\u0165a\u017ee 2014\/participiant of competition 2014"},"content":{"rendered":"<table width=\"422\" border=\"0\" cellspacing=\"0\" cellpadding=\"0\">\n<colgroup>\n<col width=\"22\" \/>\n<col width=\"71\" \/>\n<col width=\"82\" \/>\n<col width=\"64\" \/>\n<col width=\"111\" \/>\n<col width=\"72\" \/> <\/colgroup>\n<tbody>\n<tr>\n<td width=\"22\" height=\"21\">\n<h6><\/h6>\n<\/td>\n<td width=\"71\">\n<h6>Meno<\/h6>\n<\/td>\n<td width=\"82\">\n<h6>Priezvisko<\/h6>\n<\/td>\n<td width=\"64\">\n<h6>\u0161t\u00e1t<\/h6>\n<\/td>\n<td width=\"111\">\n<h6>reperto\u00e1r<\/h6>\n<\/td>\n<td width=\"72\">\n<h6>d\u00e1t. nar.<\/h6>\n<\/td>\n<\/tr>\n<tr>\n<td height=\"70\">\n<h6>1.<\/h6>\n<\/td>\n<td dir=\"LTR\" width=\"71\">\n<h6>Klaudia<\/h6>\n<\/td>\n<td dir=\"LTR\" width=\"82\">\n<h6>Baca<\/h6>\n<\/td>\n<td dir=\"LTR\" width=\"64\">\n<h6>Poland\/ Silesia<\/h6>\n<\/td>\n<td dir=\"LTR\" width=\"111\">\n<h6>J.M.Sperger Concert no.16 mov. I and II<\/h6>\n<h6>Obligatory piece<\/h6>\n<\/td>\n<td width=\"72\">\n<h6><\/h6>\n<\/td>\n<\/tr>\n<tr>\n<td height=\"121\">\n<h6>2.<\/h6>\n<\/td>\n<td dir=\"LTR\" width=\"71\">\n<h6>Anna<\/h6>\n<\/td>\n<td dir=\"LTR\" width=\"82\">\n<h6>Bator<\/h6>\n<\/td>\n<td dir=\"LTR\" width=\"64\">\n<h6>Polska<\/h6>\n<\/td>\n<td dir=\"LTR\" width=\"111\">\n<h6>Karl Ditters von Dittersdorf &#8211; Concert E major, I, II mvt.<\/h6>\n<h6>Evgeny Irshai &#8211; Bassome &#8211; mucho<\/h6>\n<\/td>\n<td width=\"72\">\n<h6>2.9.1994<\/h6>\n<\/td>\n<\/tr>\n<tr>\n<td height=\"155\">\n<h6>3.<\/h6>\n<\/td>\n<td dir=\"LTR\" width=\"71\">\n<h6>Evren<\/h6>\n<\/td>\n<td dir=\"LTR\" width=\"82\">\n<h6>Sen<\/h6>\n<\/td>\n<td dir=\"LTR\" width=\"64\">\n<h6>Turkey<\/h6>\n<\/td>\n<td dir=\"LTR\" width=\"111\">\n<h6>1.Karl Ditters von Dittersdorf &#8211; Concerto E-Major (First and second movement)<\/h6>\n<h6>2.Bassome mucho (Obligatory composition)<\/h6>\n<\/td>\n<td width=\"72\">\n<h6>5.12.1992<\/h6>\n<\/td>\n<\/tr>\n<tr>\n<td height=\"87\">\n<h6>4.<\/h6>\n<\/td>\n<td dir=\"LTR\" width=\"71\">\n<h6>G\u0130ZEM<\/h6>\n<\/td>\n<td dir=\"LTR\" width=\"82\">\n<h6>SOZER\u0130<\/h6>\n<\/td>\n<td dir=\"LTR\" width=\"64\">\n<h6>TURKEY<\/h6>\n<\/td>\n<td dir=\"LTR\" width=\"111\">\n<h6>G.F.HANDEL SONATA g minor<\/h6>\n<h6>1 Mouvment and 2 Mouvment.<\/h6>\n<\/td>\n<td width=\"72\">\n<h6>5.3.1996<\/h6>\n<\/td>\n<\/tr>\n<tr>\n<td height=\"53\">\n<h6>5.<\/h6>\n<\/td>\n<td dir=\"LTR\" width=\"71\">\n<h6>TUNCAY<\/h6>\n<\/td>\n<td dir=\"LTR\" width=\"82\">\n<h6>IPTES<\/h6>\n<\/td>\n<td dir=\"LTR\" width=\"64\">\n<h6>TURKEY<\/h6>\n<\/td>\n<td dir=\"LTR\" width=\"111\">\n<h6>G.B.Pergolesi- &#8220;Siciliana&#8220; from Nina<\/h6>\n<\/td>\n<td width=\"72\">\n<h6>2.5.1999<\/h6>\n<\/td>\n<\/tr>\n<tr>\n<td height=\"87\">\n<h6>6.<\/h6>\n<\/td>\n<td dir=\"LTR\" width=\"71\">\n<h6>Kalina<\/h6>\n<\/td>\n<td dir=\"LTR\" width=\"82\">\n<h6>Andreeva<\/h6>\n<\/td>\n<td dir=\"LTR\" width=\"64\">\n<h6>Bulgaria<\/h6>\n<\/td>\n<td dir=\"LTR\" width=\"111\">\n<h6>johann Matthias Sperger &#8211; Allegretto (1 Statz der Sonatine)<\/h6>\n<\/td>\n<td width=\"72\">\n<h6>6.6.2000<\/h6>\n<\/td>\n<\/tr>\n<tr>\n<td height=\"70\">\n<h6>7.<\/h6>\n<\/td>\n<td dir=\"LTR\" width=\"71\">\n<h6>Vanessa<\/h6>\n<\/td>\n<td dir=\"LTR\" width=\"82\">\n<h6>Sarkozi<\/h6>\n<\/td>\n<td dir=\"LTR\" width=\"64\">\n<h6>Slovensko<\/h6>\n<\/td>\n<td dir=\"LTR\" width=\"111\">\n<h6>Eccless sonata g-mol 1. \u010cas\u0165<\/h6>\n<h6>Eccless sonata g-mol 2. \u010cas\u0165<\/h6>\n<\/td>\n<td width=\"72\">\n<h6>4.4.2000<\/h6>\n<\/td>\n<\/tr>\n<tr>\n<td height=\"87\">\n<h6>8.<\/h6>\n<\/td>\n<td dir=\"LTR\" width=\"71\">\n<h6>Dobromir<\/h6>\n<\/td>\n<td dir=\"LTR\" width=\"82\">\n<h6>Kisyov<\/h6>\n<\/td>\n<td dir=\"LTR\" width=\"64\">\n<h6>Bulgaria<\/h6>\n<\/td>\n<td dir=\"LTR\" width=\"111\">\n<h6>Sperger &#8211; Sonata in H moll, 1st &amp; 2nd movement,<\/h6>\n<h6>E. Irshai &#8211; Bassome Mucho<\/h6>\n<\/td>\n<td width=\"72\">\n<h6>11.23.1994<\/h6>\n<\/td>\n<\/tr>\n<tr>\n<td height=\"36\">\n<h6>9.<\/h6>\n<\/td>\n<td dir=\"LTR\" width=\"71\">\n<h6>STEFAN<\/h6>\n<\/td>\n<td dir=\"LTR\" width=\"82\">\n<h6>BANYAK<\/h6>\n<\/td>\n<td dir=\"LTR\" width=\"64\">\n<h6>Slovensko<\/h6>\n<\/td>\n<td dir=\"LTR\" width=\"111\">\n<h6>Menuet J.S.Bach<\/h6>\n<\/td>\n<td width=\"72\">\n<h6>3.9.2007<\/h6>\n<\/td>\n<\/tr>\n<tr>\n<td height=\"36\">\n<h6>10.<\/h6>\n<\/td>\n<td dir=\"LTR\" width=\"71\">\n<h6>Jakub<\/h6>\n<\/td>\n<td dir=\"LTR\" width=\"82\">\n<h6>Stra\u010dina<\/h6>\n<\/td>\n<td dir=\"LTR\" width=\"64\">\n<h6>Slovensko<\/h6>\n<\/td>\n<td dir=\"LTR\" width=\"111\">\n<h6>J. K. Va\u0148a &#8211; koncert d dur I, II<\/h6>\n<\/td>\n<td width=\"72\">\n<h6>5.6.1991<\/h6>\n<\/td>\n<\/tr>\n<tr>\n<td height=\"53\">\n<h6>11.<\/h6>\n<\/td>\n<td dir=\"LTR\" width=\"71\">\n<h6>Andrej<\/h6>\n<\/td>\n<td dir=\"LTR\" width=\"82\">\n<h6>Behul<\/h6>\n<\/td>\n<td dir=\"LTR\" width=\"64\">\n<h6>Slovensko<\/h6>\n<\/td>\n<td dir=\"LTR\" width=\"111\">\n<h6>Johann Mathias Sperger &#8211; Sonata D-dur<\/h6>\n<\/td>\n<td width=\"72\">\n<h6>7.10.1991<\/h6>\n<\/td>\n<\/tr>\n<tr>\n<td height=\"36\">\n<h6>12.<\/h6>\n<\/td>\n<td dir=\"LTR\" width=\"71\">\n<h6>Alexander<\/h6>\n<\/td>\n<td dir=\"LTR\" width=\"82\">\n<h6>G\u00f3rny<\/h6>\n<\/td>\n<td dir=\"LTR\" width=\"64\">\n<h6>\u015al\u0105sk<\/h6>\n<\/td>\n<td dir=\"LTR\" width=\"111\">\n<h6>Sonata G.F Handel g-minor<\/h6>\n<\/td>\n<td width=\"72\">\n<h6>3.24.1996<\/h6>\n<\/td>\n<\/tr>\n<tr>\n<td height=\"70\">\n<h6>13.<\/h6>\n<\/td>\n<td dir=\"LTR\" width=\"71\">\n<h6>Romana<\/h6>\n<\/td>\n<td dir=\"LTR\" width=\"82\">\n<h6>Uhl\u00edkov\u00e1<\/h6>\n<\/td>\n<td dir=\"LTR\" width=\"64\">\n<h6>Slovensko<\/h6>\n<\/td>\n<td dir=\"LTR\" width=\"111\">\n<h6>J.K.Va\u0148hal, Koncert D Dur ;Allegro moderato, Adagio<\/h6>\n<\/td>\n<td width=\"72\">\n<h6>5.24.1992<\/h6>\n<\/td>\n<\/tr>\n<tr>\n<td height=\"53\">\n<h6>14.<\/h6>\n<\/td>\n<td dir=\"LTR\" width=\"71\">\n<h6>Indi<\/h6>\n<\/td>\n<td dir=\"LTR\" width=\"82\">\n<h6>Stiv\u00edn<\/h6>\n<\/td>\n<td dir=\"LTR\" width=\"64\">\n<h6>\u010cesk\u00e1 republika<\/h6>\n<\/td>\n<td dir=\"LTR\" width=\"111\">\n<h6>Indi Stiv\u00edn<\/h6>\n<h6>Hommage \u00e0 Franti\u0161ek Po\u0161ta<\/h6>\n<\/td>\n<td width=\"72\">\n<h6>12.1.2001<\/h6>\n<\/td>\n<\/tr>\n<tr>\n<td height=\"36\">\n<h6>15.<\/h6>\n<\/td>\n<td dir=\"LTR\" width=\"71\">\n<h6>Zden\u011bk<\/h6>\n<\/td>\n<td dir=\"LTR\" width=\"82\">\n<h6>Pazourek<\/h6>\n<\/td>\n<td dir=\"LTR\" width=\"64\">\n<h6>\u010cesk\u00e1 republika<\/h6>\n<\/td>\n<td dir=\"LTR\" width=\"111\">\n<h6>Sonata g minor H.Eccles<\/h6>\n<\/td>\n<td width=\"72\">\n<h6>10.8.1997<\/h6>\n<\/td>\n<\/tr>\n<tr>\n<td height=\"104\">\n<h6>16.<\/h6>\n<\/td>\n<td dir=\"LTR\" width=\"71\">\n<h6>Petr<\/h6>\n<\/td>\n<td dir=\"LTR\" width=\"82\">\n<h6>Pav\u00ed\u010dek<\/h6>\n<\/td>\n<td dir=\"LTR\" width=\"64\">\n<h6>\u010cesk\u00e1 republika<\/h6>\n<\/td>\n<td dir=\"LTR\" width=\"111\">\n<h6>J.M.Sperger:Koncert \u010d.15 D-dur 1. a 2. v\u011bta<\/h6>\n<h6>J.M. Sperger:Sonata D-dur 1. a 2. v\u011bta<\/h6>\n<\/td>\n<td width=\"72\">\n<h6>1.18.1995<\/h6>\n<\/td>\n<\/tr>\n<tr>\n<td height=\"53\">\n<h6>17.<\/h6>\n<\/td>\n<td dir=\"LTR\" width=\"71\">\n<h6>Michal<\/h6>\n<\/td>\n<td dir=\"LTR\" width=\"82\">\n<h6>Hrom\u00e1dko<\/h6>\n<\/td>\n<td dir=\"LTR\" width=\"64\">\n<h6>\u010cesk\u00e1 republika<\/h6>\n<\/td>\n<td dir=\"LTR\" width=\"111\">\n<h6>Giovani del Violone: Sonata a &#8211; moll 1. &#8211; 3. v\u011bta<\/h6>\n<\/td>\n<td width=\"72\">\n<h6>2.11.1998<\/h6>\n<\/td>\n<\/tr>\n<tr>\n<td height=\"36\">\n<h6>18.<\/h6>\n<\/td>\n<td dir=\"LTR\" width=\"71\">\n<h6>\u0160t\u011bp\u00e1n<\/h6>\n<\/td>\n<td dir=\"LTR\" width=\"82\">\n<h6>\u0160t\u011bp\u00e1n<\/h6>\n<\/td>\n<td dir=\"LTR\" width=\"64\">\n<h6>\u010cesk\u00e1 republika<\/h6>\n<\/td>\n<td dir=\"LTR\" width=\"111\">\n<h6>H.Eccles: Sonata 1. a 2. v\u011bta<\/h6>\n<\/td>\n<td width=\"72\">\n<h6>7.29.1995<\/h6>\n<\/td>\n<\/tr>\n<tr>\n<td height=\"87\">\n<h6>19.<\/h6>\n<\/td>\n<td dir=\"LTR\" width=\"71\">\n<h6>Theodor<\/h6>\n<\/td>\n<td dir=\"LTR\" width=\"82\">\n<h6>Ditrich<\/h6>\n<\/td>\n<td dir=\"LTR\" width=\"64\">\n<h6>\u010cesk\u00e1 republika<\/h6>\n<\/td>\n<td dir=\"LTR\" width=\"111\">\n<h6>Josef \u0160trunc: Sonata in G ve star\u00e9m slohu (Grave, Allegro, Siciliana, Giga)<\/h6>\n<\/td>\n<td width=\"72\">\n<h6>6.6.2000<\/h6>\n<\/td>\n<\/tr>\n<tr>\n<td height=\"70\">\n<h6>20.<\/h6>\n<\/td>\n<td dir=\"LTR\" width=\"71\">\n<h6>Metod<\/h6>\n<\/td>\n<td dir=\"LTR\" width=\"82\">\n<h6>Podolsky<\/h6>\n<\/td>\n<td dir=\"LTR\" width=\"64\">\n<h6>Slovensko<\/h6>\n<\/td>\n<td dir=\"LTR\" width=\"111\">\n<h6>J.K.Va\u0148hal &#8211; Koncert pre kontrabas 1, 2 \u010das\u0165<\/h6>\n<\/td>\n<td width=\"72\">\n<h6>5.9.1987<\/h6>\n<\/td>\n<\/tr>\n<tr>\n<td height=\"53\">\n<h6>21.<\/h6>\n<\/td>\n<td dir=\"LTR\" width=\"71\">\n<h6>Jakub<\/h6>\n<\/td>\n<td dir=\"LTR\" width=\"82\">\n<h6>Zo\u0144<\/h6>\n<\/td>\n<td dir=\"LTR\" width=\"64\">\n<h6>Poland<\/h6>\n<\/td>\n<td dir=\"LTR\" width=\"111\">\n<h6>J.S.Bach Sonata D-durr BWV 1028 I i II cze\u015b\u0107<\/h6>\n<\/td>\n<td width=\"72\">\n<h6>6.3.1997<\/h6>\n<\/td>\n<\/tr>\n<tr>\n<td height=\"104\">\n<h6>22.<\/h6>\n<\/td>\n<td dir=\"LTR\" width=\"71\">\n<h6>Yannick<\/h6>\n<\/td>\n<td dir=\"LTR\" width=\"82\">\n<h6>Adams Kroon<\/h6>\n<\/td>\n<td dir=\"LTR\" width=\"64\">\n<h6>\u010cesk\u00e1 republika<\/h6>\n<\/td>\n<td dir=\"LTR\" width=\"111\">\n<h6>Vanhal &#8211; Double Bass Concerto in D Major (1 and 2 movements)<\/h6>\n<h6>Bassome mucho<\/h6>\n<\/td>\n<td width=\"72\">\n<h6>20.1.1994<\/h6>\n<\/td>\n<\/tr>\n<tr>\n<td height=\"53\">\n<h6>23.<\/h6>\n<\/td>\n<td dir=\"LTR\" width=\"71\">\n<h6>Erik<\/h6>\n<\/td>\n<td dir=\"LTR\" width=\"82\">\n<h6>Hasala<\/h6>\n<\/td>\n<td dir=\"LTR\" width=\"64\">\n<h6>Slovensko<\/h6>\n<\/td>\n<td dir=\"LTR\" width=\"111\">\n<h6>D.DRAGONETTI CONCERTO A MAJOR<\/h6>\n<\/td>\n<td width=\"72\">\n<h6><\/h6>\n<\/td>\n<\/tr>\n<tr>\n<td height=\"53\">\n<h6>24.<\/h6>\n<\/td>\n<td dir=\"LTR\" width=\"71\">\n<h6>Matej<\/h6>\n<\/td>\n<td dir=\"LTR\" width=\"82\">\n<h6>\u0160tubniak<\/h6>\n<\/td>\n<td dir=\"LTR\" width=\"64\">\n<h6>Slovensko<\/h6>\n<\/td>\n<td dir=\"LTR\" width=\"111\">\n<h6>The Fairground &#8211; Gerhard Deutschmann<\/h6>\n<\/td>\n<td align=\"right\" width=\"72\">\n<h6>18.2.1997<\/h6>\n<\/td>\n<\/tr>\n<tr>\n<td height=\"122\">\n<h6>25.<\/h6>\n<\/td>\n<td>\n<h6>Du\u0161an<\/h6>\n<\/td>\n<td>\n<h6>Kosti\u010d<\/h6>\n<\/td>\n<td dir=\"LTR\" width=\"64\">\n<h6>Serbia<\/h6>\n<\/td>\n<td width=\"111\">\n<h6>1.C.D von Dittersdorf &#8211; Double bass concerto No.2 in E-major 1.Allegro 2.Adagio 2.Jevgenij Ir\u0161ai &#8211; Bassome mucho<\/h6>\n<\/td>\n<td align=\"right\">\n<h6>17.8.1995<\/h6>\n<\/td>\n<\/tr>\n<tr>\n<td height=\"52\">\n<h6>26.<\/h6>\n<\/td>\n<td>\n<h6>Pavel<\/h6>\n<\/td>\n<td>\n<h6>Posp\u00ed\u0161il<\/h6>\n<\/td>\n<td dir=\"LTR\" width=\"64\">\n<h6>\u010cesk\u00e1 republika<\/h6>\n<\/td>\n<td width=\"111\">\n<h6>Jan K\u0159titel Va\u0148ha\u00a0 l koncert Edur 1. a 2. v\u011bta<\/h6>\n<\/td>\n<td align=\"right\">\n<h6>22.3.1989<\/h6>\n<\/td>\n<\/tr>\n<tr>\n<td height=\"86\">\n<h6>27.<\/h6>\n<\/td>\n<td>\n<h6>Jan<\/h6>\n<\/td>\n<td>\n<h6>Posp\u00ed\u0161il<\/h6>\n<\/td>\n<td dir=\"LTR\" width=\"64\">\n<h6>\u010cesk\u00e1 republika<\/h6>\n<\/td>\n<td width=\"111\">\n<h6>H.Eccles &#8211; barokn\u00ed son\u00e1ta 1.2-\u010d\u00e1st&#8230;.. (D.Dragonetti 1.2 v\u011bta)<\/h6>\n<\/td>\n<td align=\"right\">\n<h6>23.9.1983<\/h6>\n<\/td>\n<\/tr>\n<\/tbody>\n<\/table>\n","protected":false},"excerpt":{"rendered":"<p>Meno Priezvisko \u0161t\u00e1t reperto\u00e1r d\u00e1t. nar. 1. Klaudia Baca Poland\/ Silesia J.M.Sperger Concert no.16 mov. I and II Obligatory piece 2. Anna Bator Polska Karl Ditters von Dittersdorf &#8211; Concert E major, I, II mvt. Evgeny Irshai &#8211; Bassome &#8211; &hellip; <a href=\"https:\/\/www.slovakdoublebassclub.com\/SK\/ucastnici-sutaze-2014participiant-of-competition-2014\/\">Continued<\/a><\/p>\n","protected":false},"author":5,"featured_media":0,"parent":0,"menu_order":0,"comment_status":"closed","ping_status":"open","template":"","meta":{"ngg_post_thumbnail":0,"footnotes":""},"class_list":["post-1827","page","type-page","status-publish","hentry"],"_links":{"self":[{"href":"https:\/\/www.slovakdoublebassclub.com\/SK\/wp-json\/wp\/v2\/pages\/1827","targetHints":{"allow":["GET"]}}],"collection":[{"href":"https:\/\/www.slovakdoublebassclub.com\/SK\/wp-json\/wp\/v2\/pages"}],"about":[{"href":"https:\/\/www.slovakdoublebassclub.com\/SK\/wp-json\/wp\/v2\/types\/page"}],"author":[{"embeddable":true,"href":"https:\/\/www.slovakdoublebassclub.com\/SK\/wp-json\/wp\/v2\/users\/5"}],"replies":[{"embeddable":true,"href":"https:\/\/www.slovakdoublebassclub.com\/SK\/wp-json\/wp\/v2\/comments?post=1827"}],"version-history":[{"count":7,"href":"https:\/\/www.slovakdoublebassclub.com\/SK\/wp-json\/wp\/v2\/pages\/1827\/revisions"}],"predecessor-version":[{"id":1838,"href":"https:\/\/www.slovakdoublebassclub.com\/SK\/wp-json\/wp\/v2\/pages\/1827\/revisions\/1838"}],"wp:attachment":[{"href":"https:\/\/www.slovakdoublebassclub.com\/SK\/wp-json\/wp\/v2\/media?parent=1827"}],"curies":[{"name":"wp","href":"https:\/\/api.w.org\/{rel}","templated":true}]}}