{"id":206,"date":"2012-03-16T18:01:52","date_gmt":"2012-03-16T17:01:52","guid":{"rendered":"http:\/\/www.slovakdoublebassclub.com\/?page_id=206"},"modified":"2014-03-10T21:17:34","modified_gmt":"2014-03-10T20:17:34","slug":"kontrabasova-sutaz-karla-ditters-von-dittersdorfa","status":"publish","type":"page","link":"https:\/\/www.slovakdoublebassclub.com\/SK\/kontrabasova-sutaz-karla-ditters-von-dittersdorfa\/","title":{"rendered":"Medzin\u00e1rodn\u00e1 kontrabasov\u00e1 s\u00fa\u0165a\u017e Karla Ditters von Dittersdorfa\/ Double bass competition of C. D. von Dittersdorf"},"content":{"rendered":"<p style=\"text-align: left;\"><strong><a href=\"http:\/\/www.slovakdoublebassclub.com\/wp-content\/uploads\/2012\/03\/ditters-von-detterrsdorf.jpg\"><img loading=\"lazy\" decoding=\"async\" class=\"size-medium wp-image-1336 aligncenter\" alt=\"ditters von detterrsdorf\" src=\"http:\/\/www.slovakdoublebassclub.com\/wp-content\/uploads\/2012\/03\/ditters-von-detterrsdorf-217x300.jpg\" width=\"217\" height=\"300\" srcset=\"https:\/\/www.slovakdoublebassclub.com\/wp-content\/uploads\/2012\/03\/ditters-von-detterrsdorf-217x300.jpg 217w, https:\/\/www.slovakdoublebassclub.com\/wp-content\/uploads\/2012\/03\/ditters-von-detterrsdorf.jpg 300w\" sizes=\"auto, (max-width: 217px) 100vw, 217px\" \/><\/a><\/strong><\/p>\n<p style=\"text-align: center;\"><strong>Medzin\u00e1rodn\u00e1 kontrabasov\u00e1 interpreta\u010dn\u00e1 s\u00fa\u0165a\u017e<\/strong><\/p>\n<p style=\"text-align: left;\">nesie meno po\u00a0<strong>Karl Ditters von Dittersdorfovi<\/strong>\u00a0 (1739- 1764) hudobn\u00edkovi, huslistovi a hudobnom skladate\u013eovi.<\/p>\n<p style=\"text-align: left;\">Obdobie tzv. Viedensk\u00e9ho klasicizmu, v\u00a0ktorom \u017eil a tvoril Karl Ditters von Dittersdorf, znamen\u00e1 pre rozvoj a\u00a0v\u00fdvoj kontrabasov\u00e9ho interpreta\u010dn\u00e9ho umenia ve\u013emi ve\u013ea.<\/p>\n<p style=\"text-align: left;\">Aj on, popri \u010fa\u013e\u0161\u00edch men\u00e1ch, ako napr. J\u00e1n K\u0159titel Va\u0148hal, Johann Georg Albrechtsberger, Michal Haydn, Johann Mathias Sperger, W.A. Mozart a\u00a0mnoh\u00ed in\u00ed, prispeli svojou tvorbou \u010di umen\u00edm k\u00a0rozvoju kontrabasovej literat\u00fary, komornej hudby pre tento n\u00e1stroj a\u00a0kontrabasov\u00e9mu interpreta\u010dn\u00e9mu umeniu v\u00a0tej dobe.<\/p>\n<p style=\"text-align: left;\">Karl Ditters von Dettersdorf bol autorom viac ako 120 symf\u00f3ni\u00ed, 11 opier, 4 orat\u00f3ri\u00ed, 3 kant\u00e1t, duchovnej hudby. Skomponoval mno\u017estvo komornej hudby, divertimenty, seren\u00e1dy, kas\u00e1cie, partity, son\u00e1ty, kvartety, tri\u00e1 a\u00a0duety pre r\u00f4zne obsadenia.<\/p>\n<p style=\"text-align: left;\">V\u010faka ve\u013emi popul\u00e1rnemu kontrabasov\u00e9mu koncertu D dur (uv\u00e1dzaj\u00faceho, \u010di znej\u00faceho v Es dur, \u010di E dur) a\u00a0tie\u017e koncertantnej sinf\u00f3nie pre kontrabas a\u00a0violu, prispel nemalou mierou i\u00a0do kontrabasovej literat\u00fary.<\/p>\n<p style=\"text-align: left;\">Kontrabasov\u00e1 interpreta\u010dn\u00e1 s\u00fa\u0165a\u017e Karla Ditters von Dittersdorfa je za\u010dlenen\u00e1 do medzin\u00e1rodn\u00fdch kontrabasov\u00fdch kurzov organizovan\u00fdch Slovak Doublebass Club-om.<\/p>\n<p style=\"text-align: left;\"><b>Podmienky s\u00fa\u0165a\u017ee:<\/b><\/p>\n<p>Medzin\u00e1rodn\u00e1 Kontrabasov\u00e1 s\u00fa\u0165a\u017e K. D. von Dittersdorfa je u\u017e 4.rok organiza\u010dne v\u010dlenen\u00e1 do podujatia organizovan\u00e9ho Slovak Double Bass Club-om s\u00a0n\u00e1zvom BASS FEST (pred t\u00fdm medzin\u00e1rodn\u00e9 kontrabasov\u00e9 kurzy). S\u00fa\u0165a\u017ee sa m\u00f4\u017eu z\u00fa\u010dastni\u0165 v\u0161etci akt\u00edvni \u00fa\u010dastn\u00edci medzin\u00e1rodn\u00fdch interpreta\u010dn\u00e9ho workshopu BASS FEST 2014v odbore hra na kontrabase.\u00a0Cie\u013eom je obohati\u0165, motivova\u0165 a\u00a0podpori\u0165 zdrav\u00fa s\u00fa\u0165a\u017eivos\u0165 medzi \u0161tudentmi kontrabasu a\u00a0\u00fa\u010dastn\u00edkmi cel\u00e9ho podujatia, pon\u00faknu\u0165 v\u0161etk\u00fdm \u00fa\u010dastn\u00edkom a\u00a0posluch\u00e1\u010dom kurzov mo\u017enos\u0165 porovna\u0165 svoje v\u00fdkony s\u00a0kontrabasistami z\u00a0in\u00fdch \u0161t\u00e1tov a z\u00e1stupcami in\u00fdch \u0161k\u00f4l.<\/p>\n<p>Podmienkou a\u00a0cie\u013eom organiz\u00e1torov je zachovanie \u010do najobjekt\u00edvnej\u0161ieho hodnotenia s\u00fa\u0165a\u017eiacich, v\u00a0podobe zlo\u017eenia medzin\u00e1rodnej poroty pozost\u00e1vaj\u00facej z\u00a0lektorov a organiz\u00e1torov kurzov.<\/p>\n<p>Hodnotenie v\u0161etk\u00fdch \u010dlenov poroty je\u00a0<b>verejn\u00e9!<\/b><\/p>\n<p>&#8211;\u00a0\u00a0\u00a0\u00a0\u00a0\u00a0\u00a0\u00a0 Z\u00fa\u010dastni\u0165 sa jej m\u00f4\u017eu v\u0161etci\u00a0<b>akt\u00edvni<\/b>\u00a0\u00fa\u010dastn\u00edci kurzov<br \/>\n&#8211;\u00a0\u00a0\u00a0\u00a0\u00a0\u00a0\u00a0\u00a0 S\u00fa\u0165a\u017eiaci je povinn\u00fd dodr\u017ea\u0165 stanoven\u00fd \u010dasov\u00fd limit ak je stanoven\u00fd. (Po jeho ukon\u010den\u00ed si organiz\u00e1tor vyhradzuje pr\u00e1vo s\u00fa\u0165a\u017eiaceho zastavi\u0165.)<br \/>\n&#8211;\u00a0\u00a0\u00a0\u00a0\u00a0\u00a0\u00a0\u00a0 S\u00fa\u0165a\u017eiaci je povinn\u00fd dodr\u017ea\u0165 predp\u00edsan\u00fa\u00a0<b>povinn\u00fa skladbu<\/b>\u00a0ak je t\u00e1 ur\u010den\u00e1. (Skladba sa m\u00f4\u017ee l\u00ed\u0161i\u0165 v\u00a0z\u00e1vislosti od kateg\u00f3rie a pri jej nedodr\u017ean\u00ed m\u00f4\u017ee by\u0165 \u00fa\u010dastn\u00edk diskvalifikovan\u00fd.)<\/p>\n<p><b><span style=\"text-decoration: underline;\">Zlo\u017eenie poroty pre rok 2014\/ jury for the year 2014:<\/span><\/b><\/p>\n<p><b>Predseda poroty\/ chair of jury:\u00a0 \u00a0\u00a0\u00a0\u00a0\u00a0\u00a0\u00a0\u00a0\u00a0 Thomas Martin (UK)<\/b><\/p>\n<p><b>\u010clenovia poroty\/ jury members: \u00a0\u00a0\u00a0\u00a0\u00a0\u00a0\u00a0\u00a0\u00a0\u00a0\u00a0 Roman Patkol\u00f3 (SK\/CH), Petya Bagovska (BG), Burak Karaagac (TK), Waldemar Tamowski (PL), J\u00e1n Krigovsk\u00fd (SK), Jakub Waldman (CZ), Miloslav Gajdo\u0161 (CZ), Miloslav Jel\u00ednek (CZ), Radoslav \u0160a\u0161ina (SK), Milan \u0160ag\u00e1t (SK\/AT), Rastislav Sokol (SK), Vladim\u00edr \u017datko (SK\/DE), Franti\u0161ek Szanto (SK\/CH), Jacek Nedziela- Meira (PL), Robert Ragan (SK)<\/b><\/p>\n<p><strong>\u010destn\u00fd \u010dlen poroty\/ honourable member of jury: <\/strong><\/p>\n<p><strong>Jevgenij Ir\u0161ai &#8211; hudobn\u00fd skladate\u013e (SK)<\/strong><\/p>\n<p><b><span style=\"text-decoration: underline;\">S\u00fa\u0165a\u017en\u00fd reperto\u00e1r Kontrabasovej s\u00fa\u0165a\u017ee K. D. von Dittersdorfa pre rok\u00a0<\/span><\/b><b><span style=\"text-decoration: underline;\">2014<\/span><\/b><b><span style=\"text-decoration: underline;\">\/ Repertoire for Double bass Competition of C. D. von Dittersdorf for year\u00a0<\/span><\/b><b><span style=\"text-decoration: underline;\">2014<\/span><\/b><b><span style=\"text-decoration: underline;\">:<\/span><\/b><\/p>\n<p><b>I. kateg\u00f3ria: \u017eiakov zu\u0161\/ First category &#8211; students\/pupils of primary music schools:<\/b><\/p>\n<p>\u013eubovo\u013en\u00e1 skladba pre kontrabas s\u00f3lo, alebo so sprievodom klav\u00edra\/ one song, or piece for double bass solo, or with piano accompaniment<\/p>\n<p><b>II. kateg\u00f3ria: \u0161tudenti konzervat\u00f3ri\u00ed\/ Second category &#8211; students of conservatories<\/b><\/p>\n<p><b>1. a 2. \u010das\u0165 zo\u00a0<span style=\"text-decoration: underline;\">Son\u00e1ty<\/span><\/b>\u00a0z obdobia\u00a0<b>Baroka alebo Klasicizmu\/<\/b>\u00a0first and second movement from\u00a0<b>Baroque<\/b>\u00a0or<b>\u00a0Klassicizm<\/b>\u00a0Sonata<\/p>\n<p>15 \u2013 18 rokov\/ 15-18 years \u00a0 \u00a0 \u00a0d\u00e1t. nar.\u00a0<b>od<\/b>\u00a013. 2. 1996\/ date of birth\u00a0<b>from<\/b>\u00a013. 2. 1996<br \/>\n18 \u2013 vy\u0161\u0161ie\/ 18 and higher \u00a0 \u00a0 \u00a0 d\u00e1t. nar.\u00a0<b>do<\/b>\u00a013. 2. 1996\/date of birth\u00a0<b>till<\/b>\u00a013. 2. 1996<\/p>\n<p><b>III. kateg\u00f3ria: \u0161tudenti vysok\u00fdch umeleck\u00fdch \u0161k\u00f4l a akad\u00e9mi\u00ed\/ \u00a0Third category &#8211; students of \u00a0high schools and music academies:<\/b><\/p>\n<p>18 -21 rokov\/18-21 years \u00a0 \u00a0 \u00a0 \u00a0\u00a0nar. <strong>od<\/strong> 13.2. 1993\/ date of birth\u00a0<b>from<\/b>\u00a013. 2. 1993<br \/>\n21 &#8211; a vy\u0161\u0161ie\/ 21 &#8211; and higher \u00a0 nar. <strong>do<\/strong> 13.2. 1993\/ date of birth <strong>till<\/strong> 13. 2. 1993<\/p>\n<p><b>-1. a 2. \u010das\u0165 zo Son\u00e1ty<\/b>\u00a0alebo\u00a0<b>Koncertu<\/b>\u00a0z obdobia\u00a0<b>Klasicizmu<\/b>\u00a0(bez kadencie)\/\u00a0<b>first\u00a0<\/b>and<b>\u00a0second movement<\/b>\u00a0from\u00a0<b>Klassicism<\/b>\u00a0<b>Sonata<\/b>\u00a0or\u00a0<b>Concert<\/b>\u00a0(without cadenza)<\/p>\n<p><b>-povinn\u00e1 skladba\/ obligatory composition:<\/b>\u00a0<b>Jevgenij Ir\u0161ai: \u201eBassome mucho\u201c \u00a0\u00a0 <\/b><\/p>\n<p><a href=\"http:\/\/www.slovakdoublebassclub.com\/wp-content\/uploads\/2013\/12\/Bassome_mucho__Contrabass.pdf\" target=\"_blank\" rel=\"attachment wp-att-1567\">Bassome mucho \u2013 Contrabass<\/a>\u00a0(solo ladenie\/solo tuning)<br \/>\n<a href=\"http:\/\/www.slovakdoublebassclub.com\/wp-content\/uploads\/2013\/12\/Bassome-mucho-Cb-Piano.pdf\" target=\"_blank\">Bassome mucho \u2013 Cb-Piano<\/a><\/p>\n<p><strong>Bodovanie a hodnotiace krit\u00e9ri\u00e1\/ Points and valuational criteria :<\/strong><\/p>\n<p>1, technick\u00e1 zru\u010dnos\u0165\/technical skills \u00a0 \u00a0 \u00a0 \u00a0 \u00a0 \u00a0 \u00a0 \u00a0 \u00a0 \u00a0 \u00a0 \u00a0 \u00a0 \u00a0 \u00a00 -5 bodov\/points<\/p>\n<p>2, intona\u010dn\u00e1 flexibilnos\u0165\/ intonation flexibility \u00a0 \u00a0 \u00a0 \u00a0 \u00a0 \u00a0 \u00a00 &#8211; 5 bodov\/points<\/p>\n<p>3, interpreta\u010dn\u00e1 \u0161t\u00fdlovos\u0165\/ interpretation style \u00a0 \u00a0 \u00a0 \u00a0 \u00a0 0 &#8211; 5 bodov\/points<\/p>\n<p>4, hudobn\u00e1 vyspelos\u0165\/ musical forwardnees \u00a0 \u00a0 \u00a0 \u00a0 \u00a0 \u00a0 \u00a0 \u00a0 0 &#8211; 5 bodov\/points<\/p>\n<p>5, komunika\u010dn\u00e1 vyspelos\u0165\/ communication skills \u00a0 \u00a0 \u00a0 \u00a0 0 &#8211; 5 bodov\/points<\/p>\n<p><strong>SPOLU\/TOGETHER:<\/strong>\u00a0 \u00a0 \u00a0 \u00a0 \u00a0 \u00a0 \u00a0 \u00a0 \u00a0 \u00a0 \u00a0 \u00a0 \u00a0 \u00a0 \u00a0 \u00a0 \u00a0 \u00a0 \u00a0 \u00a0 \u00a0 \u00a0 \u00a0 \u00a0 \u00a0max. 25 bodov\/points<\/p>\n<p><strong>\u0161peci\u00e1lne hodnotenie<\/strong> povinnej skladby &#8211; iba tretia kateg\u00f3ria\/ \u00a0 \u00a0 \u00a0 \u00a0 \u00a0 \u00a0 \u00a0 \u00a0 \u00a0 \u00a0 \u00a0 \u00a0 \u00a0 \u00a0 \u00a0 \u00a0 \u00a0 \u00a0 \u00a0 \u00a0 \u00a0 \u00a0 <strong>special appreciation<\/strong> \u00a0of obligatory composition &#8211; only third category\/ \u00a0 \u00a0 \u00a0 \u00a0 \u00a0 \u00a0 \u00a0 \u00a0 \u00a0 \u00a0 \u00a0 \u00a0 \u00a0 \u00a0 \u00a0 \u00a0 \u00a0 \u00a0 \u00a0 \u00a0 \u00a0 \u00a0 \u00a0 \u00a0 \u00a0 \u00a0 \u00a0 \u00a0 \u00a0 \u00a0 \u00a0 \u00a0 \u00a0 \u00a0 \u00a0 \u00a0 \u00a0 \u00a0 \u00a0 \u00a0 \u00a0 \u00a0 \u00a0 \u00a0 \u00a0 \u00a0 \u00a0 \u00a0 \u00a0 \u00a0 \u00a0 \u00a0 \u00a0 \u00a0 \u00a0 \u00a0 \u00a0 \u00a0 \u00a0 \u00a0 \u00a0 \u00a0 \u00a0 0 -5 bodov\/points<\/p>\n<p><strong>V\u0161etky v\u00fdsledky s\u00fa verejn\u00e9\/ all results are public!<\/strong><\/p>\n<p><b>Ceny:<\/b><\/p>\n<p><b>I. kateg\u00f3ria: \u017eiakov zu\u0161: \u00a0<\/b><\/p>\n<p><b>1. miesto : \u00a0 <\/b>diplom, struny zn. Thomastik Infeld v\u00a0hodnote 240eur \u00a0 \u00a0 \u00a0 \u00a0 \u00a0 \u00a0 \u00a0 \u00a0 \u00a0 \u00a0 \u00a0 \u00a0 \u00a0 \u00a0 \u00a0 \u00a0 \u00a0 \u00a0 \u00a0 cena prim\u00e1tora mesta SENEC<br \/>\nOrigin\u00e1lne kompoz\u00edcie pre kontrabas (venuje Miloslav Gajdo\u0161)<br \/>\n<b>2. miesto:<\/b> \u00a0\u00a0 diplom<br \/>\nOrigin\u00e1lne kompoz\u00edcie pre kontrabas (venuje Miloslav Gajdo\u0161) \u00a0 \u00a0 \u00a0 \u00a0 \u00a0 \u00a0 \u00a0 \u00a0 \u00a0 \u00a0 \u00a0 \u00a0 \u00a0 \u00a0 \u00a0 \u00a0 \u00a0 \u00a0 \u00a0 \u00a0 \u00a0 \u00a0 kolof\u00f3nia (venoval MADA music)<b><\/b><br \/>\n<b>3. miesto:<\/b> \u00a0\u00a0 diplom<br \/>\nOrigin\u00e1lne kompoz\u00edcie pre kontrabas (venuje Miloslav Gajdo\u0161) \u00a0 \u00a0 \u00a0 \u00a0 \u00a0 \u00a0 \u00a0 \u00a0 \u00a0 \u00a0 \u00a0 \u00a0 \u00a0 \u00a0 \u00a0 \u00a0 \u00a0 \u00a0 \u00a0 \u00a0 \u00a0 kolof\u00f3nia (venoval MADA music)<b><\/b><br \/>\n<b>\u00a0<\/b><\/p>\n<p><b>II.A kateg\u00f3ria: \u0161tudenti konzervat\u00f3ri\u00ed\u00a015 \u2013 18 rokov\/ 15-18 years<\/b><\/p>\n<p><b>1. miesto : \u00a0 <\/b>diplom<br \/>\nstruny zn. Thomastik Infeld v\u00a0hodnote 240eur<br \/>\ncena prim\u00e1tora mesta Senec \u00a0 \u00a0 \u00a0 \u00a0 \u00a0 \u00a0 \u00a0 \u00a0 \u00a0 \u00a0 \u00a0 \u00a0 \u00a0 \u00a0 \u00a0 \u00a0 \u00a0 \u00a0 \u00a0 \u00a0 \u00a0 \u00a0 \u00a0 \u00a0 \u00a0 \u00a0 \u00a0 \u00a0 \u00a0 \u00a0 \u00a0 \u00a0 \u00a0 \u00a0 \u00a0 \u00a0 \u00a0 \u00a0 \u00a0 \u00a0 \u00a0 \u00a0 \u00a0 \u00a0 \u00a0 \u00a0 \u00a0 \u00a0 \u00a0 \u00a0 \u00a0 Noty &#8211; kompoz\u00edcia \u201eBassome Mucho\u201c od J. Ir\u0161aia (venovan\u00e1 Slovak Double Bass Clubu), Noty &#8211; F. \u010cern\u00fd &#8211; Koncert \u010d. 4 pre kontrabas a klav\u00edr e &#8211; moll ( venoval Anton Jaro ml.)<\/p>\n<p><b>2. miesto:\u00a0\u00a0\u00a0 <\/b>diplom<br \/>\nNoty &#8211; kompoz\u00edcia \u201eBassome Mucho\u201c od J. Ir\u0161aia (venovan\u00e1 Slovak Double Bass Clubu) \u00a0 kolof\u00f3nia (venoval MADA music) \u00a0 \u00a0 \u00a0 \u00a0 \u00a0 \u00a0 \u00a0 \u00a0 \u00a0 \u00a0 \u00a0 \u00a0 \u00a0 \u00a0 \u00a0 \u00a0 \u00a0 \u00a0 \u00a0 \u00a0 \u00a0 \u00a0 \u00a0 \u00a0 \u00a0 \u00a0 \u00a0 \u00a0 \u00a0 \u00a0 \u00a0 \u00a0 \u00a0 \u00a0 \u00a0 \u00a0 \u00a0 \u00a0 \u00a0 \u00a0 \u00a0 \u00a0 \u00a0 \u00a0 \u00a0 \u00a0 \u00a0Noty &#8211; F. \u010cern\u00fd &#8211; Koncert \u010d. 4 pre kontrabas a klav\u00edr e &#8211; moll ( venoval Anton Jaro ml.)<\/p>\n<p><b>3. miesto:\u00a0\u00a0\u00a0 <\/b>diplom<br \/>\nNoty &#8211; kompoz\u00edcia \u201eBassome Mucho\u201c od J. Ir\u0161aia (venovan\u00e1 Slovak Double Bass Clubu) kolof\u00f3nia (venoval MADA music) \u00a0 \u00a0 \u00a0 \u00a0 \u00a0 \u00a0 \u00a0 \u00a0 \u00a0 \u00a0 \u00a0 \u00a0 \u00a0 \u00a0 \u00a0 \u00a0 \u00a0 \u00a0 \u00a0 \u00a0 \u00a0 \u00a0 \u00a0 \u00a0 \u00a0 \u00a0 \u00a0 \u00a0 \u00a0 \u00a0 \u00a0 \u00a0 \u00a0 \u00a0 \u00a0 \u00a0 \u00a0 \u00a0 \u00a0 \u00a0 \u00a0 \u00a0 \u00a0 \u00a0 \u00a0 \u00a0 \u00a0 \u00a0 \u00a0 \u00a0 \u00a0 Noty &#8211; F. \u010cern\u00fd &#8211; Koncert \u010d. 4 pre kontrabas a klav\u00edr e &#8211; moll ( venoval Anton Jaro ml.)<\/p>\n<p><b>II.B kateg\u00f3ria: \u0161tudenti konzervat\u00f3ri\u00ed\u00a018 \u2013 vy\u0161\u0161ie\/ 18 and higher<\/b><\/p>\n<p><b>1. miesto : \u00a0\u00a0<\/b>diplom<br \/>\nstruny zn. Thomastik Infeld v\u00a0hodnote 240eur<br \/>\ncena prim\u00e1tora mesta Senec \u00a0 \u00a0 \u00a0 \u00a0 \u00a0 \u00a0 \u00a0 \u00a0 \u00a0 \u00a0 \u00a0 \u00a0 \u00a0 \u00a0 \u00a0 \u00a0 \u00a0 \u00a0 \u00a0 \u00a0 \u00a0 \u00a0 \u00a0 \u00a0 \u00a0 \u00a0 \u00a0 \u00a0 \u00a0 \u00a0 \u00a0 \u00a0 \u00a0 \u00a0 \u00a0 \u00a0 \u00a0 \u00a0 \u00a0 \u00a0 \u00a0 \u00a0 \u00a0 \u00a0 \u00a0 \u00a0 \u00a0 \u00a0 \u00a0 \u00a0 \u00a0 Noty &#8211; kompoz\u00edcia \u201eBassome Mucho\u201c od J. Ir\u0161aia (venovan\u00e1 Slovak Double Bass Clubu), Noty &#8211; F. \u010cern\u00fd &#8211; Koncert \u010d. 4 pre kontrabas a klav\u00edr e &#8211; moll ( venoval Anton Jaro ml.)<\/p>\n<p><b>2. miesto:\u00a0\u00a0\u00a0\u00a0<\/b>diplom<br \/>\nNoty &#8211; kompoz\u00edcia \u201eBassome Mucho\u201c od J. Ir\u0161aia (venovan\u00e1 Slovak Double Bass Clubu) \u00a0 kolof\u00f3nia (venoval MADA music) \u00a0 \u00a0 \u00a0 \u00a0 \u00a0 \u00a0 \u00a0 \u00a0 \u00a0 \u00a0 \u00a0 \u00a0 \u00a0 \u00a0 \u00a0 \u00a0 \u00a0 \u00a0 \u00a0 \u00a0 \u00a0 \u00a0 \u00a0 \u00a0 \u00a0 \u00a0 \u00a0 \u00a0 \u00a0 \u00a0 \u00a0 \u00a0 \u00a0 \u00a0 \u00a0 \u00a0 \u00a0 \u00a0 \u00a0 \u00a0 \u00a0 \u00a0 \u00a0 \u00a0 \u00a0 \u00a0 \u00a0Noty &#8211; F. \u010cern\u00fd &#8211; Koncert \u010d. 4 pre kontrabas a klav\u00edr e &#8211; moll ( venoval Anton Jaro ml.)<\/p>\n<p><b>3. miesto:\u00a0\u00a0\u00a0\u00a0<\/b>diplom<br \/>\nNoty &#8211; kompoz\u00edcia \u201eBassome Mucho\u201c od J. Ir\u0161aia (venovan\u00e1 Slovak Double Bass Clubu)\u00a0kolof\u00f3nia (venoval MADA music) \u00a0 \u00a0 \u00a0 \u00a0 \u00a0 \u00a0 \u00a0 \u00a0 \u00a0 \u00a0 \u00a0 \u00a0 \u00a0 \u00a0 \u00a0 \u00a0 \u00a0 \u00a0 \u00a0 \u00a0 \u00a0 \u00a0 \u00a0 \u00a0 \u00a0 \u00a0 \u00a0 \u00a0 \u00a0 \u00a0 \u00a0 \u00a0 \u00a0 \u00a0 \u00a0 \u00a0 \u00a0 \u00a0 \u00a0 \u00a0 \u00a0 \u00a0 \u00a0 \u00a0 \u00a0Noty &#8211; F. \u010cern\u00fd &#8211; Koncert \u010d. 4 pre kontrabas a klav\u00edr e &#8211; moll ( venoval Anton Jaro ml.)<\/p>\n<p><b>III.A kateg\u00f3ria: \u0161tudenti vysok\u00fdch umeleck\u00fdch \u0161k\u00f4l a\u00a0akad\u00e9mi\u00ed \u00a0 \u00a0 \u00a0 \u00a0 \u00a0 \u00a0 \u00a0 \u00a0 \u00a0 \u00a0 \u00a0 \u00a0 \u00a0 \u00a0 \u00a0 18 -21 rokov\/18-21 years:<\/b><\/p>\n<p><b>1. miesto : \u00a0 <\/b>diplom<br \/>\nkontrabasov\u00e9 p\u00fazdro v hodnote 300eur (venoval Wilfer Double Bass)<br \/>\ncena prim\u00e1tora mesta SENEC<br \/>\nNoty &#8211; kompoz\u00edcia \u201eBassome Mucho\u201c od J. Ir\u0161aia (venovan\u00e1 Slovak Double Bass Clubu)<br \/>\n<b>2. miesto:\u00a0\u00a0\u00a0 <\/b>diplom<br \/>\nstruny zn. Thomastik Infeld v\u00a0hodnote 240eur<br \/>\nkolof\u00f3nia (MADA music)<br \/>\nNoty &#8211; kompoz\u00edcia \u201eBassome Mucho\u201c od J. Ir\u0161aia (venovan\u00e1 Slovak Double Bass Clubu) \u00a0 \u00a0 \u00a0 Noty &#8211; F. \u010cern\u00fd &#8211; Koncert \u010d. 4 pre kontrabas a klav\u00edr e &#8211; moll ( venoval Anton Jaro ml.)<br \/>\n<b>3. miesto:\u00a0\u00a0\u00a0 <\/b>diplom<br \/>\nstruny zn. Thomastik Infeld v\u00a0hodnote 240eur<br \/>\nNoty &#8211; kompoz\u00edcia \u201eBassome Mucho\u201c od J. Ir\u0161aia (venovan\u00e1 Slovak Double Bass Clubu) \u00a0 Noty &#8211; F. \u010cern\u00fd &#8211; Koncert \u010d. 4 pre kontrabas a klav\u00edr e &#8211; moll ( venoval Anton Jaro ml.)<\/p>\n<p><b>III.B kateg\u00f3ria: \u0161tudenti vysok\u00fdch umeleck\u00fdch \u0161k\u00f4l a\u00a0akad\u00e9mi\u00ed \u00a0 \u00a0 \u00a0 \u00a0 \u00a0 \u00a0 \u00a0 \u00a0 \u00a0 \u00a0 \u00a0 \u00a0 \u00a0 \u00a0 \u00a0 21 &#8211; a vy\u0161\u0161ie\/ 21 &#8211; and higher:<\/b><\/p>\n<p><b>1. miesto : \u00a0\u00a0<\/b>diplom<br \/>\nkontrabasov\u00fd sl\u00e1\u010dik v hodnote 700eur (venoval D\u00e1vid J\u00edra)<br \/>\ncena prim\u00e1tora mesta SENEC<br \/>\nNoty &#8211; kompoz\u00edcia \u201eBassome Mucho\u201c od J. Ir\u0161aia (venovan\u00e1 Slovak Double Bass Clubu)<br \/>\n<b>2. miesto:\u00a0\u00a0\u00a0\u00a0<\/b>diplom<br \/>\nstruny zn. Thomastik Infeld v\u00a0hodnote 240eur<br \/>\nkolof\u00f3nia (MADA music)<br \/>\nNoty &#8211; kompoz\u00edcia \u201eBassome Mucho\u201c od J. Ir\u0161aia (venovan\u00e1 Slovak Double Bass Clubu) \u00a0 \u00a0 \u00a0 Noty &#8211; F. \u010cern\u00fd &#8211; Koncert \u010d. 4 pre kontrabas a klav\u00edr e &#8211; moll ( venoval Anton Jaro ml.)<br \/>\n<b>3. miesto:\u00a0\u00a0\u00a0\u00a0<\/b>diplom<br \/>\nstruny zn. Thomastik Infeld v\u00a0hodnote 240eur<br \/>\nNoty &#8211; kompoz\u00edcia \u201eBassome Mucho\u201c od J. Ir\u0161aia (venovan\u00e1 Slovak Double Bass Clubu) \u00a0 Noty &#8211; F. \u010cern\u00fd &#8211; Koncert \u010d. 4 pre kontrabas a klav\u00edr e &#8211; moll ( venoval Anton Jaro ml.)<\/p>\n<p><strong>\u0161peci\u00e1lna cena<\/strong>:<\/p>\n<p>Cena Hudobn\u00e9ho fondu za najlep\u0161iu interpret\u00e1ciu povinnej skladby od Jevgenija Ir\u0161aia &#8222;Bassome mucho&#8220; na 4. ro\u010dn\u00edku Kontrabasovej s\u00fa\u0165a\u017ee K. D. von Dittersdorfa. \u00a0 \u00a0 \u00a0 \u00a0 \u00a0 \u00a0 \u00a0 \u00a0 \u00a0 \u00a0 \u00a0 V\u00edtaz z\u00edskava finan\u010dn\u00fa odmenu v hodnote: 100 eur<\/p>\n<p>Schv\u00e1len\u00e9 d\u0148a 31.01. 2014<\/p>\n<p>Predseda a\u00a0\u0161tatut\u00e1r O.Z.:\u00a0 Mgr. J\u00e1n Krigovsk\u00fd<\/p>\n<p>Podpredseda zdru\u017eenia: Mgr. Art. J\u00e1n Prievozn\u00edk<\/p>\n<p style=\"text-align: left;\"><a title=\"S\u00fa\u0165a\u017en\u00fd reperto\u00e1r 2014\" href=\"http:\/\/www.slovakdoublebassclub.com\/sutazny-repertoar-2013-repertoire-for-competition-2013\/\"><strong>S\u00fa\u0165a\u017en\u00fd reperto\u00e1r pre rok 2014\/ Repertoire for competition 2014 here!<\/strong><\/a><\/p>\n<p style=\"text-align: left;\">&#8211;\u00a0\u00a0\u00a0\u00a0\u00a0\u00a0\u00a0\u00a0 Zmena pre organiz\u00e1torov vyhraden\u00e1<\/p>\n","protected":false},"excerpt":{"rendered":"<p>Medzin\u00e1rodn\u00e1 kontrabasov\u00e1 interpreta\u010dn\u00e1 s\u00fa\u0165a\u017e nesie meno po\u00a0Karl Ditters von Dittersdorfovi\u00a0 (1739- 1764) hudobn\u00edkovi, huslistovi a hudobnom skladate\u013eovi. Obdobie tzv. Viedensk\u00e9ho klasicizmu, v\u00a0ktorom \u017eil a tvoril Karl Ditters von Dittersdorf, znamen\u00e1 pre rozvoj a\u00a0v\u00fdvoj kontrabasov\u00e9ho interpreta\u010dn\u00e9ho umenia ve\u013emi ve\u013ea. Aj on, &hellip; <a href=\"https:\/\/www.slovakdoublebassclub.com\/SK\/kontrabasova-sutaz-karla-ditters-von-dittersdorfa\/\">Continued<\/a><\/p>\n","protected":false},"author":2,"featured_media":0,"parent":0,"menu_order":0,"comment_status":"closed","ping_status":"closed","template":"","meta":{"ngg_post_thumbnail":0,"footnotes":""},"class_list":["post-206","page","type-page","status-publish","hentry"],"_links":{"self":[{"href":"https:\/\/www.slovakdoublebassclub.com\/SK\/wp-json\/wp\/v2\/pages\/206","targetHints":{"allow":["GET"]}}],"collection":[{"href":"https:\/\/www.slovakdoublebassclub.com\/SK\/wp-json\/wp\/v2\/pages"}],"about":[{"href":"https:\/\/www.slovakdoublebassclub.com\/SK\/wp-json\/wp\/v2\/types\/page"}],"author":[{"embeddable":true,"href":"https:\/\/www.slovakdoublebassclub.com\/SK\/wp-json\/wp\/v2\/users\/2"}],"replies":[{"embeddable":true,"href":"https:\/\/www.slovakdoublebassclub.com\/SK\/wp-json\/wp\/v2\/comments?post=206"}],"version-history":[{"count":18,"href":"https:\/\/www.slovakdoublebassclub.com\/SK\/wp-json\/wp\/v2\/pages\/206\/revisions"}],"predecessor-version":[{"id":1904,"href":"https:\/\/www.slovakdoublebassclub.com\/SK\/wp-json\/wp\/v2\/pages\/206\/revisions\/1904"}],"wp:attachment":[{"href":"https:\/\/www.slovakdoublebassclub.com\/SK\/wp-json\/wp\/v2\/media?parent=206"}],"curies":[{"name":"wp","href":"https:\/\/api.w.org\/{rel}","templated":true}]}}