{"id":2562,"date":"2014-09-15T14:05:23","date_gmt":"2014-09-15T12:05:23","guid":{"rendered":"http:\/\/www.slovakdoublebassclub.com\/?page_id=2562"},"modified":"2015-09-25T16:26:17","modified_gmt":"2015-09-25T14:26:17","slug":"registracia-registration","status":"publish","type":"page","link":"https:\/\/www.slovakdoublebassclub.com\/SK\/registracia-registration\/","title":{"rendered":"Inform\u00e1cie a registr\u00e1cia"},"content":{"rendered":"<strong><a href=\"http:\/\/www.slovakdoublebassclub.com\/wp-content\/uploads\/2014\/09\/GK-banner_reg.jpg\"><img loading=\"lazy\" decoding=\"async\" class=\"aligncenter size-full wp-image-2578\" src=\"http:\/\/www.slovakdoublebassclub.com\/wp-content\/uploads\/2014\/09\/GK-banner_reg.jpg\" alt=\"GK-banner_reg\" width=\"700\" height=\"400\" srcset=\"https:\/\/www.slovakdoublebassclub.com\/wp-content\/uploads\/2014\/09\/GK-banner_reg.jpg 700w, https:\/\/www.slovakdoublebassclub.com\/wp-content\/uploads\/2014\/09\/GK-banner_reg-600x343.jpg 600w, https:\/\/www.slovakdoublebassclub.com\/wp-content\/uploads\/2014\/09\/GK-banner_reg-300x171.jpg 300w\" sizes=\"auto, (max-width: 700px) 100vw, 700px\" \/><\/a><\/strong><\/p>\n<h3 style=\"text-align: center;\"><strong>registr\u00e1cia st\u00e1le otvoren\u00e1!<\/strong><\/h3>\n<p style=\"text-align: center;\"><a href=\"https:\/\/docs.google.com\/forms\/d\/19nFI2bri9q91zfUet1PFuwIPnkwEnyMFPxJ71LTgXsg\/viewform\" class=\"btn button btn-shortcode kad-btn kad-btn-primary\" id=\"kadbtn294\" target=\"_self\" style=\"color:#FFF;\">Registration form \/ Registr\u00e1cia<\/a>\n<p><strong style=\"font-size: 14px;\">MASTER CLASS inform\u00e1cie<\/strong><span style=\"font-size: 14px;\">:<\/span><\/p>\n<p><em>D\u00e1tum:<\/em>\u00a0\u00a0<strong>21-26 september 2015<\/strong><\/p>\n<p><em>Miesto:<\/em>\u00a0koncertn\u00e1 s\u00e1la<strong>\u00a0&#8222;Radnica&#8220;, n\u00e1mestie SNP \u010d.1, \u00a0Bansk\u00e1 Bystrica, 974 01<\/strong><\/p>\n<p><em>za\u010diatok registr\u00e1cie<\/em><em> od:<\/em>\u00a0<strong>15. september 2014!<\/strong><\/p>\n<h4><em>koniec registr\u00e1cie:<\/em>\u00a0<strong>registr\u00e1cia st\u00e1le otvoren\u00e1!<\/strong><\/h4>\n<p style=\"text-align: left;\"><em>Majstrovsk\u00e9 kurzy s\u00fa ur\u010den\u00e9 pre \u0161tudentov, hudobn\u00edkov a posluch\u00e1\u010dov. Po\u010det akt\u00edvnych \u00fa\u010dastn\u00edkov je limitovan\u00fd po\u010dtom 16 \u013eud\u00ed. Z\u00e1pis a registr\u00e1cia prebieha postupne ako s\u00fa prihl\u00e1\u0161ky zaznamen\u00e1van\u00e9 online registra\u010dn\u00fdm formul\u00e1rom. Pokia\u013e nebude mo\u017en\u00e1 \u00fa\u010das\u0165 akt\u00edvneho \u00fa\u010dastn\u00edka (z kapacitn\u00fdch d\u00f4vodov), je mo\u017en\u00e1 \u00fa\u010das\u0165 pas\u00edvneho \u00fa\u010dastn\u00edka v triede ako posluch\u00e1\u010da.<\/em><\/p>\n<p><em><strong>Harmonogram<\/strong><\/em><em> kurzu je koncipovan\u00fd do otvoren\u00fdch hod\u00edn pre jednotliv\u00fdch hr\u00e1\u010dov ako i spolo\u010dn\u00fdch lekci\u00ed v\u0161etk\u00fdch \u00fa\u010dastn\u00edkov. Zameranie lekci\u00ed je predov\u0161etk\u00fdm na <strong>svetov\u00fa s\u00f3lov\u00fa kontrabasov\u00fa literat\u00faru v\u0161etk\u00fdch obdob\u00ed<\/strong>.\u00a0 Ka\u017ed\u00fd z\u00a0\u00fa\u010dastn\u00edkov kurzu m\u00e1 <strong>k\u00a0dispoz\u00edcii klaviristu<\/strong>, ktor\u00fd je pr\u00edtomn\u00fd na jednotliv\u00fdch lekci\u00e1ch.\u00a0Na z\u00e1ver kurzu sa uskuto\u010dn\u00ed<strong> z\u00e1vere\u010dn\u00fd koncert Garyho Karra<\/strong> spolu <strong>so v\u0161etk\u00fdmi \u00fa\u010dastn\u00edkmi kurzu a\u00a0hos\u0165ami<\/strong>, popredn\u00fdmi Slovensk\u00fdmi kontrabasistami.<\/em><\/p>\n<p><strong><em>Kurzovn\u00e9 poplatky<\/em>:<\/strong><\/p>\n<p><em>akt\u00edvny \u00fa\u010dastn\u00edk<\/em>: 600eur\/ t\u00fd\u017ede\u0148<\/p>\n<p><em>pas\u00edvny \u00fa\u010dastn\u00edk &#8211; posluch\u00e1\u010d<\/em>: 50eur\/ de\u0148<\/p>\n<p><em>Pre \u010dlenov Slovak Double Bass Clubu je pas\u00edvna \u00fa\u010das\u0165 s 50% z\u013eavou.<\/em><\/p>\n<p><em>Kurzovn\u00fd poplatok mus\u00ed by\u0165 zaplaten\u00fd ihne\u010f po registr\u00e1cii. Ka\u017ed\u00fd \u00fa\u010dastn\u00edk obdr\u017e\u00ed potvrdenie po v\u0161etkej kompletiz\u00e1cii platieb. (bankov\u00fd prevod)<\/em><\/p>\n<p><strong><em>storno poplatky<\/em>:<\/strong><\/p>\n<p><em>Pokia\u013e bude registr\u00e1cia zru\u0161en\u00e1, registra\u010dn\u00e9 poplatky (kurzovn\u00e9 a poplatky za ubytovanie) bud\u00fa navr\u00e1ten\u00e9 pod\u013ea nasleduj\u00faceho pl\u00e1nu:<\/em><\/p>\n<p><em>do 4 t\u00fd\u017ed\u0148ov pred za\u010diatkom kurzu<\/em>: 75%<\/p>\n<p><em>do 3 t\u00fd\u017ed\u0148ov pred za\u010diatkom kurzu<\/em>: 50%<\/p>\n<p><em>do 2 t\u00fd\u017ed\u0148ov pred za\u010diatkom kurzu<\/em>: 25%<\/p>\n<p><em>po tomto term\u00edne nie s\u00fa mo\u017en\u00e9 \u017eiadne n\u00e1hrady!<\/em><\/p>\n<p><strong><em>Jazyk v\u00fdu\u010dby<\/em>:<\/strong>\u00a0English, French, Italian, Spanish<\/p>\n<p><strong><em>Ubytovanie<\/em>:<\/strong>\u00a0<em>V\u0161etci \u00fa\u010dastn\u00edci maj\u00fa dve mo\u017enosti ubytovania: Hotel a \u0161tudentsk\u00fd domov (Hostel)<\/em><\/p>\n<p><strong><em>Hotel:<\/em><\/strong>\u00a0<em>jedno &#8211; postelov\u00e1 izba s ra\u0148ajkami<\/em>: <em>45eur\/de\u0148,<\/em>\u00a0<em>dvoj &#8211; postelov\u00e1 izba s ra\u0148ajkami:<\/em>\u00a0<em>35eur\/de\u0148<\/em><\/p>\n<p><strong>\u0160tudentsk\u00fd domov<em>:<\/em><\/strong>\u00a0<em>jedno &#8211; postelov\u00e1 izba:<\/em>\u00a0<em>15eur\/de\u0148<\/em>,<em>\u00a0dvoj &#8211; postelov\u00e1 izba:<\/em>\u00a0<em>12eur\/de\u0148<\/em><\/p>\n<p><strong><em>Adresa:\u00a0<\/em><\/strong>\u00a0Akad\u00e9mia Umen\u00ed ul. J. Koll\u00e1ra 22 974 01, Bansk\u00e1 Bystrica Slovakia<\/p>\n<p><strong><em>Kontaktn\u00e1 osoba<\/em>:<\/strong><\/p>\n<p><strong>Slovak Double Bass Club<\/strong>\u00a0 &#8211; J\u00e1n Krigovsk\u00fd &#8211; predseda klubu \u00a0: \u00a000421905513677, jkrigovsky@centrum.sk<\/p>\n<p><strong><em>Banka:<\/em><\/strong>\u00a0<em>Slovak Double Bass Club &#8211; neziskov\u00e1 organiz\u00e1cia (ob\u010dianske zdru\u017eenie)<\/em><\/p>\n<p><em>n\u00e1zov banky:<\/em>\u00a0<strong>tatra banka<\/strong><\/p>\n<p><em>\u010d\u00edslo \u00fa\u010dtu:\u00a0<\/em><\/p>\n<div>\n<p><strong>IBAN: SK1611000000002927848313<\/strong><br \/>\n<strong> BIC TATRSKBX<\/strong><\/p>\n<\/div>\n<div><em style=\"font-size: 14px;\">variabiln\u00fd symbol:<\/em><span style=\"font-size: 14px;\">\u00a0<\/span><em style=\"font-size: 14px;\">d\u00e1tum narodenia v tvare DDMMRRRR<\/em><\/div>\n<p><span style=\"text-decoration: underline;\"><strong>Inform\u00e1cie a kontaktn\u00e1 osoba:<\/strong><\/span><\/p>\n<p><strong>Mgr. Art. J\u00e1n Krigovsk\u00fd<\/strong><br \/>\ntel.:+421905513677<br \/>\nemail: jkrigovsky@centrum.sk<\/p>\n<p><strong><em>zmena vyhraden\u00e1&#8230;<\/em><\/strong>","protected":false},"excerpt":{"rendered":"<p>registr\u00e1cia st\u00e1le otvoren\u00e1! MASTER CLASS inform\u00e1cie: D\u00e1tum:\u00a0\u00a021-26 september 2015 Miesto:\u00a0koncertn\u00e1 s\u00e1la\u00a0&#8222;Radnica&#8220;, n\u00e1mestie SNP \u010d.1, \u00a0Bansk\u00e1 Bystrica, 974 01 za\u010diatok registr\u00e1cie od:\u00a015. september 2014! koniec registr\u00e1cie:\u00a0registr\u00e1cia st\u00e1le otvoren\u00e1! Majstrovsk\u00e9 kurzy s\u00fa ur\u010den\u00e9 pre \u0161tudentov, hudobn\u00edkov a posluch\u00e1\u010dov. Po\u010det akt\u00edvnych \u00fa\u010dastn\u00edkov je &hellip; <a href=\"https:\/\/www.slovakdoublebassclub.com\/SK\/registracia-registration\/\">Continued<\/a><\/p>\n","protected":false},"author":6,"featured_media":0,"parent":0,"menu_order":0,"comment_status":"closed","ping_status":"open","template":"","meta":{"ngg_post_thumbnail":0,"footnotes":""},"class_list":["post-2562","page","type-page","status-publish","hentry"],"_links":{"self":[{"href":"https:\/\/www.slovakdoublebassclub.com\/SK\/wp-json\/wp\/v2\/pages\/2562","targetHints":{"allow":["GET"]}}],"collection":[{"href":"https:\/\/www.slovakdoublebassclub.com\/SK\/wp-json\/wp\/v2\/pages"}],"about":[{"href":"https:\/\/www.slovakdoublebassclub.com\/SK\/wp-json\/wp\/v2\/types\/page"}],"author":[{"embeddable":true,"href":"https:\/\/www.slovakdoublebassclub.com\/SK\/wp-json\/wp\/v2\/users\/6"}],"replies":[{"embeddable":true,"href":"https:\/\/www.slovakdoublebassclub.com\/SK\/wp-json\/wp\/v2\/comments?post=2562"}],"version-history":[{"count":30,"href":"https:\/\/www.slovakdoublebassclub.com\/SK\/wp-json\/wp\/v2\/pages\/2562\/revisions"}],"predecessor-version":[{"id":3993,"href":"https:\/\/www.slovakdoublebassclub.com\/SK\/wp-json\/wp\/v2\/pages\/2562\/revisions\/3993"}],"wp:attachment":[{"href":"https:\/\/www.slovakdoublebassclub.com\/SK\/wp-json\/wp\/v2\/media?parent=2562"}],"curies":[{"name":"wp","href":"https:\/\/api.w.org\/{rel}","templated":true}]}}