{"id":258,"date":"2012-03-17T00:31:59","date_gmt":"2012-03-16T23:31:59","guid":{"rendered":"http:\/\/www.slovakdoublebassclub.com\/?page_id=258"},"modified":"2017-05-21T23:25:41","modified_gmt":"2017-05-21T21:25:41","slug":"miloslav-jelinek","status":"publish","type":"page","link":"https:\/\/www.slovakdoublebassclub.com\/SK\/miloslav-jelinek\/","title":{"rendered":"Miloslav Jel\u00ednek"},"content":{"rendered":"<p style=\"text-align: center;\"><a href=\"http:\/\/www.slovakdoublebassclub.com\/wp-content\/uploads\/2012\/03\/miloslav-jelinek.jpg\"><img loading=\"lazy\" decoding=\"async\" class=\"alignnone size-medium wp-image-1202\" src=\"http:\/\/www.slovakdoublebassclub.com\/wp-content\/uploads\/2012\/03\/miloslav-jelinek-300x210.jpg\" alt=\"miloslav jelinek\" width=\"300\" height=\"210\" srcset=\"https:\/\/www.slovakdoublebassclub.com\/wp-content\/uploads\/2012\/03\/miloslav-jelinek-300x210.jpg 300w, https:\/\/www.slovakdoublebassclub.com\/wp-content\/uploads\/2012\/03\/miloslav-jelinek-600x421.jpg 600w, https:\/\/www.slovakdoublebassclub.com\/wp-content\/uploads\/2012\/03\/miloslav-jelinek.jpg 800w\" sizes=\"auto, (max-width: 300px) 100vw, 300px\" \/><\/a><\/p>\n<p style=\"text-align: center;\">je absolventem krom\u011b\u0159\u00ed\u017esk\u00e9 konzervato\u0159e a JAMU v&nbsp;Brn\u011b. B\u011bhem studi\u00ed se stal laure\u00e1tem \u0159ady n\u00e1rodn\u00edch i mezin\u00e1rodn\u00edch kontrabasov\u00fdch sout\u011b\u017e\u00ed. Intenz\u00edvn\u011b se v\u011bnuje s\u00f3lov\u00e9 koncertn\u00ed \u010dinnosti, spolu se svoj\u00ed \u017eenou Marcelou, kter\u00e1 p\u016fsob\u00ed jako docentka JAMU v&nbsp;Brn\u011b, vystupuj\u00ed pravideln\u011b na koncertn\u00edch p\u00f3di\u00edch v Evrop\u011b i USA, v oblasti komorn\u00ed hudby spolupracuje s&nbsp;\u0159adou p\u0159edn\u00edch \u010desk\u00fdch soubor\u016f. Jako s\u00f3lista vystoupil Miloslav Jel\u00ednek rovn\u011b\u017e s&nbsp;\u0159adou symfonick\u00fdch t\u011bles, mimo jin\u00e9 s&nbsp;Moravskou filharmoni\u00ed Olomouc, Filharmoni\u00ed Bohuslava Martin\u016f Zl\u00edn, Jiho\u010deskou komorn\u00ed filharmoni\u00ed nebo Filharmoni\u00ed Brno a dal\u0161\u00edmi.&nbsp;&nbsp;Je zv\u00e1n jako pedagog mezin\u00e1rodn\u00edch interpreta\u010dn\u00edch kurz\u016f a \u010dlen sout\u011b\u017en\u00edch porot. Je \u010destn\u00fdm profesorem na pekingsk\u00e9 konzervato\u0159i. V&nbsp;roce 1998 zalo\u017eil \u010ceskou spole\u010dnost kontrabasist\u016f, jej\u00edm\u017e je od roku 1999 p\u0159edsedou. Je zakladatelem a um\u011bleck\u00fdm vedouc\u00edm Brn\u011bnsk\u00e9ho kontrabasov\u00e9ho orchestru.&nbsp;&nbsp;Jeho bohat\u00e1 koncertn\u00ed \u010dinnost je zachycena na rozhlasov\u00fdch a televizn\u00edch sn\u00edmc\u00edch i na nahr\u00e1vk\u00e1ch CD. V&nbsp;letech 1988 \u2013 2011 p\u016fsobil jako s\u00f3lokontrabasista Filharmonie Brno,&nbsp;&nbsp;&nbsp;&nbsp;&nbsp;&nbsp;&nbsp;&nbsp;&nbsp;&nbsp;&nbsp;v sou\u010dasnosti p\u016fsob\u00ed jako profesor na HF JAMU v&nbsp;Brn\u011b.<\/p>","protected":false},"excerpt":{"rendered":"<p>je absolventem krom\u011b\u0159\u00ed\u017esk\u00e9 konzervato\u0159e a JAMU v&nbsp;Brn\u011b. B\u011bhem studi\u00ed se stal laure\u00e1tem \u0159ady n\u00e1rodn\u00edch i mezin\u00e1rodn\u00edch kontrabasov\u00fdch sout\u011b\u017e\u00ed. Intenz\u00edvn\u011b se v\u011bnuje s\u00f3lov\u00e9 koncertn\u00ed \u010dinnosti, spolu se svoj\u00ed \u017eenou Marcelou, kter\u00e1 p\u016fsob\u00ed jako docentka JAMU v&nbsp;Brn\u011b, vystupuj\u00ed pravideln\u011b na koncertn\u00edch p\u00f3di\u00edch &hellip; <a href=\"https:\/\/www.slovakdoublebassclub.com\/SK\/miloslav-jelinek\/\">Continued<\/a><\/p>\n","protected":false},"author":2,"featured_media":0,"parent":0,"menu_order":0,"comment_status":"closed","ping_status":"closed","template":"","meta":{"ngg_post_thumbnail":0,"footnotes":""},"class_list":["post-258","page","type-page","status-publish","hentry"],"_links":{"self":[{"href":"https:\/\/www.slovakdoublebassclub.com\/SK\/wp-json\/wp\/v2\/pages\/258","targetHints":{"allow":["GET"]}}],"collection":[{"href":"https:\/\/www.slovakdoublebassclub.com\/SK\/wp-json\/wp\/v2\/pages"}],"about":[{"href":"https:\/\/www.slovakdoublebassclub.com\/SK\/wp-json\/wp\/v2\/types\/page"}],"author":[{"embeddable":true,"href":"https:\/\/www.slovakdoublebassclub.com\/SK\/wp-json\/wp\/v2\/users\/2"}],"replies":[{"embeddable":true,"href":"https:\/\/www.slovakdoublebassclub.com\/SK\/wp-json\/wp\/v2\/comments?post=258"}],"version-history":[{"count":4,"href":"https:\/\/www.slovakdoublebassclub.com\/SK\/wp-json\/wp\/v2\/pages\/258\/revisions"}],"predecessor-version":[{"id":4505,"href":"https:\/\/www.slovakdoublebassclub.com\/SK\/wp-json\/wp\/v2\/pages\/258\/revisions\/4505"}],"wp:attachment":[{"href":"https:\/\/www.slovakdoublebassclub.com\/SK\/wp-json\/wp\/v2\/media?parent=258"}],"curies":[{"name":"wp","href":"https:\/\/api.w.org\/{rel}","templated":true}]}}