{"id":261,"date":"2012-03-17T00:34:34","date_gmt":"2012-03-16T23:34:34","guid":{"rendered":"http:\/\/www.slovakdoublebassclub.com\/?page_id=261"},"modified":"2018-05-12T12:27:39","modified_gmt":"2018-05-12T10:27:39","slug":"jan-krigovsky","status":"publish","type":"page","link":"https:\/\/www.slovakdoublebassclub.com\/SK\/jan-krigovsky\/","title":{"rendered":"J\u00e1n Krigovsk\u00fd"},"content":{"rendered":"<p style=\"text-align: justify;\"><a href=\"http:\/\/www.slovakdoublebassclub.com\/wp-content\/uploads\/2013\/10\/j\u00e1n-krigovsk\u00fd.jpg\"><img loading=\"lazy\" decoding=\"async\" class=\"size-large wp-image-4274 aligncenter\" src=\"http:\/\/www.slovakdoublebassclub.com\/wp-content\/uploads\/2013\/10\/j\u00e1n-krigovsk\u00fd-683x1024.jpg\" alt=\"jan-krigovsky\" width=\"683\" height=\"1024\" srcset=\"https:\/\/www.slovakdoublebassclub.com\/wp-content\/uploads\/2013\/10\/j\u00e1n-krigovsk\u00fd-683x1024.jpg 683w, https:\/\/www.slovakdoublebassclub.com\/wp-content\/uploads\/2013\/10\/j\u00e1n-krigovsk\u00fd-600x900.jpg 600w, https:\/\/www.slovakdoublebassclub.com\/wp-content\/uploads\/2013\/10\/j\u00e1n-krigovsk\u00fd-200x300.jpg 200w, https:\/\/www.slovakdoublebassclub.com\/wp-content\/uploads\/2013\/10\/j\u00e1n-krigovsk\u00fd-768x1152.jpg 768w, https:\/\/www.slovakdoublebassclub.com\/wp-content\/uploads\/2013\/10\/j\u00e1n-krigovsk\u00fd-scaled.jpg 1707w\" sizes=\"auto, (max-width: 683px) 100vw, 683px\" \/><\/a><\/p>\n<h3 style=\"text-align: center;\"><strong>J\u00c1N KRIGOVSK\u00dd <\/strong><\/h3>\n<p>J\u00e1n Krigovsk\u00fd \u201cJe vyh\u013ead\u00e1van\u00fdm kontrabasistom predov\u0161etk\u00fdm v s\u00faboroch autentickej interpret\u00e1cie, ako aj v s\u00faboroch pre s\u00fa\u010dasn\u00fa,jazzovu ,\u013eudov\u00fa a experiment\u00e1lnu hudbu, a to pre jeho hr\u00e1\u010dsku zru\u010dnos\u0165, muzikalitu a kvalitu zvukov\u00e9ho prejavu. Ako s\u00f3lista sa Krigovsk\u00fd prejavuje u\u0161\u013eachtilou, temperamentnou, technicky dokonalou hrou.\u201d (Vladim\u00edr \u010c\u00ed\u017eik: Slovn\u00edk slovensk\u00e9ho koncertn\u00e9ho umenia II). Ako s\u00f3lista a komorn\u00fd hr\u00e1\u010d na G-violone, viedensk\u00fd violon, husle, viola a violon\u010dele spolupracuje s mnoh\u00fdmi s\u00fabormi \u0161pecializuj\u00facimi sa na star\u00fa hudbu: Wiener Akademie, Ars Antiqua Austria, La Cetra Basel (Ciara Banchini), Capriccio Basel, Freitags Accademie Bern, Royal Orquestra Catalunia, Collegium Marianum Praha, Collegium 1704 Praha, Solamente Naturali Bratislava, Musica Aeterna Bratislava, La Fioritta Basel, Freiburg Barock Orchestra, Capella Gabetta Basel, La Stagione Frankfurt, Batzdorfer Hofkapelle, Hofkapelle Salzburg, Hofkapelle Munchen, Capella Leopoldina Graz, medzin\u00e1rodn\u00e9 zdru\u017eenie Octet Ampion (z\u00edskal 1. cenu na s\u00fa\u0165a\u017ei klasicistick\u00fdch n\u00e1strojov vHolandsku).V zoskupeniach pre s\u00fa\u010dasn\u00fa hudbu: CatalaEnsemble Trio , Alea, Collegium Wartberg. Ako koncertn\u00fd majster kontrabasovej skupiny: La Chambre Philharmonique (Emmanuel Krivine), Moderntimes 1800, Altomonteorchester Linz, Moskovsk\u00fd s\u00f3listi (Yuri Bashmet). Ako s\u00f3lista spolupracoval pod taktovkou: Yuri Bashmet ,Claudio Abbado, S. Baudo, A. Schwinck, L.Rajter, L.Sv\u00e1rovsk\u00fd, P. Breiner, H. Griffihts, Jordi Savall, Ren\u00e9 Jacobs, Sigiswald Kuijken, M. Haselbock , B. Warchal, E. Danel, P. Zaj\u00ed\u010dek, M. V\u00e1lent a dal\u0161\u00ed. S\u00f3listicky vyst\u00fapil v s\u00e1lach ako: Musikverein Wien, Konzerthaus Wien, Brucknerhaus Linz, Jaroslavlsk\u00e1 filharm\u00f3nia, Casino Basel, KKL Luzern, Philharmonie Luxembourg, Koncertn\u00e1 sie\u0148 F. Liszta Budape\u0161\u0165, Rudolf\u00ednum Praha, Schwetzingen divadlo a in\u00e9. J\u00e1n Krigovsk\u00fd sa predstavil s\u00f3listicky, \u010di ako \u010dlen komorn\u00fdch ans\u00e1mblov na popredn\u00fdch festivaloch dom\u00e1cich BHS, Dni starej hudby Bratislava a Ko\u0161ice, Ko\u0161ick\u00e1 hudobn\u00e1 jar, Melos-\u00c9tos, Pohoda, Pie\u0161\u0165ansk\u00fd hudobn\u00fd festival a zahrani\u010dn\u00fdch Pra\u017esk\u00e1 hudobn\u00e1 jar, Wiener Festspielwochen, Sommer Salzburger Festspielwochen, Festspielwochenin M\u00fcnchen, Dresdner Musikfestspiele, Utrecht festival, NDR festival, Schwetzingen SWR Festspiele a in\u00e9. Ako komorn\u00fd hr\u00e1\u010d a s\u00f3lista nahr\u00e1val pre Cd firmy ako: Slovak edition, Supraphon, nemeck\u00e9 (CPO, WDR, NDR, ZDF, Winter&amp;Winter), rak\u00faske (ORF, ORF1, Challenge Records, Institut f\u00fcr Tyroler Musikforschung Innsbruck), franc\u00fazske (Pan Classics, Arcana Records), talianske (Symfonia). Takisto nahr\u00e1val pre rozhlas a telev\u00edziu. Koncertne sa venuje tie\u017e hre na husle, violu, violon\u010delo, akorde\u00f3n, fujaru, p\u00ed\u0161\u0165alky, cimbal, klav\u00edr a spevu. Pedagogicky vyu\u010doval na konzervat\u00f3riu v \u017diline, Konzervat\u00f3riu D. Kardosa v Topo\u013e\u010danoch, na Cirkevnom konzervat\u00f3riu v Bratislave, na Masarykovej univerzite v Brne a na Jan\u00e1\u010dkovej akad\u00e9mii v Brne. Od roku 2002 na Akad\u00e9mii umen\u00ed v Banskej Bystrici. Vychoval, ovplyvnil a vybudoval na Slovensku z\u00e1klad\u0148u vynikaj\u00facich kontrabasistov ako napr.: R. Patkol\u00f3, V. \u017datko, J.Prievozn\u00edk, F. Jaro, R.Uhlikov\u00e1 a in\u00ed. Pravidelne vyu\u010duje na master class-och v Rusko, Po\u013esko, \u010cesko, Slovensko, Rak\u00fasko, \u0160vaj\u010diarsko, Braz\u00edlia, Argent\u00edna, USA, Kanada, Mexico. V roku 2010 zalo\u017eil spolu zo svojimi \u017eiakmi Slovak Double Bass Club. V klube je okolo 160 \u010dlenov. Klub po\u010das svojej existencie zorganizoval majstrovsk\u00e9 kurzy BassFest+(B.Bystrica), medzin\u00e1rodn\u00fa kontrabasov\u00fa s\u00fa\u0165a\u017e v mene C. D. von Dittersdorf a stovky koncertov.V roku 2013 vznikol z iniciat\u00edvy J\u00e1na Krigovsk\u00e9ho kontrabasov\u00fd kvartet BassBand .V roku 2012 zalo\u017eili hudobn\u00fd benefi\u010dn\u00fd festival Musica Perennis Iuventutis (Senec) na pomoc a podporu deti v hmotnej n\u00fadzi a deti s handicapom na Slovensku a vo svete. V roku 2012 zalo\u017eil svoj vlastn\u00fd ans\u00e1mbel Collegium Wartberg. Pon\u00faka \u0161irok\u00fa \u0161k\u00e1lu hudobn\u00fdch novost\u00ed, vlastn\u00e9ho hudobn\u00e9ho c\u00edtenia a vysoko kvalitn\u00fd hudobn\u00fd z\u00e1\u017eitok v\u010faka kvalitn\u00fdm hudobn\u00edkom poch\u00e1dzaj\u00facich zo Slovenska a celej Eur\u00f3py.<\/p>\n<p style=\"text-align: justify;\"><a title=\"Curriculum auf Deutch J\u00e1n Krigovsky\" href=\"http:\/\/www.slovakdoublebassclub.com\/curriculum-jan-krigovsky\/\">Curriculum auf Deutsch<\/a><\/p>","protected":false},"excerpt":{"rendered":"<p>J\u00c1N KRIGOVSK\u00dd J\u00e1n Krigovsk\u00fd \u201cJe vyh\u013ead\u00e1van\u00fdm kontrabasistom predov\u0161etk\u00fdm v s\u00faboroch autentickej interpret\u00e1cie, ako aj v s\u00faboroch pre s\u00fa\u010dasn\u00fa,jazzovu ,\u013eudov\u00fa a experiment\u00e1lnu hudbu, a to pre jeho hr\u00e1\u010dsku zru\u010dnos\u0165, muzikalitu a kvalitu zvukov\u00e9ho prejavu. Ako s\u00f3lista sa Krigovsk\u00fd prejavuje u\u0161\u013eachtilou, temperamentnou, &hellip; <a href=\"https:\/\/www.slovakdoublebassclub.com\/SK\/jan-krigovsky\/\">Continued<\/a><\/p>\n","protected":false},"author":2,"featured_media":4379,"parent":0,"menu_order":0,"comment_status":"closed","ping_status":"closed","template":"","meta":{"ngg_post_thumbnail":0,"footnotes":""},"class_list":["post-261","page","type-page","status-publish","has-post-thumbnail","hentry"],"_links":{"self":[{"href":"https:\/\/www.slovakdoublebassclub.com\/SK\/wp-json\/wp\/v2\/pages\/261","targetHints":{"allow":["GET"]}}],"collection":[{"href":"https:\/\/www.slovakdoublebassclub.com\/SK\/wp-json\/wp\/v2\/pages"}],"about":[{"href":"https:\/\/www.slovakdoublebassclub.com\/SK\/wp-json\/wp\/v2\/types\/page"}],"author":[{"embeddable":true,"href":"https:\/\/www.slovakdoublebassclub.com\/SK\/wp-json\/wp\/v2\/users\/2"}],"replies":[{"embeddable":true,"href":"https:\/\/www.slovakdoublebassclub.com\/SK\/wp-json\/wp\/v2\/comments?post=261"}],"version-history":[{"count":13,"href":"https:\/\/www.slovakdoublebassclub.com\/SK\/wp-json\/wp\/v2\/pages\/261\/revisions"}],"predecessor-version":[{"id":4720,"href":"https:\/\/www.slovakdoublebassclub.com\/SK\/wp-json\/wp\/v2\/pages\/261\/revisions\/4720"}],"wp:featuredmedia":[{"embeddable":true,"href":"https:\/\/www.slovakdoublebassclub.com\/SK\/wp-json\/wp\/v2\/media\/4379"}],"wp:attachment":[{"href":"https:\/\/www.slovakdoublebassclub.com\/SK\/wp-json\/wp\/v2\/media?parent=261"}],"curies":[{"name":"wp","href":"https:\/\/api.w.org\/{rel}","templated":true}]}}