{"id":270,"date":"2012-03-17T00:45:12","date_gmt":"2012-03-16T23:45:12","guid":{"rendered":"http:\/\/www.slovakdoublebassclub.com\/?page_id=270"},"modified":"2024-09-04T09:46:23","modified_gmt":"2024-09-04T07:46:23","slug":"robert-ragan","status":"publish","type":"page","link":"https:\/\/www.slovakdoublebassclub.com\/SK\/robert-ragan\/","title":{"rendered":"Robert Ragan"},"content":{"rendered":"<p style=\"text-align: center;\"><a href=\"http:\/\/www.slovakdoublebassclub.com\/wp-content\/uploads\/2012\/03\/robert-ragan.jpg\">&nbsp;<\/a><\/p>\n<p><a href=\"https:\/\/www.slovakdoublebassclub.com\/wp-content\/uploads\/2024\/09\/Robert-Ragan-1800.jpg\"><img loading=\"lazy\" decoding=\"async\" class=\"alignnone wp-image-27948 \" src=\"https:\/\/www.slovakdoublebassclub.com\/wp-content\/uploads\/2024\/09\/Robert-Ragan-1800-685x1024.jpg\" alt=\"\" width=\"448\" height=\"670\" srcset=\"https:\/\/www.slovakdoublebassclub.com\/wp-content\/uploads\/2024\/09\/Robert-Ragan-1800-685x1024.jpg 685w, https:\/\/www.slovakdoublebassclub.com\/wp-content\/uploads\/2024\/09\/Robert-Ragan-1800-201x300.jpg 201w, https:\/\/www.slovakdoublebassclub.com\/wp-content\/uploads\/2024\/09\/Robert-Ragan-1800-768x1148.jpg 768w, https:\/\/www.slovakdoublebassclub.com\/wp-content\/uploads\/2024\/09\/Robert-Ragan-1800-1027x1536.jpg 1027w, https:\/\/www.slovakdoublebassclub.com\/wp-content\/uploads\/2024\/09\/Robert-Ragan-1800-600x897.jpg 600w, https:\/\/www.slovakdoublebassclub.com\/wp-content\/uploads\/2024\/09\/Robert-Ragan-1800.jpg 1190w\" sizes=\"auto, (max-width: 448px) 100vw, 448px\" \/><\/a><\/p>\n<p>Rod\u00e1k z&nbsp;Banskej Bystrice, ako sedemro\u010dn\u00fd sa za\u010dal venova\u0165 klav\u00edru, nesk\u00f4r vy\u0161tudoval hru na kontrabase na&nbsp; Konzervat\u00f3riu v&nbsp;\u017diline. V&nbsp;rokoch 1986 \u2013 1995 hr\u00e1val v&nbsp;popul\u00e1rnych skupin\u00e1ch v&nbsp;r\u00f4znych krajin\u00e1ch Eur\u00f3py, preva\u017ene v&nbsp;\u0160kandin\u00e1vii. V&nbsp;roku 1996 sa stal st\u00e1lym \u010dlenom orchestra \u0160t\u00e1tnej opery v&nbsp;Banskej Bystrici, od roku 1998 jeho I. kontrabasistom. Je spoluzakladate\u013eom jazzov\u00e9ho klav\u00edrneho Nothing but Swing Tria, ktor\u00e9 sa hne\u010f v&nbsp;nasleduj\u00facom roku po svojom vzniku stalo laure\u00e1tom festivalu Jazzov\u00e9 Vianoce 1999 v&nbsp;Bratislave a zaradilo sa medzi popredn\u00e9 teles\u00e1 slovenskej jazzovej sc\u00e9ny. V&nbsp;roku 2003 sa pre pr\u00edli\u0161n\u00fa zanepr\u00e1zdnenos\u0165 na poli jazzovej hudby rozhodol vzda\u0165 sa svojho kontrabasov\u00e9ho postu v&nbsp;orchestri a&nbsp;venova\u0165 sa preva\u017ene aktivit\u00e1m v&nbsp;oblasti jazzovej hudby a&nbsp;pedagogickej \u010dinnosti na&nbsp;Konzervat\u00f3riu J. L. Bellu v&nbsp;Banskej Bystrici (kontrabas, jazzov\u00e1 hudba). Okrem p\u00f4sobenia s&nbsp;NBS Triom je od roku 2004 spoluzakladaj\u00facim \u010dlenom etnojazzov\u00e9ho zoskupenia Pacora Trio, ktor\u00e9 v roku 2007 uviedlo svoje kompoz\u00edcie spracovan\u00e9 pre orchester s&nbsp;Filharm\u00f3niou Brno, n\u00e1sledne so \u0160t\u00e1tnym komorn\u00fdm orchestrom \u017dilina, Slovenskou filharm\u00f3niou, \u0160t\u00e1tnou filharm\u00f3niou Ko\u0161ice, Filharm\u00f3niou Bohuslava Martinu a \u010fal\u0161\u00edmi orchestrami. V&nbsp;roku 2006 vytvorili \u010dlenovia obidvoch t\u00fdchto zoskupen\u00ed spolo\u010dn\u00fd projekt Bashavel, ktor\u00e9ho profilov\u00e9 CD s&nbsp;n\u00e1zvom Hoorhay&nbsp;z\u00edskalo cenu Radio Head Awards 2017 za najlep\u0161\u00ed slovensk\u00fd jazzov\u00fd album. Ako jazzov\u00fd aj klasick\u00fd hr\u00e1\u010d (Virtuosi di Praga) R\u00f3bert Ragan koncertoval v&nbsp;mnoh\u00fdch krajin\u00e1ch Eur\u00f3py, USA, Kanade, Ju\u017enej Amerike a&nbsp;v&nbsp;\u010c\u00edne. Je pravideln\u00fdm kontrabasov\u00fdm lektorom festivalu&nbsp; Bass Fest a&nbsp;Bluegrassovej dielne v&nbsp;Hustope\u010diach (\u010cR). V roku 2003 mu &nbsp;Hudobn\u00fd fond &nbsp;udelil Cenu Ladislava Marton\u00edka &#8222;za intenz\u00edvnu dlhodob\u00fa aktivitu v populariz\u00e1cii a rozvoji jazzovej hudby na Slovensku&#8220;.","protected":false},"excerpt":{"rendered":"<p>&nbsp; Rod\u00e1k z&nbsp;Banskej Bystrice, ako sedemro\u010dn\u00fd sa za\u010dal venova\u0165 klav\u00edru, nesk\u00f4r vy\u0161tudoval hru na kontrabase na&nbsp; Konzervat\u00f3riu v&nbsp;\u017diline. V&nbsp;rokoch 1986 \u2013 1995 hr\u00e1val v&nbsp;popul\u00e1rnych skupin\u00e1ch v&nbsp;r\u00f4znych krajin\u00e1ch Eur\u00f3py, preva\u017ene v&nbsp;\u0160kandin\u00e1vii. V&nbsp;roku 1996 sa stal st\u00e1lym \u010dlenom orchestra \u0160t\u00e1tnej opery v&nbsp;Banskej &hellip; <a href=\"https:\/\/www.slovakdoublebassclub.com\/SK\/robert-ragan\/\">Continued<\/a><\/p>\n","protected":false},"author":2,"featured_media":27948,"parent":0,"menu_order":0,"comment_status":"closed","ping_status":"closed","template":"","meta":{"ngg_post_thumbnail":0,"footnotes":""},"class_list":["post-270","page","type-page","status-publish","has-post-thumbnail","hentry"],"_links":{"self":[{"href":"https:\/\/www.slovakdoublebassclub.com\/SK\/wp-json\/wp\/v2\/pages\/270","targetHints":{"allow":["GET"]}}],"collection":[{"href":"https:\/\/www.slovakdoublebassclub.com\/SK\/wp-json\/wp\/v2\/pages"}],"about":[{"href":"https:\/\/www.slovakdoublebassclub.com\/SK\/wp-json\/wp\/v2\/types\/page"}],"author":[{"embeddable":true,"href":"https:\/\/www.slovakdoublebassclub.com\/SK\/wp-json\/wp\/v2\/users\/2"}],"replies":[{"embeddable":true,"href":"https:\/\/www.slovakdoublebassclub.com\/SK\/wp-json\/wp\/v2\/comments?post=270"}],"version-history":[{"count":4,"href":"https:\/\/www.slovakdoublebassclub.com\/SK\/wp-json\/wp\/v2\/pages\/270\/revisions"}],"predecessor-version":[{"id":27950,"href":"https:\/\/www.slovakdoublebassclub.com\/SK\/wp-json\/wp\/v2\/pages\/270\/revisions\/27950"}],"wp:featuredmedia":[{"embeddable":true,"href":"https:\/\/www.slovakdoublebassclub.com\/SK\/wp-json\/wp\/v2\/media\/27948"}],"wp:attachment":[{"href":"https:\/\/www.slovakdoublebassclub.com\/SK\/wp-json\/wp\/v2\/media?parent=270"}],"curies":[{"name":"wp","href":"https:\/\/api.w.org\/{rel}","templated":true}]}}