{"id":27168,"date":"2021-03-11T21:41:01","date_gmt":"2021-03-11T20:41:01","guid":{"rendered":"https:\/\/www.slovakdoublebassclub.com\/?page_id=27168"},"modified":"2021-03-11T21:41:01","modified_gmt":"2021-03-11T20:41:01","slug":"2-dane-2021","status":"publish","type":"page","link":"https:\/\/www.slovakdoublebassclub.com\/SK\/2-dane-2021\/","title":{"rendered":"2% dane 2021"},"content":{"rendered":"<h4 style=\"text-align: center;\">Chceme V\u00e1s touto cestou informova\u0165 \u017ee za rok 2020 si SDBC neuplat\u0148uje 2% z dane. &nbsp;<\/h4>\n<h4 style=\"text-align: center;\">\u010eakujeme SDBC<\/h4>\n","protected":false},"excerpt":{"rendered":"<p>Chceme V\u00e1s touto cestou informova\u0165 \u017ee za rok 2020 si SDBC neuplat\u0148uje 2% z dane. &nbsp; \u010eakujeme SDBC<\/p>\n","protected":false},"author":5,"featured_media":0,"parent":0,"menu_order":0,"comment_status":"closed","ping_status":"closed","template":"","meta":{"ngg_post_thumbnail":0,"footnotes":""},"class_list":["post-27168","page","type-page","status-publish","hentry"],"_links":{"self":[{"href":"https:\/\/www.slovakdoublebassclub.com\/SK\/wp-json\/wp\/v2\/pages\/27168","targetHints":{"allow":["GET"]}}],"collection":[{"href":"https:\/\/www.slovakdoublebassclub.com\/SK\/wp-json\/wp\/v2\/pages"}],"about":[{"href":"https:\/\/www.slovakdoublebassclub.com\/SK\/wp-json\/wp\/v2\/types\/page"}],"author":[{"embeddable":true,"href":"https:\/\/www.slovakdoublebassclub.com\/SK\/wp-json\/wp\/v2\/users\/5"}],"replies":[{"embeddable":true,"href":"https:\/\/www.slovakdoublebassclub.com\/SK\/wp-json\/wp\/v2\/comments?post=27168"}],"version-history":[{"count":1,"href":"https:\/\/www.slovakdoublebassclub.com\/SK\/wp-json\/wp\/v2\/pages\/27168\/revisions"}],"predecessor-version":[{"id":27169,"href":"https:\/\/www.slovakdoublebassclub.com\/SK\/wp-json\/wp\/v2\/pages\/27168\/revisions\/27169"}],"wp:attachment":[{"href":"https:\/\/www.slovakdoublebassclub.com\/SK\/wp-json\/wp\/v2\/media?parent=27168"}],"curies":[{"name":"wp","href":"https:\/\/api.w.org\/{rel}","templated":true}]}}