{"id":27705,"date":"2023-09-24T21:20:23","date_gmt":"2023-09-24T19:20:23","guid":{"rendered":"https:\/\/www.slovakdoublebassclub.com\/?page_id=27705"},"modified":"2023-09-28T11:12:22","modified_gmt":"2023-09-28T09:12:22","slug":"martin-kapusnik","status":"publish","type":"page","link":"https:\/\/www.slovakdoublebassclub.com\/SK\/martin-kapusnik\/","title":{"rendered":"Martin Kapusn\u00edk"},"content":{"rendered":"<div dir=\"ltr\"><a href=\"https:\/\/www.slovakdoublebassclub.com\/wp-content\/uploads\/2023\/09\/image0.jpeg\"><img loading=\"lazy\" decoding=\"async\" class=\"wp-image-27706 alignleft\" src=\"https:\/\/www.slovakdoublebassclub.com\/wp-content\/uploads\/2023\/09\/image0.jpeg\" alt=\"\" width=\"328\" height=\"492\" srcset=\"https:\/\/www.slovakdoublebassclub.com\/wp-content\/uploads\/2023\/09\/image0.jpeg 640w, https:\/\/www.slovakdoublebassclub.com\/wp-content\/uploads\/2023\/09\/image0-200x300.jpeg 200w, https:\/\/www.slovakdoublebassclub.com\/wp-content\/uploads\/2023\/09\/image0-600x900.jpeg 600w\" sizes=\"auto, (max-width: 328px) 100vw, 328px\" \/><\/a><\/div>\n<div>\n<div><strong>Martin Kapusnik&nbsp;<\/strong><\/div>\n<div>\n<blockquote>\n<div dir=\"ltr\">Basgitarista a kontrabasista z Bratislavy. S hrou za\u010dal v p\u00e4tn\u00e1stich rokoch v miestnej rockovej kapele. Nasledovalo zbieranie sk\u00fasenost\u00ed s kapelou Margot, Andreou Zim\u00e1nyiovou, a Petrom Bi\u010dom. V roku 2005 odi\u0161iel do Prahy \u0161tudova\u0165 kontrabas na VO\u0160 Jaroslava Je\u017eka kde na miestnej jazzovej sc\u00e9ne p\u00f4sobil s muzikantami ako Martin Brunner, Jan H\u00e1la, Bharata Rajno\u0161ek. V posledn\u00fdch rokoch sa zameriava na tane\u010dn\u00e9 zoskupenia, v ktor\u00fdch p\u00f4sob\u00ed ako basgitarista. Tento smer p\u00f4sobenia sa odrazil aj na spolupr\u00e1ci s kapelou Fortissimo alebo Taste of Brass. V s\u00fa\u010dasnosti sa vo ve\u013ekej miere venuje hre na basgitaru a kontrabas v muzik\u00e1loch v divadle Nov\u00e1 Sc\u00e9na, a je \u010dlen housebandu na v\u00fdletnych lodiach. S\u00fa\u010dasne sa venoval nieko\u013ako rokov u\u010deniu hre na basgitaru a kontrabas svojich \u017eiakov v ZU\u0160 alebo na s\u00fakrom\u0144ych hodin\u00e1ch.<\/div>\n<\/blockquote>\n<\/div>\n<div dir=\"ltr\">\n<div>\n<p>&nbsp;<\/p>\n<a href=\"https:\/\/www.instagram.com\/martin.kapusnik.bass\/?igshid=OGQ5ZDc2ODk2ZA%3D%3D\" class=\"btn button btn-shortcode kad-btn kad-btn-primary\" id=\"kadbtn501\" target=\"_self\" style=\"color:#FFFF00;\"onMouseOver=\"this.style.background='',this.style.color='#FFF'\" onMouseOut=\"this.style.background='', this.style.color='#FFFF00'\">INSTAGRAM<\/a>\n<\/div>\n<\/div>\n<\/div>\n<div>&nbsp;<\/div>\n<div><div class=\"kad-youtube-shortcode videofit\"  ><iframe loading=\"lazy\" width=\"600\" height=\"400\" src=\"\/\/www.youtube.com\/embed\/55d3yPvczeE?autoplay=0&amp;controls=1&amp;fs=1&amp;modestbranding=0&amp;theme=dark&amp;rel=0&amp;loop=0\" frameborder=\"0\" allowfullscreen=\"true\"><\/iframe><\/div><\/div>\n<div>&nbsp;<\/div>\n<div>&nbsp;<\/div>\n<div>\n<div dir=\"ltr\">\n<div class=\"kad-youtube-shortcode videofit\"  ><iframe loading=\"lazy\" width=\"600\" height=\"400\" src=\"\/\/www.youtube.com\/embed\/25U6Tcn1iJ0?autoplay=0&amp;controls=1&amp;fs=1&amp;modestbranding=0&amp;theme=dark&amp;rel=0&amp;loop=0\" frameborder=\"0\" allowfullscreen=\"true\"><\/iframe><\/div>\n<p>&nbsp;<\/p>\n<div class=\"kad-youtube-shortcode videofit\"  ><iframe loading=\"lazy\" width=\"600\" height=\"400\" src=\"\/\/www.youtube.com\/embed\/66eFFUBx3cw?autoplay=0&amp;controls=1&amp;fs=1&amp;modestbranding=0&amp;theme=dark&amp;rel=0&amp;loop=0\" frameborder=\"0\" allowfullscreen=\"true\"><\/iframe><\/div>\n<p>&nbsp;<\/p>\n<div class=\"kad-youtube-shortcode videofit\"  ><iframe loading=\"lazy\" width=\"600\" height=\"400\" src=\"\/\/www.youtube.com\/embed\/4zl_-e-p7wE?autoplay=0&amp;controls=1&amp;fs=1&amp;modestbranding=0&amp;theme=dark&amp;rel=0&amp;loop=0\" frameborder=\"0\" allowfullscreen=\"true\"><\/iframe><\/div>\n<\/div>\n<div>\n<div>&nbsp;<\/div>\n<\/div>\n<\/div>","protected":false},"excerpt":{"rendered":"<p>Martin Kapusnik&nbsp; Basgitarista a kontrabasista z Bratislavy. S hrou za\u010dal v p\u00e4tn\u00e1stich rokoch v miestnej rockovej kapele. Nasledovalo zbieranie sk\u00fasenost\u00ed s kapelou Margot, Andreou Zim\u00e1nyiovou, a Petrom Bi\u010dom. V roku 2005 odi\u0161iel do Prahy \u0161tudova\u0165 kontrabas na VO\u0160 Jaroslava Je\u017eka &hellip; <a href=\"https:\/\/www.slovakdoublebassclub.com\/SK\/martin-kapusnik\/\">Continued<\/a><\/p>\n","protected":false},"author":5,"featured_media":27706,"parent":0,"menu_order":0,"comment_status":"closed","ping_status":"closed","template":"","meta":{"ngg_post_thumbnail":0,"footnotes":""},"class_list":["post-27705","page","type-page","status-publish","has-post-thumbnail","hentry"],"_links":{"self":[{"href":"https:\/\/www.slovakdoublebassclub.com\/SK\/wp-json\/wp\/v2\/pages\/27705","targetHints":{"allow":["GET"]}}],"collection":[{"href":"https:\/\/www.slovakdoublebassclub.com\/SK\/wp-json\/wp\/v2\/pages"}],"about":[{"href":"https:\/\/www.slovakdoublebassclub.com\/SK\/wp-json\/wp\/v2\/types\/page"}],"author":[{"embeddable":true,"href":"https:\/\/www.slovakdoublebassclub.com\/SK\/wp-json\/wp\/v2\/users\/5"}],"replies":[{"embeddable":true,"href":"https:\/\/www.slovakdoublebassclub.com\/SK\/wp-json\/wp\/v2\/comments?post=27705"}],"version-history":[{"count":10,"href":"https:\/\/www.slovakdoublebassclub.com\/SK\/wp-json\/wp\/v2\/pages\/27705\/revisions"}],"predecessor-version":[{"id":27729,"href":"https:\/\/www.slovakdoublebassclub.com\/SK\/wp-json\/wp\/v2\/pages\/27705\/revisions\/27729"}],"wp:featuredmedia":[{"embeddable":true,"href":"https:\/\/www.slovakdoublebassclub.com\/SK\/wp-json\/wp\/v2\/media\/27706"}],"wp:attachment":[{"href":"https:\/\/www.slovakdoublebassclub.com\/SK\/wp-json\/wp\/v2\/media?parent=27705"}],"curies":[{"name":"wp","href":"https:\/\/api.w.org\/{rel}","templated":true}]}}