{"id":27751,"date":"2023-10-05T22:13:22","date_gmt":"2023-10-05T20:13:22","guid":{"rendered":"https:\/\/www.slovakdoublebassclub.com\/?page_id=27751"},"modified":"2023-10-05T22:13:22","modified_gmt":"2023-10-05T20:13:22","slug":"nevena-bairrada","status":"publish","type":"page","link":"https:\/\/www.slovakdoublebassclub.com\/SK\/nevena-bairrada\/","title":{"rendered":"Nevena Bairrada"},"content":{"rendered":"<p>&nbsp;<\/p>\n<p style=\"text-align: center;\"><a href=\"https:\/\/www.slovakdoublebassclub.com\/wp-content\/uploads\/2023\/10\/247774320_10227444990489912_3656139087067629402_n.jpg\"><img loading=\"lazy\" decoding=\"async\" class=\"alignnone size-large wp-image-27754 aligncenter\" src=\"https:\/\/www.slovakdoublebassclub.com\/wp-content\/uploads\/2023\/10\/247774320_10227444990489912_3656139087067629402_n.jpg\" alt=\"\" width=\"400\" height=\"301\" srcset=\"https:\/\/www.slovakdoublebassclub.com\/wp-content\/uploads\/2023\/10\/247774320_10227444990489912_3656139087067629402_n.jpg 400w, https:\/\/www.slovakdoublebassclub.com\/wp-content\/uploads\/2023\/10\/247774320_10227444990489912_3656139087067629402_n-300x226.jpg 300w\" sizes=\"auto, (max-width: 400px) 100vw, 400px\" \/><\/a><\/p>\n<p style=\"text-align: center;\"><a href=\"https:\/\/www.slovakdoublebassclub.com\/wp-content\/uploads\/2023\/10\/247774320_10227444990489912_3656139087067629402_n.jpg\">Studium Konzertfach und Instrumentalp\u00e4dagogik an der Universit\u00e4t f\u00fcr Musik und darstellende Kunst Wien. Mitwirkung in verschiedenen Wiener Ensembles und Orchestern u.a bei den Wiener Symphonikern, Volks Oper Wien, Bruckner Orchester Linz, Symphonieorchester der Volksoper Wien, Max Steiner Orchester. 2011-2013 Mitglied der Orchesterakademie des RSO Wien. Seit 2016 Lehrt\u00e4tigkeit an der Franz Schmidt- Musikschule in Perchtoldsdorf wie auch seit 2015 an der Musikschule Wien. Seit 2014 Dozentin im Jeunesse KindermusikCamp.<\/a><\/p>\n","protected":false},"excerpt":{"rendered":"<p>&nbsp; Studium Konzertfach und Instrumentalp\u00e4dagogik an der Universit\u00e4t f\u00fcr Musik und darstellende Kunst Wien. Mitwirkung in verschiedenen Wiener Ensembles und Orchestern u.a bei den Wiener Symphonikern, Volks Oper Wien, Bruckner Orchester Linz, Symphonieorchester der Volksoper Wien, Max Steiner Orchester. 2011-2013 &hellip; <a href=\"https:\/\/www.slovakdoublebassclub.com\/SK\/nevena-bairrada\/\">Continued<\/a><\/p>\n","protected":false},"author":5,"featured_media":0,"parent":0,"menu_order":0,"comment_status":"closed","ping_status":"closed","template":"","meta":{"ngg_post_thumbnail":0,"footnotes":""},"class_list":["post-27751","page","type-page","status-publish","hentry"],"_links":{"self":[{"href":"https:\/\/www.slovakdoublebassclub.com\/SK\/wp-json\/wp\/v2\/pages\/27751","targetHints":{"allow":["GET"]}}],"collection":[{"href":"https:\/\/www.slovakdoublebassclub.com\/SK\/wp-json\/wp\/v2\/pages"}],"about":[{"href":"https:\/\/www.slovakdoublebassclub.com\/SK\/wp-json\/wp\/v2\/types\/page"}],"author":[{"embeddable":true,"href":"https:\/\/www.slovakdoublebassclub.com\/SK\/wp-json\/wp\/v2\/users\/5"}],"replies":[{"embeddable":true,"href":"https:\/\/www.slovakdoublebassclub.com\/SK\/wp-json\/wp\/v2\/comments?post=27751"}],"version-history":[{"count":1,"href":"https:\/\/www.slovakdoublebassclub.com\/SK\/wp-json\/wp\/v2\/pages\/27751\/revisions"}],"predecessor-version":[{"id":27755,"href":"https:\/\/www.slovakdoublebassclub.com\/SK\/wp-json\/wp\/v2\/pages\/27751\/revisions\/27755"}],"wp:attachment":[{"href":"https:\/\/www.slovakdoublebassclub.com\/SK\/wp-json\/wp\/v2\/media?parent=27751"}],"curies":[{"name":"wp","href":"https:\/\/api.w.org\/{rel}","templated":true}]}}