{"id":27839,"date":"2024-02-13T12:41:53","date_gmt":"2024-02-13T11:41:53","guid":{"rendered":"https:\/\/www.slovakdoublebassclub.com\/?page_id=27839"},"modified":"2024-02-13T12:53:55","modified_gmt":"2024-02-13T11:53:55","slug":"27839-2","status":"publish","type":"page","link":"https:\/\/www.slovakdoublebassclub.com\/SK\/27839-2\/","title":{"rendered":"k stiahnutiu: \u013eudov\u00e9 piesne pre kontrabas a klav\u00edr"},"content":{"rendered":"&nbsp;<\/p>\n<h3 style=\"text-align: center;\"><strong>\u013dudov\u00e9 piesne pre kontrabas s\u00f3lo:<\/strong><\/h3>\n<p><a href=\"https:\/\/www.slovakdoublebassclub.com\/wp-content\/uploads\/2023\/11\/27.10-Junior-Bass-Day-scaled.jpg\"><img loading=\"lazy\" decoding=\"async\" class=\"wp-image-27792 aligncenter\" src=\"https:\/\/www.slovakdoublebassclub.com\/wp-content\/uploads\/2023\/11\/27.10-Junior-Bass-Day-988x1024.jpg\" alt=\"\" width=\"349\" height=\"362\" srcset=\"https:\/\/www.slovakdoublebassclub.com\/wp-content\/uploads\/2023\/11\/27.10-Junior-Bass-Day-988x1024.jpg 988w, https:\/\/www.slovakdoublebassclub.com\/wp-content\/uploads\/2023\/11\/27.10-Junior-Bass-Day-289x300.jpg 289w, https:\/\/www.slovakdoublebassclub.com\/wp-content\/uploads\/2023\/11\/27.10-Junior-Bass-Day-768x796.jpg 768w, https:\/\/www.slovakdoublebassclub.com\/wp-content\/uploads\/2023\/11\/27.10-Junior-Bass-Day-1481x1536.jpg 1481w, https:\/\/www.slovakdoublebassclub.com\/wp-content\/uploads\/2023\/11\/27.10-Junior-Bass-Day-1975x2048.jpg 1975w, https:\/\/www.slovakdoublebassclub.com\/wp-content\/uploads\/2023\/11\/27.10-Junior-Bass-Day-600x622.jpg 600w\" sizes=\"auto, (max-width: 349px) 100vw, 349px\" \/><\/a><\/p>\n<p>&nbsp;<\/p>\n<p style=\"text-align: center;\"><a href=\"https:\/\/www.slovakdoublebassclub.com\/wp-content\/uploads\/2024\/02\/Cierne-oci-chodte-spat.pdf\">\u010cierne o\u010di cho\u010fte spa\u0165.<\/a><\/p>\n<p style=\"text-align: center;\"><a href=\"https:\/\/www.slovakdoublebassclub.com\/wp-content\/uploads\/2024\/02\/Ej-uz-sa-na-tej-hore.pdf\">Ej, u\u017e sa na tej hore.<\/a><\/p>\n<p style=\"text-align: center;\"><a href=\"https:\/\/www.slovakdoublebassclub.com\/wp-content\/uploads\/2024\/02\/Ja-som-baca-velmi-stary-a-mol.pdf\">Ja som ba\u010da ve\u013emi star\u00fd a mol.<\/a><\/p>\n<p style=\"text-align: center;\"><a href=\"https:\/\/www.slovakdoublebassclub.com\/wp-content\/uploads\/2024\/02\/Jedna-druhej-riekla-G-prst.pdf\">Jedna druhej riekla.<\/a><\/p>\n<p style=\"text-align: center;\"><a href=\"https:\/\/www.slovakdoublebassclub.com\/wp-content\/uploads\/2024\/02\/Krasna-krasna-Bdur.pdf\">Kr\u00e1sna, kr\u00e1sna.<\/a><\/p>\n<p style=\"text-align: center;\"><a href=\"https:\/\/www.slovakdoublebassclub.com\/wp-content\/uploads\/2024\/02\/Kysuca-Kysuca.pdf\">Kysuca, Kysuca<\/a><\/p>\n<p style=\"text-align: center;\"><a href=\"https:\/\/www.slovakdoublebassclub.com\/wp-content\/uploads\/2024\/02\/Malicka-som-in-C-prst.pdf\">Mali\u010dk\u00e1 som in.<\/a><\/p>\n<p style=\"text-align: center;\"><a href=\"https:\/\/www.slovakdoublebassclub.com\/wp-content\/uploads\/2024\/02\/Medvedku-daj-labku.pdf\">Medve\u010fku daj labku<\/a><\/p>\n<p style=\"text-align: center;\"><a href=\"https:\/\/www.slovakdoublebassclub.com\/wp-content\/uploads\/2024\/02\/Pasla-ovecky-F-dur.pdf\">P\u00e1sla ove\u010dky.<\/a><\/p>\n<p style=\"text-align: center;\"><a href=\"https:\/\/www.slovakdoublebassclub.com\/wp-content\/uploads\/2024\/02\/Pod-horou-pod-horou-in-C.pdf\">Pod horou, pod horou.<\/a><\/p>\n<hr>\n<p style=\"text-align: center;\">vo\u013ene k stiahnitiu&#8230;<\/p>","protected":false},"excerpt":{"rendered":"<p>&nbsp; \u013dudov\u00e9 piesne pre kontrabas s\u00f3lo: &nbsp; \u010cierne o\u010di cho\u010fte spa\u0165. Ej, u\u017e sa na tej hore. Ja som ba\u010da ve\u013emi star\u00fd a mol. Jedna druhej riekla. Kr\u00e1sna, kr\u00e1sna. Kysuca, Kysuca Mali\u010dk\u00e1 som in. Medve\u010fku daj labku P\u00e1sla ove\u010dky. Pod &hellip; <a href=\"https:\/\/www.slovakdoublebassclub.com\/SK\/27839-2\/\">Continued<\/a><\/p>\n","protected":false},"author":5,"featured_media":27793,"parent":0,"menu_order":0,"comment_status":"closed","ping_status":"closed","template":"","meta":{"ngg_post_thumbnail":0,"footnotes":""},"class_list":["post-27839","page","type-page","status-publish","has-post-thumbnail","hentry"],"_links":{"self":[{"href":"https:\/\/www.slovakdoublebassclub.com\/SK\/wp-json\/wp\/v2\/pages\/27839","targetHints":{"allow":["GET"]}}],"collection":[{"href":"https:\/\/www.slovakdoublebassclub.com\/SK\/wp-json\/wp\/v2\/pages"}],"about":[{"href":"https:\/\/www.slovakdoublebassclub.com\/SK\/wp-json\/wp\/v2\/types\/page"}],"author":[{"embeddable":true,"href":"https:\/\/www.slovakdoublebassclub.com\/SK\/wp-json\/wp\/v2\/users\/5"}],"replies":[{"embeddable":true,"href":"https:\/\/www.slovakdoublebassclub.com\/SK\/wp-json\/wp\/v2\/comments?post=27839"}],"version-history":[{"count":7,"href":"https:\/\/www.slovakdoublebassclub.com\/SK\/wp-json\/wp\/v2\/pages\/27839\/revisions"}],"predecessor-version":[{"id":27852,"href":"https:\/\/www.slovakdoublebassclub.com\/SK\/wp-json\/wp\/v2\/pages\/27839\/revisions\/27852"}],"wp:featuredmedia":[{"embeddable":true,"href":"https:\/\/www.slovakdoublebassclub.com\/SK\/wp-json\/wp\/v2\/media\/27793"}],"wp:attachment":[{"href":"https:\/\/www.slovakdoublebassclub.com\/SK\/wp-json\/wp\/v2\/media?parent=27839"}],"curies":[{"name":"wp","href":"https:\/\/api.w.org\/{rel}","templated":true}]}}