{"id":28011,"date":"2024-11-24T22:36:28","date_gmt":"2024-11-24T21:36:28","guid":{"rendered":"https:\/\/www.slovakdoublebassclub.com\/?page_id=28011"},"modified":"2024-12-04T14:34:15","modified_gmt":"2024-12-04T13:34:15","slug":"results-2024","status":"publish","type":"page","link":"https:\/\/www.slovakdoublebassclub.com\/SK\/results-2024\/","title":{"rendered":"V\u00fdsledky s\u00fa\u0165a\u017ee 2024"},"content":{"rendered":"<img class=\"aligncenter\"><\/p>\n<p><img class=\"aligncenter\"><\/p>\n<p style=\"text-align: center;\">&nbsp;<\/p>\n<p style=\"text-align: center;\"><em><a href=\"https:\/\/www.slovakdoublebassclub.com\/wp-content\/uploads\/2024\/07\/JPEG-obrazok-4C86-9C1E-85-0.jpeg\"><img loading=\"lazy\" decoding=\"async\" class=\"wp-image-27913 aligncenter\" src=\"https:\/\/www.slovakdoublebassclub.com\/wp-content\/uploads\/2024\/07\/JPEG-obrazok-4C86-9C1E-85-0.jpeg\" alt=\"\" width=\"447\" height=\"447\" srcset=\"https:\/\/www.slovakdoublebassclub.com\/wp-content\/uploads\/2024\/07\/JPEG-obrazok-4C86-9C1E-85-0.jpeg 702w, https:\/\/www.slovakdoublebassclub.com\/wp-content\/uploads\/2024\/07\/JPEG-obrazok-4C86-9C1E-85-0-300x300.jpeg 300w, https:\/\/www.slovakdoublebassclub.com\/wp-content\/uploads\/2024\/07\/JPEG-obrazok-4C86-9C1E-85-0-150x150.jpeg 150w, https:\/\/www.slovakdoublebassclub.com\/wp-content\/uploads\/2024\/07\/JPEG-obrazok-4C86-9C1E-85-0-600x600.jpeg 600w, https:\/\/www.slovakdoublebassclub.com\/wp-content\/uploads\/2024\/07\/JPEG-obrazok-4C86-9C1E-85-0-100x100.jpeg 100w, https:\/\/www.slovakdoublebassclub.com\/wp-content\/uploads\/2024\/07\/JPEG-obrazok-4C86-9C1E-85-0-365x365.jpeg 365w\" sizes=\"auto, (max-width: 447px) 100vw, 447px\" \/><\/a><\/em><\/p>\n<p style=\"text-align: center;\"><em><strong>V\u00fdsledky I. kateg\u00f3ria<\/strong><\/em><\/p>\n<p style=\"text-align: center;\"><em>Results I.st category<\/em><em>&nbsp;<\/em><\/p>\n<p style=\"text-align: center;\"><em>1.A. category<\/em><\/p>\n<p style=\"text-align: center;\"><em><strong>1. Luka Aleksic <\/strong>\/AT <strong>121 points<\/strong><\/em><\/p>\n<p style=\"text-align: center;\"><em>1.B category<\/em><\/p>\n<p style=\"text-align: center;\"><em><strong>1. Pirin Enchev<\/strong> \/BG <strong>115 points<\/strong><\/em><strong><em>&nbsp;<\/em><\/strong><\/p>\n<p style=\"text-align: center;\"><em>1.C category<\/em><\/p>\n<p style=\"text-align: center;\"><em><strong>1. Anika Dimitrova <\/strong>\/BG <strong>119 points<\/strong><\/em><\/p>\n<p style=\"text-align: center;\"><em><strong>2. Marek Barto\u0161 <\/strong>\/CZ <strong>95 points<\/strong><\/em><\/p>\n<p style=\"text-align: center;\"><em><strong>2. J\u00e1n Kunak Kor\u0161i\u010d <\/strong>\/HR <strong>95 points&nbsp;<\/strong><\/em><\/p>\n<p style=\"text-align: center;\"><em><strong>3. Samuel \u0160pr\u00e1chal <\/strong>\/CZ <strong>94,5 points<\/strong><\/em><\/p>\n<hr>\n<p style=\"text-align: center;\"><strong>V\u00fdsledky II.A. kateg\u00f3ria<\/strong><\/p>\n<p style=\"text-align: center;\"><em>Results IInd A. category<\/em><\/p>\n<p style=\"text-align: center;\"><em><strong>1. Gyorgy V\u00e9gh \/HU 102,5 points<\/strong><\/em><\/p>\n<p style=\"text-align: center;\"><em><strong>2. Fabi\u00e1 Tkadl\u010d\u00edk \/CZ<\/strong> <strong>94 points <\/strong><\/em><\/p>\n<p style=\"text-align: center;\"><em><strong>3. Samuel Balogh \/SK 92 points<\/strong><\/em><\/p>\n<p style=\"text-align: center;\"><em>_____<\/em><\/p>\n<p style=\"text-align: center;\"><strong>\u010destn\u00e9 uznanie\/<\/strong> <em>honorable mantion<\/em><\/p>\n<p style=\"text-align: center;\"><em><strong>4. Miroslav Mit\u00e1\u0161 \/CZ 87,5 points <\/strong><\/em><\/p>\n<p style=\"text-align: center;\"><em><strong>5. Ivan Mondeski \/BG 75,5 points<\/strong><\/em><\/p>\n<hr>\n<p style=\"text-align: center;\"><strong>V\u00fdsledky II.B. kateg\u00f3ria<\/strong><\/p>\n<p style=\"text-align: center;\"><em>Results II.nd B. category<\/em><\/p>\n<p style=\"text-align: center;\"><em><strong>&nbsp;1.Barbora Hrn\u010diarov\u00e1<\/strong> \/SK <strong>102,5 points<\/strong><\/em><\/p>\n<p style=\"text-align: center;\"><em><strong>2. Antoni Trzesniewski<\/strong> \/PL <strong>100 points<\/strong><\/em><\/p>\n<p style=\"text-align: center;\"><em><strong>3. Maximilia Heinrich<\/strong> \/CZ <strong>98,5 points<\/strong><\/em><\/p>\n<p style=\"text-align: center;\"><strong><em>_________<\/em><\/strong><\/p>\n<p style=\"text-align: center;\"><strong>\u010destn\u00e9 uznanie\/<\/strong> <em>honorable mantion<\/em><\/p>\n<p style=\"text-align: center;\"><em><strong> Juraj Hriv\u0148\u00e1k<\/strong> \/SK <strong>points<\/strong><\/em><\/p>\n<p style=\"text-align: center;\"><em><strong> Ond\u0159ej Kamenick\u00fd<\/strong> \/CZ <strong>&nbsp;points<\/strong><\/em><\/p>\n<hr>\n<p style=\"text-align: center;\"><strong>V\u00fdsledky III.B. kateg\u00f3ria<\/strong><\/p>\n<p style=\"text-align: center;\"><em>Results III.rd category<\/em><em>&nbsp;<\/em><\/p>\n<p style=\"text-align: center;\"><em><strong>1. O. C. Maxim <\/strong>\/AT <strong>116 points <\/strong><\/em><\/p>\n<p style=\"text-align: center;\"><em><strong>2.<\/strong>&nbsp;<strong>Bohdan Shust <\/strong>\/UA <strong>112 points<\/strong><\/em><\/p>\n<hr>\n<p style=\"text-align: center;\"><strong>Cena Hudobn\u00e9ho centra za najlep\u0161iu interpret\u00e1ciu skladby slovensk\u00e9ho skladate\u013ea\/ <\/strong><\/p>\n<p style=\"text-align: center;\"><em>Music centre prize for the best interpretation of a piece a Slovak composer<\/em><\/p>\n<p style=\"text-align: center;\"><a href=\"https:\/\/www.slovakdoublebassclub.com\/wp-content\/uploads\/2024\/12\/hudobne-centrum-Slovakia.jpeg\"><img loading=\"lazy\" decoding=\"async\" class=\" wp-image-28015 aligncenter\" src=\"https:\/\/www.slovakdoublebassclub.com\/wp-content\/uploads\/2024\/12\/hudobne-centrum-Slovakia.jpeg\" alt=\"\" width=\"175\" height=\"175\" srcset=\"https:\/\/www.slovakdoublebassclub.com\/wp-content\/uploads\/2024\/12\/hudobne-centrum-Slovakia.jpeg 225w, https:\/\/www.slovakdoublebassclub.com\/wp-content\/uploads\/2024\/12\/hudobne-centrum-Slovakia-150x150.jpeg 150w, https:\/\/www.slovakdoublebassclub.com\/wp-content\/uploads\/2024\/12\/hudobne-centrum-Slovakia-100x100.jpeg 100w\" sizes=\"auto, (max-width: 175px) 100vw, 175px\" \/><\/a><\/p>\n<p style=\"text-align: center;\">____<\/p>\n<p style=\"text-align: center;\"><strong>1C kateg\u00f3ria\/<\/strong> <em>1C category<\/em><\/p>\n<p style=\"text-align: center;\"><strong>Anika Dimitrova \/BG&nbsp;<\/strong><\/p>\n<p style=\"text-align: center;\"><strong>za skladbu\/<\/strong> <em>for the composition:<\/em><\/p>\n<p style=\"text-align: center;\"><strong>Jana Kmi\u0165ov\u00e1 &#8211; F\u00fcnf stucke fur Kontrabass und Klavier<\/strong><\/p>\n<p style=\"text-align: center;\">_____<\/p>\n<p style=\"text-align: center;\"><strong>3B kateg\u00f3ria\/<\/strong> <em>3B category<\/em><\/p>\n<p style=\"text-align: center;\"><strong>Bohdan Shust \/UA<\/strong><\/p>\n<p style=\"text-align: center;\"><strong>za skladbu\/<\/strong> <em>for the composition:<\/em><\/p>\n<p style=\"text-align: center;\"><strong>Remenius Kla\u010dansk\u00fd &#8211; fantasy &#8222;Forest&#8220;&nbsp;<\/strong><\/p>\n<p>&nbsp;<\/p>\n<hr>\n<p style=\"text-align: center;\"><strong>\u010eakujeme Hudobn\u00e9mu centru za podporu mlad\u00fdch talentov\/<\/strong>&nbsp;<\/p>\n<p style=\"text-align: center;\">W<em>e thank the Music Centre Slovakia for supporting young talents<\/em><\/p>\n<p>&nbsp;","protected":false},"excerpt":{"rendered":"<p>&nbsp; V\u00fdsledky I. kateg\u00f3ria Results I.st category&nbsp; 1.A. category 1. Luka Aleksic \/AT 121 points 1.B category 1. Pirin Enchev \/BG 115 points&nbsp; 1.C category 1. Anika Dimitrova \/BG 119 points 2. Marek Barto\u0161 \/CZ 95 points 2. J\u00e1n Kunak &hellip; <a href=\"https:\/\/www.slovakdoublebassclub.com\/SK\/results-2024\/\">Continued<\/a><\/p>\n","protected":false},"author":5,"featured_media":0,"parent":0,"menu_order":0,"comment_status":"closed","ping_status":"closed","template":"","meta":{"ngg_post_thumbnail":0,"footnotes":""},"class_list":["post-28011","page","type-page","status-publish","hentry"],"_links":{"self":[{"href":"https:\/\/www.slovakdoublebassclub.com\/SK\/wp-json\/wp\/v2\/pages\/28011","targetHints":{"allow":["GET"]}}],"collection":[{"href":"https:\/\/www.slovakdoublebassclub.com\/SK\/wp-json\/wp\/v2\/pages"}],"about":[{"href":"https:\/\/www.slovakdoublebassclub.com\/SK\/wp-json\/wp\/v2\/types\/page"}],"author":[{"embeddable":true,"href":"https:\/\/www.slovakdoublebassclub.com\/SK\/wp-json\/wp\/v2\/users\/5"}],"replies":[{"embeddable":true,"href":"https:\/\/www.slovakdoublebassclub.com\/SK\/wp-json\/wp\/v2\/comments?post=28011"}],"version-history":[{"count":3,"href":"https:\/\/www.slovakdoublebassclub.com\/SK\/wp-json\/wp\/v2\/pages\/28011\/revisions"}],"predecessor-version":[{"id":28028,"href":"https:\/\/www.slovakdoublebassclub.com\/SK\/wp-json\/wp\/v2\/pages\/28011\/revisions\/28028"}],"wp:attachment":[{"href":"https:\/\/www.slovakdoublebassclub.com\/SK\/wp-json\/wp\/v2\/media?parent=28011"}],"curies":[{"name":"wp","href":"https:\/\/api.w.org\/{rel}","templated":true}]}}