{"id":28122,"date":"2025-09-19T16:34:30","date_gmt":"2025-09-19T14:34:30","guid":{"rendered":"https:\/\/www.slovakdoublebassclub.com\/?page_id=28122"},"modified":"2025-09-19T16:34:30","modified_gmt":"2025-09-19T14:34:30","slug":"marcel-comendant","status":"publish","type":"page","link":"https:\/\/www.slovakdoublebassclub.com\/SK\/marcel-comendant\/","title":{"rendered":"Marcel Comendant"},"content":{"rendered":"<p style=\"text-align: center;\"><a href=\"https:\/\/www.slovakdoublebassclub.com\/wp-content\/uploads\/2025\/09\/Marcel-Comendant.jpeg\"><img loading=\"lazy\" decoding=\"async\" class=\"size-full wp-image-28123 aligncenter\" src=\"https:\/\/www.slovakdoublebassclub.com\/wp-content\/uploads\/2025\/09\/Marcel-Comendant.jpeg\" alt=\"\" width=\"225\" height=\"225\" srcset=\"https:\/\/www.slovakdoublebassclub.com\/wp-content\/uploads\/2025\/09\/Marcel-Comendant.jpeg 225w, https:\/\/www.slovakdoublebassclub.com\/wp-content\/uploads\/2025\/09\/Marcel-Comendant-150x150.jpeg 150w, https:\/\/www.slovakdoublebassclub.com\/wp-content\/uploads\/2025\/09\/Marcel-Comendant-100x100.jpeg 100w\" sizes=\"auto, (max-width: 225px) 100vw, 225px\" \/><\/a><\/p>\n<p style=\"text-align: center;\">Marcel Comendant je moldavsk\u00fd cimbalista. Postupne si z\u00edskal renom\u00e9 v\u010faka \u00faspechom a oceneniam na medzin\u00e1rodn\u00fdch s\u00fa\u0165a\u017eiach. Prv\u00e9 miesto z\u00edskal na International Music Competition of Gherorghe Neaga in Chisinau (1995), Constantin Br\u0103iloiu International Music Competition (1996), International Eugen Coca Competition (1998), International Dulcimer Competition in Vala\u0161sk\u00e9 Mezi\u0159\u00ed\u010d\u00ed (2001) a in\u00e9. Comendant&nbsp;<\/p>\n<p style=\"text-align: center;\">Narodil sa 15. m\u00e1ja 1980 v Ki\u0161\u0148ove v \u0161t\u00e1te Moldavsko. V rokoch 1987 a\u017e 1998 \u0161tudoval hru na cimbal na hudobnom lyceu Ciprian Porumbescu v Ki\u0161\u0148ove pod veden\u00edm profesorov &nbsp;Varnavii Comendanta a Valeriu Lu\u0163\u0103a. V rokoch 2000 a\u017e 2005 pokra\u010duje v \u0161t\u00fadiu hry na cimbal na akad\u00e9mii umen\u00ed v Banskej Bystrici pod veden\u00edm profesorky Vikt\u00f3rie Herensc\u00e1r. Marcel Comendant aktu\u00e1lne p\u00f4sob\u00ed v zoskupeniach Pacora Trio, Bashavel Quintet a r\u00f4zne komorn\u00e9 ans\u00e1mble. Pacora trio je zosk\u00fapenie sk\u00fasen\u00fdch hudobn\u00edkov, ktor\u00e9 tvoria dvaja Slov\u00e1ci Stanislav Pal\u00fach &#8211; husle a R\u00f3bert Ragan &#8211; kontrabas a Marcel Comendant &#8211; cimb\u00e1l. Skupinu zalo\u017eili v roku 2004 a ich hudba je zalo\u017een\u00e1 na prel\u00ednan\u00ed jazzu so slovenskou a moldavskou folkl\u00f3rnou hudbou. Ich reperto\u00e1r pozost\u00e1va z aran\u017em\u00e1nov jazzov\u00fdch \u0161tandardov, ale aj vlastn\u00fdch origin\u00e1lnych kompoz\u00edci\u00ed.<\/p>","protected":false},"excerpt":{"rendered":"<p>Marcel Comendant je moldavsk\u00fd cimbalista. Postupne si z\u00edskal renom\u00e9 v\u010faka \u00faspechom a oceneniam na medzin\u00e1rodn\u00fdch s\u00fa\u0165a\u017eiach. Prv\u00e9 miesto z\u00edskal na International Music Competition of Gherorghe Neaga in Chisinau (1995), Constantin Br\u0103iloiu International Music Competition (1996), International Eugen Coca Competition (1998), &hellip; <a href=\"https:\/\/www.slovakdoublebassclub.com\/SK\/marcel-comendant\/\">Continued<\/a><\/p>\n","protected":false},"author":5,"featured_media":28123,"parent":0,"menu_order":0,"comment_status":"closed","ping_status":"closed","template":"","meta":{"ngg_post_thumbnail":0,"footnotes":""},"class_list":["post-28122","page","type-page","status-publish","has-post-thumbnail","hentry"],"_links":{"self":[{"href":"https:\/\/www.slovakdoublebassclub.com\/SK\/wp-json\/wp\/v2\/pages\/28122","targetHints":{"allow":["GET"]}}],"collection":[{"href":"https:\/\/www.slovakdoublebassclub.com\/SK\/wp-json\/wp\/v2\/pages"}],"about":[{"href":"https:\/\/www.slovakdoublebassclub.com\/SK\/wp-json\/wp\/v2\/types\/page"}],"author":[{"embeddable":true,"href":"https:\/\/www.slovakdoublebassclub.com\/SK\/wp-json\/wp\/v2\/users\/5"}],"replies":[{"embeddable":true,"href":"https:\/\/www.slovakdoublebassclub.com\/SK\/wp-json\/wp\/v2\/comments?post=28122"}],"version-history":[{"count":1,"href":"https:\/\/www.slovakdoublebassclub.com\/SK\/wp-json\/wp\/v2\/pages\/28122\/revisions"}],"predecessor-version":[{"id":28124,"href":"https:\/\/www.slovakdoublebassclub.com\/SK\/wp-json\/wp\/v2\/pages\/28122\/revisions\/28124"}],"wp:featuredmedia":[{"embeddable":true,"href":"https:\/\/www.slovakdoublebassclub.com\/SK\/wp-json\/wp\/v2\/media\/28123"}],"wp:attachment":[{"href":"https:\/\/www.slovakdoublebassclub.com\/SK\/wp-json\/wp\/v2\/media?parent=28122"}],"curies":[{"name":"wp","href":"https:\/\/api.w.org\/{rel}","templated":true}]}}