{"id":28128,"date":"2025-09-19T16:43:17","date_gmt":"2025-09-19T14:43:17","guid":{"rendered":"https:\/\/www.slovakdoublebassclub.com\/?page_id=28128"},"modified":"2025-09-19T16:43:29","modified_gmt":"2025-09-19T14:43:29","slug":"robert-puskar","status":"publish","type":"page","link":"https:\/\/www.slovakdoublebassclub.com\/SK\/robert-puskar\/","title":{"rendered":"R\u00f3bert Pu\u0161k\u00e1r"},"content":{"rendered":"<div>&nbsp;<\/div>\n<div><a href=\"https:\/\/www.slovakdoublebassclub.com\/wp-content\/uploads\/2025\/09\/Zivotopis1.jpg\"><img loading=\"lazy\" decoding=\"async\" class=\"size-full wp-image-28129 aligncenter\" src=\"https:\/\/www.slovakdoublebassclub.com\/wp-content\/uploads\/2025\/09\/Zivotopis1.jpg\" alt=\"\" width=\"449\" height=\"300\" srcset=\"https:\/\/www.slovakdoublebassclub.com\/wp-content\/uploads\/2025\/09\/Zivotopis1.jpg 449w, https:\/\/www.slovakdoublebassclub.com\/wp-content\/uploads\/2025\/09\/Zivotopis1-300x200.jpg 300w\" sizes=\"auto, (max-width: 449px) 100vw, 449px\" \/><\/a><\/div>\n<div style=\"text-align: center;\"><span class=\"fs12 ff1\"><b>Huslista, spev\u00e1k a hr\u00e1\u010d na r\u00f4zne \u013eudov\u00e9 n\u00e1stroje \/fujara,p\u00ed\u0161\u0165alky, panov\u00e1 p\u00ed\u0161\u0165ala, ninera, drumb\u013ea, \u00fastna harmonika\/<\/b> poch\u00e1dza z T\u0155nia v okrese Zvolen. Prv\u00e9 hudobn\u00e9 vzdelanie z\u00edskal na Z\u00e1kladnej umeleckej \u0161kole vo Zvolene, kde tie\u017e p\u00f4sobil v &nbsp;detskej \u013eudovej hudbe s\u00faboru \u201eZorni\u010dka\u201c ,ktor\u00e1 z\u00edskala mno\u017estvo ocenen\u00ed na dom\u00e1cich i zahrani\u010dn\u00fdch hudobn\u00fdch festivaloch.\/Film Han\u010da,Janko,Lucia. \/<\/span><\/div>\n<div style=\"text-align: center;\">&nbsp;<\/div>\n<div style=\"text-align: center;\"><span class=\"fs12 ff1\">V \u0161t\u00fadiu hry na husliach pokra\u010doval na Konzervat\u00f3riu v Bratislave v triede zasl.u\u010d. Alb\u00edna Vrte\u013ea. Po\u010das tohto \u0161t\u00fadia sa z\u00fa\u010dastnil<\/span><span class=\"fs12 ff1\"> &nbsp;<\/span><span class=\"fs12 ff1\">\u201eS\u00fa\u0165a\u017ee slovensk\u00fdch Konzervat\u00f3ri\u00ed\u201c , v ktorej z\u00edskal v roku 1980 druh\u00e9,a v roku 1982 prv\u00e9 miesto. V tom \u010dase za\u010dal p\u00f4sobi\u0165 v umeleckom s\u00fabore L\u00fa\u010dnica ako koncertn\u00fd majster orchestra a prim\u00e1\u0161 \u013eudovej hudby. Hudobn\u00e9 \u0161t\u00fadia ukon\u010dil v roku 1987 na V\u0160MU v Bratislave diplomov\u00fdm recit\u00e1lom. Potom v r\u00e1mci Z\u00e1kladnej vojenskej slu\u017eby p\u00f4sobil vo VUS-e. V roku 1988 bol prijat\u00fd do Slovenskej filharm\u00f3nie, kde hral dve sez\u00f3ny. Na\u010falej pracoval v L\u00fa\u010dnici, kde si zdokona\u013eoval svoje hudobn\u00e9 majstrovstvo v hre na husliach, \u013eudov\u00fdch n\u00e1strojoch a speve.\/ Programy Putovanie za pesni\u010dkou, Reprezenta\u010dn\u00fd program, Piese\u0148 a pr\u00e1ca,Karpaty \/<\/span><\/div>\n<div style=\"text-align: center;\">&nbsp;<\/div>\n<div style=\"text-align: center;\">&nbsp;<\/div>\n<div style=\"text-align: center;\"><span class=\"fs12 ff1\">Od roku 1990 do 1999 p\u00f4sobil ako koncertn\u00fd majster orchestra v divadle Nov\u00e1 sc\u00e9na.V roku 1991 zalo\u017eil spolu s Petrom Ni\u0148ajom- spolu\u017eiakom z V\u0160MU a kolegom z L\u00fa\u010dnice i Novej sc\u00e9ny-Pressburger duo. Pod t\u00fdmto menom \u00fa\u010dinkuj\u00fa hlavne v zahrani\u010d\u00ed.<\/span><\/div>\n<div style=\"text-align: center;\">&nbsp;<\/div>\n<div style=\"text-align: center;\"><span class=\"fs12 ff1\">V roku 1995 bol spoluzakladate\u013eom a prim\u00e1\u0161om \u201e Zlatej muziky\u201c, ktor\u00e1 p\u00f4sobila v S\u013dUK-u \/programy Zo srdca, Haravara, Zlat\u00e1 muzika,\u010carovn\u00e9 husle.So S\u013eukom spolupracuje dodnes ako s\u00f3lista spev\u00e1k a in\u0161trumentalista v programoch Cirkus svet a Sen.<\/span><\/div>\n<div style=\"text-align: center;\">&nbsp;<\/div>\n<div style=\"text-align: center;\">&nbsp;<\/div>\n<div style=\"text-align: center;\"><span class=\"fs12 ff1\">Okrem interpreta\u010dnej \u010dinnosti sa venuje aj \u00faprav\u00e1m \u013eudov\u00fdch piesn\u00ed pre Zlat\u00fa hudbu a pre detsk\u00e9 folkl\u00f3rne s\u00fabory \/Prvosienka, Klnka,Karpaty,Striebornica\/. V rokoch 1994-1995 nahral s \u013eudovou hudbou L\u00fa\u010dnice MG kazety pre deti \/Kukulienka kde si bola, D\u00ednom,d\u00e1nom\u2026.\/ a v roku 1997 CD a MG \u201eZlat\u00e1 muzika\u201c,v r. 2000-2004 s\u00e9ria CD nahr\u00e1vok s \u013eud.orchestrom S\u013euku.<\/span><\/div>\n<div style=\"text-align: center;\">&nbsp;<\/div>\n<div style=\"text-align: center;\">&nbsp;<\/div>\n<div style=\"text-align: center;\"><span class=\"fs12 ff1\">V rokoch 1999 a\u017e 2002 \u00fa\u010dinkoval spolu s Peterom Ni\u0148ajom v telev\u00edznej talk-show Milana Markovi\u010da ako \u201eP\u00e1ni Bratia\u201c, v ktorej interpretovali vlastn\u00e9 hudobn\u00e9 kompoz\u00edcie a piesne.Ako P\u00e1ni Bratia sa najviac zap\u00edsali do povedomia \u0161irokej slovenskej verejnosti,a pod t\u00fdmto n\u00e1zvom vystupuj\u00fa v r\u00f4znych programoch po celom Slovensku.<\/span><\/div>\n<div style=\"text-align: center;\">&nbsp;<\/div>\n<div style=\"text-align: center;\">&nbsp;<\/div>\n<div style=\"text-align: center;\"><span class=\"fs12 ff1\">V roku 2004 bol zakladaj\u00facim \u010dlenom 55-\u010dlenn\u00e9ho orchestra \u201eZlat\u00e9 husle\u201c,v ktorom p\u00f4sob\u00ed ako ved\u00faci hr\u00e1\u010d (hraj\u00faci dirigent) a s\u00f3lista-multiin\u0161trumentalista.S mal\u00fdm obsaden\u00edm tohto orchestra,tzv.\u201cS\u00f3listi orchestra Zlat\u00e9 husle\u201c,\u00fa\u010dinkuje v su\u010dasnosti tie\u017e s um.s\u00faborom L\u00fa\u010dnica.<\/span><\/div>\n<div style=\"text-align: center;\">&nbsp;<\/div>\n<div style=\"text-align: center;\">&nbsp;<\/div>\n<div style=\"text-align: center;\"><span class=\"fs12 ff1\">Ako uzn\u00e1van\u00fd interpret slovenskej hudobnej kult\u00fary reprezentoval na\u0161u krajinu v mnoh\u00fdch \u0161t\u00e1toch sveta \/ Eur\u00f3pa,Turecko,Cyprus,Maroko,USA,Kanada,Kuba,Japonsko,Ju\u017en\u00e1 K\u00f3rea,\u010c\u00edna,India,Ju\u017en\u00e1 Amerika,\u0161t\u00e1ty Karibiku \/ a svojim interpreta\u010dn\u00fdm majstrovstvom v\u0161ade rozd\u00e1va kr\u00e1su a rados\u0165.<\/span><\/div>","protected":false},"excerpt":{"rendered":"<p>&nbsp; Huslista, spev\u00e1k a hr\u00e1\u010d na r\u00f4zne \u013eudov\u00e9 n\u00e1stroje \/fujara,p\u00ed\u0161\u0165alky, panov\u00e1 p\u00ed\u0161\u0165ala, ninera, drumb\u013ea, \u00fastna harmonika\/ poch\u00e1dza z T\u0155nia v okrese Zvolen. Prv\u00e9 hudobn\u00e9 vzdelanie z\u00edskal na Z\u00e1kladnej umeleckej \u0161kole vo Zvolene, kde tie\u017e p\u00f4sobil v &nbsp;detskej \u013eudovej hudbe s\u00faboru &hellip; <a href=\"https:\/\/www.slovakdoublebassclub.com\/SK\/robert-puskar\/\">Continued<\/a><\/p>\n","protected":false},"author":5,"featured_media":28129,"parent":0,"menu_order":0,"comment_status":"closed","ping_status":"closed","template":"","meta":{"ngg_post_thumbnail":0,"footnotes":""},"class_list":["post-28128","page","type-page","status-publish","has-post-thumbnail","hentry"],"_links":{"self":[{"href":"https:\/\/www.slovakdoublebassclub.com\/SK\/wp-json\/wp\/v2\/pages\/28128","targetHints":{"allow":["GET"]}}],"collection":[{"href":"https:\/\/www.slovakdoublebassclub.com\/SK\/wp-json\/wp\/v2\/pages"}],"about":[{"href":"https:\/\/www.slovakdoublebassclub.com\/SK\/wp-json\/wp\/v2\/types\/page"}],"author":[{"embeddable":true,"href":"https:\/\/www.slovakdoublebassclub.com\/SK\/wp-json\/wp\/v2\/users\/5"}],"replies":[{"embeddable":true,"href":"https:\/\/www.slovakdoublebassclub.com\/SK\/wp-json\/wp\/v2\/comments?post=28128"}],"version-history":[{"count":1,"href":"https:\/\/www.slovakdoublebassclub.com\/SK\/wp-json\/wp\/v2\/pages\/28128\/revisions"}],"predecessor-version":[{"id":28130,"href":"https:\/\/www.slovakdoublebassclub.com\/SK\/wp-json\/wp\/v2\/pages\/28128\/revisions\/28130"}],"wp:featuredmedia":[{"embeddable":true,"href":"https:\/\/www.slovakdoublebassclub.com\/SK\/wp-json\/wp\/v2\/media\/28129"}],"wp:attachment":[{"href":"https:\/\/www.slovakdoublebassclub.com\/SK\/wp-json\/wp\/v2\/media?parent=28128"}],"curies":[{"name":"wp","href":"https:\/\/api.w.org\/{rel}","templated":true}]}}