{"id":284,"date":"2012-03-17T00:56:57","date_gmt":"2012-03-16T23:56:57","guid":{"rendered":"http:\/\/www.slovakdoublebassclub.com\/?page_id=284"},"modified":"2012-03-17T00:56:57","modified_gmt":"2012-03-16T23:56:57","slug":"rastislav-sokol","status":"publish","type":"page","link":"https:\/\/www.slovakdoublebassclub.com\/SK\/rastislav-sokol\/","title":{"rendered":"Rastislav Sokol"},"content":{"rendered":"<p style=\"text-align: center;\"><a href=\"http:\/\/www.slovakdoublebassclub.com\/wp-content\/uploads\/2012\/03\/Rastislav-Sokol.jpg\"><img loading=\"lazy\" decoding=\"async\" class=\"aligncenter  wp-image-384\" title=\"Rastislav Sokol\" src=\"http:\/\/www.slovakdoublebassclub.com\/wp-content\/uploads\/2012\/03\/Rastislav-Sokol-764x1024.jpg\" alt=\"\" width=\"384\" height=\"514\" \/><\/a><\/p>\n<p style=\"text-align: center;\"><strong>Rastislav Sokol<\/strong><\/p>\n<p style=\"text-align: center;\">Hre na kontrabas sa venuje od 14-tich rokov, kedy za\u010dal \u0161tudova\u0165 na konzervat\u00f3riu v\u00a0Ko\u0161iciach, nesk\u00f4r v\u00a0Prahe u\u00a0prof. Franti\u0161ka Po\u0161tu a\u00a0na Akad\u00e9mii muzick\u00fdch umen\u00ed u\u00a0prof. Ji\u0159\u00edho Hudca. Po\u010das \u0161t\u00fadia \u00fa\u010dinkoval v\u00a0pra\u017eskom Rozhlasovom orchestri, v\u00a0Ml\u00e1de\u017en\u00edckom orchestri Gustava Mahlera \u00a0a\u00a0tie\u017e v\u00a0r\u00f4znych komorn\u00fdch teles\u00e1ch. Po absolvovan\u00ed AMU nast\u00fapil do Slovenskej filharm\u00f3nie, kde od r. 1995 zast\u00e1va post s\u00f3lokontrabasistu. Venuje sa tie\u017e komornej hre a\u00a0pr\u00edle\u017eitostne vyst\u00fapil aj ako s\u00f3lista doma a\u00a0vo \u0160vajciarsku. Je \u010dlenom Svetov\u00e9ho symfonick\u00e9ho orchestra (WOP), ktor\u00fd vedie Valery Gergiev. V\u00a0rokoch 1990 a\u017e 2010 p\u00f4sobil pedagogicky na bratislavskom konzervat\u00f3riu.<\/p>\n","protected":false},"excerpt":{"rendered":"<p>Rastislav Sokol Hre na kontrabas sa venuje od 14-tich rokov, kedy za\u010dal \u0161tudova\u0165 na konzervat\u00f3riu v\u00a0Ko\u0161iciach, nesk\u00f4r v\u00a0Prahe u\u00a0prof. Franti\u0161ka Po\u0161tu a\u00a0na Akad\u00e9mii muzick\u00fdch umen\u00ed u\u00a0prof. Ji\u0159\u00edho Hudca. Po\u010das \u0161t\u00fadia \u00fa\u010dinkoval v\u00a0pra\u017eskom Rozhlasovom orchestri, v\u00a0Ml\u00e1de\u017en\u00edckom orchestri Gustava Mahlera \u00a0a\u00a0tie\u017e v\u00a0r\u00f4znych &hellip; <a href=\"https:\/\/www.slovakdoublebassclub.com\/SK\/rastislav-sokol\/\">Continued<\/a><\/p>\n","protected":false},"author":2,"featured_media":0,"parent":0,"menu_order":0,"comment_status":"closed","ping_status":"closed","template":"","meta":{"ngg_post_thumbnail":0,"footnotes":""},"class_list":["post-284","page","type-page","status-publish","hentry"],"_links":{"self":[{"href":"https:\/\/www.slovakdoublebassclub.com\/SK\/wp-json\/wp\/v2\/pages\/284","targetHints":{"allow":["GET"]}}],"collection":[{"href":"https:\/\/www.slovakdoublebassclub.com\/SK\/wp-json\/wp\/v2\/pages"}],"about":[{"href":"https:\/\/www.slovakdoublebassclub.com\/SK\/wp-json\/wp\/v2\/types\/page"}],"author":[{"embeddable":true,"href":"https:\/\/www.slovakdoublebassclub.com\/SK\/wp-json\/wp\/v2\/users\/2"}],"replies":[{"embeddable":true,"href":"https:\/\/www.slovakdoublebassclub.com\/SK\/wp-json\/wp\/v2\/comments?post=284"}],"version-history":[{"count":0,"href":"https:\/\/www.slovakdoublebassclub.com\/SK\/wp-json\/wp\/v2\/pages\/284\/revisions"}],"wp:attachment":[{"href":"https:\/\/www.slovakdoublebassclub.com\/SK\/wp-json\/wp\/v2\/media?parent=284"}],"curies":[{"name":"wp","href":"https:\/\/api.w.org\/{rel}","templated":true}]}}