{"id":288,"date":"2012-03-17T00:57:36","date_gmt":"2012-03-16T23:57:36","guid":{"rendered":"http:\/\/www.slovakdoublebassclub.com\/?page_id=288"},"modified":"2013-11-08T11:29:32","modified_gmt":"2013-11-08T10:29:32","slug":"milan-sagat","status":"publish","type":"page","link":"https:\/\/www.slovakdoublebassclub.com\/SK\/milan-sagat\/","title":{"rendered":"Milan \u0160ag\u00e1t &#8211; chamber music,piano sextet"},"content":{"rendered":"<h1 style=\"text-align: center;\"><a href=\"http:\/\/www.slovakdoublebassclub.com\/wp-content\/uploads\/2012\/03\/Milan-Sagat.jpg\"><img loading=\"lazy\" decoding=\"async\" class=\"size-full wp-image-1529\" alt=\"Milan Sagat\" src=\"http:\/\/www.slovakdoublebassclub.com\/wp-content\/uploads\/2012\/03\/Milan-Sagat.jpg\" width=\"120\" height=\"150\" \/><\/a><\/h1>\n<h1 style=\"text-align: center;\">Milan \u0160ag\u00e1t<\/h1>\n<p style=\"text-align: center;\">Narodil sa v roku 1946 na Slovensku a vyrastal v hudobn\u00edckej rodine. \u0160t\u00fadium hudby za\u010dal ako huslista. Ako die\u0165a si priniesol r\u00f4zne ocenenia z hudobn\u00fdch s\u00fa\u0165a\u017e\u00ed. \u00a0Hru na kontrabase za\u010dal \u0161tudova\u0165 v Bratislave ke\u010f mal\u00a0p\u00e4tn\u00e1s\u0165 rokov a po maturite v roku 1965 za\u010dal \u0161tudova\u0165 na Vysokej \u0161kole m\u00fazick\u00fdch umen\u00ed. Po\u010das \u0161t\u00fadia na vysokej \u0161kole bol \u010dlenom orchestra Slovensk\u00e9ho Rozhlasu, orchestra SND a Slovenskej Filharm\u00f3nie. Z\u00e1rove\u0148 sa \u00a0akt\u00edvne\u00a0venuje \u00a0koncertnej \u010dinnosti a najm\u00e4 komornej hudbe.<\/p>\n<p style=\"text-align: center;\">Od roku 1970 je \u010dlenom orchestra Viedenskej opery. V roku 1973 z\u00edskal diplom na\u00a0Hochschule f\u00fcr Musik vo Viedni. V tom istom roku sa st\u00e1va \u010dlenom Viedensk\u00fdch filharmonikov.<\/p>\n<p style=\"text-align: center;\">Od roku 1978 bol asistentom Prof. Ludwiga Streichera na\u00a0Hochschule f\u00fcr Musik vo Viedni, okrem toho bol \u010dlenom nieko\u013ek\u00fdch komorn\u00fdch zoskupen\u00ed, napr\u00edklad:\u00a0\u201eEnsemble V. Wien, Sextett Wien, Philharmonia Ensemble. Spolu\u00fa\u010dinkoval v s\u00fabore\u00a0\u201eEnsemble des 20. Jahrhunderts\u201c a tie\u017e na rade nahr\u00e1vok pre Rozhlas. Od roku 1990 je \u010dlenom\u00a0Wiener Oktetts a\u00a0Hofmusikkapelle vo Viedni. Je porotcom na r\u00f4znych hudobn\u00fdch s\u00fa\u0165a\u017eiach a tie\u017e docentom v n\u00e1rodn\u00fdch a medzin\u00e1rodn\u00fdch ml\u00e1de\u017en\u00edckych orchestroch, ako napr\u00edklad \u201eInternationalen Orchesterinstitut Attergau\u201c.<\/p>\n<p style=\"text-align: center;\">V roku 1992 z\u00edskal titul Magister a v posledn\u00fdch rokoch sa tie\u017e venuje dirigovaniu.<\/p>\n<p style=\"text-align: center;\">V roku 1994 dostal ocenenie kraja Salzburg. V roku 1999 titul Professor.<\/p>\n<p style=\"text-align: center;\">\n","protected":false},"excerpt":{"rendered":"<p>Milan \u0160ag\u00e1t Narodil sa v roku 1946 na Slovensku a vyrastal v hudobn\u00edckej rodine. \u0160t\u00fadium hudby za\u010dal ako huslista. Ako die\u0165a si priniesol r\u00f4zne ocenenia z hudobn\u00fdch s\u00fa\u0165a\u017e\u00ed. \u00a0Hru na kontrabase za\u010dal \u0161tudova\u0165 v Bratislave ke\u010f mal\u00a0p\u00e4tn\u00e1s\u0165 rokov a po &hellip; <a href=\"https:\/\/www.slovakdoublebassclub.com\/SK\/milan-sagat\/\">Continued<\/a><\/p>\n","protected":false},"author":2,"featured_media":0,"parent":0,"menu_order":0,"comment_status":"closed","ping_status":"closed","template":"","meta":{"ngg_post_thumbnail":0,"footnotes":""},"class_list":["post-288","page","type-page","status-publish","hentry"],"_links":{"self":[{"href":"https:\/\/www.slovakdoublebassclub.com\/SK\/wp-json\/wp\/v2\/pages\/288","targetHints":{"allow":["GET"]}}],"collection":[{"href":"https:\/\/www.slovakdoublebassclub.com\/SK\/wp-json\/wp\/v2\/pages"}],"about":[{"href":"https:\/\/www.slovakdoublebassclub.com\/SK\/wp-json\/wp\/v2\/types\/page"}],"author":[{"embeddable":true,"href":"https:\/\/www.slovakdoublebassclub.com\/SK\/wp-json\/wp\/v2\/users\/2"}],"replies":[{"embeddable":true,"href":"https:\/\/www.slovakdoublebassclub.com\/SK\/wp-json\/wp\/v2\/comments?post=288"}],"version-history":[{"count":3,"href":"https:\/\/www.slovakdoublebassclub.com\/SK\/wp-json\/wp\/v2\/pages\/288\/revisions"}],"predecessor-version":[{"id":1530,"href":"https:\/\/www.slovakdoublebassclub.com\/SK\/wp-json\/wp\/v2\/pages\/288\/revisions\/1530"}],"wp:attachment":[{"href":"https:\/\/www.slovakdoublebassclub.com\/SK\/wp-json\/wp\/v2\/media?parent=288"}],"curies":[{"name":"wp","href":"https:\/\/api.w.org\/{rel}","templated":true}]}}