{"id":307,"date":"2012-03-20T23:35:40","date_gmt":"2012-03-20T22:35:40","guid":{"rendered":"http:\/\/www.slovakdoublebassclub.com\/?page_id=307"},"modified":"2015-03-10T17:37:36","modified_gmt":"2015-03-10T16:37:36","slug":"studium-orchestralnych-partov","status":"publish","type":"page","link":"https:\/\/www.slovakdoublebassclub.com\/SK\/studium-orchestralnych-partov\/","title":{"rendered":"Lekcie orchestr\u00e1lnych partov"},"content":{"rendered":"<p style=\"text-align: justify;\"><a href=\"http:\/\/www.slovakdoublebassclub.com\/wp-content\/uploads\/2012\/03\/IMG_265.jpg\"><img loading=\"lazy\" decoding=\"async\" class=\"alignleft wp-image-3516 size-medium\" src=\"http:\/\/www.slovakdoublebassclub.com\/wp-content\/uploads\/2012\/03\/IMG_265-200x300.jpg\" alt=\"IMG_265\" width=\"200\" height=\"300\" srcset=\"https:\/\/www.slovakdoublebassclub.com\/wp-content\/uploads\/2012\/03\/IMG_265-200x300.jpg 200w, https:\/\/www.slovakdoublebassclub.com\/wp-content\/uploads\/2012\/03\/IMG_265-600x900.jpg 600w, https:\/\/www.slovakdoublebassclub.com\/wp-content\/uploads\/2012\/03\/IMG_265.jpg 667w\" sizes=\"auto, (max-width: 200px) 100vw, 200px\" \/><\/a>Ako i v predch\u00e1dzaj\u00facich rokoch, tak aj tento rok sme zaradili \u00a0do programu workshopov <strong>\u0161t\u00fadium orchestr\u00e1lnych partov. <\/strong>Preto\u017ee je t\u00e1to problematika u n\u00e1s ve\u013emi podce\u0148ovan\u00e1 a zanedb\u00e1van\u00e1, d\u00e1vame \u0161t\u00fadiu orchestr\u00e1lnych partov priestor na BASS FEST-e 2015. V\u00e4\u010d\u0161ina kontrabasistov a \u0161tudentov sa sk\u00f4r \u010di nesk\u00f4r ocitne v symfonick\u00fdch, divadeln\u00fdch a in\u00fdch &#8222;orchestr\u00e1lnych&#8220; teles\u00e1ch.<\/p>\n<p style=\"text-align: justify;\"><strong>Pros\u00edme stiahnite si orchestr\u00e1lne party a venujte pozornos\u0165 ich pr\u00edprave!<\/strong><\/p>\n<p>O sprostredkovanie inform\u00e1ci\u00ed priamo z &#8222;ter\u00e9nu&#8220; sa postaraj\u00fa:<\/p>\n<p><a href=\"http:\/\/www.slovakdoublebassclub.com\/herbert-mayr\/\"><strong>Herbert Mayr<\/strong><\/a> &#8211; s\u00f3lo kontrabasista\u00a0<strong>Wiener Filharmoniker<\/strong><\/p>\n<p><strong><a href=\"http:\/\/www.slovakdoublebassclub.com\/thiery-barbe\/\">Thiery Barb\u00e9<\/a><\/strong> &#8211; s\u00f3lo kontrabasista\u00a0<strong>Paris Opera<\/strong><\/p>\n<p><a href=\"http:\/\/www.slovakdoublebassclub.com\/553-2\/\"><strong>Vlado \u017datko<\/strong><\/a> &#8211; s\u00f3lo kontrabasista\u00a0<strong>D\u00fcsseldorf fiharmonie<\/strong><\/p>\n<p><strong><a href=\"http:\/\/www.slovakdoublebassclub.com\/zsolt-fejervari\/\">Zsolt Fej\u00e9rv\u00e1ri<\/a>\u00a0<\/strong>&#8211; s\u00f3lo kontrabasista\u00a0<strong>Budapest Festival Orchestra<\/strong><\/p>\n<p><strong><a href=\"http:\/\/www.slovakdoublebassclub.com\/ruslan-lutsyk\/\">Ruslan Lutsyk<\/a><\/strong> &#8211; s\u00f3lo kontrabasista\u00a0<strong>Oper Z\u00fcrich<\/strong><\/p>\n<p>&nbsp;<\/p>\n<p>Orchestr\u00e1lne party na stiahnutie:<\/p>\n<p><a href=\"http:\/\/www.slovakdoublebassclub.com\/wp-content\/uploads\/2014\/02\/01021401.pdf\" target=\"_blank\">Orchestr\u00e1lne party \u010d.1<\/a><br \/>\n<a href=\"http:\/\/www.slovakdoublebassclub.com\/wp-content\/uploads\/2014\/02\/01021402.pdf\" target=\"_blank\">Orchestr\u00e1lne party \u010d.2<\/a><br \/>\n<a href=\"http:\/\/www.slovakdoublebassclub.com\/wp-content\/uploads\/2014\/02\/01021403.pdf\" target=\"_blank\">Orchestr\u00e1lne party \u010d.3<\/a>","protected":false},"excerpt":{"rendered":"<p>Ako i v predch\u00e1dzaj\u00facich rokoch, tak aj tento rok sme zaradili \u00a0do programu workshopov \u0161t\u00fadium orchestr\u00e1lnych partov. Preto\u017ee je t\u00e1to problematika u n\u00e1s ve\u013emi podce\u0148ovan\u00e1 a zanedb\u00e1van\u00e1, d\u00e1vame \u0161t\u00fadiu orchestr\u00e1lnych partov priestor na BASS FEST-e 2015. V\u00e4\u010d\u0161ina kontrabasistov a \u0161tudentov &hellip; <a href=\"https:\/\/www.slovakdoublebassclub.com\/SK\/studium-orchestralnych-partov\/\">Continued<\/a><\/p>\n","protected":false},"author":2,"featured_media":0,"parent":0,"menu_order":0,"comment_status":"closed","ping_status":"closed","template":"","meta":{"ngg_post_thumbnail":0,"footnotes":""},"class_list":["post-307","page","type-page","status-publish","hentry"],"_links":{"self":[{"href":"https:\/\/www.slovakdoublebassclub.com\/SK\/wp-json\/wp\/v2\/pages\/307","targetHints":{"allow":["GET"]}}],"collection":[{"href":"https:\/\/www.slovakdoublebassclub.com\/SK\/wp-json\/wp\/v2\/pages"}],"about":[{"href":"https:\/\/www.slovakdoublebassclub.com\/SK\/wp-json\/wp\/v2\/types\/page"}],"author":[{"embeddable":true,"href":"https:\/\/www.slovakdoublebassclub.com\/SK\/wp-json\/wp\/v2\/users\/2"}],"replies":[{"embeddable":true,"href":"https:\/\/www.slovakdoublebassclub.com\/SK\/wp-json\/wp\/v2\/comments?post=307"}],"version-history":[{"count":8,"href":"https:\/\/www.slovakdoublebassclub.com\/SK\/wp-json\/wp\/v2\/pages\/307\/revisions"}],"predecessor-version":[{"id":3517,"href":"https:\/\/www.slovakdoublebassclub.com\/SK\/wp-json\/wp\/v2\/pages\/307\/revisions\/3517"}],"wp:attachment":[{"href":"https:\/\/www.slovakdoublebassclub.com\/SK\/wp-json\/wp\/v2\/media?parent=307"}],"curies":[{"name":"wp","href":"https:\/\/api.w.org\/{rel}","templated":true}]}}