{"id":329,"date":"2012-03-21T22:09:37","date_gmt":"2012-03-21T21:09:37","guid":{"rendered":"http:\/\/www.slovakdoublebassclub.com\/?page_id=329"},"modified":"2015-09-17T23:05:21","modified_gmt":"2015-09-17T21:05:21","slug":"harmonogram-kurzov","status":"publish","type":"page","link":"https:\/\/www.slovakdoublebassclub.com\/SK\/harmonogram-kurzov\/","title":{"rendered":"Harmonogram kurzov\/ workshop schedule"},"content":{"rendered":"<a href=\"http:\/\/www.slovakdoublebassclub.com\/wp-content\/uploads\/2012\/03\/BassFest2015_plagatFACEBOOK_.jpg\"><img loading=\"lazy\" decoding=\"async\" class=\"alignnone wp-image-3796\" src=\"http:\/\/www.slovakdoublebassclub.com\/wp-content\/uploads\/2012\/03\/BassFest2015_plagatFACEBOOK_-1024x726.jpg\" alt=\"BassFest2015_plagatFACEBOOK_\" width=\"800\" height=\"568\" srcset=\"https:\/\/www.slovakdoublebassclub.com\/wp-content\/uploads\/2012\/03\/BassFest2015_plagatFACEBOOK_-1024x726.jpg 1024w, https:\/\/www.slovakdoublebassclub.com\/wp-content\/uploads\/2012\/03\/BassFest2015_plagatFACEBOOK_-600x426.jpg 600w, https:\/\/www.slovakdoublebassclub.com\/wp-content\/uploads\/2012\/03\/BassFest2015_plagatFACEBOOK_-300x213.jpg 300w, https:\/\/www.slovakdoublebassclub.com\/wp-content\/uploads\/2012\/03\/BassFest2015_plagatFACEBOOK_.jpg 1748w\" sizes=\"auto, (max-width: 800px) 100vw, 800px\" \/><\/a><\/p>\n<p>Harmonogram<strong><em>\/ Schedule<\/em><\/strong><\/p>\n<p><strong><em>\u00a0<\/em><\/strong><\/p>\n<p><strong><em>International Double Bass Competition <\/em><\/strong><em>of Carl Ditters von Dittersdorf<\/em><\/p>\n<p><strong>&amp;<\/strong><\/p>\n<p><strong>BASS FEST<em>+2015 \/ workshops &amp; concerts<\/em><\/strong><\/p>\n<p><span style=\"text-decoration: underline;\"><strong><em>26.<\/em><\/strong><strong>September\/Sobota\/Saturday<\/strong><\/span><\/p>\n<p>pr\u00edchod, registr\u00e1cia, ubytovanie, korepet\u00edcie\/ arrival, registration, accommodation, corepetition<\/p>\n<p><span style=\"text-decoration: underline;\"><strong>27.\u00a0September\/nede\u013ea\/sunday<\/strong><\/span><\/p>\n<p>7:30 &#8211; korepet\u00edcie\/ corepetition<\/p>\n<p>8:30 \u2013sl\u00e1vnostn\u00e9 otvorenie <span style=\"text-decoration: underline;\">kontrabasov\u00e1 s\u00fata\u017e K. D. von Dittersdorfa\/ Double bass \u00a0competition of K.D. v. Dittersdorf <\/span><\/p>\n<p>9:00 \u2013 10:00 &#8211; 1. kateg\u00f3ria<\/p>\n<p>10:00 \u2013 11.30 &#8211; 2. A + B kateg\u00f3ria<\/p>\n<p>11:30 \u2013 13:30 &#8211; 3. A + B kateg\u00f3ria<\/p>\n<p>14:00 obed<\/p>\n<p>16:00 2. kolo 2. A + B kateg\u00f3ria<\/p>\n<p>17:00 \u2013 18:30 2. kolo 3. A + B kateg\u00f3ria<\/p>\n<p><strong><em>20:00 otv\u00e1rac\u00ed koncert s\u00e1la \u201e Radnica\u201c J. Cikkera, SNP \u010d. 1<\/em><\/strong><\/p>\n<p><strong>Koncert k piatemu v\u00fdro\u010diu Slovak Double Bass Club-u<em>\u00a0\/concert of\u00a05th year celebration of Slovak Double Bass Club<\/em><\/strong><\/p>\n<p><em>BassBand &amp; guests&gt;\/ M\u00e1ria \u010c\u00edrov\u00e1<\/em><\/p>\n<p><strong>BASS FEST<em>+2015 \/ workshops &amp; concert<\/em><\/strong><\/p>\n<p><span style=\"text-decoration: underline;\"><strong>28. September\/ pondelok<em>\/ monday<\/em>: \u00a0<\/strong><\/span><\/p>\n<p>10:00 sl\u00e1vnostn\u00e9 otvorenie kurzov<em>\/ workshop opening<\/em><\/p>\n<p>10:30 \u2013 12:30 v\u00fduka<em>\/ tutorial<\/em><\/p>\n<p>12:30-14 obed<em>\/ lunch<\/em><\/p>\n<p>14-15 predn\u00e1\u0161ka, semin\u00e1r<em>\/ lecture<\/em><\/p>\n<p>15-18 v\u00fduka<em>\/\u00a0tutorial<\/em><\/p>\n<p><strong>19:00 koncert<em>\/ concert\u00a0<\/em><\/strong><\/p>\n<p><em>\/ Ronald \u0160ebesta \u2013 Clasics MALTS project \/ Ivica G\u00e1bri\u0161ov\u00e1\/ Vlado \u017datko<\/em><\/p>\n<p><strong>21:00 JI\u0158\u00cd STIV\u00cdN &amp; group\/ baroque &#8211; jazz variations<\/strong><\/p>\n<p><span style=\"text-decoration: underline;\"><strong>29.<\/strong><strong>September\/ \u00fatorok\/\u00a0<em>tuesday:<\/em><\/strong><\/span><\/p>\n<p>9-12\u00a0v\u00fduka\/\u00a0<em>tutorial<\/em><\/p>\n<p>12:30-13:30 obed\/<em>\u00a0lunch<\/em><\/p>\n<p>14-15 predn\u00e1\u0161ka, semin\u00e1r\/\u00a0<em>lecture: <\/em><strong>K. Trumpf: J. M. Sperger<\/strong><\/p>\n<p>15-18 v\u00fduka\/\u00a0<em>tutorial<\/em><\/p>\n<p><strong>19:00 koncert<em>\/ concert<\/em><\/strong><\/p>\n<p><em>\/ Thomas Martin\/ Thiery Barb\u00e9\/ J\u00e1n Krigovsk\u00fd\/<\/em><\/p>\n<p><strong>21:00 BASHAVEL<\/strong><\/p>\n<p><strong><em>\/<\/em><\/strong><em>\u00a0S. Pal\u00fach\/ M. Comendant\/ R. Ragan\/ P. Sol\u00e1rik\/<\/em><\/p>\n<p><span style=\"text-decoration: underline;\"><strong>30.<\/strong><em>\u00a0<\/em><strong>September\/ streda\/\u00a0<em>wednesday:<\/em><\/strong><\/span><\/p>\n<p>9-12:30 \u00a0v\u00fduka\/\u00a0<em>tutorial<\/em><\/p>\n<p>13-14 obed\/\u00a0<em>lunch<\/em><\/p>\n<p>14-15 predn\u00e1\u0161ka, semin\u00e1r\/\u00a0<em>lecture: <\/em><strong>F. Szanto: Fit for Music<\/strong><\/p>\n<p>15-18 v\u00fduka\/\u00a0<em>tutorial<\/em><\/p>\n<p><strong>18:00 divadeln\u00e9 predstavenie \u201eKONTRABAS\u201c P. S\u00fcskind\/ , Akad\u00e9ma Umen\u00ed, fakulta dramatick\u00fdch umen\u00ed<\/strong><\/p>\n<p><strong>20:00 koncert\u00a0barokovej hudby\/<\/strong><em>\u00a0<strong>concert of baroque music\u00a0\u00a0<\/strong><\/em><\/p>\n<p><strong><em>\/\u00a0<\/em><\/strong><em>Jana Semer\u00e1dov\u00e1 \/ Jeremy Joseph\/ David Sinclair\/ J\u00e1n Krigovsk\u00fd\/ J\u00e1n \u010ci\u017em\u00e1\u0159<\/em><\/p>\n<p><strong>21:00 COLLEGIUM WARTBERG &#8211; VIVALDI &#8211; \u0161tyri ro\u010dn\u00e9 obdobia\/\u00a0<em>four season<\/em>\u00a0&#8211;<em>\u00a0Baroque- Bluegrass variations<\/em><\/strong><\/p>\n<p><em>\/Dalibor Karvay\/ Stano Pal\u00fach\/ Michal Vavro &amp; Collegium Wartberg<strong>\u00a0<\/strong><\/em><\/p>\n<p><span style=\"text-decoration: underline;\"><strong>1.<\/strong><strong>Okt\u00f3ber\/ \u0161tvrtok\/\u00a0<em>thursday:<\/em><\/strong><\/span><\/p>\n<p>9-12:30 \u00a0v\u00fduka\/\u00a0<em>tutorial<\/em><\/p>\n<p>13-14 obed\/\u00a0<em>lunch<\/em><\/p>\n<p>14-15 semin\u00e1r\/ <em>lecture <\/em><strong>Mat\u00fa\u0161 Jakab\u010dic \u2013 how to make good composition<\/strong><\/p>\n<p>15-17 v\u00fduka\/\u00a0<em>tutorial<\/em><\/p>\n<p><strong>19:00 koncert lektorov kontrabasov\u00fdch tried<em>\/ concert of\u00a0Double Bass\u00a0lectors<\/em><\/strong><\/p>\n<p>Zsolt Fejerv\u00e1ri\/\u00a0Radoslav \u0160a\u0161ina\/ Miloslav Gajdo\u0161<\/p>\n<p><strong>20:00\u00a0Invention Quartet:<\/strong><\/p>\n<p>Adam Marec\/\u00a0Eva C\u00e1hov\u00e1\/\u00a0R\u00f3bert Ragan\/ Peter Sol\u00e1rik<\/p>\n<p><strong>21:00\u00a0\u201eBASS FRIENDS\u201c projekt\/\u00a0<em>jazz, swing, fusion a\u00a0jamsession<\/em>&#8230;<\/strong><\/p>\n<p>Jacek Nedziela Meira\/ Juraj Grigl\u00e1k\/ Robert Ragan\/ Juraj\u00a0Barto\u0161\/\u00a0Mat\u00fa\u0161 Jakab\u010dic\/\u00a0Klaudius Kov\u00e1\u010d\/\u00a0Peter Sol\u00e1rik\/ Stano Pal\u00fach<\/p>\n<p>&#8230;.after party&#8230;<\/p>\n<p><span style=\"text-decoration: underline;\"><strong>2.\u00a0Okt\u00f3ber\/piatok\/friday:<\/strong><\/span><\/p>\n<p>9-12:30 \u00a0v\u00fduka\/\u00a0<em>tutorial<\/em>\u00a0(okrem kontrabasu\/<em>without double bass<\/em>)<\/p>\n<p>9-12:00 sk\u00fa\u0161ka kontrabasov\u00e9ho orchestra \/\u00a0<em>doublebass orchestra main rehearsal<\/em><\/p>\n<p>12-13 obed\/\u00a0<em>lunch<\/em><\/p>\n<p>13-15 akustick\u00e1 &#8211; gener\u00e1lna sk\u00fa\u0161ka\/\u00a0<em>acoustic &#8211; general reherseal<\/em><\/p>\n<p><strong>15:00<\/strong>\u00a0<strong>z\u00e1vere\u010dn\u00fd koncert<\/strong><\/p>\n<p>\/ v\u00ed\u0165azi medzin\u00e1rodnej kontrabasovej s\u00fa\u0165a\u017ee K. D. von Dittersdora\/\u00a0<em>winners of international Double Bass Competition C. D. von Dittersdorf<\/em><\/p>\n<p>\/ najlep\u0161\u00ed \u00fa\u010dastn\u00edci kurzov\/\u00a0<em>the best participants of workshops<\/em><\/p>\n<p>\/ vyst\u00fapenie kontrabasov\u00e9ho orchestra pod veden\u00edm Miloslava Gajdo\u0161a\/\u00a0<em>Double Bass orchestra under leading of Miloslav Gajdo\u0161<\/em><\/p>\n<p>\/ odovzd\u00e1vanie diplomov\/\u00a0<em>commitment of diploms for all participiants<\/em><\/p>\n<p>v\u0161etky koncerty sa konaj\u00fa v koncertnej s\u00e1le<strong><em>\u00a0\u201eRadnica\u201c s\u00e1la J. Cikkera, SNP \u010d. 1 v Banskej Bystrici<\/em><\/strong><\/p>\n<p>\/<em>all conerts are in concert hall\u00a0<strong>\u201eRadnica\u201c hall of J\u00e1n Cikker, SNP square Nr. 1 in Bansk\u00e1 Bystrica<\/strong><\/em>","protected":false},"excerpt":{"rendered":"<p>Harmonogram\/ Schedule \u00a0 International Double Bass Competition of Carl Ditters von Dittersdorf &amp; BASS FEST+2015 \/ workshops &amp; concerts 26.September\/Sobota\/Saturday pr\u00edchod, registr\u00e1cia, ubytovanie, korepet\u00edcie\/ arrival, registration, accommodation, corepetition 27.\u00a0September\/nede\u013ea\/sunday 7:30 &#8211; korepet\u00edcie\/ corepetition 8:30 \u2013sl\u00e1vnostn\u00e9 otvorenie kontrabasov\u00e1 s\u00fata\u017e K. D. &hellip; <a href=\"https:\/\/www.slovakdoublebassclub.com\/SK\/harmonogram-kurzov\/\">Continued<\/a><\/p>\n","protected":false},"author":2,"featured_media":0,"parent":0,"menu_order":0,"comment_status":"closed","ping_status":"closed","template":"","meta":{"ngg_post_thumbnail":0,"footnotes":""},"class_list":["post-329","page","type-page","status-publish","hentry"],"_links":{"self":[{"href":"https:\/\/www.slovakdoublebassclub.com\/SK\/wp-json\/wp\/v2\/pages\/329","targetHints":{"allow":["GET"]}}],"collection":[{"href":"https:\/\/www.slovakdoublebassclub.com\/SK\/wp-json\/wp\/v2\/pages"}],"about":[{"href":"https:\/\/www.slovakdoublebassclub.com\/SK\/wp-json\/wp\/v2\/types\/page"}],"author":[{"embeddable":true,"href":"https:\/\/www.slovakdoublebassclub.com\/SK\/wp-json\/wp\/v2\/users\/2"}],"replies":[{"embeddable":true,"href":"https:\/\/www.slovakdoublebassclub.com\/SK\/wp-json\/wp\/v2\/comments?post=329"}],"version-history":[{"count":35,"href":"https:\/\/www.slovakdoublebassclub.com\/SK\/wp-json\/wp\/v2\/pages\/329\/revisions"}],"predecessor-version":[{"id":3981,"href":"https:\/\/www.slovakdoublebassclub.com\/SK\/wp-json\/wp\/v2\/pages\/329\/revisions\/3981"}],"wp:attachment":[{"href":"https:\/\/www.slovakdoublebassclub.com\/SK\/wp-json\/wp\/v2\/media?parent=329"}],"curies":[{"name":"wp","href":"https:\/\/api.w.org\/{rel}","templated":true}]}}