{"id":3338,"date":"2015-03-03T23:32:27","date_gmt":"2015-03-03T22:32:27","guid":{"rendered":"http:\/\/www.slovakdoublebassclub.com\/?page_id=3338"},"modified":"2015-03-03T23:32:55","modified_gmt":"2015-03-03T22:32:55","slug":"david-sinclair","status":"publish","type":"page","link":"https:\/\/www.slovakdoublebassclub.com\/SK\/david-sinclair\/","title":{"rendered":"David Sinclair"},"content":{"rendered":"<p style=\"text-align: justify;\"><a href=\"http:\/\/www.slovakdoublebassclub.com\/wp-content\/uploads\/2015\/03\/sinclair.jpg\"><img loading=\"lazy\" decoding=\"async\" class=\"size-full wp-image-3339 aligncenter\" alt=\"sinclair\" src=\"http:\/\/www.slovakdoublebassclub.com\/wp-content\/uploads\/2015\/03\/sinclair.jpg\" width=\"148\" height=\"200\" \/><\/a><br \/>\nDavid Sinclair, geb\u00fcrtiger Kanadier, studierte Kontrabass an der Boston University School of Music und an der Hochschule f\u00fcr Musik in Wien bei Ludwig Streicher. Daneben bildete er sich als Spieler auf der Viola da gamba weiter. Seit 1997 f\u00fchrt er eine Klasse f\u00fcr Kontrabass und Violone an der Schola Cantorum Basiliensis. Er lebt mit seiner Familie in Paris.<br \/>\nEr ist ein gefragter Bassist und Mitglied mehrerer Ensembles, darunter Camerata Academica Salzburg (noch unter Sandor Vegh), Tafelmusik Baroque Orchestra, Les Musiciens du Louvre (Marc Minkowski), Les Arts Florissants (William Christie), Anima Aeterna (Jos van Immerseel) und Les Talents Lyriques (Christophe Rousset). Sein besonderes Interesse gilt dem Spiel des Wiener Kontrabasses und dem Violone. Unter seinen zahlreichen CD-Einspielungen ist besonders eine Aufnahme als Solist mit virtuosen Solowerken aus dem Umfeld der Wiener Klassik (Haydn, Vanhal, Sperger, Mannl) zu nennen sowie seine Beteiligung der Aufnahme von Triosonaten vojn J. F. Fasch im Rahmen der CD-Serie der SCB.<\/p>\n","protected":false},"excerpt":{"rendered":"<p>David Sinclair, geb\u00fcrtiger Kanadier, studierte Kontrabass an der Boston University School of Music und an der Hochschule f\u00fcr Musik in Wien bei Ludwig Streicher. Daneben bildete er sich als Spieler auf der Viola da gamba weiter. Seit 1997 f\u00fchrt er &hellip; <a href=\"https:\/\/www.slovakdoublebassclub.com\/SK\/david-sinclair\/\">Continued<\/a><\/p>\n","protected":false},"author":5,"featured_media":0,"parent":0,"menu_order":0,"comment_status":"closed","ping_status":"open","template":"","meta":{"ngg_post_thumbnail":0,"footnotes":""},"class_list":["post-3338","page","type-page","status-publish","hentry"],"_links":{"self":[{"href":"https:\/\/www.slovakdoublebassclub.com\/SK\/wp-json\/wp\/v2\/pages\/3338","targetHints":{"allow":["GET"]}}],"collection":[{"href":"https:\/\/www.slovakdoublebassclub.com\/SK\/wp-json\/wp\/v2\/pages"}],"about":[{"href":"https:\/\/www.slovakdoublebassclub.com\/SK\/wp-json\/wp\/v2\/types\/page"}],"author":[{"embeddable":true,"href":"https:\/\/www.slovakdoublebassclub.com\/SK\/wp-json\/wp\/v2\/users\/5"}],"replies":[{"embeddable":true,"href":"https:\/\/www.slovakdoublebassclub.com\/SK\/wp-json\/wp\/v2\/comments?post=3338"}],"version-history":[{"count":2,"href":"https:\/\/www.slovakdoublebassclub.com\/SK\/wp-json\/wp\/v2\/pages\/3338\/revisions"}],"predecessor-version":[{"id":3341,"href":"https:\/\/www.slovakdoublebassclub.com\/SK\/wp-json\/wp\/v2\/pages\/3338\/revisions\/3341"}],"wp:attachment":[{"href":"https:\/\/www.slovakdoublebassclub.com\/SK\/wp-json\/wp\/v2\/media?parent=3338"}],"curies":[{"name":"wp","href":"https:\/\/api.w.org\/{rel}","templated":true}]}}