{"id":3447,"date":"2015-03-05T00:25:48","date_gmt":"2015-03-04T23:25:48","guid":{"rendered":"http:\/\/www.slovakdoublebassclub.com\/?page_id=3447"},"modified":"2015-09-18T22:42:33","modified_gmt":"2015-09-18T20:42:33","slug":"competition-rules-2015","status":"publish","type":"page","link":"https:\/\/www.slovakdoublebassclub.com\/SK\/competition-rules-2015\/","title":{"rendered":"Pravidl\u00e1 s\u00fa\u0165a\u017ee, kateg\u00f3rie a reperto\u00e1r 2015"},"content":{"rendered":"&nbsp;<\/p>\n<h4 style=\"text-align: center;\"><\/h4>\n<h4 style=\"text-align: center;\"><a href=\"http:\/\/www.slovakdoublebassclub.com\/wp-content\/uploads\/2015\/03\/IMG_114.jpg\"><img loading=\"lazy\" decoding=\"async\" class=\"aligncenter wp-image-3723\" src=\"http:\/\/www.slovakdoublebassclub.com\/wp-content\/uploads\/2015\/03\/IMG_114.jpg\" alt=\"IMG_114\" width=\"500\" height=\"334\" srcset=\"https:\/\/www.slovakdoublebassclub.com\/wp-content\/uploads\/2015\/03\/IMG_114.jpg 1000w, https:\/\/www.slovakdoublebassclub.com\/wp-content\/uploads\/2015\/03\/IMG_114-600x400.jpg 600w, https:\/\/www.slovakdoublebassclub.com\/wp-content\/uploads\/2015\/03\/IMG_114-300x200.jpg 300w\" sizes=\"auto, (max-width: 500px) 100vw, 500px\" \/><\/a><\/h4>\n<h4 style=\"text-align: center;\"><\/h4>\n<hr \/>\n<h4 style=\"text-align: center;\"><i>\u00a0<strong>deadline 1. september 2015<\/strong><\/i><\/h4>\n<hr \/>\n<h4 style=\"text-align: center;\"><\/h4>\n<h4 style=\"text-align: center;\"><\/h4>\n<h4 style=\"text-align: center;\"><b>Propoz\u00edcie\/ s\u00fa\u0165a\u017en\u00fd poriadok:<\/b><b><\/b><\/h4>\n<hr \/>\n<h5 style=\"text-align: justify;\">Povinnosti s\u00fa\u0165a\u017eiacich:<\/h5>\n<p style=\"text-align: justify;\">S\u00fa\u0165a\u017ee sa m\u00f4\u017ee z\u00fa\u010dastni\u0165 s\u00fa\u0165a\u017eiaci a\u017e po registr\u00e1cii a\u00a0zaplaten\u00ed \u0161tartovn\u00e9ho poplatku.<\/p>\n<p style=\"text-align: justify;\">S\u00fa\u0165a\u017eiaci je povinn\u00fd dodr\u017ea\u0165 stanoven\u00fd \u010dasov\u00fd limit ak je stanoven\u00fd. (Po jeho ukon\u010den\u00ed si organiz\u00e1tor vyhradzuje pr\u00e1vo s\u00fa\u0165a\u017eiaceho zastavi\u0165.)<\/p>\n<p style=\"text-align: justify;\">S\u00fa\u0165a\u017eiaci je povinn\u00fd dodr\u017ea\u0165 predp\u00edsan\u00fa\u00a0<b>povinn\u00fa skladbu<\/b>\u00a0ak je t\u00e1 ur\u010den\u00e1. (Skladba sa m\u00f4\u017ee l\u00ed\u0161i\u0165 v\u00a0z\u00e1vislosti od kateg\u00f3rie a pri jej nedodr\u017ean\u00ed m\u00f4\u017ee by\u0165 \u00fa\u010dastn\u00edk diskvalifikovan\u00fd.<\/p>\n<p style=\"text-align: justify;\">S\u00fa\u0165a\u017eiaci je povinn\u00fd riadi\u0165 sa pokynmi usporiadate\u013ea, dodr\u017eiava\u0165 \u010dasov\u00fd harmonogram jednotliv\u00fdch kateg\u00f3ri\u00ed a\u00a0svojho poradia. Svojou \u00fa\u010das\u0165ou s\u00fahlas\u00ed s\u00a0pravidlami s\u00fa\u0165a\u017ee, berie na vedomie a bude re\u0161pektova\u0165 v\u00fdsledky s\u00fa\u0165a\u017ee.<\/p>\n<hr \/>\n<h4 style=\"text-align: center;\"><b>S\u00fa\u0165a\u017en\u00e9 kateg\u00f3rie a reperto\u00e1r Kontrabasovej s\u00fa\u0165a\u017ee C. D. von Dittersdorfa pre rok\u00a02015<\/b><i><\/i><\/h4>\n<hr \/>\n<h4 style=\"text-align: center;\"><\/h4>\n<h4 style=\"text-align: center;\"><b>I. kateg\u00f3ria: \u017eiakov zu\u0161<\/b>:<\/h4>\n<p><a href=\"http:\/\/www.slovakdoublebassclub.com\/wp-content\/uploads\/2015\/03\/IMG_082.jpg\"><img loading=\"lazy\" decoding=\"async\" class=\"aligncenter wp-image-3720\" src=\"http:\/\/www.slovakdoublebassclub.com\/wp-content\/uploads\/2015\/03\/IMG_082.jpg\" alt=\"IMG_082\" width=\"500\" height=\"334\" srcset=\"https:\/\/www.slovakdoublebassclub.com\/wp-content\/uploads\/2015\/03\/IMG_082.jpg 1000w, https:\/\/www.slovakdoublebassclub.com\/wp-content\/uploads\/2015\/03\/IMG_082-600x400.jpg 600w, https:\/\/www.slovakdoublebassclub.com\/wp-content\/uploads\/2015\/03\/IMG_082-300x200.jpg 300w\" sizes=\"auto, (max-width: 500px) 100vw, 500px\" \/><\/a><\/p>\n<p style=\"text-align: center;\">Reperto\u00e1r<i>:\u00a0<\/i><\/p>\n<p style=\"text-align: center;\"><b>\u013eubovo\u013en\u00e1 skladba pre kontrabas s\u00f3lo, alebo so sprievodom klav\u00edra v trvan\u00ed max 5 min.<\/b><\/p>\n<hr \/>\n<h4 style=\"text-align: center;\"><\/h4>\n<h4 style=\"text-align: center;\"><b>II. kateg\u00f3ria: \u0161tudenti konzervat\u00f3ri\u00ed<\/b><\/h4>\n<p><a href=\"http:\/\/www.slovakdoublebassclub.com\/wp-content\/uploads\/2015\/03\/IMG_1451.jpg\"><img loading=\"lazy\" decoding=\"async\" class=\"aligncenter wp-image-3721\" src=\"http:\/\/www.slovakdoublebassclub.com\/wp-content\/uploads\/2015\/03\/IMG_1451.jpg\" alt=\"IMG_145\" width=\"500\" height=\"334\" srcset=\"https:\/\/www.slovakdoublebassclub.com\/wp-content\/uploads\/2015\/03\/IMG_1451.jpg 1000w, https:\/\/www.slovakdoublebassclub.com\/wp-content\/uploads\/2015\/03\/IMG_1451-600x400.jpg 600w, https:\/\/www.slovakdoublebassclub.com\/wp-content\/uploads\/2015\/03\/IMG_1451-300x200.jpg 300w\" sizes=\"auto, (max-width: 500px) 100vw, 500px\" \/><\/a><\/p>\n<hr \/>\n<h5 style=\"text-align: center;\"><span style=\"text-decoration: underline;\"><b>II. A &#8211; kateg\u00f3ria 15 \u2013 18 rokov:\u00a0<\/b><b>d\u00e1t. nar.\u00a0od\u00a027. 9. 1997<\/b><\/span>\u00a0<i><\/i><\/h5>\n<p style=\"text-align: center;\">Reperto\u00e1r:<\/p>\n<p style=\"text-align: center;\">1. kolo:<\/p>\n<p style=\"text-align: center;\"><strong>\u013eubovo\u013en\u00e1 skladba v trvan\u00ed do 5 min <\/strong>(s\u00f3lo alebo so sprievodom klav\u00edra)<\/p>\n<p style=\"text-align: center;\"><strong>povinn\u00e1 skladba: <em>Tibor Fre\u0161o &#8211; mal\u00e1 fant\u00e1zia <\/em><\/strong>&#8211;<strong>\u00a0<i>\u00a0<\/i><\/strong><a href=\"http:\/\/www.slovakdoublebassclub.com\/wp-content\/uploads\/2015\/03\/Freso-Fantazia.zip\">stiahnu\u0165\u00a0<em><strong>TU<\/strong><\/em><\/a><em><strong>!<\/strong><\/em><\/p>\n<p style=\"text-align: center;\"><a href=\"http:\/\/www.slovakdoublebassclub.com\/wp-content\/uploads\/2015\/08\/T.-Fre\u0161o-piano-part-for-solo-tuned-DB.zip\">klav\u00edrny part pre s\u00f3lo ladenie stiahnu\u0165\u00a0<em><strong>TU!<\/strong><\/em><\/a><\/p>\n<p style=\"text-align: center;\">2. kolo<\/p>\n<p style=\"text-align: center;\"><strong>r\u00fdchla \u010das\u0165 zo son\u00e1ty alebo koncertu (baroko, klasicizmus)<\/strong><\/p>\n<hr \/>\n<h5 style=\"text-align: center;\"><span style=\"text-decoration: underline;\"><b>II. B &#8211; kateg\u00f3ria 18 &#8211; a vy\u0161\u0161ie:<\/b>\u00a0<strong>d\u00e1t. nar.<\/strong>\u00a0<b>do<\/b>\u00a0<b>27. 9. 1997<\/b><\/span><\/h5>\n<p style=\"text-align: center;\">Reperto\u00e1r<i>:<\/i><\/p>\n<p style=\"text-align: center;\">1. kolo:<\/p>\n<p style=\"text-align: center;\"><strong>\u013eubovo\u013en\u00e1 skladba v trvan\u00ed do 5 min <\/strong>(s\u00f3lo alebo so sprievodom klav\u00edra)<\/p>\n<p style=\"text-align: center;\"><strong><b>povinn\u00e1 skladba<\/b><i>:<\/i>\u00a0\u013dudov\u00edt Rajter: Sonat\u00edna pre kontrabas a klav\u00edr &#8211; 1.\u010das\u0165 \u00a0<\/strong><\/p>\n<p style=\"text-align: center;\"><a href=\"http:\/\/www.slovakdoublebassclub.com\/wp-content\/uploads\/2015\/04\/ll.B-\u013d.-Rajter-.-Sonatina-pre-kontrabas-a-klav\u00edr-1.\u010das\u0165.zip\"><strong>s\u00f3lo part<\/strong>\u00a0<\/a><em><a href=\"http:\/\/www.slovakdoublebassclub.com\/wp-content\/uploads\/2015\/04\/ll.B-\u013d.-Rajter-.-Sonatina-pre-kontrabas-a-klav\u00edr-1.\u010das\u0165.zip\">stiahnu\u0165 <strong>TU!<\/strong><\/a><\/em><\/p>\n<p style=\"text-align: center;\"><a href=\"http:\/\/www.slovakdoublebassclub.com\/wp-content\/uploads\/2015\/05\/\u013d.-Rajter-Sonat\u00edna.pdf\"><b>klav\u00edrny part <\/b><em>stiahnu\u0165<b> TU!<\/b><\/em><\/a><\/p>\n<p style=\"text-align: center;\">2. kolo:<\/p>\n<p style=\"text-align: center;\"><b>1. a 2. \u010das\u0165 zo\u00a0<\/b><b>Son\u00e1ty<\/b><b>\u00a0z obdobia\u00a0<\/b><b>Baroka alebo Klasicizmu<\/b><\/p>\n<hr \/>\n<h4 style=\"text-align: center;\"><\/h4>\n<h4 style=\"text-align: center;\"><b>III. kateg\u00f3ria: \u0161tudenti vysok\u00fdch umeleck\u00fdch \u0161k\u00f4l a akad\u00e9mi\u00ed<\/b><i><\/i><\/h4>\n<p><a href=\"http:\/\/www.slovakdoublebassclub.com\/wp-content\/uploads\/2015\/03\/IMG_140.jpg\"><img loading=\"lazy\" decoding=\"async\" class=\"aligncenter wp-image-3722\" src=\"http:\/\/www.slovakdoublebassclub.com\/wp-content\/uploads\/2015\/03\/IMG_140.jpg\" alt=\"IMG_140\" width=\"500\" height=\"334\" srcset=\"https:\/\/www.slovakdoublebassclub.com\/wp-content\/uploads\/2015\/03\/IMG_140.jpg 1000w, https:\/\/www.slovakdoublebassclub.com\/wp-content\/uploads\/2015\/03\/IMG_140-600x400.jpg 600w, https:\/\/www.slovakdoublebassclub.com\/wp-content\/uploads\/2015\/03\/IMG_140-300x200.jpg 300w\" sizes=\"auto, (max-width: 500px) 100vw, 500px\" \/><\/a><\/p>\n<hr \/>\n<h5 style=\"text-align: center;\"><span style=\"text-decoration: underline;\"><strong>III. A 18 -21 rokov: nar.\u00a0od\u00a027.9. 1994<\/strong><\/span><\/h5>\n<p style=\"text-align: center;\">Reperto\u00e1r<i>:<\/i><\/p>\n<p style=\"text-align: center;\">1. kolo:<\/p>\n<p style=\"text-align: center;\"><strong>\u013eubovo\u013en\u00e1 skladba v trvan\u00ed do 5 min<\/strong><\/p>\n<p style=\"text-align: center;\"><b>povinn\u00e1 skladba<\/b><i>:\u00a0<\/i><b><i><a href=\"http:\/\/www.slovakdoublebassclub.com\/?p=3788\">Viktor Fortin<\/a>: <a href=\"http:\/\/www.slovakdoublebassclub.com\/?p=3783\">\u201eToccata f\u00fcr kontrabas und piano<\/a><\/i><\/b><a href=\"http:\/\/www.slovakdoublebassclub.com\/?p=3783\"><i>\u201c<strong> stiahnu\u0165 TU!<\/strong><\/i><\/a><\/p>\n<p style=\"text-align: center;\"><a href=\"http:\/\/www.slovakdoublebassclub.com\/?p=3783\">2. kolo:<\/a><\/p>\n<p style=\"text-align: center;\"><strong>1. a 2. \u010das\u0165 Son\u00e1ty alebo koncertu z obdobia Klasicizmu (bez Kadencie)<\/strong><\/p>\n<hr \/>\n<h5 style=\"text-align: center;\"><span style=\"text-decoration: underline;\"><strong>III. B 21 &#8211; a vy\u0161\u0161ie: nar.\u00a0do\u00a027.9. 1994<\/strong><\/span><\/h5>\n<p style=\"text-align: center;\">Reperto\u00e1r<i>:<\/i><\/p>\n<p style=\"text-align: center;\">1. kolo:<\/p>\n<p style=\"text-align: center;\"><strong>virtu\u00f3zna skladba<\/strong><\/p>\n<p style=\"text-align: center;\"><strong><b>povinn\u00e1 skladba<\/b><i>:\u00a0<\/i><b><i><a href=\"http:\/\/www.slovakdoublebassclub.com\/?p=3788\">Viktor Fortin<\/a>: <a href=\"http:\/\/www.slovakdoublebassclub.com\/?p=3783\">\u201eToccata f\u00fcr kontrabas und piano<\/a><\/i><\/b><a href=\"http:\/\/www.slovakdoublebassclub.com\/?p=3783\"><i>\u201c\u00a0\u00a0stiahnu\u0165 TU!<\/i><\/a><\/strong><\/p>\n<p style=\"text-align: center;\"><strong>2nd. possibility NEW obligatory composition*: <a href=\"http:\/\/www.slovakdoublebassclub.com\/wp-content\/uploads\/2015\/08\/Paluch-Remone-Score_and_parts.pdf\">Stano Pal\u00fach: <em>&#8222;Remone&#8220; stiahnu\u0165 TU<\/em><\/a><\/strong><i>!<\/i><\/p>\n<p style=\"text-align: center;\"><a href=\"http:\/\/www.slovakdoublebassclub.com\/wp-content\/uploads\/2015\/09\/S.-Paluch-Remone-piano-part-solo-tuning.pdf\"><strong>Stano Pal\u00fach: <em>&#8222;Remone&#8220; klav\u00edrny part s\u00f3lo ladenie stianu\u0165 TU!<\/em><\/strong><\/a><\/p>\n<p style=\"text-align: center;\">\/Od 1. augusta je k dispoz\u00edcii aj druh\u00e1 povinn\u00e1 skladba, s\u00fa\u0165a\u017eiaci si m\u00f4\u017ee vybra\u0165 jednu z dvoch povinn\u00fdch skladieb\/<\/p>\n<p style=\"text-align: center;\">2. kolo:<\/p>\n<p style=\"text-align: center;\"><b>-1. a 2. \u010das\u0165 zo Son\u00e1ty<\/b><b>\u00a0alebo\u00a0<\/b><b>Koncertu<\/b><b>\u00a0z obdobia\u00a0<\/b><b>Klasicizmu<\/b><b>\u00a0(bez kadencie)<\/b><\/p>\n<p style=\"text-align: center;\"><em>\u00a0<\/em><\/p>\n<hr \/>\n<h4 style=\"text-align: center;\">\u00a0<strong>Bodovanie a hodnotiace krit\u00e9ri\u00e1<\/strong><\/h4>\n<hr \/>\n<h4 style=\"text-align: center;\"><\/h4>\n<p style=\"text-align: center;\"><i>Odborn\u00e1 porota hodnot\u00ed ka\u017ed\u00e9ho \u00fa\u010dastn\u00edka pod\u013ea bodov\u00e9ho syst\u00e9mu od 0 \u2013 5 bodov pod\u013ea nasleduj\u00facich hodnotiacich krit\u00e9ri\u00ed:<\/i><\/p>\n<h5 style=\"text-align: center;\"><\/h5>\n<p style=\"text-align: center;\">1, <i>technick\u00e1 zru\u010dnos\u0165<\/i>\u00a0 \u00a0 \u00a0 \u00a0 \u00a0 \u00a0 \u00a0 \u00a0 \u00a0 \u00a0 \u00a0 \u00a0 \u00a0 0 -5 <i>bodov<\/i><\/p>\n<p style=\"text-align: center;\">2, <i>intona\u010dn\u00e1 flexibilnos\u0165<\/i>\u00a0 \u00a0 \u00a0 \u00a0 \u00a0 \u00a0 \u00a0 \u00a0 \u00a0 \u00a0 \u00a0 \u00a00 -5 <i>bodov<\/i><\/p>\n<p style=\"text-align: center;\">3, <i>interpreta\u010dn\u00e1 \u0161t\u00fdlovos\u0165<\/i>\u00a0 \u00a0 \u00a0 \u00a0 \u00a0 \u00a0 \u00a0 \u00a0 \u00a0 \u00a0 0 -5 <i>bodov<\/i><\/p>\n<p style=\"text-align: center;\">4,\u00a0<i>hudobn\u00e1 vyspelos\u0165<\/i>\u00a0 \u00a0 \u00a0 \u00a0 \u00a0 \u00a0 \u00a0 \u00a0 \u00a0 \u00a0 \u00a0 \u00a0 \u00a0 0 -5 <i>bodov<\/i><\/p>\n<p style=\"text-align: center;\">5, <i>komunika\u010dn\u00e1 vyspelos\u0165<\/i>\u00a0 \u00a0 \u00a0 \u00a0 \u00a0 \u00a0 \u00a0 \u00a0 \u00a0 \u00a00 -5 <i>bodov<\/i><\/p>\n<p style=\"text-align: center;\"><strong><i>SPOLU:\u00a0\u00a0\u00a0\u00a0\u00a0\u00a0\u00a0\u00a0\u00a0\u00a0\u00a0\u00a0\u00a0\u00a0\u00a0\u00a0\u00a0\u00a0\u00a0\u00a0\u00a0\u00a0\u00a0\u00a0\u00a0\u00a0\u00a0\u00a0\u00a0\u00a0\u00a0\u00a0\u00a0\u00a0\u00a0\u00a0\u00a0\u00a0\u00a0\u00a0\u00a0\u00a0\u00a0\u00a0\u00a0\u00a0\u00a0<\/i><\/strong>max. 25 <i>bodov<\/i><\/p>\n<p style=\"text-align: center;\"><strong><i>\u0160peci\u00e1lne hodnotenie bodov od 0-5 bude v\u00a0tretej kateg\u00f3rii pre povinn\u00fa skladbu. <\/i><\/strong><i>\u00a0<\/i><i> \u00a0 \u00a0 \u00a0 \u00a0 \u00a0<\/i><\/p>\n<h5 style=\"text-align: center;\" align=\"center\"><strong><i>V\u0161etky v\u00fdsledky s\u00fa verejn\u00e9!<\/i><\/strong><\/h5>\n<hr \/>\n<h4 align=\"center\">\u00a0<b>Zlo\u017eenie poroty pre rok 2015:<\/b><\/h4>\n<hr \/>\n<h4><\/h4>\n<h5><b>Predseda poroty<\/b>: Thomas Martin (UK)<\/h5>\n<p><b>\u010clenovia poroty<\/b>: J\u00e1n Krigovsk\u00fd (SK), Thiery Barb\u00e9 (FR), Roman Patkol\u00f3 (SK\/CH), Radoslav \u0160a\u0161ina (SK), Franti\u0161ek Szanto (SK\/CH), Robert Ragan (SK), Herbert Mayr (AT), Irena Olkiewicz (PL), David Sinclair (FR\/CH), Klaus Trumph (DE), Zsolt Ferejv\u00e1ri (HU), Jacek Nedziela- Meira (PL), Vlado \u017datko (SK\/DE)<\/p>\n<p><strong>\u010destn\u00fd \u010dlen poroty: Stanislav Pal\u00fach<\/strong><strong> \u2013 jazzman, huslista, aran\u017e\u00e9r, skladate\u013e &#8211; autor povinnej skladby pre rok 2015<\/strong><\/p>\n<hr \/>\n<h4><\/h4>\n<p><a href=\"http:\/\/www.slovakdoublebassclub.com\/registration\/\">Online\u00a0registr\u00e1cia<\/a><\/p>\n<p><a href=\"http:\/\/www.slovakdoublebassclub.com\/SK\/prices-2015\/\">Ceny s\u00fa\u0165a\u017ee 2015<\/a><\/p>\n<p>povinn\u00e9 skladby","protected":false},"excerpt":{"rendered":"<p>&nbsp; \u00a0deadline 1. september 2015 Propoz\u00edcie\/ s\u00fa\u0165a\u017en\u00fd poriadok: Povinnosti s\u00fa\u0165a\u017eiacich: S\u00fa\u0165a\u017ee sa m\u00f4\u017ee z\u00fa\u010dastni\u0165 s\u00fa\u0165a\u017eiaci a\u017e po registr\u00e1cii a\u00a0zaplaten\u00ed \u0161tartovn\u00e9ho poplatku. S\u00fa\u0165a\u017eiaci je povinn\u00fd dodr\u017ea\u0165 stanoven\u00fd \u010dasov\u00fd limit ak je stanoven\u00fd. (Po jeho ukon\u010den\u00ed si organiz\u00e1tor vyhradzuje pr\u00e1vo s\u00fa\u0165a\u017eiaceho zastavi\u0165.) &hellip; <a href=\"https:\/\/www.slovakdoublebassclub.com\/SK\/competition-rules-2015\/\">Continued<\/a><\/p>\n","protected":false},"author":5,"featured_media":0,"parent":0,"menu_order":0,"comment_status":"closed","ping_status":"open","template":"","meta":{"ngg_post_thumbnail":0,"footnotes":""},"class_list":["post-3447","page","type-page","status-publish","hentry"],"_links":{"self":[{"href":"https:\/\/www.slovakdoublebassclub.com\/SK\/wp-json\/wp\/v2\/pages\/3447","targetHints":{"allow":["GET"]}}],"collection":[{"href":"https:\/\/www.slovakdoublebassclub.com\/SK\/wp-json\/wp\/v2\/pages"}],"about":[{"href":"https:\/\/www.slovakdoublebassclub.com\/SK\/wp-json\/wp\/v2\/types\/page"}],"author":[{"embeddable":true,"href":"https:\/\/www.slovakdoublebassclub.com\/SK\/wp-json\/wp\/v2\/users\/5"}],"replies":[{"embeddable":true,"href":"https:\/\/www.slovakdoublebassclub.com\/SK\/wp-json\/wp\/v2\/comments?post=3447"}],"version-history":[{"count":66,"href":"https:\/\/www.slovakdoublebassclub.com\/SK\/wp-json\/wp\/v2\/pages\/3447\/revisions"}],"predecessor-version":[{"id":3991,"href":"https:\/\/www.slovakdoublebassclub.com\/SK\/wp-json\/wp\/v2\/pages\/3447\/revisions\/3991"}],"wp:attachment":[{"href":"https:\/\/www.slovakdoublebassclub.com\/SK\/wp-json\/wp\/v2\/media?parent=3447"}],"curies":[{"name":"wp","href":"https:\/\/api.w.org\/{rel}","templated":true}]}}