{"id":3523,"date":"2015-03-12T06:29:09","date_gmt":"2015-03-12T05:29:09","guid":{"rendered":"http:\/\/www.slovakdoublebassclub.com\/?page_id=3523"},"modified":"2017-09-23T23:05:46","modified_gmt":"2017-09-23T21:05:46","slug":"registracia","status":"publish","type":"page","link":"https:\/\/www.slovakdoublebassclub.com\/SK\/registracia\/","title":{"rendered":"Inform\u00e1cie a poplatky 2017"},"content":{"rendered":"<img loading=\"lazy\" decoding=\"async\" class=\" size-full wp-image-3527 aligncenter\" src=\"http:\/\/www.slovakdoublebassclub.com\/wp-content\/uploads\/2015\/03\/content_image.png\" alt=\"content_image\" width=\"470\" height=\"230\" srcset=\"https:\/\/www.slovakdoublebassclub.com\/wp-content\/uploads\/2015\/03\/content_image.png 470w, https:\/\/www.slovakdoublebassclub.com\/wp-content\/uploads\/2015\/03\/content_image-300x147.png 300w\" sizes=\"auto, (max-width: 470px) 100vw, 470px\" \/><\/p>\n<hr>\n<h3 style=\"text-align: center;\">Registration open!<\/h3>\n<hr>\n<h4 style=\"text-align: center;\">&nbsp;<\/h4>\n<h4 style=\"text-align: center;\">K.D.von Dittersdorf Competition 2017<\/h4>\n<h4 style=\"text-align: center;\">27. September 2017<\/h4>\n<hr>\n<h4 style=\"text-align: center;\"><strong>BASS FEST+2017 workshops<\/strong><\/h4>\n<h4 style=\"text-align: center;\"><strong>28. September &#8211; 30. September 2017<\/strong><\/h4>\n<h4 style=\"text-align: center;\">&nbsp;<\/h4>\n<hr>\n<h5 style=\"text-align: center;\">&nbsp;<\/h5>\n<h5 style=\"text-align: center;\"><strong>Workshop charges:<\/strong><\/h5>\n<h5 style=\"text-align: center;\"><strong>20 euro\/ day<\/strong><\/h5>\n<h5 style=\"text-align: center;\"><strong>50% reduction for the members of SDBC*<\/strong><\/h5>\n<p style=\"text-align: center;\"><strong>*<\/strong>For the members of Slovak Double Bass Club: 50% reduction of fee , together with membership fee 2017 &#8211; 20 euro\/ adults, 10 euro students and pensioners. . ONLY SLOVAK members!<\/p>\n<p style=\"text-align: center;\">Every participant has guarantee of minimal two (30 min) lessons for day with two different lectors! (Valid especially for Double Bassists)<\/p>\n<p style=\"text-align: center;\">For the participant in Double Bass class its number of participants limited of 85 students.<\/p>\n<hr>\n<h4 style=\"text-align: center;\"><strong>&nbsp;International Double Bass Competition of C. D. von Dittersdorf 2017<\/strong><\/h4>\n<hr>\n<h5 style=\"text-align: center;\"><strong>competition fee:<\/strong><\/h5>\n<h5 style=\"text-align: center;\"><strong>I. category: 10 euro<\/strong><\/h5>\n<h5 style=\"text-align: center;\"><strong>II. category: 20 euro<\/strong><\/h5>\n<h5 style=\"text-align: center;\"><strong>III. category: 30 euro<\/strong><\/h5>\n<hr>\n<h4 style=\"text-align: center;\"><strong>Accomodation<\/strong><\/h4>\n<hr>\n<p style=\"text-align: center;\"><strong>Price for one person in double room is: 15 eur\/night<\/strong><\/p>\n<p style=\"text-align: center;\"><strong>In case of variant &#8222;only one person&#8220; in double room price is: 17 eur\/night<\/strong><\/p>\n<p style=\"text-align: center;\"><strong>Accommodation in double rooms with bathroom<\/strong><\/p>\n<p style=\"text-align: center;\">till now (may 2017) we organize another form &nbsp;and locations of acoomodation, due unnespected and capacity reasons&#8230;<\/p>\n<h4 style=\"text-align: center;\">&nbsp;<\/h4>\n<h4 style=\"text-align: center;\">&nbsp;<\/h4>\n<p style=\"text-align: center;\">&nbsp;<\/p>\n<hr>\n<p style=\"text-align: center;\">\u0160tudentsk\u00fd domov Akad\u00e9mie Umen\u00ed<\/p>\n<p style=\"text-align: center;\">J. Koll\u00e1ra 22<\/p>\n<p style=\"text-align: center;\">974 01 Bansk\u00e1 Bystrica<\/p>\n<p style=\"text-align: center;\">&nbsp;<\/p>\n<p style=\"text-align: center;\"><small><a href=\"https:\/\/www.google.sk\/maps\/search\/studentsky+domov+akademie+umeni+bb\/@48.741352,19.1501989,17z\/data=!3m1!4b1\">View Larger Map<\/a><\/small><\/p>\n<hr>\n<h4 style=\"text-align: center;\"><strong>Nutrition<\/strong><\/h4>\n<p style=\"text-align: center;\">For the students individual<\/p>\n<hr>\n<h5 style=\"text-align: center;\"><strong>Workshop fee will be payed immediatelly at the registration in Bansk\u00e1 Bystrica!<\/strong><\/h5>\n<h5 style=\"text-align: center;\">&nbsp;<\/h5>\n<hr>\n<h4 style=\"text-align: center;\"><strong>Information and contact person:<\/strong><\/h4>\n<hr>\n<p style=\"text-align: center;\"><strong>Mgr. art. J\u00e1n Prievozn\u00edk<\/strong><br \/>\ntel.:+421 905 338 081<br \/>\nemail: j.prievoznik@gmail.com<\/p>\n<hr>\n<p>&nbsp;","protected":false},"excerpt":{"rendered":"<p>Registration open! &nbsp; K.D.von Dittersdorf Competition 2017 27. September 2017 BASS FEST+2017 workshops 28. September &#8211; 30. September 2017 &nbsp; &nbsp; Workshop charges: 20 euro\/ day 50% reduction for the members of SDBC* *For the members of Slovak Double Bass &hellip; <a href=\"https:\/\/www.slovakdoublebassclub.com\/SK\/registracia\/\">Continued<\/a><\/p>\n","protected":false},"author":5,"featured_media":0,"parent":0,"menu_order":0,"comment_status":"closed","ping_status":"open","template":"","meta":{"ngg_post_thumbnail":0,"footnotes":""},"class_list":["post-3523","page","type-page","status-publish","hentry"],"_links":{"self":[{"href":"https:\/\/www.slovakdoublebassclub.com\/SK\/wp-json\/wp\/v2\/pages\/3523","targetHints":{"allow":["GET"]}}],"collection":[{"href":"https:\/\/www.slovakdoublebassclub.com\/SK\/wp-json\/wp\/v2\/pages"}],"about":[{"href":"https:\/\/www.slovakdoublebassclub.com\/SK\/wp-json\/wp\/v2\/types\/page"}],"author":[{"embeddable":true,"href":"https:\/\/www.slovakdoublebassclub.com\/SK\/wp-json\/wp\/v2\/users\/5"}],"replies":[{"embeddable":true,"href":"https:\/\/www.slovakdoublebassclub.com\/SK\/wp-json\/wp\/v2\/comments?post=3523"}],"version-history":[{"count":59,"href":"https:\/\/www.slovakdoublebassclub.com\/SK\/wp-json\/wp\/v2\/pages\/3523\/revisions"}],"predecessor-version":[{"id":4637,"href":"https:\/\/www.slovakdoublebassclub.com\/SK\/wp-json\/wp\/v2\/pages\/3523\/revisions\/4637"}],"wp:attachment":[{"href":"https:\/\/www.slovakdoublebassclub.com\/SK\/wp-json\/wp\/v2\/media?parent=3523"}],"curies":[{"name":"wp","href":"https:\/\/api.w.org\/{rel}","templated":true}]}}