{"id":3556,"date":"2015-03-17T21:15:09","date_gmt":"2015-03-17T20:15:09","guid":{"rendered":"http:\/\/www.slovakdoublebassclub.com\/?page_id=3556"},"modified":"2015-03-18T22:48:13","modified_gmt":"2015-03-18T21:48:13","slug":"gary-karr","status":"publish","type":"page","link":"https:\/\/www.slovakdoublebassclub.com\/SK\/gary-karr\/","title":{"rendered":"Gary Karr"},"content":{"rendered":"<h4><img loading=\"lazy\" decoding=\"async\" class=\"alignnone wp-image-2460\" src=\"http:\/\/www.slovakdoublebassclub.com\/wp-content\/uploads\/2014\/09\/Gary_karr-300x223.jpg\" alt=\"Gary_karr\" width=\"400\" height=\"299\" srcset=\"https:\/\/www.slovakdoublebassclub.com\/wp-content\/uploads\/2014\/09\/Gary_karr-300x223.jpg 300w, https:\/\/www.slovakdoublebassclub.com\/wp-content\/uploads\/2014\/09\/Gary_karr-600x448.jpg 600w, https:\/\/www.slovakdoublebassclub.com\/wp-content\/uploads\/2014\/09\/Gary_karr.jpg 800w\" sizes=\"auto, (max-width: 400px) 100vw, 400px\" \/><\/h4>\n<p>Narodil sa 20 novembra 1941 v Los Angeles v Californii.<\/p>\n<p style=\"text-align: justify;\"><em>Poch\u00e1dza z hudobn\u00edckej rodiny. U\u017e od 9 rokov hral na kontrabas, u\u010dil ho jeho star\u00fd otec, nesk\u00f4r Herman Reishagen &#8211; b\u00fdval\u00fd \u010dlen New Yourskej filharm\u00f3nie. V rokoch 1954 &#8211; 1961 \u0161tudoval kontrabas u Stuarta Sankeyho v Julliard Schoo of Music v New Yourku.<\/em><\/p>\n<p style=\"text-align: justify;\"><em>Svoj umeleck\u00fd debut mal s Leonardom Bernsteinom a New Yourk Filharmonic v roku 1962, Gary KARR vystupoval ako s\u00f3lista na \u0161iestich kontinentoch s orchestrami vr\u00e1tane\u00a0Chicago Symphony, London Philharmonic Orchestra, Hong Kong Philharmonic, Montreal Symphony, Simon Bolivar Orchestra (Caracas, Venezuela), Jerusalem Symphony, Oslo Philharmonic, Zurich Chamber Orchestra a mnoh\u00fdmi v\u00fdznamn\u00fdmi orchestrami v Austr\u00e1lii. Na Slovensku sa Gary Karr predstavil pred 16 rokmi na 34. ro\u010dn\u00edku Bratislavsk\u00fdch Hudobn\u00fdch Sl\u00e1vnost\u00ed. \u00a0<\/em><\/p>\n<p style=\"text-align: justify;\"><em>V roku 1967 Gary Karr zalo\u017eil International Society of Bassists (ISB) Medzin\u00e1rodn\u00fa Spolo\u010dnos\u0165 Kontrabasistov, organiz\u00e1ciu sl\u00fa\u017eiacu pre \u0161t\u00fadium, propag\u00e1ciu a pokrok kontrabasovej interpret\u00e1cie na celom svete.V roku 2005 Karr daroval svoj vlastn\u00fd n\u00e1stroj, Karr &#8211; Koussevitzk\u00fd kontrabas pre ISB. Tento n\u00e1stroj darovala v roku 1961 Garymu Karrovi Olga Koussevitzka, vdova po Sergejovi Koussevitzkom (1874-1951).\u00a0<\/em><\/p>\n<p style=\"text-align: justify;\"><em>Vyu\u010doval kontrabas na \u0161kol\u00e1ch\u00a0<a title=\"Juilliard School\" href=\"http:\/\/en.wikipedia.org\/wiki\/Juilliard_School\">J<\/a>uilliard School,\u00a0New England Conservatory,\u00a0The Hartt School,\u00a0Yale University,\u00a0Indiana University\u00a0a\u00a0North Carolina School of the Arts\u00a0a publikoval mno\u017estvo kn\u00edh o kontrabase. S\u00fastredil sa na h\u013eadanie jedine\u010dn\u00e9ho zvuku kontrabasu a pr\u00edstupu hrania s lyrick\u00fdm d\u00f4razom spev\u00e1ka.<\/em><\/p>\n<p style=\"text-align: justify;\"><em>Po 40. rokoch koncertn\u00e9ho \u017eivota odi\u0161iel v roku 2001 do d\u00f4chodku, \u017eije v meste Victoria v \u0161t\u00e1te Britsk\u00e1 Kolumbia v USA.<\/em><\/p>\n<p style=\"text-align: justify;\"><em>\/V\u010faka patr\u00ed <a href=\"http:\/\/www.slovakdoublebassclub.com\/harmon-lewis\/\"><strong>Harmonovi Lewisovi<\/strong><\/a>, ktor\u00fd bude k dispoz\u00edcii ako klavirista a korepet\u00edtor\u00a0po\u010das cel\u00e9ho kurzu<\/em><\/p>\n<hr \/>\n<p><a href=\"http:\/\/www.garykarr.com\/\">http:\/\/www.garykarr.com\/<\/a><\/p>\n<p style=\"text-align: justify;\">","protected":false},"excerpt":{"rendered":"<p>Narodil sa 20 novembra 1941 v Los Angeles v Californii. Poch\u00e1dza z hudobn\u00edckej rodiny. U\u017e od 9 rokov hral na kontrabas, u\u010dil ho jeho star\u00fd otec, nesk\u00f4r Herman Reishagen &#8211; b\u00fdval\u00fd \u010dlen New Yourskej filharm\u00f3nie. V rokoch 1954 &#8211; 1961 &hellip; <a href=\"https:\/\/www.slovakdoublebassclub.com\/SK\/gary-karr\/\">Continued<\/a><\/p>\n","protected":false},"author":5,"featured_media":0,"parent":0,"menu_order":0,"comment_status":"closed","ping_status":"open","template":"","meta":{"ngg_post_thumbnail":0,"footnotes":""},"class_list":["post-3556","page","type-page","status-publish","hentry"],"_links":{"self":[{"href":"https:\/\/www.slovakdoublebassclub.com\/SK\/wp-json\/wp\/v2\/pages\/3556","targetHints":{"allow":["GET"]}}],"collection":[{"href":"https:\/\/www.slovakdoublebassclub.com\/SK\/wp-json\/wp\/v2\/pages"}],"about":[{"href":"https:\/\/www.slovakdoublebassclub.com\/SK\/wp-json\/wp\/v2\/types\/page"}],"author":[{"embeddable":true,"href":"https:\/\/www.slovakdoublebassclub.com\/SK\/wp-json\/wp\/v2\/users\/5"}],"replies":[{"embeddable":true,"href":"https:\/\/www.slovakdoublebassclub.com\/SK\/wp-json\/wp\/v2\/comments?post=3556"}],"version-history":[{"count":2,"href":"https:\/\/www.slovakdoublebassclub.com\/SK\/wp-json\/wp\/v2\/pages\/3556\/revisions"}],"predecessor-version":[{"id":3595,"href":"https:\/\/www.slovakdoublebassclub.com\/SK\/wp-json\/wp\/v2\/pages\/3556\/revisions\/3595"}],"wp:attachment":[{"href":"https:\/\/www.slovakdoublebassclub.com\/SK\/wp-json\/wp\/v2\/media?parent=3556"}],"curies":[{"name":"wp","href":"https:\/\/api.w.org\/{rel}","templated":true}]}}