{"id":3849,"date":"2015-08-14T13:19:04","date_gmt":"2015-08-14T11:19:04","guid":{"rendered":"http:\/\/www.slovakdoublebassclub.com\/?page_id=3849"},"modified":"2015-08-18T21:51:19","modified_gmt":"2015-08-18T19:51:19","slug":"children-education-class-workshop-for-children","status":"publish","type":"page","link":"https:\/\/www.slovakdoublebassclub.com\/SK\/children-education-class-workshop-for-children\/","title":{"rendered":"Detsk\u00e1 tvoriv\u00e1 diel\u0148a"},"content":{"rendered":"<p style=\"text-align: justify;\"><a href=\"http:\/\/www.slovakdoublebassclub.com\/wp-content\/uploads\/2012\/11\/IMG_082.jpg\"><img loading=\"lazy\" decoding=\"async\" class=\"alignnone wp-image-3600\" src=\"http:\/\/www.slovakdoublebassclub.com\/wp-content\/uploads\/2012\/11\/IMG_082.jpg\" alt=\"IMG_082\" width=\"400\" height=\"267\" srcset=\"https:\/\/www.slovakdoublebassclub.com\/wp-content\/uploads\/2012\/11\/IMG_082.jpg 1000w, https:\/\/www.slovakdoublebassclub.com\/wp-content\/uploads\/2012\/11\/IMG_082-600x400.jpg 600w, https:\/\/www.slovakdoublebassclub.com\/wp-content\/uploads\/2012\/11\/IMG_082-300x200.jpg 300w\" sizes=\"auto, (max-width: 400px) 100vw, 400px\" \/><\/a><\/p>\n<p style=\"text-align: justify;\">Cie\u013eom tvoriv\u00fdch dieln\u00ed\u00a0je venova\u0165 pozornos\u0165\u00a0<strong>v\u00fdchove<\/strong>\u00a0a\u00a0<strong>kvalitn\u00e9mu vzdelaniu<\/strong>\u00a0t\u00fdch najmen\u0161\u00edch. Obdobie kladenia\u00a0<strong>kvalitn\u00fdch z\u00e1kladov<\/strong>\u00a0od \u0161pi\u010dkov\u00fdch interpretov je pre deti nesmierne d\u00f4le\u017eit\u00e9. \u010casto predur\u010duje ich umeleck\u00e9 smerovanie, d\u00e1va im\u00a0<strong>d\u00f4le\u017eit\u00e9 impulzy<\/strong>\u00a0a poskytuje cenn\u00e9 rady, otv\u00e1ra nov\u00e9 mo\u017enosti pre ich rast. V neposlednom rade ich priv\u00e1dza do sveta &#8222;dospel\u00fdch umelcov&#8220; do ktor\u00e9ho nemaj\u00fa mo\u017enos\u0165 nazrie\u0165 ka\u017ed\u00fd de\u0148.<\/p>\n<p style=\"text-align: justify;\">Zaraden\u00edm tejto &#8222;triedy&#8220; do\u00a0<strong>medzin\u00e1rodn\u00fdch workshov BASS FEST+2015<\/strong>\u00a0je krokom, ktor\u00fdm sledujeme\u00a0<strong>potrebu najd\u00f4le\u017eitej\u0161ej invest\u00edcie<\/strong>\u00a0do najmlad\u0161\u00edch umelcov, hudobn\u00edkov.<\/p>\n<p style=\"text-align: justify;\">Pod\u013ea z\u00e1ujmu det\u00ed, ich mo\u017enost\u00ed a schopnost\u00ed sa\u00a0<strong>pod veden\u00edm sk\u00fasen\u00fdch pedag\u00f3gov (<\/strong><strong><strong>Dalibor Karvay, Jozef Podhoransk\u00fd, Zuzana Bou\u0159ov\u00e1, J\u00e1n Krigovsk\u00fd),\u00a0<\/strong><\/strong>m\u00f4\u017eu zapoji\u0165 do orchestra (pod\u013ea z\u00e1ujm\u00fa a po\u010dtu prihl\u00e1sen\u00fdch), komornej hudby \u010di men\u0161\u00edch s\u00f3lov\u00fdch v\u00fdstupov. Prezentova\u0165 to m\u00f4\u017eu na\u00a0<strong>z\u00e1vere\u010dnom koncerte<\/strong><strong>\u00a0<\/strong><strong>2. okt\u00f3bra<\/strong>\u00a0<strong>o 15:00<\/strong>\u00a0<strong>v<\/strong>\u00a0<strong>koncertnej s\u00e1le J. Cikkera v Banskej Bystrici<\/strong>, kde bud\u00fa odmenen\u00fd spomienkov\u00fdm listom ako i\u00a0<strong>diplomom o absolvovan\u00ed kurzu<\/strong>\u00a0a v neposlednom rade potleskom a uznan\u00edm.<\/p>\n<p style=\"text-align: justify;\">Prihl\u00e1si\u0165 sa m\u00f4\u017eu deti bez obmedzenia veku. Odpor\u00fa\u010dame na lekci\u00e1ch pr\u00edtomnos\u0165 rodi\u010da, pr\u00edp. u\u010dite\u013ea alebo n\u00e1stroja.<\/p>\n<p style=\"text-align: justify;\">V\u00a0pr\u00edpade z\u00e1ujmu treba nahl\u00e1si\u0165:<\/p>\n<p style=\"text-align: justify;\"><strong>meno \u00fa\u010dastn\u00edka<\/strong><\/p>\n<p style=\"text-align: justify;\"><strong>doprovodn\u00e1 osoba<\/strong><\/p>\n<p style=\"text-align: justify;\"><strong>d\u00e1t. narodenia<\/strong><\/p>\n<p style=\"text-align: justify;\"><strong>adresu trval\u00e9ho pobytu<\/strong><\/p>\n<p style=\"text-align: justify;\">V\u00a0pr\u00edpade z\u00e1ujme je mo\u017enos\u0165 poskytn\u00fa\u0165 <strong>ubytovanie<\/strong> die\u0165a\u0165a aj s\u00a0doprovodom. Cena ubytovania je <strong>12EUR\/ noc osoba<\/strong><\/p>\n<p style=\"text-align: justify;\">Cena kurzu:<\/p>\n<p style=\"text-align: justify;\"><strong>12EUR\/de\u0148<\/strong><\/p>\n<p style=\"text-align: justify;\">vyu\u010dovanie prebieha denne pod\u013ea z\u00e1ujmu a prihl\u00e1sen\u00fdch \u00fa\u010dastn\u00edkov o tvoriv\u00e9 dielne v poobed\u0148aj\u0161\u00edch hodin\u00e1ch od <strong>15:00-18:00.<\/strong><\/p>\n<p style=\"text-align: justify;\"><strong>inform\u00e1cie a prihl\u00e1\u0161ky posielajte na:<\/strong><\/p>\n<p style=\"text-align: justify;\"><strong>j.prievoznik@gmail.com<\/strong><\/p>","protected":false},"excerpt":{"rendered":"<p>Cie\u013eom tvoriv\u00fdch dieln\u00ed\u00a0je venova\u0165 pozornos\u0165\u00a0v\u00fdchove\u00a0a\u00a0kvalitn\u00e9mu vzdelaniu\u00a0t\u00fdch najmen\u0161\u00edch. Obdobie kladenia\u00a0kvalitn\u00fdch z\u00e1kladov\u00a0od \u0161pi\u010dkov\u00fdch interpretov je pre deti nesmierne d\u00f4le\u017eit\u00e9. \u010casto predur\u010duje ich umeleck\u00e9 smerovanie, d\u00e1va im\u00a0d\u00f4le\u017eit\u00e9 impulzy\u00a0a poskytuje cenn\u00e9 rady, otv\u00e1ra nov\u00e9 mo\u017enosti pre ich rast. V neposlednom rade ich priv\u00e1dza do &hellip; <a href=\"https:\/\/www.slovakdoublebassclub.com\/SK\/children-education-class-workshop-for-children\/\">Continued<\/a><\/p>\n","protected":false},"author":5,"featured_media":0,"parent":0,"menu_order":0,"comment_status":"closed","ping_status":"open","template":"","meta":{"ngg_post_thumbnail":0,"footnotes":""},"class_list":["post-3849","page","type-page","status-publish","hentry"],"_links":{"self":[{"href":"https:\/\/www.slovakdoublebassclub.com\/SK\/wp-json\/wp\/v2\/pages\/3849","targetHints":{"allow":["GET"]}}],"collection":[{"href":"https:\/\/www.slovakdoublebassclub.com\/SK\/wp-json\/wp\/v2\/pages"}],"about":[{"href":"https:\/\/www.slovakdoublebassclub.com\/SK\/wp-json\/wp\/v2\/types\/page"}],"author":[{"embeddable":true,"href":"https:\/\/www.slovakdoublebassclub.com\/SK\/wp-json\/wp\/v2\/users\/5"}],"replies":[{"embeddable":true,"href":"https:\/\/www.slovakdoublebassclub.com\/SK\/wp-json\/wp\/v2\/comments?post=3849"}],"version-history":[{"count":10,"href":"https:\/\/www.slovakdoublebassclub.com\/SK\/wp-json\/wp\/v2\/pages\/3849\/revisions"}],"predecessor-version":[{"id":3894,"href":"https:\/\/www.slovakdoublebassclub.com\/SK\/wp-json\/wp\/v2\/pages\/3849\/revisions\/3894"}],"wp:attachment":[{"href":"https:\/\/www.slovakdoublebassclub.com\/SK\/wp-json\/wp\/v2\/media?parent=3849"}],"curies":[{"name":"wp","href":"https:\/\/api.w.org\/{rel}","templated":true}]}}