{"id":3945,"date":"2015-08-29T20:18:23","date_gmt":"2015-08-29T18:18:23","guid":{"rendered":"http:\/\/www.slovakdoublebassclub.com\/?page_id=3945"},"modified":"2015-08-29T20:24:11","modified_gmt":"2015-08-29T18:24:11","slug":"patrick-suskind-kontrabas","status":"publish","type":"page","link":"https:\/\/www.slovakdoublebassclub.com\/SK\/patrick-suskind-kontrabas\/","title":{"rendered":"Patrick S\u00fcskind: Kontrabas"},"content":{"rendered":"<div class=\"nazov\">Kontrabas<\/div>\n<div class=\"nazov\"><img loading=\"lazy\" decoding=\"async\" class=\" size-full wp-image-3946 alignright\" src=\"http:\/\/www.slovakdoublebassclub.com\/wp-content\/uploads\/2015\/08\/46-picture-2.jpg\" alt=\"46-picture-2\" width=\"450\" height=\"300\" srcset=\"https:\/\/www.slovakdoublebassclub.com\/wp-content\/uploads\/2015\/08\/46-picture-2.jpg 450w, https:\/\/www.slovakdoublebassclub.com\/wp-content\/uploads\/2015\/08\/46-picture-2-300x200.jpg 300w\" sizes=\"auto, (max-width: 450px) 100vw, 450px\" \/><\/div>\n<div class=\"podnazov\"><\/div>\n<div class=\"text\">Monodr\u00e1ma nemeck\u00e9ho spisovate\u013ea a dramatika Patricka S\u00fcskinda je slovenskej divadelnej verejnosti zn\u00e1ma predov\u0161etk\u00fdm v\u010faka ve\u013emi \u00faspe\u0161n\u00e9mu na\u0161tudovaniu v \u0160t\u00fadiu L+S v hlavnej \u00falohe s Martinom Hubom. T\u00e1to inscen\u00e1cia sa od svojej premi\u00e9ry v roku 1988 hrala neuverite\u013en\u00fdch 24 divadeln\u00fdch sez\u00f3n.<br \/>\nMartinsk\u00ed div\u00e1ci si m\u00f4\u017eu pam\u00e4ta\u0165 inscen\u00e1ciu spred p\u00e4tn\u00e1stich rokov, ktor\u00fa s Martinom Hor\u0148\u00e1kom v hlavnej \u00falohe na\u0161tudoval re\u017eis\u00e9r Dodo Gomb\u00e1r.Slovensk\u00e9 komorn\u00e9 divadlo Martin v spolupr\u00e1ci s bratislavsk\u00fdm Mestsk\u00fdm divadlom P. O. Hviezdoslava pon\u00faka nov\u00fd poh\u013ead na tento sl\u00e1vny S\u00fcskindov text. Nov\u00fd preto, \u017ee na\u0161e na\u0161tudovanie v r\u00e9\u017eii Romana Pol\u00e1ka je divadeln\u00fdm predstaven\u00edm i koncertom z\u00e1rove\u0148. Je divadeln\u00fdm stretnut\u00edm gener\u00e1ci\u00ed, stretnut\u00edm otca so synom, stretnut\u00edm \u010dloveka s minulos\u0165ou, so sebou sam\u00fdm. V hlavn\u00fdch \u00faloh\u00e1ch sa predstavia herec Franti\u0161ek V\u00fdrostko, ktor\u00fd je hercom a riadite\u013eom divadla v Martine a jeho syn Franti\u0161ek V\u00fdrostko mlad\u0161\u00ed, ktor\u00fd je hudobn\u00edkom, hr\u00e1\u010dom na kontrabas, koncertn\u00fdm umelcom p\u00f4sobiacim v mnoh\u00fdch dom\u00e1cich i zahrani\u010dn\u00fdch teles\u00e1ch so zameran\u00edm na s\u00fa\u010dasn\u00fa v\u00e1\u017enu hudbu. S\u00fcskindov text je v\u00fdchodiskom pre hereck\u00fa interpreta\u010dn\u00fa virtuozitu.<strong><em>Predstavenie trv\u00e1 90 min\u00fat bez prest\u00e1vky<\/em><\/strong><\/div>\n<h3>Realiza\u010dn\u00fd t\u00edm:<\/h3>\n<div class=\"text\"><b>Autor<\/b>: Patrick S\u00fcskind<br \/>\n<b>Preklad<\/b>: Martin Porubjak<br \/>\n<b>Dramaturgia<\/b>: <a href=\"http:\/\/www.divadlomartin.sk\/ludia?x=624746755a7a30784a6d316c626e55394e535a7a614739335054633d\">R\u00f3bert Mankoveck\u00fd<\/a><br \/>\n<b>Sc\u00e9na<\/b>: <a href=\"http:\/\/www.divadlomartin.sk\/ludia?x=624746755a7a30784a6d316c626e55394e535a7a614739335054593d\">Jozef Ciller<\/a><br \/>\n<b>Kost\u00fdmy<\/b>: <a href=\"http:\/\/www.divadlomartin.sk\/ludia?x=624746755a7a30784a6d316c626e55394e535a7a614739335054593d\">Jozef Ciller<\/a><br \/>\n<b>R\u00e9\u017eia<\/b>: <a href=\"http:\/\/www.divadlomartin.sk\/ludia?x=624746755a7a30784a6d316c626e55394e535a7a6147393350544931\">Roman Pol\u00e1k<\/a><\/div>\n<h3>Osoby a obsadenie:<\/h3>\n<div class=\"text\"><b>Kontrabasista<\/b>: <a href=\"http:\/\/www.divadlomartin.sk\/ludia?x=624746755a7a30784a6d316c626e55394e535a7a6147393350544977\">Franti\u0161ek V\u00fdrostko<\/a><br \/>\n<b>Kontrabasista ml.<\/b>: Franti\u0161ek V\u00fdrostko ml.<\/div>\n<div class=\"text\"><\/div>\n<div class=\"text\"><a href=\"http:\/\/www.slovakdoublebassclub.com\/wp-content\/uploads\/2015\/08\/1218-kontrabas_buletin_web.pdf\">bulletin SK<\/a><\/div>","protected":false},"excerpt":{"rendered":"<p>Kontrabas Monodr\u00e1ma nemeck\u00e9ho spisovate\u013ea a dramatika Patricka S\u00fcskinda je slovenskej divadelnej verejnosti zn\u00e1ma predov\u0161etk\u00fdm v\u010faka ve\u013emi \u00faspe\u0161n\u00e9mu na\u0161tudovaniu v \u0160t\u00fadiu L+S v hlavnej \u00falohe s Martinom Hubom. T\u00e1to inscen\u00e1cia sa od svojej premi\u00e9ry v roku 1988 hrala neuverite\u013en\u00fdch 24 divadeln\u00fdch &hellip; <a href=\"https:\/\/www.slovakdoublebassclub.com\/SK\/patrick-suskind-kontrabas\/\">Continued<\/a><\/p>\n","protected":false},"author":5,"featured_media":0,"parent":0,"menu_order":0,"comment_status":"closed","ping_status":"open","template":"","meta":{"ngg_post_thumbnail":0,"footnotes":""},"class_list":["post-3945","page","type-page","status-publish","hentry"],"_links":{"self":[{"href":"https:\/\/www.slovakdoublebassclub.com\/SK\/wp-json\/wp\/v2\/pages\/3945","targetHints":{"allow":["GET"]}}],"collection":[{"href":"https:\/\/www.slovakdoublebassclub.com\/SK\/wp-json\/wp\/v2\/pages"}],"about":[{"href":"https:\/\/www.slovakdoublebassclub.com\/SK\/wp-json\/wp\/v2\/types\/page"}],"author":[{"embeddable":true,"href":"https:\/\/www.slovakdoublebassclub.com\/SK\/wp-json\/wp\/v2\/users\/5"}],"replies":[{"embeddable":true,"href":"https:\/\/www.slovakdoublebassclub.com\/SK\/wp-json\/wp\/v2\/comments?post=3945"}],"version-history":[{"count":3,"href":"https:\/\/www.slovakdoublebassclub.com\/SK\/wp-json\/wp\/v2\/pages\/3945\/revisions"}],"predecessor-version":[{"id":3952,"href":"https:\/\/www.slovakdoublebassclub.com\/SK\/wp-json\/wp\/v2\/pages\/3945\/revisions\/3952"}],"wp:attachment":[{"href":"https:\/\/www.slovakdoublebassclub.com\/SK\/wp-json\/wp\/v2\/media?parent=3945"}],"curies":[{"name":"wp","href":"https:\/\/api.w.org\/{rel}","templated":true}]}}