{"id":4006,"date":"2015-10-04T21:20:04","date_gmt":"2015-10-04T19:20:04","guid":{"rendered":"http:\/\/www.slovakdoublebassclub.com\/?page_id=4006"},"modified":"2015-10-04T21:27:57","modified_gmt":"2015-10-04T19:27:57","slug":"results-of-competition-2015","status":"publish","type":"page","link":"https:\/\/www.slovakdoublebassclub.com\/SK\/results-of-competition-2015\/","title":{"rendered":"V\u00fdsledky s\u00fa\u0165a\u017ee 2015"},"content":{"rendered":"<h4><strong>1. Category \u2013 students of primary music schools:<\/strong><\/h4>\n<p>winer:<\/p>\n<p><strong>1.st<\/strong> 237 Indi Stiv\u00edn (CZ)<\/p>\n<h4>2A. Category, ll round\u2013 students of conservatory -18<\/h4>\n<p>points in total for second round:<\/p>\n<p><strong>1st.<\/strong> 277,5 Benedek Devich<\/p>\n<p><strong>2nd.<\/strong> 249,0 Vilmos Moh\u00e1csi<\/p>\n<p><strong>3th.<\/strong> 214,5 Ichinkhorol Gantsogt<\/p>\n<p><strong>3th.<\/strong> 214,0 K\u00f6k\u00e9ny Tam\u00e1s<\/p>\n<h4>2B. Category, ll round\u00a0\u2013 students of conservatory 18+<\/h4>\n<p>points in total for second round:<\/p>\n<p><strong>2nd.<\/strong> 226\u00a0Aynur Zayni<\/p>\n<p><strong>3th.<\/strong>\u00a0221\u00a0Natalia Midek<\/p>\n<h4>3B. Category, ll round &#8211;\u00a0students of music academies 21+<\/h4>\n<p>points in total for second round:<\/p>\n<p><strong>1st.<\/strong> 285,5\u00a0Andor B\u00f3ni<\/p>\n<p><strong>2nd.<\/strong> 259,5\u00a0Marcin Bobak<\/p>\n<p><strong>3th.<\/strong> 256,5\u00a0Yannick Adams<\/p>\n<p><strong>4th.<\/strong> 233\u00a0D\u00e1vid Csuti<\/p>\n<p>&nbsp;<\/p>\n<p>Kompletn\u00e9 v\u00fdsledky 5 ro\u010dn\u00edka medzin\u00e1rodnej kontrabasovej s\u00fa\u0165a\u017ee K. D. von Dittersdorfa 2015 k stiahnutiu <a href=\"http:\/\/www.slovakdoublebassclub.com\/?p=4009\">TU!<\/a>","protected":false},"excerpt":{"rendered":"<p>1. Category \u2013 students of primary music schools: winer: 1.st 237 Indi Stiv\u00edn (CZ) 2A. Category, ll round\u2013 students of conservatory -18 points in total for second round: 1st. 277,5 Benedek Devich 2nd. 249,0 Vilmos Moh\u00e1csi 3th. 214,5 Ichinkhorol Gantsogt &hellip; <a href=\"https:\/\/www.slovakdoublebassclub.com\/SK\/results-of-competition-2015\/\">Continued<\/a><\/p>\n","protected":false},"author":5,"featured_media":0,"parent":0,"menu_order":0,"comment_status":"closed","ping_status":"open","template":"","meta":{"ngg_post_thumbnail":0,"footnotes":""},"class_list":["post-4006","page","type-page","status-publish","hentry"],"_links":{"self":[{"href":"https:\/\/www.slovakdoublebassclub.com\/SK\/wp-json\/wp\/v2\/pages\/4006","targetHints":{"allow":["GET"]}}],"collection":[{"href":"https:\/\/www.slovakdoublebassclub.com\/SK\/wp-json\/wp\/v2\/pages"}],"about":[{"href":"https:\/\/www.slovakdoublebassclub.com\/SK\/wp-json\/wp\/v2\/types\/page"}],"author":[{"embeddable":true,"href":"https:\/\/www.slovakdoublebassclub.com\/SK\/wp-json\/wp\/v2\/users\/5"}],"replies":[{"embeddable":true,"href":"https:\/\/www.slovakdoublebassclub.com\/SK\/wp-json\/wp\/v2\/comments?post=4006"}],"version-history":[{"count":2,"href":"https:\/\/www.slovakdoublebassclub.com\/SK\/wp-json\/wp\/v2\/pages\/4006\/revisions"}],"predecessor-version":[{"id":4010,"href":"https:\/\/www.slovakdoublebassclub.com\/SK\/wp-json\/wp\/v2\/pages\/4006\/revisions\/4010"}],"wp:attachment":[{"href":"https:\/\/www.slovakdoublebassclub.com\/SK\/wp-json\/wp\/v2\/media?parent=4006"}],"curies":[{"name":"wp","href":"https:\/\/api.w.org\/{rel}","templated":true}]}}