{"id":4116,"date":"2016-07-10T18:17:28","date_gmt":"2016-07-10T16:17:28","guid":{"rendered":"http:\/\/www.slovakdoublebassclub.com\/?page_id=4116"},"modified":"2016-11-01T17:56:37","modified_gmt":"2016-11-01T16:56:37","slug":"lectors-2016","status":"publish","type":"page","link":"https:\/\/www.slovakdoublebassclub.com\/SK\/lectors-2016\/","title":{"rendered":"Lectors 2016"},"content":{"rendered":"<p style=\"text-align: left;\"><a href=\"http:\/\/www.slovakdoublebassclub.com\/wp-content\/uploads\/2016\/03\/BASSFEST2016_FB_05.jpg\"><img loading=\"lazy\" decoding=\"async\" class=\"wp-image-4132 aligncenter\" src=\"http:\/\/www.slovakdoublebassclub.com\/wp-content\/uploads\/2016\/03\/BASSFEST2016_FB_05-1024x549.jpg\" alt=\"BASSFEST2016_FB_05\" width=\"500\" height=\"268\" srcset=\"https:\/\/www.slovakdoublebassclub.com\/wp-content\/uploads\/2016\/03\/BASSFEST2016_FB_05-1024x549.jpg 1024w, https:\/\/www.slovakdoublebassclub.com\/wp-content\/uploads\/2016\/03\/BASSFEST2016_FB_05-300x161.jpg 300w, https:\/\/www.slovakdoublebassclub.com\/wp-content\/uploads\/2016\/03\/BASSFEST2016_FB_05-768x412.jpg 768w, https:\/\/www.slovakdoublebassclub.com\/wp-content\/uploads\/2016\/03\/BASSFEST2016_FB_05.jpg 1104w\" sizes=\"auto, (max-width: 500px) 100vw, 500px\" \/><\/a><\/p>\n<h4 style=\"text-align: center;\"><\/h4>\n<h4 style=\"text-align: center;\"><strong>Lectors 2016:<\/strong><\/h4>\n<p style=\"text-align: center;\"><strong>DOUBLE BASS:<\/strong><\/p>\n<p style=\"text-align: center;\"><a href=\"http:\/\/www.slovakdoublebassclub.com\/jan-krigovsky\/\">J\u00e1n Krigovsk\u00fd<\/a> (SK)<\/p>\n<p style=\"text-align: center;\"><a href=\"http:\/\/www.slovakdoublebassclub.com\/zsolt-fejervari\/\">Zsolt Fej\u00e9rv\u00e1ri<\/a> (HU)<\/p>\n<p style=\"text-align: center;\"><a href=\"http:\/\/www.slovakdoublebassclub.com\/bela-sedlak\/\">B\u00e9la Szedlak<\/a> (HU\/CH)<\/p>\n<p style=\"text-align: center;\"><a href=\"http:\/\/www.slovakdoublebassclub.com\/jan-prievoznik\/\">J\u00e1n Prievozn\u00edk<\/a> (SK)<\/p>\n<p style=\"text-align: center;\"><a href=\"http:\/\/www.slovakdoublebassclub.com\/zoltan-janikovic\/\">Zolt\u00e1n Janikovi\u010d<\/a> (SK)<\/p>\n<p class=\"n documentFirstHeading\" style=\"text-align: center;\"><strong>JAZZ BASS:<\/strong><\/p>\n<p class=\"n documentFirstHeading\" style=\"text-align: center;\"><a href=\"http:\/\/www.slovakdoublebassclub.com\/robert-ragan\/\">Robert Ragan<\/a>(SK)<\/p>\n<p class=\"n documentFirstHeading\" style=\"text-align: center;\"><strong>\u00a0BAROQUE VIOLIN:<\/strong><\/p>\n<p class=\"n documentFirstHeading\" style=\"text-align: center;\"><a href=\"http:\/\/www.slovakdoublebassclub.com\/leila-schayegh\/\">Leila Schayegh<\/a> (CH)<\/p>\n<p class=\"n documentFirstHeading\" style=\"text-align: center;\"><strong>CEMBALO:<\/strong><\/p>\n<p class=\"n documentFirstHeading\" style=\"text-align: center;\"><a href=\"http:\/\/www.slovakdoublebassclub.com\/peter-gulas\/\">Peter Gu\u013eas<\/a>\u00a0(SK)<\/p>\n<p class=\"n documentFirstHeading\" style=\"text-align: center;\"><strong>JAZZ PIANO:<\/strong><\/p>\n<p style=\"text-align: center;\"><a href=\"http:\/\/www.slovakdoublebassclub.com\/pavol-bodnar\/\">Pavol Bodn\u00e1r<\/a> (SK)<\/p>\n<p style=\"text-align: center;\">\n","protected":false},"excerpt":{"rendered":"<p>Lectors 2016: DOUBLE BASS: J\u00e1n Krigovsk\u00fd (SK) Zsolt Fej\u00e9rv\u00e1ri (HU) B\u00e9la Szedlak (HU\/CH) J\u00e1n Prievozn\u00edk (SK) Zolt\u00e1n Janikovi\u010d (SK) JAZZ BASS: Robert Ragan(SK) \u00a0BAROQUE VIOLIN: Leila Schayegh (CH) CEMBALO: Peter Gu\u013eas\u00a0(SK) JAZZ PIANO: Pavol Bodn\u00e1r (SK)<\/p>\n","protected":false},"author":5,"featured_media":0,"parent":0,"menu_order":0,"comment_status":"closed","ping_status":"closed","template":"","meta":{"ngg_post_thumbnail":0,"footnotes":""},"class_list":["post-4116","page","type-page","status-publish","hentry"],"_links":{"self":[{"href":"https:\/\/www.slovakdoublebassclub.com\/SK\/wp-json\/wp\/v2\/pages\/4116","targetHints":{"allow":["GET"]}}],"collection":[{"href":"https:\/\/www.slovakdoublebassclub.com\/SK\/wp-json\/wp\/v2\/pages"}],"about":[{"href":"https:\/\/www.slovakdoublebassclub.com\/SK\/wp-json\/wp\/v2\/types\/page"}],"author":[{"embeddable":true,"href":"https:\/\/www.slovakdoublebassclub.com\/SK\/wp-json\/wp\/v2\/users\/5"}],"replies":[{"embeddable":true,"href":"https:\/\/www.slovakdoublebassclub.com\/SK\/wp-json\/wp\/v2\/comments?post=4116"}],"version-history":[{"count":14,"href":"https:\/\/www.slovakdoublebassclub.com\/SK\/wp-json\/wp\/v2\/pages\/4116\/revisions"}],"predecessor-version":[{"id":4315,"href":"https:\/\/www.slovakdoublebassclub.com\/SK\/wp-json\/wp\/v2\/pages\/4116\/revisions\/4315"}],"wp:attachment":[{"href":"https:\/\/www.slovakdoublebassclub.com\/SK\/wp-json\/wp\/v2\/media?parent=4116"}],"curies":[{"name":"wp","href":"https:\/\/api.w.org\/{rel}","templated":true}]}}