{"id":4156,"date":"2016-09-08T12:03:45","date_gmt":"2016-09-08T10:03:45","guid":{"rendered":"http:\/\/www.slovakdoublebassclub.com\/?page_id=4156"},"modified":"2025-10-23T12:41:38","modified_gmt":"2025-10-23T10:41:38","slug":"competition-schedule","status":"publish","type":"page","link":"https:\/\/www.slovakdoublebassclub.com\/SK\/competition-schedule\/","title":{"rendered":"Harmonogram s\u00fa\u0165a\u017ee 2025"},"content":{"rendered":"<h3 style=\"text-align: center;\"><strong>Harmonogram<em>\/ Schedule&nbsp;<\/em><\/strong><\/h3>\r\n<p style=\"text-align: center;\"><a href=\"https:\/\/www.slovakdoublebassclub.com\/wp-content\/uploads\/2025\/06\/logo_25.jpg\"><img loading=\"lazy\" decoding=\"async\" class=\" wp-image-28057 aligncenter\" src=\"https:\/\/www.slovakdoublebassclub.com\/wp-content\/uploads\/2025\/06\/logo_25-1024x1024.jpg\" alt=\"\" width=\"448\" height=\"448\" srcset=\"https:\/\/www.slovakdoublebassclub.com\/wp-content\/uploads\/2025\/06\/logo_25-1024x1024.jpg 1024w, https:\/\/www.slovakdoublebassclub.com\/wp-content\/uploads\/2025\/06\/logo_25-300x300.jpg 300w, https:\/\/www.slovakdoublebassclub.com\/wp-content\/uploads\/2025\/06\/logo_25-150x150.jpg 150w, https:\/\/www.slovakdoublebassclub.com\/wp-content\/uploads\/2025\/06\/logo_25-768x767.jpg 768w, https:\/\/www.slovakdoublebassclub.com\/wp-content\/uploads\/2025\/06\/logo_25-600x599.jpg 600w, https:\/\/www.slovakdoublebassclub.com\/wp-content\/uploads\/2025\/06\/logo_25-100x100.jpg 100w, https:\/\/www.slovakdoublebassclub.com\/wp-content\/uploads\/2025\/06\/logo_25-730x730.jpg 730w, https:\/\/www.slovakdoublebassclub.com\/wp-content\/uploads\/2025\/06\/logo_25-365x365.jpg 365w, https:\/\/www.slovakdoublebassclub.com\/wp-content\/uploads\/2025\/06\/logo_25.jpg 1038w\" sizes=\"auto, (max-width: 448px) 100vw, 448px\" \/><\/a><\/p>\r\n\r\n<h4 style=\"text-align: center;\"><strong><em>International Double Bass Competition of Carl Ditters von Dittersdorf 2025<\/em><\/strong><\/h4>\r\n&nbsp;\r\n<h3 style=\"text-align: center;\">&nbsp;<\/h3>\r\n&nbsp;\r\n<h4 style=\"text-align: center;\"><strong>Akad\u00e9mia umen\u00ed, fakulta m\u00fazick\u00fdch umen\u00ed<\/strong><\/h4>\r\n<h4 style=\"text-align: center;\"><strong>J. Koll\u00e1ra 22, 974 01 Bansk\u00e1 Bystrica<\/strong><\/h4>\r\n<h4 style=\"text-align: center;\"><em>Academy of Arts, faculty of music arts.&nbsp;<\/em><\/h4>\r\n<h4 style=\"text-align: center;\"><em>J. Koll\u00e1ra 22, 974 01 Bansk\u00e1 Bystrica<\/em><\/h4>\r\n\r\n<hr>\r\n\r\n<h4 style=\"text-align: center;\"><strong>7. November \/Piatok\/ <\/strong><i>Friday<\/i><\/h4>\r\n\r\n<hr>\r\n<p style=\"text-align: center;\"><strong>od 18:00 &#8211; 21:00&nbsp; &#8211; mo\u017en\u00e9 korepet\u00edcie&nbsp;<\/strong><\/p>\r\n<p style=\"text-align: center;\"><em>From 6pm, arrival and possible corepetition&nbsp;<\/em><\/p>\r\n<p style=\"text-align: center;\"><strong>Akad\u00e9mia Umen\u00ed Fakulta m\u00fazick\u00fdch umen\u00ed<\/strong><\/p>\r\n<p style=\"text-align: center;\"><em>Academy of music arts in Bansk\u00e1 Bystrica<\/em><\/p>\r\n<p style=\"text-align: center;\">korepet\u00edcie na s\u00fa\u0165a\u017ei \/ corepetition for the competition :<\/p>\r\n<p style=\"text-align: center;\"><strong>klav\u00edr\/<\/strong><em>piano<\/em>: Z. Slavi\u010dkov\u00e1, A. Hu\u010dkov\u00e1)<\/p>\r\n\r\n\r\n<hr>\r\n\r\n<h4 style=\"text-align: center;\"><strong>8. November\/ Sobota\/&nbsp;<\/strong><em>Saturday<\/em><\/h4>\r\n\r\n<hr>\r\n<p style=\"text-align: center;\"><strong>8:00 \u2013 8:45&nbsp;<\/strong>\u2013<strong>&nbsp;registr\u00e1cia\/&nbsp;<\/strong><em>registration<\/em><\/p>\r\n<p style=\"text-align: center;\"><strong>9:00 <\/strong>\u2013&nbsp;<strong>sl\u00e1vnostn\u00e9 otvorenie<\/strong><em>\/ opening ceremonial<\/em><\/p>\r\n<p style=\"text-align: center;\"><strong>14. ro\u010dn\u00edk medzin\u00e1rodnej kontrabasovej s\u00fata\u017ee K. D. von Dittersdorfa 2025<\/strong><\/p>\r\n<p style=\"text-align: center;\"><strong><em>\/<\/em><\/strong><em> 14th year of International Double bass competition of K.D. v. Dittersdorf 2025<\/em><\/p>\r\n<p style=\"text-align: center;\"><strong>9:00 \u2013 12:30&nbsp;<\/strong><\/p>\r\n<p style=\"text-align: center;\"><strong>2 a 3 kateg\u00f3ria, I. kolo<\/strong><\/p>\r\n<p style=\"text-align: center;\"><em>2nd and 3rd category, I. round<\/em><\/p>\r\n<p style=\"text-align: center;\"><strong>(porota<\/strong>\/<em>jury<\/em>:&nbsp;<strong>T. Martin, T. Barb\u00e9, R. Grond\u017eel, H. J. H. Chen, V. \u017datko, G. Ettore, <\/strong><\/p>\r\n<p style=\"text-align: center;\"><strong>P. Kubina, M. Gajdo\u0161, R. Lutsyk,<\/strong><\/p>\r\n<p style=\"text-align: center;\"><strong>klav\u00edr\/<\/strong><em>piano<\/em>: Z. Slavi\u010dkov\u00e1, A. Hu\u010dkov\u00e1)<\/p>\r\n\r\n\r\n<hr>\r\n\r\n<h4 style=\"text-align: center;\"><strong>9. November\/ Nede\u013ea\/&nbsp;<\/strong><em>Sunday<\/em><\/h4>\r\n\r\n<hr>\r\n<p style=\"text-align: center;\"><strong>8:00 \u2013 8:45&nbsp;<\/strong>\u2013<strong>&nbsp;registr\u00e1cia\/&nbsp;<\/strong><em>registration<\/em><\/p>\r\n<p style=\"text-align: center;\"><strong>9:00 \u2013 13:00 competition<\/strong><\/p>\r\n<p style=\"text-align: center;\"><strong>1. kat.&nbsp;&nbsp;<\/strong>\/<em>1st. cat.,<\/em><\/p>\r\n<p style=\"text-align: center;\"><strong>2. kat.&nbsp;<\/strong>\/&nbsp;<em>2nd cat<\/em>&nbsp;\u2013&nbsp;<strong>II. kolo&nbsp;<\/strong>\/&nbsp;<em>II round<\/em><\/p>\r\n<p style=\"text-align: center;\"><strong>3. kat.<\/strong>&nbsp;\/&nbsp;<em>3rd cat<\/em>,&nbsp;<strong>II. kolo<\/strong>&nbsp;\/<em>II round<\/em><\/p>\r\n\r\n\r\n<hr>\r\n<p style=\"text-align: center;\"><b><strong>13:00 -14:00 obedn\u00e1 prest\u00e1vka\/<\/strong>&nbsp;<em>lunch break<\/em>&nbsp;<\/b><\/p>\r\n\r\n\r\n<hr>\r\n<p style=\"text-align: center;\"><strong>14:00 \u2013 16:00 competition<\/strong><\/p>\r\n<p style=\"text-align: center;\"><strong>2. kat.&nbsp;<\/strong>\/&nbsp;<em>2nd cat<\/em>&nbsp;\u2013&nbsp;<strong>III. kolo&nbsp;<\/strong>\/&nbsp;<em>II round<\/em><\/p>\r\n<p style=\"text-align: center;\"><strong>3. kat.<\/strong>&nbsp;\/&nbsp;<em>3rd cat<\/em>,&nbsp;<strong>III. kolo<\/strong>&nbsp;\/<em>II round<\/em><\/p>\r\n\r\n\r\n<hr>\r\n\r\n<figure class=\"wp-block-image\">\r\n<div class=\"page\" title=\"Page 3\">\r\n<div class=\"layoutArea\">\r\n<div class=\"column\">\r\n<p style=\"text-align: center;\"><strong>KONCERT\/<\/strong>&nbsp;<em>CONECRT&nbsp;<\/em><strong>IX:<\/strong><\/p>\r\n<p style=\"text-align: center;\"><strong>18:00<\/strong><\/p>\r\n<p style=\"text-align: center;\"><strong>Koncert \u00fa\u010dastn\u00edkov kurzov BASS FEST+ 2025\/&nbsp;<\/strong><\/p>\r\n<p style=\"text-align: center;\"><em>Concert of BASS FEST+ 2025 course participants<\/em><\/p>\r\n<p style=\"text-align: center;\"><strong>Kontrabasov\u00fd orchester \u201eMedve\u010fku daj labku\u201c&nbsp;<\/strong><\/p>\r\n<p style=\"text-align: center;\"><em>Double Bass Orchestra \u201eGive the Bear a Paw\u201c<\/em><\/p>\r\n<p style=\"text-align: center;\">&nbsp;<\/p>\r\n<p style=\"text-align: center;\"><strong>KONCERT\/<\/strong>&nbsp;<em>CONECRT&nbsp;<\/em><strong>X:<\/strong><\/p>\r\n<p style=\"text-align: center;\"><strong>19:00<\/strong><\/p>\r\n<p style=\"text-align: center;\"><strong>Koncert v\u00ed\u0165azov medzin\u00e1rodnej kontrabasovej s\u00fa\u0165a\u017ee K. D. von Dittersdorfa 2025<\/strong><\/p>\r\n<p style=\"text-align: center;\"><em>Concert of the winners of the K. D. von Dittersdorf International Double Bass Competition 2025<\/em><\/p>\r\n<p style=\"text-align: center;\">(Z. Slav\u00ed\u010dkov\u00e1, A. Hu\u010dkov\u00e1, Collegium Wartberg)<\/p>\r\n\r\n\r\n<hr>\r\n<p style=\"text-align: center;\"><strong>pr\u00e1vo na zmeny vyhraden\u00e9\/&nbsp;<em>all changes reserved\u2026..<\/em><\/strong><\/p>\r\n<p style=\"text-align: center;\"><a href=\"https:\/\/www.slovakdoublebassclub.com\/wp-content\/uploads\/2023\/04\/LOGO_SDBC-1_page-0001.jpg\" data-rel=\"lightbox\"><img loading=\"lazy\" decoding=\"async\" class=\" wp-image-27617 aligncenter\" src=\"https:\/\/www.slovakdoublebassclub.com\/wp-content\/uploads\/2023\/04\/LOGO_SDBC-1_page-0001.jpg\" sizes=\"auto, (max-width: 172px) 100vw, 172px\" srcset=\"https:\/\/www.slovakdoublebassclub.com\/wp-content\/uploads\/2023\/04\/LOGO_SDBC-1_page-0001.jpg 426w, https:\/\/www.slovakdoublebassclub.com\/wp-content\/uploads\/2023\/04\/LOGO_SDBC-1_page-0001-300x237.jpg 300w\" alt=\"\" width=\"172\" height=\"136\"><\/a><\/p>\r\n<p style=\"text-align: center;\">&nbsp;<\/p>\r\n\r\n\r\n<hr>\r\n\r\n<div class=\"page\" style=\"text-align: center;\" title=\"Page 10\">\r\n<div class=\"section\">\r\n<div class=\"layoutArea\">\r\n<div class=\"column\">\r\n\r\n<strong>Z verejn\u00fdch zdrojov podporil Fond na podporu umenia\/<\/strong>\r\n\r\nSupported using public funding by Slovak Arts Council\r\n\r\n<\/div>\r\n<\/div>\r\n<\/div>\r\n<\/div>\r\n<h4 style=\"text-align: center;\"><a href=\"http:\/\/www.slovakdoublebassclub.com\/wp-content\/uploads\/2017\/02\/FPU_logo1_modre.jpg\" data-rel=\"lightbox\"><img loading=\"lazy\" decoding=\"async\" class=\"aligncenter wp-image-4406 size-medium\" src=\"http:\/\/www.slovakdoublebassclub.com\/wp-content\/uploads\/2017\/02\/FPU_logo1_modre-300x225.jpg\" sizes=\"auto, (max-width: 300px) 100vw, 300px\" srcset=\"https:\/\/www.slovakdoublebassclub.com\/wp-content\/uploads\/2017\/02\/FPU_logo1_modre-300x225.jpg 300w, https:\/\/www.slovakdoublebassclub.com\/wp-content\/uploads\/2017\/02\/FPU_logo1_modre-600x450.jpg 600w, https:\/\/www.slovakdoublebassclub.com\/wp-content\/uploads\/2017\/02\/FPU_logo1_modre-768x576.jpg 768w, https:\/\/www.slovakdoublebassclub.com\/wp-content\/uploads\/2017\/02\/FPU_logo1_modre-1024x768.jpg 1024w\" alt=\"\" width=\"300\" height=\"225\"><\/a><\/h4>\r\n<\/div>\r\n<\/div>\r\n<\/div>\r\n<img class=\"aligncenter\" alt=\"\"><\/figure>\r\n<!-- \/wp:post-content -->","protected":false},"excerpt":{"rendered":"<p>Harmonogram\/ Schedule&nbsp; International Double Bass Competition of Carl Ditters von Dittersdorf 2025 &nbsp; &nbsp; &nbsp; Akad\u00e9mia umen\u00ed, fakulta m\u00fazick\u00fdch umen\u00ed J. Koll\u00e1ra 22, 974 01 Bansk\u00e1 Bystrica Academy of Arts, faculty of music arts.&nbsp; J. Koll\u00e1ra 22, 974 01 Bansk\u00e1 &hellip; <a href=\"https:\/\/www.slovakdoublebassclub.com\/SK\/competition-schedule\/\">Continued<\/a><\/p>\n","protected":false},"author":5,"featured_media":28057,"parent":0,"menu_order":0,"comment_status":"closed","ping_status":"closed","template":"","meta":{"ngg_post_thumbnail":0,"footnotes":""},"class_list":["post-4156","page","type-page","status-publish","has-post-thumbnail","hentry"],"_links":{"self":[{"href":"https:\/\/www.slovakdoublebassclub.com\/SK\/wp-json\/wp\/v2\/pages\/4156","targetHints":{"allow":["GET"]}}],"collection":[{"href":"https:\/\/www.slovakdoublebassclub.com\/SK\/wp-json\/wp\/v2\/pages"}],"about":[{"href":"https:\/\/www.slovakdoublebassclub.com\/SK\/wp-json\/wp\/v2\/types\/page"}],"author":[{"embeddable":true,"href":"https:\/\/www.slovakdoublebassclub.com\/SK\/wp-json\/wp\/v2\/users\/5"}],"replies":[{"embeddable":true,"href":"https:\/\/www.slovakdoublebassclub.com\/SK\/wp-json\/wp\/v2\/comments?post=4156"}],"version-history":[{"count":62,"href":"https:\/\/www.slovakdoublebassclub.com\/SK\/wp-json\/wp\/v2\/pages\/4156\/revisions"}],"predecessor-version":[{"id":28194,"href":"https:\/\/www.slovakdoublebassclub.com\/SK\/wp-json\/wp\/v2\/pages\/4156\/revisions\/28194"}],"wp:featuredmedia":[{"embeddable":true,"href":"https:\/\/www.slovakdoublebassclub.com\/SK\/wp-json\/wp\/v2\/media\/28057"}],"wp:attachment":[{"href":"https:\/\/www.slovakdoublebassclub.com\/SK\/wp-json\/wp\/v2\/media?parent=4156"}],"curies":[{"name":"wp","href":"https:\/\/api.w.org\/{rel}","templated":true}]}}