{"id":4239,"date":"2016-10-12T21:23:45","date_gmt":"2016-10-12T19:23:45","guid":{"rendered":"http:\/\/www.slovakdoublebassclub.com\/?page_id=4239"},"modified":"2017-05-04T11:02:08","modified_gmt":"2017-05-04T09:02:08","slug":"pavol-bodnar","status":"publish","type":"page","link":"https:\/\/www.slovakdoublebassclub.com\/SK\/pavol-bodnar\/","title":{"rendered":"Pavol Bodn\u00e1r"},"content":{"rendered":"<p style=\"text-align: justify;\"><a href=\"http:\/\/www.slovakdoublebassclub.com\/wp-content\/uploads\/2016\/10\/Pavol-Bodn\u00e1r-Foto.jpg\"><img loading=\"lazy\" decoding=\"async\" class=\"aligncenter wp-image-4321 \" src=\"http:\/\/www.slovakdoublebassclub.com\/wp-content\/uploads\/2016\/10\/Pavol-Bodn\u00e1r-Foto-683x1024.jpg\" alt=\"pavol-bodnar-foto\" width=\"519\" height=\"779\" srcset=\"https:\/\/www.slovakdoublebassclub.com\/wp-content\/uploads\/2016\/10\/Pavol-Bodn\u00e1r-Foto-683x1024.jpg 683w, https:\/\/www.slovakdoublebassclub.com\/wp-content\/uploads\/2016\/10\/Pavol-Bodn\u00e1r-Foto-600x900.jpg 600w, https:\/\/www.slovakdoublebassclub.com\/wp-content\/uploads\/2016\/10\/Pavol-Bodn\u00e1r-Foto-200x300.jpg 200w, https:\/\/www.slovakdoublebassclub.com\/wp-content\/uploads\/2016\/10\/Pavol-Bodn\u00e1r-Foto-768x1152.jpg 768w, https:\/\/www.slovakdoublebassclub.com\/wp-content\/uploads\/2016\/10\/Pavol-Bodn\u00e1r-Foto-scaled.jpg 1707w\" sizes=\"auto, (max-width: 519px) 100vw, 519px\" \/><\/a><\/p>\n<p style=\"text-align: justify;\">Skladate\u013e, aran\u017e\u00e9r, d\u017eezov\u00fd klavirista, pedag\u00f3g , nosite\u013e Marton\u00edkovej ceny HF&nbsp; \u2013 <i>D\u017eezmen roka 1996<\/i>.<\/p>\n<p style=\"text-align: justify;\">\u0160tudoval eur\u00f3psku artifici\u00e1lnu hudbu na konzervat\u00f3riu v&nbsp;\u017diline a&nbsp;modern\u00fa americk\u00fa hudbu na Berklee College of Music v&nbsp;Bostone. V&nbsp;roku 1990 bol finalistom s\u00fa\u0165a\u017ee jazzov\u00fdch kompoz\u00edci\u00ed (Concours International de Th\u00e9mes de Jazz ) v Monaco so skladbou Cheerful Afternoon.<\/p>\n<p style=\"text-align: justify;\">V&nbsp;priebehu rokov spolupracoval ako klavirista, aran\u017e\u00e9r a&nbsp;skladate\u013e s&nbsp;hudobn\u00edkmi ako Piotr Baron, Grzegorz Nag\u00f3rski, Joe Mur\u00e1nyi, Harry Sokal, Winand G\u00e1bor, Elsa Valle, M\u00e1rkus Tibor, Errol Weiss Schlabach, Barbara Montgomery, Larry Smith, Franz Hofferer, Enzo Ruggieri, Philippe Lavoipierre, Jaroslav\u201eCountry\u201c\u010cervenka a&nbsp;skupinami &#8211; Peter Lipa Band, Peter Cardarelli &amp; Pavol Bodn\u00e1r Band, Slovak Polish Jazz Quartet, Close Harmony Friends, Polemic, VladoViz\u00e1r Jazz Quartet, All Time Jazz Trio.<\/p>\n<p style=\"text-align: justify;\">Autorsky sa anga\u017euje v skupin\u00e1ch s&nbsp;medzin\u00e1rodn\u00fdm obsaden\u00edm &#8211; InterJAZZional Band a&nbsp;V4JAZZ. Vo svojej s\u00fa\u010dasnej tvorbe organicky sp\u00e1ja rytmick\u00e9 prvky latinskoamerick\u00e9ho d\u017eezu a harm\u00f3niu severoamerick\u00e9ho d\u017eezu so&nbsp;slovanskou melodiku. Formov\u00fdm r\u00e1mcom jeho skladieb s\u00fa jednak typick\u00e9 d\u017eezov\u00e9 formy, ako aj origin\u00e1lne formy prirodzene vytvoren\u00e9 pomocou kompozi\u010dn\u00fdch postupov artifici\u00e1lnej hudby ( CD <i>Ecce Jazz, <\/i>Hevhetia, 2006 )<\/p>\n<p style=\"text-align: justify;\">Jeho silnou str\u00e1nkou s\u00fa spont\u00e1nne improviz\u00e1cie na mot\u00edvy barokovej hudby ( projekt <i>Bach In Jazz &amp; Jazz in Bach, Slovensk\u00fd Rozhlas 2000<\/i> ).<\/p>\n<p style=\"text-align: justify;\">CD Ecce Jazz z\u00edskalo ocenenie AUREL 2006 ude\u013eovan\u00e9 ka\u017edoro\u010dne Medzin\u00e1rodnou feder\u00e1ciou fonografick\u00e9ho priemyslu ( IFPI ) za najlep\u0161\u00ed album v kateg\u00f3rii jazz\/blues vydan\u00fd na Slovensku.<\/p>\n<hr>\n<p style=\"text-align: justify;\"><a href=\"http:\/\/www.pavolbodnar.com\/\">http:\/\/www.pavolbodnar.com\/<\/a><\/p>","protected":false},"excerpt":{"rendered":"<p>Skladate\u013e, aran\u017e\u00e9r, d\u017eezov\u00fd klavirista, pedag\u00f3g , nosite\u013e Marton\u00edkovej ceny HF&nbsp; \u2013 D\u017eezmen roka 1996. \u0160tudoval eur\u00f3psku artifici\u00e1lnu hudbu na konzervat\u00f3riu v&nbsp;\u017diline a&nbsp;modern\u00fa americk\u00fa hudbu na Berklee College of Music v&nbsp;Bostone. V&nbsp;roku 1990 bol finalistom s\u00fa\u0165a\u017ee jazzov\u00fdch kompoz\u00edci\u00ed (Concours International de &hellip; <a href=\"https:\/\/www.slovakdoublebassclub.com\/SK\/pavol-bodnar\/\">Continued<\/a><\/p>\n","protected":false},"author":5,"featured_media":0,"parent":0,"menu_order":0,"comment_status":"closed","ping_status":"closed","template":"","meta":{"ngg_post_thumbnail":0,"footnotes":""},"class_list":["post-4239","page","type-page","status-publish","hentry"],"_links":{"self":[{"href":"https:\/\/www.slovakdoublebassclub.com\/SK\/wp-json\/wp\/v2\/pages\/4239","targetHints":{"allow":["GET"]}}],"collection":[{"href":"https:\/\/www.slovakdoublebassclub.com\/SK\/wp-json\/wp\/v2\/pages"}],"about":[{"href":"https:\/\/www.slovakdoublebassclub.com\/SK\/wp-json\/wp\/v2\/types\/page"}],"author":[{"embeddable":true,"href":"https:\/\/www.slovakdoublebassclub.com\/SK\/wp-json\/wp\/v2\/users\/5"}],"replies":[{"embeddable":true,"href":"https:\/\/www.slovakdoublebassclub.com\/SK\/wp-json\/wp\/v2\/comments?post=4239"}],"version-history":[{"count":5,"href":"https:\/\/www.slovakdoublebassclub.com\/SK\/wp-json\/wp\/v2\/pages\/4239\/revisions"}],"predecessor-version":[{"id":4490,"href":"https:\/\/www.slovakdoublebassclub.com\/SK\/wp-json\/wp\/v2\/pages\/4239\/revisions\/4490"}],"wp:attachment":[{"href":"https:\/\/www.slovakdoublebassclub.com\/SK\/wp-json\/wp\/v2\/media?parent=4239"}],"curies":[{"name":"wp","href":"https:\/\/api.w.org\/{rel}","templated":true}]}}