{"id":4486,"date":"2017-05-04T10:58:16","date_gmt":"2017-05-04T08:58:16","guid":{"rendered":"http:\/\/www.slovakdoublebassclub.com\/?page_id=4486"},"modified":"2017-09-02T22:59:03","modified_gmt":"2017-09-02T20:59:03","slug":"milan-radic","status":"publish","type":"page","link":"https:\/\/www.slovakdoublebassclub.com\/SK\/milan-radic\/","title":{"rendered":"Milan Radi\u010d"},"content":{"rendered":"<a href=\"http:\/\/www.slovakdoublebassclub.com\/wp-content\/uploads\/2017\/05\/Milan-Radi\u010d.png\"><img loading=\"lazy\" decoding=\"async\" class=\" wp-image-4488 aligncenter\" src=\"http:\/\/www.slovakdoublebassclub.com\/wp-content\/uploads\/2017\/05\/Milan-Radi\u010d.png\" alt=\"\" width=\"424\" height=\"284\" srcset=\"https:\/\/www.slovakdoublebassclub.com\/wp-content\/uploads\/2017\/05\/Milan-Radi\u010d.png 606w, https:\/\/www.slovakdoublebassclub.com\/wp-content\/uploads\/2017\/05\/Milan-Radi\u010d-600x402.png 600w, https:\/\/www.slovakdoublebassclub.com\/wp-content\/uploads\/2017\/05\/Milan-Radi\u010d-300x201.png 300w\" sizes=\"auto, (max-width: 424px) 100vw, 424px\" \/><\/a><\/p>\n<p>&nbsp;<\/p>\n<p>Milan Radi\u010d sa rad\u00ed medzi v\u00fdznamn\u00fdch slovensk\u00fdch interpretov dlhodobo p\u00f4sobiacich v&nbsp;zahrani\u010d\u00ed. \u0160tudoval na Akad\u00e9mii m\u00fazick\u00fdch umen\u00ed v&nbsp;Prahe u&nbsp;profesora Milana \u0160kampu, \u010fal\u0161ie umeleck\u00e9 impulzy z\u00edskal u&nbsp;Petra Ochsenhofera na Hudobnej univerzite vo Viedni, &nbsp;Oskara Lysyho v&nbsp;Mn\u00edchove, Rubena Gonzalesa v&nbsp;Chicagu a&nbsp;na majstrovsk\u00fdch kurzoch pod veden\u00edm&nbsp;Josefa Ko\u010fouska a&nbsp;Jurija Ba\u0161meta.<\/p>\n<p>U\u017e ako \u0161tudent z\u00edskal nieko\u013eko v\u00fdznamn\u00fdch ocenen\u00ed na n\u00e1rodn\u00fdch a&nbsp;medzin\u00e1rodn\u00fdch s\u00fa\u0165a\u017eiach a &nbsp;v&nbsp;roku 2000 mu bola udelen\u00e1 mimoriadna cena na Medzin\u00e1rodnej violovej s\u00fa\u0165a\u017ei Jurija Ba\u0161meta v&nbsp;Moskve.<\/p>\n<p>Po nieko\u013ekoro\u010dnom p\u00f4soben\u00ed na poste prv\u00e9ho &nbsp;violistu v Century Orchestra Osaka v&nbsp;Japonsku sa&nbsp; v&nbsp;roku 1998&nbsp; stal prv\u00fdm &nbsp;violistom&nbsp; v&nbsp;Mozarteum orchestri v&nbsp;Salzburgu.<\/p>\n<p>Milan Radi\u010d &nbsp;sa predstavil &nbsp;ako s\u00f3lista s r\u00f4znymi orchestrami v Eur\u00f3pe a&nbsp;v&nbsp;\u00c1zi\u00ed a&nbsp;v r\u00e1mci s\u00f3lovych recit\u00e1lov&nbsp; a&nbsp; komorn\u00fdch koncertov vystupoval na renomovan\u00fdch medzin\u00e1rodn\u00fdch festivaloch (Oleg Kagan Festival v&nbsp;Kreuthe, Haydn Festival v&nbsp;Eisenstadte, Schubertiade v&nbsp;Hohenems, Bregenzer Festspiele, Salzburger Festspiele, Concentus Moraviae, Konvergencie, Dubrovnik Summer Festival). Medzi jeho komorn\u00fdch partnerov patrili Raphael Wallfisch, Pavel Gililov, Pierre Amoyal, Jos\u00e9 Gallardo, Natalia Gutman, Radovan Vlatkovi\u0107, &nbsp;Jana Bou\u0161kov\u00e1, Adriana Ku\u010derov\u00e1, Paul Gulda a in\u00ed.<\/p>\n<p>Popri bohatej s\u00f3listickej a&nbsp;komornej \u010dinnosti p\u00f4sobil Milan Radi\u010d aj ako pedag\u00f3g na &nbsp;Mozarteum univerzite v&nbsp;Salzburgu, &nbsp;v In\u0161tit\u00fate Vincenza Belliniho v&nbsp;Kat\u00e1nii a&nbsp;viedol majstrovsk\u00e9 kurzy &nbsp;na p\u00f4de Hudobnej akad\u00e9mie &nbsp;v Budape\u0161ti, &nbsp;Stellenbosch University v Juhoafrickej republike i&nbsp;v&nbsp;r\u00e1mci projektov eduMEMA Poprad, &nbsp;&nbsp;Musica Arvenzis Doln\u00fd Kub\u00edn a.i.&nbsp;<\/p>\n<p>&nbsp;","protected":false},"excerpt":{"rendered":"<p>&nbsp; Milan Radi\u010d sa rad\u00ed medzi v\u00fdznamn\u00fdch slovensk\u00fdch interpretov dlhodobo p\u00f4sobiacich v&nbsp;zahrani\u010d\u00ed. \u0160tudoval na Akad\u00e9mii m\u00fazick\u00fdch umen\u00ed v&nbsp;Prahe u&nbsp;profesora Milana \u0160kampu, \u010fal\u0161ie umeleck\u00e9 impulzy z\u00edskal u&nbsp;Petra Ochsenhofera na Hudobnej univerzite vo Viedni, &nbsp;Oskara Lysyho v&nbsp;Mn\u00edchove, Rubena Gonzalesa v&nbsp;Chicagu a&nbsp;na majstrovsk\u00fdch &hellip; <a href=\"https:\/\/www.slovakdoublebassclub.com\/SK\/milan-radic\/\">Continued<\/a><\/p>\n","protected":false},"author":5,"featured_media":0,"parent":0,"menu_order":0,"comment_status":"closed","ping_status":"closed","template":"","meta":{"ngg_post_thumbnail":0,"footnotes":""},"class_list":["post-4486","page","type-page","status-publish","hentry"],"_links":{"self":[{"href":"https:\/\/www.slovakdoublebassclub.com\/SK\/wp-json\/wp\/v2\/pages\/4486","targetHints":{"allow":["GET"]}}],"collection":[{"href":"https:\/\/www.slovakdoublebassclub.com\/SK\/wp-json\/wp\/v2\/pages"}],"about":[{"href":"https:\/\/www.slovakdoublebassclub.com\/SK\/wp-json\/wp\/v2\/types\/page"}],"author":[{"embeddable":true,"href":"https:\/\/www.slovakdoublebassclub.com\/SK\/wp-json\/wp\/v2\/users\/5"}],"replies":[{"embeddable":true,"href":"https:\/\/www.slovakdoublebassclub.com\/SK\/wp-json\/wp\/v2\/comments?post=4486"}],"version-history":[{"count":3,"href":"https:\/\/www.slovakdoublebassclub.com\/SK\/wp-json\/wp\/v2\/pages\/4486\/revisions"}],"predecessor-version":[{"id":4585,"href":"https:\/\/www.slovakdoublebassclub.com\/SK\/wp-json\/wp\/v2\/pages\/4486\/revisions\/4585"}],"wp:attachment":[{"href":"https:\/\/www.slovakdoublebassclub.com\/SK\/wp-json\/wp\/v2\/media?parent=4486"}],"curies":[{"name":"wp","href":"https:\/\/api.w.org\/{rel}","templated":true}]}}