{"id":4495,"date":"2017-05-20T13:21:13","date_gmt":"2017-05-20T11:21:13","guid":{"rendered":"http:\/\/www.slovakdoublebassclub.com\/?page_id=4495"},"modified":"2017-05-20T13:22:25","modified_gmt":"2017-05-20T11:22:25","slug":"petr-skalka","status":"publish","type":"page","link":"https:\/\/www.slovakdoublebassclub.com\/SK\/petr-skalka\/","title":{"rendered":"Petr Skalka"},"content":{"rendered":"&nbsp;<\/p>\n<p style=\"text-align: center;\"><a href=\"http:\/\/www.slovakdoublebassclub.com\/wp-content\/uploads\/2017\/05\/Petr-Skalka.jpg\"><img loading=\"lazy\" decoding=\"async\" class=\"alignnone size-full wp-image-4496\" src=\"http:\/\/www.slovakdoublebassclub.com\/wp-content\/uploads\/2017\/05\/Petr-Skalka.jpg\" alt=\"\" width=\"348\" height=\"232\" srcset=\"https:\/\/www.slovakdoublebassclub.com\/wp-content\/uploads\/2017\/05\/Petr-Skalka.jpg 348w, https:\/\/www.slovakdoublebassclub.com\/wp-content\/uploads\/2017\/05\/Petr-Skalka-300x200.jpg 300w\" sizes=\"auto, (max-width: 348px) 100vw, 348px\" \/><\/a><\/p>\n<p>Petr Skalka se narodil v Praze. Prvn\u00ed setk\u00e1n\u00ed s hudbou mu zprost\u0159edkoval jeho otec, koncertn\u00ed mistr symfonick\u00e9ho orchestru. Od konce osmdes\u00e1t\u00fdch let studoval violoncello na Konzervato\u0159i v Plzni. Postupn\u011b ho z\u00e1jem o \\\\\\&#8220;starou\\\\\\&#8220; hudbu a zejm\u00e9na obdiv ke zp\u016fsobu, kter\u00fdm d\u00e1vn\u00ed hudebn\u00edci p\u0159istupovali k hudb\u011b, p\u0159ivedl ke studiu na Schola Cantorum Basiliensis (Hochschule f\u00fcr Alte Musik) ve \u0161v\u00fdcarsk\u00e9 Basileji. Zde se vyu\u010dil&nbsp;h\u0159e na violoncello a komorn\u00ed h\u0159e u francouzsk\u00e9ho violoncellisty Ch. Coina.&nbsp;<\/p>\n<p>Jako hudebn\u00edk pravideln\u011b spolupracuje jako s\u00f3lista a komorn\u00ed hr\u00e1\u010d a proslul\u00fdmi hudebn\u00edky po cel\u00e9 Evrope.<\/p>\n<p>Petr Skalka pusob\u00ed jako odborn\u00fd asistent violoncellov\u00e9 hry na Schole Cantorum Basiliensis. V letech 2011 a\u017e 2015 &nbsp;vyu\u010doval tak\u00e9 na Hochschule f\u00fcr Musik v Norimberku. Nahr\u00e1vky, na kter\u00fdch se pod\u00edl\u00ed zejm\u00e9na s ensemblem Caf\u00e9 Zimmermann a kvartetem Rincontro byly n\u011bkolikr\u00e1t nominov\u00e1ny evropsk\u00fdmi presti\u017en\u00ed cenami. (Diapason d&#8217;or, Choc de l&#8217;ann\u00e9e du Monde de la Musique, Cinq \u00e9toiles de Goldberg, Recommand\u00e9 par Classica etc.)<\/p>\n<p>&nbsp;<\/p>\n<p><em>&#8222;I can&#8217;t remember a cellist who has so definitively conquered the challenges of this gut-stringed instrument, played it with such richly satisfying tone and scrupulous intonation, and drawn such rapt and haunting inwardness from the slow movement. Skalka took an inventive and engaging occasional piece and uncovered profound beauty in it.&#8220;<\/em><\/p>\n<p><em>washingtonpost.com<\/em><\/p>\n<p><em>&#8222;&#8230;le violoncelle grain\u00e9 et f\u00e9lin de Petr Skalka, qui exulte d&#8217;ailleurs dans le Concerto pour violoncelle faisant montre d&#8217;un archet vigoureux et assertif, jouant avec les harmoniques, variant \u00e0 l&#8217;envi les articulations.&#8220;<\/em><\/p>\n<p><em>musebaroque.fr<\/em><\/p>\n<p>&nbsp;<\/p>\n<hr>\n<p>http:\/\/www.skalka.net\/index.php","protected":false},"excerpt":{"rendered":"<p>&nbsp; Petr Skalka se narodil v Praze. Prvn\u00ed setk\u00e1n\u00ed s hudbou mu zprost\u0159edkoval jeho otec, koncertn\u00ed mistr symfonick\u00e9ho orchestru. Od konce osmdes\u00e1t\u00fdch let studoval violoncello na Konzervato\u0159i v Plzni. Postupn\u011b ho z\u00e1jem o \\\\\\&#8220;starou\\\\\\&#8220; hudbu a zejm\u00e9na obdiv ke zp\u016fsobu, &hellip; <a href=\"https:\/\/www.slovakdoublebassclub.com\/SK\/petr-skalka\/\">Continued<\/a><\/p>\n","protected":false},"author":5,"featured_media":0,"parent":0,"menu_order":0,"comment_status":"closed","ping_status":"closed","template":"","meta":{"ngg_post_thumbnail":0,"footnotes":""},"class_list":["post-4495","page","type-page","status-publish","hentry"],"_links":{"self":[{"href":"https:\/\/www.slovakdoublebassclub.com\/SK\/wp-json\/wp\/v2\/pages\/4495","targetHints":{"allow":["GET"]}}],"collection":[{"href":"https:\/\/www.slovakdoublebassclub.com\/SK\/wp-json\/wp\/v2\/pages"}],"about":[{"href":"https:\/\/www.slovakdoublebassclub.com\/SK\/wp-json\/wp\/v2\/types\/page"}],"author":[{"embeddable":true,"href":"https:\/\/www.slovakdoublebassclub.com\/SK\/wp-json\/wp\/v2\/users\/5"}],"replies":[{"embeddable":true,"href":"https:\/\/www.slovakdoublebassclub.com\/SK\/wp-json\/wp\/v2\/comments?post=4495"}],"version-history":[{"count":2,"href":"https:\/\/www.slovakdoublebassclub.com\/SK\/wp-json\/wp\/v2\/pages\/4495\/revisions"}],"predecessor-version":[{"id":4498,"href":"https:\/\/www.slovakdoublebassclub.com\/SK\/wp-json\/wp\/v2\/pages\/4495\/revisions\/4498"}],"wp:attachment":[{"href":"https:\/\/www.slovakdoublebassclub.com\/SK\/wp-json\/wp\/v2\/media?parent=4495"}],"curies":[{"name":"wp","href":"https:\/\/api.w.org\/{rel}","templated":true}]}}