{"id":4705,"date":"2018-04-30T07:56:49","date_gmt":"2018-04-30T05:56:49","guid":{"rendered":"http:\/\/www.slovakdoublebassclub.com\/?page_id=4705"},"modified":"2026-03-19T22:53:16","modified_gmt":"2026-03-19T21:53:16","slug":"competition-2024","status":"publish","type":"page","link":"https:\/\/www.slovakdoublebassclub.com\/SK\/competition-2024\/","title":{"rendered":"K. D. von Dittersdorf competition 2026"},"content":{"rendered":"<p>&nbsp;<\/p>\r\n<h4><a href=\"https:\/\/www.slovakdoublebassclub.com\/wp-content\/uploads\/2023\/04\/LOGO_SDBC-1_page-0001.jpg\"><img loading=\"lazy\" decoding=\"async\" class=\" wp-image-27617 aligncenter\" src=\"https:\/\/www.slovakdoublebassclub.com\/wp-content\/uploads\/2023\/04\/LOGO_SDBC-1_page-0001.jpg\" alt=\"\" width=\"177\" height=\"139\" srcset=\"https:\/\/www.slovakdoublebassclub.com\/wp-content\/uploads\/2023\/04\/LOGO_SDBC-1_page-0001.jpg 426w, https:\/\/www.slovakdoublebassclub.com\/wp-content\/uploads\/2023\/04\/LOGO_SDBC-1_page-0001-300x237.jpg 300w\" sizes=\"auto, (max-width: 177px) 100vw, 177px\" \/><\/a><\/h4>\r\n<h4 style=\"text-align: center;\"><em>Medzin\u00e1rodn\u00e1 kontrabasov\u00e1 s\u00fa\u0165a\u017e Karla Ditters von Dittersdorfa 2026<\/em><\/h4>\r\n<h4 style=\"text-align: center;\"><strong>30. september &#8211; 1. okt\u00f3ber 2026<\/strong><\/h4>\r\n<h4 style=\"text-align: center;\">Bansk\u00e1 Bystrica<\/h4>\r\n<p style=\"text-align: center;\"><b>Akad\u00e9mia umen\u00ed, fakulta m\u00fazick\u00fdch umen\u00ed&nbsp;<\/b><\/p>\r\n<p style=\"text-align: center;\"><strong>J. Koll\u00e1ra 20, 97401 Bansk\u00e1 Bystrica&nbsp;<\/strong><\/p>\r\n<p style=\"text-align: center;\"><a href=\"http:\/\/www.slovakdoublebassclub.com\/wp-content\/uploads\/2012\/03\/ditters-von-detterrsdorf.jpg\"><img loading=\"lazy\" decoding=\"async\" class=\" size-full wp-image-1336 aligncenter\" src=\"http:\/\/www.slovakdoublebassclub.com\/wp-content\/uploads\/2012\/03\/ditters-von-detterrsdorf.jpg\" alt=\"ditters von detterrsdorf\" width=\"300\" height=\"414\" srcset=\"https:\/\/www.slovakdoublebassclub.com\/wp-content\/uploads\/2012\/03\/ditters-von-detterrsdorf.jpg 300w, https:\/\/www.slovakdoublebassclub.com\/wp-content\/uploads\/2012\/03\/ditters-von-detterrsdorf-217x300.jpg 217w\" sizes=\"auto, (max-width: 300px) 100vw, 300px\" \/><\/a><\/p>\r\n<p style=\"text-align: left;\">&nbsp;<\/p>\r\n<p>&nbsp;<\/p>\r\n<p style=\"text-align: justify;\"><i><strong>15. ro\u010dn\u00edk<\/strong> medzin\u00e1rodnej kontrabasovej s\u00fa\u0165a\u017ee K. D. von Dittersdorfa je organizovan\u00e1 <strong>Slovak Double Bass Clubom a Akad\u00e9miou umeni v Banskej Bystrici.<\/strong>&nbsp;Je ur\u010den\u00e1 pre v\u0161etk\u00fdch kontrabasistov:&nbsp;<strong>\u017eiakov z\u00e1kladn\u00fdch umeleck\u00fdch \u0161k\u00f4l, \u0161tudentov&nbsp;konzervat\u00f3ri\u00ed, hudobn\u00fdch akad\u00e9mi\u00ed a&nbsp;univerz\u00edt.<\/strong>&nbsp;<\/i><\/p>\r\n<p style=\"text-align: justify;\">Po\u010das trin\u00e1stich ro\u010dn\u00edkov existencie s\u00fa\u0165a\u017ee sa v jednotliv\u00fdch kateg\u00f3ri\u00e1ch z\u00fa\u010dastnilo viac ako <strong>320 s\u00fa\u0165a\u017eiacich<\/strong> zo z\u00e1kladn\u00fdch&nbsp;umeleck\u00fdch \u0161k\u00f4l, konzervat\u00f3ri\u00ed a&nbsp;vysok\u00fdch umeleck\u00fdch \u0161k\u00f4l a&nbsp;akad\u00e9mi\u00ed z <strong>15&nbsp;kraj\u00edn<\/strong>&nbsp;(Slovensko, \u010cesk\u00e1 republika, Po\u013esko, Ma\u010farsko, Srbsko, Bulharsko, Turecko, Rusko, Mongolsko, \u010c\u00edna, \u0160vaj\u010diarsko a i.)<\/p>\r\n<p style=\"text-align: justify;\">V dvoch&nbsp;kateg\u00f3riach je ur\u010den\u00e9 predvies\u0165 <strong>povinn\u00fa skladbu,<\/strong> skonponovan\u00fa pre aktu\u00e1lny ro\u010dn\u00edk od Slovensk\u00e9ho skladate\u013ea (pr\u00edpadne in\u00fa povinn\u00fa skladbu od Slovensk\u00e9ho skladate\u013ea).<\/p>\r\n<p style=\"text-align: justify;\">V doteraj\u0161ej hist\u00f3rii s\u00fa\u0165a\u017ee tak odzneli kompoz\u00edcie:<\/p>\r\n<p style=\"text-align: justify;\">2014: <strong>Vojtech Didi:<\/strong>&nbsp;<strong>\u201eFare Musica\u201c&nbsp;<\/strong><\/p>\r\n<p style=\"text-align: justify;\">2015: <strong>Jevgenij Ir\u0161ai:<\/strong>&nbsp;<strong>\u201eBassome mucho\u201c &nbsp;<\/strong><\/p>\r\n<p style=\"text-align: justify;\">2016: <strong>Stanislav Pal\u00fach: &#8222;Remone&#8220; <\/strong>a&nbsp;skladby Slovensk\u00fdch autorov:&nbsp;<strong>\u013d. Rajter, T. Fre\u0161o, <\/strong>&nbsp;<\/p>\r\n<p style=\"text-align: justify;\">2017: <strong>Viktor Fortin:<\/strong>&nbsp;<strong>&#8222;Toccata for db and piano&#8220; <\/strong>a \u013d. Rajter &#8211; <strong>&#8222;Sonat\u00edna&#8220;<\/strong> pre kontrabas a klav\u00edr, a ,<\/p>\r\n<p style=\"text-align: justify;\">2018:&nbsp;<strong>Vladim\u00edr Martinka:<\/strong>&nbsp;<strong>&#8222;Magic of castle Ve\u013ek\u00fd Biel&#8220;<\/strong> a skladba od <strong>\u013d. Kubkovi\u010da:<\/strong> <strong>&#8222;Sonat\u00edna A dur&#8220;<\/strong> v ed\u00edcii SDBC.<\/p>\r\n<p style=\"text-align: justify;\">2019: <strong>Miloslav Gajdo\u0161: &#8222;Toccata SDBC&#8220; <\/strong>a<strong> \u013d. Rajter &#8211; &#8222;Son\u00e1ta&#8220; <\/strong>a<strong>&nbsp;&#8222;Sonat\u00edna&#8220; <\/strong>pre kontrabas a klav\u00edr&nbsp;<\/p>\r\n<p style=\"text-align: justify;\">2020:&nbsp;<strong>V. Kubi\u010dka:<\/strong>&nbsp;<strong>&#8222;Suita pre kontrabas s\u00f3lo&#8220;<\/strong>, <strong>V. Martinka<\/strong> &#8211; <strong>&#8222;Magic castle&#8220;<\/strong> pre kontrabas a klav\u00edr, <strong>D. Heyes<\/strong> &#8211; <strong>&#8222;Lamentationes&#8220;<\/strong> pre s\u00f3lo kontrabas.<\/p>\r\n<p style=\"text-align: justify;\">2021:&nbsp;<strong><span lang=\"SK\">Ernest \u0160arkozi:&nbsp;<\/span>\u201eCig\u00e1nka\u201c <\/strong>pre kontrabas a klav\u00edr<strong>&nbsp;&nbsp;<\/strong><\/p>\r\n<p style=\"text-align: justify;\">2022: <strong>\u013d. Rajter: &#8222;Sonat\u00edna&#8220; <\/strong>pre kontrabas a klav\u00edr,<strong> V. Didi: &#8222;Fare Musica&#8220;, J. Irshai: &#8222;Bassome Mucho&#8220;, V. Martinka &#8222;Magic Castle&#8220;<\/strong><\/p>\r\n<p>2023: <strong>A. Strelnikova: Sonata pre kontrabas a klav\u00edr, &nbsp;<\/strong><\/p>\r\n<p>2024:<strong> Remenius Kla\u010dansk\u00fd: &#8222;Forest phantasy&#8220;<\/strong><\/p>\r\n<p>&nbsp;<\/p>\r\n<p><strong>Slovak Double Bass Club<\/strong> chce organizovan\u00edm kontrabasovej s\u00fa\u0165a\u017ee K.D. von Dittersdorfa <strong>obohati\u0165 a motivova\u0165<\/strong> mlad\u00fdch hudobn\u00edkov, <strong>podpori\u0165 zdrav\u00fa s\u00fa\u0165a\u017eivos\u0165<\/strong> medzi \u0161tudentmi kontrabasu a pon\u00faknu\u0165 v\u0161etk\u00fdm \u00fa\u010dastn\u00edkom, posluch\u00e1\u010dom a n\u00e1v\u0161tevn\u00edkom mo\u017enos\u0165 porovna\u0165 svoje v\u00fdkony s interpretmi z in\u00fdch \u0161t\u00e1tov a z\u00e1stupcami in\u00fdch \u0161k\u00f4l.<\/p>\r\n<p>Hlavn\u00fdm cie\u013eom organiz\u00e1torov je \u010do <strong>najobjekt\u00edvnej\u0161ie hodnotenie s\u00fa\u0165a\u017eiacich<\/strong>. Z\u00e1rukou dosiahnutia tohto cie\u013ea je zlo\u017eenie medzin\u00e1rodnej poroty pozost\u00e1vaj\u00facej z <strong>uzn\u00e1van\u00fdch osobnost\u00ed, kontrabasistov, s\u00f3listov a pedag\u00f3gov<\/strong> na popredn\u00fdch vysok\u00fdch \u0161kol\u00e1ch u n\u00e1s i v zahrani\u010d\u00ed.<\/p>\r\n<p style=\"text-align: justify;\"><strong>&nbsp;<\/strong>&nbsp;<\/p>\r\n<p>&nbsp;<\/p>\r\n<p style=\"text-align: center;\">&nbsp;<\/p>\r\n<p>&nbsp;<\/p>\r\n<hr>\r\n<div class=\"page\" title=\"Page 10\">\r\n<div class=\"section\">\r\n<div class=\"layoutArea\">\r\n<div class=\"column\">\r\n<p style=\"text-align: center;\"><strong>Z verejn\u00fdch zdrojov podporil Fond na podporu umenia\/ <\/strong><\/p>\r\n<p style=\"text-align: center;\">Supported using public funding by Slovak Arts Council<\/p>\r\n<\/div>\r\n<\/div>\r\n<\/div>\r\n<\/div>\r\n<h4 style=\"text-align: center;\"><a href=\"http:\/\/www.slovakdoublebassclub.com\/wp-content\/uploads\/2017\/02\/FPU_logo1_modre.jpg\"><img loading=\"lazy\" decoding=\"async\" class=\"aligncenter wp-image-4406 size-medium\" src=\"http:\/\/www.slovakdoublebassclub.com\/wp-content\/uploads\/2017\/02\/FPU_logo1_modre-300x225.jpg\" alt=\"\" width=\"300\" height=\"225\" srcset=\"https:\/\/www.slovakdoublebassclub.com\/wp-content\/uploads\/2017\/02\/FPU_logo1_modre-300x225.jpg 300w, https:\/\/www.slovakdoublebassclub.com\/wp-content\/uploads\/2017\/02\/FPU_logo1_modre-600x450.jpg 600w, https:\/\/www.slovakdoublebassclub.com\/wp-content\/uploads\/2017\/02\/FPU_logo1_modre-768x576.jpg 768w, https:\/\/www.slovakdoublebassclub.com\/wp-content\/uploads\/2017\/02\/FPU_logo1_modre-1024x768.jpg 1024w\" sizes=\"auto, (max-width: 300px) 100vw, 300px\" \/><\/a><\/h4>\r\n<hr>\r\n<p style=\"text-align: center;\"><strong>Hlavn\u00fd usporiadate\u013eia\/<\/strong><\/p>\r\n<p style=\"text-align: center;\"><em>the main organizers:<\/em><\/p>\r\n<p><a href=\"https:\/\/www.slovakdoublebassclub.com\/wp-content\/uploads\/2023\/04\/LOGO_SDBC-1_page-0001.jpg\"><br><img loading=\"lazy\" decoding=\"async\" class=\"wp-image-27617 aligncenter\" src=\"https:\/\/www.slovakdoublebassclub.com\/wp-content\/uploads\/2023\/04\/LOGO_SDBC-1_page-0001.jpg\" alt=\"\" width=\"202\" height=\"159\" srcset=\"https:\/\/www.slovakdoublebassclub.com\/wp-content\/uploads\/2023\/04\/LOGO_SDBC-1_page-0001.jpg 426w, https:\/\/www.slovakdoublebassclub.com\/wp-content\/uploads\/2023\/04\/LOGO_SDBC-1_page-0001-300x237.jpg 300w\" sizes=\"auto, (max-width: 202px) 100vw, 202px\" \/><\/a><a href=\"https:\/\/www.slovakdoublebassclub.com\/wp-content\/uploads\/2023\/03\/AU-logo-.png\"><img loading=\"lazy\" decoding=\"async\" class=\"wp-image-27565 aligncenter\" src=\"https:\/\/www.slovakdoublebassclub.com\/wp-content\/uploads\/2023\/03\/AU-logo-.png\" alt=\"\" width=\"271\" height=\"146\" srcset=\"https:\/\/www.slovakdoublebassclub.com\/wp-content\/uploads\/2023\/03\/AU-logo-.png 306w, https:\/\/www.slovakdoublebassclub.com\/wp-content\/uploads\/2023\/03\/AU-logo--300x162.png 300w\" sizes=\"auto, (max-width: 271px) 100vw, 271px\" \/><\/a><\/p>\r\n<p style=\"text-align: center;\">&nbsp;<\/p>\r\n<p>&nbsp;<\/p>","protected":false},"excerpt":{"rendered":"<p>&nbsp; Medzin\u00e1rodn\u00e1 kontrabasov\u00e1 s\u00fa\u0165a\u017e Karla Ditters von Dittersdorfa 2026 30. september &#8211; 1. okt\u00f3ber 2026 Bansk\u00e1 Bystrica Akad\u00e9mia umen\u00ed, fakulta m\u00fazick\u00fdch umen\u00ed&nbsp; J. Koll\u00e1ra 20, 97401 Bansk\u00e1 Bystrica&nbsp; &nbsp; &nbsp; 15. ro\u010dn\u00edk medzin\u00e1rodnej kontrabasovej s\u00fa\u0165a\u017ee K. D. von Dittersdorfa je &hellip; <a href=\"https:\/\/www.slovakdoublebassclub.com\/SK\/competition-2024\/\">Continued<\/a><\/p>\n","protected":false},"author":5,"featured_media":0,"parent":0,"menu_order":0,"comment_status":"closed","ping_status":"closed","template":"","meta":{"ngg_post_thumbnail":0,"footnotes":""},"class_list":["post-4705","page","type-page","status-publish","hentry"],"_links":{"self":[{"href":"https:\/\/www.slovakdoublebassclub.com\/SK\/wp-json\/wp\/v2\/pages\/4705","targetHints":{"allow":["GET"]}}],"collection":[{"href":"https:\/\/www.slovakdoublebassclub.com\/SK\/wp-json\/wp\/v2\/pages"}],"about":[{"href":"https:\/\/www.slovakdoublebassclub.com\/SK\/wp-json\/wp\/v2\/types\/page"}],"author":[{"embeddable":true,"href":"https:\/\/www.slovakdoublebassclub.com\/SK\/wp-json\/wp\/v2\/users\/5"}],"replies":[{"embeddable":true,"href":"https:\/\/www.slovakdoublebassclub.com\/SK\/wp-json\/wp\/v2\/comments?post=4705"}],"version-history":[{"count":66,"href":"https:\/\/www.slovakdoublebassclub.com\/SK\/wp-json\/wp\/v2\/pages\/4705\/revisions"}],"predecessor-version":[{"id":28256,"href":"https:\/\/www.slovakdoublebassclub.com\/SK\/wp-json\/wp\/v2\/pages\/4705\/revisions\/28256"}],"wp:attachment":[{"href":"https:\/\/www.slovakdoublebassclub.com\/SK\/wp-json\/wp\/v2\/media?parent=4705"}],"curies":[{"name":"wp","href":"https:\/\/api.w.org\/{rel}","templated":true}]}}