{"id":4762,"date":"2018-05-14T13:08:27","date_gmt":"2018-05-14T11:08:27","guid":{"rendered":"http:\/\/www.slovakdoublebassclub.com\/?page_id=4762"},"modified":"2018-05-14T13:08:27","modified_gmt":"2018-05-14T11:08:27","slug":"balasz-mate","status":"publish","type":"page","link":"https:\/\/www.slovakdoublebassclub.com\/SK\/balasz-mate\/","title":{"rendered":"Bal\u00e1sz M\u00e1t\u00e9"},"content":{"rendered":"<p><a href=\"http:\/\/www.slovakdoublebassclub.com\/wp-content\/uploads\/2018\/05\/matebalazs.jpg\"><img loading=\"lazy\" decoding=\"async\" class=\"size-full wp-image-4763 aligncenter\" src=\"http:\/\/www.slovakdoublebassclub.com\/wp-content\/uploads\/2018\/05\/matebalazs.jpg\" alt=\"\" width=\"190\" height=\"176\"><\/a><\/p>\n<p>The cellist Bal\u00e1zs M\u00e1t\u00e9 (born 1965 in Budapest) is leader of \u201eAURA MUSICALE\u201d. He studied at the B.Bart\u00f3k Conservatory and the F.Liszt Academy of Music in Budapest.&nbsp; From 1986-92 he was a member of the Hungarian National Philharmonic Orchestra. Post-graduate Baroque cello studies at the Royal Conservatory in The Hague (NL) with Jaap ter Linden, chamber music lessons with Nikolaus Harnoncourt at the Mozarteum Salzburg.<br \/>\nFounding member of Concerto armonico Budapest, Trio Cristofori and The Rare Fuits Council. Solo cellist in world famous Baroque orchestras: 1991- Le Concert des Nations (J.Savall), 1994- Wiener Akademie (M.Haselb\u00f6ck), 1996-2005 Les Musiciens du Louvre (M.Minkowski), 2003-2013 Neue Hofkapelle M\u00fcnchen (Chr.Hammer) etc. He also performs regularly with other ensembles: Concentus Musicus Wien, recreation Graz, Caf\u00e9 Zimmermann, Die Freitagsakademie Bern etc. He founded in 1995 his own early music ensemble Aura musicale and in 2002 (with L\u00e1szl\u00f3 Paulik, Erzs\u00e9bet R\u00e1cz and \u00c9va Posvanecz) the Quartetto Luigi Tomasini.<br \/>\nHis debut as a soloist at the Musikverein in Vienna was in October 2000: he performed in the same concert(!) the cello concerto in C-major and the Sinfonia concertante in B-flat major by J.Haydn conducted by Chr. Hogwood. He gave many successful concerts all over Europe, in Brasil, Argentina, Columbia and Japan. Bal\u00e1zs M\u00e1t\u00e9 is a well known and highly regarded on the Baroque cello, the violoncello piccolo and the Bass violin. He does important research on undeservedly forgotten composers and their works.<br \/>\nHe is cello lecturer at the Austrian Baroque Academy and the European Union Baroque Orchestra. From 2010 to 2012 he was professor for Baroque cello of the \u201dF. Mendelssohn Bartholdy\u201d Academy of Music Leipzig. He held several successful masterclasses a.o. at the UCLA (USA), at the Universities of Cape Town and Stellenbosch (South Africa), Buenos Aires and C\u00f3rdoba (Argentina) as well as at Ringve (Trondheim, Norway).<br \/>\nIn 2010 Bal\u00e1zs M\u00e1t\u00e9 was given the Liszt Award \u2013 the Hungarian state award for musical merits and contributions.<\/p>\n<p>&nbsp;<\/p>\n","protected":false},"excerpt":{"rendered":"<p>The cellist Bal\u00e1zs M\u00e1t\u00e9 (born 1965 in Budapest) is leader of \u201eAURA MUSICALE\u201d. He studied at the B.Bart\u00f3k Conservatory and the F.Liszt Academy of Music in Budapest.&nbsp; From 1986-92 he was a member of the Hungarian National Philharmonic Orchestra. Post-graduate &hellip; <a href=\"https:\/\/www.slovakdoublebassclub.com\/SK\/balasz-mate\/\">Continued<\/a><\/p>\n","protected":false},"author":5,"featured_media":4763,"parent":0,"menu_order":0,"comment_status":"closed","ping_status":"closed","template":"","meta":{"ngg_post_thumbnail":0,"footnotes":""},"class_list":["post-4762","page","type-page","status-publish","has-post-thumbnail","hentry"],"_links":{"self":[{"href":"https:\/\/www.slovakdoublebassclub.com\/SK\/wp-json\/wp\/v2\/pages\/4762","targetHints":{"allow":["GET"]}}],"collection":[{"href":"https:\/\/www.slovakdoublebassclub.com\/SK\/wp-json\/wp\/v2\/pages"}],"about":[{"href":"https:\/\/www.slovakdoublebassclub.com\/SK\/wp-json\/wp\/v2\/types\/page"}],"author":[{"embeddable":true,"href":"https:\/\/www.slovakdoublebassclub.com\/SK\/wp-json\/wp\/v2\/users\/5"}],"replies":[{"embeddable":true,"href":"https:\/\/www.slovakdoublebassclub.com\/SK\/wp-json\/wp\/v2\/comments?post=4762"}],"version-history":[{"count":1,"href":"https:\/\/www.slovakdoublebassclub.com\/SK\/wp-json\/wp\/v2\/pages\/4762\/revisions"}],"predecessor-version":[{"id":4764,"href":"https:\/\/www.slovakdoublebassclub.com\/SK\/wp-json\/wp\/v2\/pages\/4762\/revisions\/4764"}],"wp:featuredmedia":[{"embeddable":true,"href":"https:\/\/www.slovakdoublebassclub.com\/SK\/wp-json\/wp\/v2\/media\/4763"}],"wp:attachment":[{"href":"https:\/\/www.slovakdoublebassclub.com\/SK\/wp-json\/wp\/v2\/media?parent=4762"}],"curies":[{"name":"wp","href":"https:\/\/api.w.org\/{rel}","templated":true}]}}