{"id":4793,"date":"2018-05-24T12:29:39","date_gmt":"2018-05-24T10:29:39","guid":{"rendered":"http:\/\/www.slovakdoublebassclub.com\/?page_id=4793"},"modified":"2018-05-25T00:57:29","modified_gmt":"2018-05-24T22:57:29","slug":"jiri-stivin-jr","status":"publish","type":"page","link":"https:\/\/www.slovakdoublebassclub.com\/SK\/jiri-stivin-jr\/","title":{"rendered":"Ji\u0159\u00ed Stiv\u00edn Jr."},"content":{"rendered":"<p><a href=\"http:\/\/www.slovakdoublebassclub.com\/wp-content\/uploads\/2018\/05\/Jirka-Stiv\u00edn-jr..jpg\"><img loading=\"lazy\" decoding=\"async\" class=\" wp-image-4794 aligncenter\" src=\"http:\/\/www.slovakdoublebassclub.com\/wp-content\/uploads\/2018\/05\/Jirka-Stiv\u00edn-jr..jpg\" alt=\"\" width=\"419\" height=\"279\" srcset=\"https:\/\/www.slovakdoublebassclub.com\/wp-content\/uploads\/2018\/05\/Jirka-Stiv\u00edn-jr..jpg 700w, https:\/\/www.slovakdoublebassclub.com\/wp-content\/uploads\/2018\/05\/Jirka-Stiv\u00edn-jr.-600x400.jpg 600w, https:\/\/www.slovakdoublebassclub.com\/wp-content\/uploads\/2018\/05\/Jirka-Stiv\u00edn-jr.-300x200.jpg 300w\" sizes=\"auto, (max-width: 419px) 100vw, 419px\" \/><\/a><\/p>\n<p style=\"text-align: center;\">Ji\u0159\u00ed Stiv\u00edn Jr. se narodil v roce 1975 v Praze do hudebn\u00ed rodiny. Na bic\u00ed n\u00e1stroje za\u010dal hr\u00e1t ji\u017e v rann\u00e9m d\u011btstv\u00ed. Od sv\u00fdch 15ti let hr\u00e1l v kapele sv\u00e9ho otce Ji\u0159\u00ed Stiv\u00edn &amp; co Jazz Quartet. Absolovoval bic\u00ed n\u00e1stroje na Pra\u017esk\u00e9 konzervato\u0159i u M. Vesel\u00e9ho. Ji\u0159\u00ed Stiv\u00edn Jr. je v\u0161estrann\u00fd buben\u00edk hraj\u00edc\u00ed v r\u016fzn\u00fdch hudebn\u00edch stylech od jazzu p\u0159es rock, pop, folk, a\u017e po v\u00e1\u017enou hudbu.<\/p>\n<p style=\"text-align: center;\">V sou\u010dasn\u00e9 dob\u011b hraje ve skupin\u00e1ch Alice Springs, Yardy Hele\u0161ice, Ji\u0159\u00edho Stiv\u00edna, Michala Gery, Emila Viklick\u00e9ho, Romana Pokorn\u00e9ho a dal\u0161\u00edch. Spolupracoval s mnoha \u010desk\u00fdmi i zahrani\u010dn\u00edmi um\u011blci: Druh\u00e1 Tr\u00e1va, Pavel Bobek, Dalibor Cidlinsk\u00fd, James Cole, Ohm Square, Kurtiz\u00e1ny z 25. Avenue, Kashmir 9:41, Walda Gang, Walter Fishbacher, Elisabeth Lohninger, Dara Rolins&#8230;<\/p>\n","protected":false},"excerpt":{"rendered":"<p>Ji\u0159\u00ed Stiv\u00edn Jr. se narodil v roce 1975 v Praze do hudebn\u00ed rodiny. Na bic\u00ed n\u00e1stroje za\u010dal hr\u00e1t ji\u017e v rann\u00e9m d\u011btstv\u00ed. Od sv\u00fdch 15ti let hr\u00e1l v kapele sv\u00e9ho otce Ji\u0159\u00ed Stiv\u00edn &amp; co Jazz Quartet. Absolovoval bic\u00ed n\u00e1stroje &hellip; <a href=\"https:\/\/www.slovakdoublebassclub.com\/SK\/jiri-stivin-jr\/\">Continued<\/a><\/p>\n","protected":false},"author":5,"featured_media":0,"parent":0,"menu_order":0,"comment_status":"closed","ping_status":"closed","template":"","meta":{"ngg_post_thumbnail":0,"footnotes":""},"class_list":["post-4793","page","type-page","status-publish","hentry"],"_links":{"self":[{"href":"https:\/\/www.slovakdoublebassclub.com\/SK\/wp-json\/wp\/v2\/pages\/4793","targetHints":{"allow":["GET"]}}],"collection":[{"href":"https:\/\/www.slovakdoublebassclub.com\/SK\/wp-json\/wp\/v2\/pages"}],"about":[{"href":"https:\/\/www.slovakdoublebassclub.com\/SK\/wp-json\/wp\/v2\/types\/page"}],"author":[{"embeddable":true,"href":"https:\/\/www.slovakdoublebassclub.com\/SK\/wp-json\/wp\/v2\/users\/5"}],"replies":[{"embeddable":true,"href":"https:\/\/www.slovakdoublebassclub.com\/SK\/wp-json\/wp\/v2\/comments?post=4793"}],"version-history":[{"count":2,"href":"https:\/\/www.slovakdoublebassclub.com\/SK\/wp-json\/wp\/v2\/pages\/4793\/revisions"}],"predecessor-version":[{"id":4797,"href":"https:\/\/www.slovakdoublebassclub.com\/SK\/wp-json\/wp\/v2\/pages\/4793\/revisions\/4797"}],"wp:attachment":[{"href":"https:\/\/www.slovakdoublebassclub.com\/SK\/wp-json\/wp\/v2\/media?parent=4793"}],"curies":[{"name":"wp","href":"https:\/\/api.w.org\/{rel}","templated":true}]}}