{"id":547,"date":"2012-11-29T17:00:42","date_gmt":"2012-11-29T16:00:42","guid":{"rendered":"http:\/\/www.slovakdoublebassclub.com\/?page_id=547"},"modified":"2024-10-24T15:46:08","modified_gmt":"2024-10-24T13:46:08","slug":"thomas-martin","status":"publish","type":"page","link":"https:\/\/www.slovakdoublebassclub.com\/SK\/thomas-martin\/","title":{"rendered":"Thomas Martin"},"content":{"rendered":"<h1 style=\"text-align: center;\">&nbsp;<\/h1>\n<h1 style=\"text-align: center;\"><a href=\"http:\/\/www.slovakdoublebassclub.com\/wp-content\/uploads\/2012\/11\/IMG_291.jpg\"><img loading=\"lazy\" decoding=\"async\" class=\"aligncenter wp-image-3601\" src=\"http:\/\/www.slovakdoublebassclub.com\/wp-content\/uploads\/2012\/11\/IMG_291-300x200.jpg\" alt=\"IMG_291\" width=\"400\" height=\"267\" srcset=\"https:\/\/www.slovakdoublebassclub.com\/wp-content\/uploads\/2012\/11\/IMG_291-300x200.jpg 300w, https:\/\/www.slovakdoublebassclub.com\/wp-content\/uploads\/2012\/11\/IMG_291-600x400.jpg 600w, https:\/\/www.slovakdoublebassclub.com\/wp-content\/uploads\/2012\/11\/IMG_291.jpg 1000w\" sizes=\"auto, (max-width: 400px) 100vw, 400px\" \/><\/a><\/h1>\n<p>Je jedn\u00fdm z popredn\u00fdch svetov\u00fdch kontrabasistov. \u0160tudoval v Amerike u Harolda Robertsa, Oscara Zimmermana a Rogera Scotta. Zast\u00e1val funkcie prv\u00e9ho kontrabasistu v Israel Philharmonic Orchestra, Montreal Symphony Orchestra, London Symphony Orchestra, Academy of St. Martin in the Fields a v English Chamber Orchestra, s ktor\u00fdm vystupoval ako s\u00f3lista na koncertoch a nahr\u00e1vkach.<\/p>\n<p>&nbsp;<\/p>\n<p>Pravidelne vystupuje ako s\u00f3lista so symfonick\u00fdmi a komorn\u00fdmi orchestrami doma aj v zahrani\u010d\u00ed. Uskuto\u010dnil tie\u017e mno\u017estvo telev\u00edznych a rozhlasov\u00fdch rel\u00e1ci\u00ed, v ktor\u00fdch predstavil pestr\u00fd reperto\u00e1r od baroka a\u017e po 20. storo\u010die.<\/p>\n<p>Ako u\u010dite\u013e bol profesorom kontrabasu na Guildhall School of Music v Lond\u00fdne. Vedie kurzy a majstrovsk\u00e9 kurzy po celom svete a \u010dasto ho \u017eiadaj\u00fa, aby sa z\u00fa\u010dastnil ako \u010dlen poroty na medzin\u00e1rodn\u00fdch s\u00fa\u0165a\u017eiach, ako je s\u00fa\u0165a\u017e Koussevitsky v Moskve, Concorso Bottesini v Cremone a Concours de Gen\u00eave v \u017deneve. Je pravodeln\u00fdm hos\u0165om BASS FEST+, \u010di medzin\u00e1rodnej kontrabasovej s\u00fa\u0165a\u017ee K. D. von Dittersdorfa.<\/p>\n<hr>\n<p><a href=\"http:\/\/www.thomasmartin.co.uk\/\">http:\/\/www.thomasmartin.co.uk\/<\/a>","protected":false},"excerpt":{"rendered":"<p>&nbsp; Je jedn\u00fdm z popredn\u00fdch svetov\u00fdch kontrabasistov. \u0160tudoval v Amerike u Harolda Robertsa, Oscara Zimmermana a Rogera Scotta. Zast\u00e1val funkcie prv\u00e9ho kontrabasistu v Israel Philharmonic Orchestra, Montreal Symphony Orchestra, London Symphony Orchestra, Academy of St. Martin in the Fields a &hellip; <a href=\"https:\/\/www.slovakdoublebassclub.com\/SK\/thomas-martin\/\">Continued<\/a><\/p>\n","protected":false},"author":2,"featured_media":0,"parent":0,"menu_order":0,"comment_status":"closed","ping_status":"closed","template":"","meta":{"ngg_post_thumbnail":0,"footnotes":""},"class_list":["post-547","page","type-page","status-publish","hentry"],"_links":{"self":[{"href":"https:\/\/www.slovakdoublebassclub.com\/SK\/wp-json\/wp\/v2\/pages\/547","targetHints":{"allow":["GET"]}}],"collection":[{"href":"https:\/\/www.slovakdoublebassclub.com\/SK\/wp-json\/wp\/v2\/pages"}],"about":[{"href":"https:\/\/www.slovakdoublebassclub.com\/SK\/wp-json\/wp\/v2\/types\/page"}],"author":[{"embeddable":true,"href":"https:\/\/www.slovakdoublebassclub.com\/SK\/wp-json\/wp\/v2\/users\/2"}],"replies":[{"embeddable":true,"href":"https:\/\/www.slovakdoublebassclub.com\/SK\/wp-json\/wp\/v2\/comments?post=547"}],"version-history":[{"count":6,"href":"https:\/\/www.slovakdoublebassclub.com\/SK\/wp-json\/wp\/v2\/pages\/547\/revisions"}],"predecessor-version":[{"id":28000,"href":"https:\/\/www.slovakdoublebassclub.com\/SK\/wp-json\/wp\/v2\/pages\/547\/revisions\/28000"}],"wp:attachment":[{"href":"https:\/\/www.slovakdoublebassclub.com\/SK\/wp-json\/wp\/v2\/media?parent=547"}],"curies":[{"name":"wp","href":"https:\/\/api.w.org\/{rel}","templated":true}]}}