{"id":640,"date":"2012-12-13T15:47:54","date_gmt":"2012-12-13T14:47:54","guid":{"rendered":"http:\/\/www.slovakdoublebassclub.com\/?page_id=640"},"modified":"2015-03-18T23:46:47","modified_gmt":"2015-03-18T22:46:47","slug":"stano-paluch","status":"publish","type":"page","link":"https:\/\/www.slovakdoublebassclub.com\/SK\/stano-paluch\/","title":{"rendered":"Stano Pal\u00fach"},"content":{"rendered":"<p style=\"text-align: center;\"><a href=\"http:\/\/www.slovakdoublebassclub.com\/wp-content\/uploads\/2012\/12\/stano-pal\u00fach.jpg\"><img loading=\"lazy\" decoding=\"async\" class=\"aligncenter wp-image-1219\" src=\"http:\/\/www.slovakdoublebassclub.com\/wp-content\/uploads\/2012\/12\/stano-pal\u00fach.jpg\" alt=\"stano pal\u00fach\" width=\"200\" height=\"300\" \/><\/a><\/p>\n<p>Absolvoval ZU\u0160 v Kysuckom Novom Meste u u\u010d. Dany Majd\u00e1kovej.<br \/>\n\u0160tudoval na Konzervat\u00f3riu v \u017diline u prof. Bohumila Urbana a na Vysokej \u0161kole m\u00fazick\u00fdch umen\u00ed v Bratislave u Prof. Bohdana Warchala.<br \/>\nV detstve sa venoval folkl\u00f3ru pod veden\u00edm svojho otca. Po\u010das \u0161t\u00fadi\u00ed na konzervat\u00f3riu sa za\u010dal zaobera\u0165 jazzovou hudbou a akt\u00edvne ju za\u010dal hr\u00e1va\u0165 na vysokej \u0161kole.<br \/>\nPredstavil sa na popredn\u00fdch dom\u00e1cich festivaloch v\u00e1\u017enej hudby, folkl\u00f3ru, jazzu a in\u00fdch \u017e\u00e1nrov.<br \/>\nS r\u00f4znymi form\u00e1ciami koncertoval vo v\u00e4\u010d\u0161ine \u0161t\u00e1tov Eur\u00f3py a v USA, nahr\u00e1val pre \u010cesk\u00fd a Slovensk\u00fd rozhlas, telev\u00edzu a ORF. Ako \u0161t\u00fadiov\u00fd hr\u00e1\u010d nahral okolo 40 albumov.<br \/>\nVenuje sa aj autorskej a aran\u017e\u00e9rskej \u010dinnosti, je autorom hudby k predstaveniam Slovensk\u00e9ho \u013eudov\u00e9ho umeleck\u00e9ho kolekt\u00edvu \u201eGa\u0161parko\u201c a \u201eObr\u00e1zky zo Slovenska\u201c, ako aj hudby k dvom kr\u00e1tkym filmom \u201e\u00c1belov \u010dierny pes\u201c a \u201eChy\u0165te ho\u201c.<br \/>\nV roku 2009 mu bola udelen\u00e1 cena Tatrabanky &#8222;Mlad\u00fd tvorca&#8220; v kateg\u00f3rii &#8222;Hudba&#8220;.<\/p>\n<p>\u00da\u010dinkovanie v skupin\u00e1ch a s\u00faboroch:<br \/>\nPACORA (Marcel Comendant, cimbal; R\u00f3bert Ragan, kontrabas),<br \/>\nALEA (Daniel Buranovsk\u00fd, klav\u00edr; Boris Lenko, akorde\u00f3n; J\u00e1n Krigovsk\u00fd, kontrabas),<br \/>\nAcoustic Colours (Michal Vavro, gitara; Juraj Grigl\u00e1k, basgitara, Igor Sabo, perkusie),<br \/>\nTRIANGO (Peter Breiner -klav\u00edr, Boris Lenko &#8211; akorde\u00f3n)<br \/>\nBass Friends (Juraj Grigl\u00e1k, basgitara; Peter Sol\u00e1rik, bicie; Mat\u00fa\u0161 Jakab\u010dic, gitara),<br \/>\nSolamente naturali,<br \/>\nKomorn\u00ed s\u00f3listi Bratislava,<br \/>\nNothing But Swing Trio (Klaudius Kov\u00e1\u010d, klav\u00edr; R\u00f3bert Ragan, kontrabas; Peter Sol\u00e1rik, bicie)<\/p>\n<hr \/>\n<p><a href=\"http:\/\/www.triango.sk\/\">http:\/\/www.triango.sk\/<\/a><\/p>\n<p><a href=\"http:\/\/www.pacoratrio.sk\/\">http:\/\/www.pacoratrio.sk\/<\/a><\/p>\n<p><a href=\"http:\/\/www.aleaband.com\/\">http:\/\/www.aleaband.com\/<\/a>","protected":false},"excerpt":{"rendered":"<p>Absolvoval ZU\u0160 v Kysuckom Novom Meste u u\u010d. Dany Majd\u00e1kovej. \u0160tudoval na Konzervat\u00f3riu v \u017diline u prof. Bohumila Urbana a na Vysokej \u0161kole m\u00fazick\u00fdch umen\u00ed v Bratislave u Prof. Bohdana Warchala. V detstve sa venoval folkl\u00f3ru pod veden\u00edm svojho otca. &hellip; <a href=\"https:\/\/www.slovakdoublebassclub.com\/SK\/stano-paluch\/\">Continued<\/a><\/p>\n","protected":false},"author":2,"featured_media":0,"parent":0,"menu_order":0,"comment_status":"closed","ping_status":"closed","template":"","meta":{"ngg_post_thumbnail":0,"footnotes":""},"class_list":["post-640","page","type-page","status-publish","hentry"],"_links":{"self":[{"href":"https:\/\/www.slovakdoublebassclub.com\/SK\/wp-json\/wp\/v2\/pages\/640","targetHints":{"allow":["GET"]}}],"collection":[{"href":"https:\/\/www.slovakdoublebassclub.com\/SK\/wp-json\/wp\/v2\/pages"}],"about":[{"href":"https:\/\/www.slovakdoublebassclub.com\/SK\/wp-json\/wp\/v2\/types\/page"}],"author":[{"embeddable":true,"href":"https:\/\/www.slovakdoublebassclub.com\/SK\/wp-json\/wp\/v2\/users\/2"}],"replies":[{"embeddable":true,"href":"https:\/\/www.slovakdoublebassclub.com\/SK\/wp-json\/wp\/v2\/comments?post=640"}],"version-history":[{"count":3,"href":"https:\/\/www.slovakdoublebassclub.com\/SK\/wp-json\/wp\/v2\/pages\/640\/revisions"}],"predecessor-version":[{"id":3621,"href":"https:\/\/www.slovakdoublebassclub.com\/SK\/wp-json\/wp\/v2\/pages\/640\/revisions\/3621"}],"wp:attachment":[{"href":"https:\/\/www.slovakdoublebassclub.com\/SK\/wp-json\/wp\/v2\/media?parent=640"}],"curies":[{"name":"wp","href":"https:\/\/api.w.org\/{rel}","templated":true}]}}