{"id":653,"date":"2012-12-13T16:04:18","date_gmt":"2012-12-13T15:04:18","guid":{"rendered":"http:\/\/www.slovakdoublebassclub.com\/?page_id=653"},"modified":"2013-10-19T17:42:43","modified_gmt":"2013-10-19T15:42:43","slug":"milan-pala","status":"publish","type":"page","link":"https:\/\/www.slovakdoublebassclub.com\/SK\/milan-pala\/","title":{"rendered":"Milan Pa\u013ea &#8211; violin"},"content":{"rendered":"<div>\n<p style=\"text-align: center;\"><a href=\"http:\/\/www.slovakdoublebassclub.com\/wp-content\/uploads\/2012\/12\/Milan-Pa\u013ea.jpg\"><img loading=\"lazy\" decoding=\"async\" class=\"alignnone size-full wp-image-1225\" alt=\"Milan Pa\u013ea\" src=\"http:\/\/www.slovakdoublebassclub.com\/wp-content\/uploads\/2012\/12\/Milan-Pa\u013ea.jpg\" width=\"197\" height=\"197\" srcset=\"https:\/\/www.slovakdoublebassclub.com\/wp-content\/uploads\/2012\/12\/Milan-Pa\u013ea.jpg 197w, https:\/\/www.slovakdoublebassclub.com\/wp-content\/uploads\/2012\/12\/Milan-Pa\u013ea-100x100.jpg 100w, https:\/\/www.slovakdoublebassclub.com\/wp-content\/uploads\/2012\/12\/Milan-Pa\u013ea-150x150.jpg 150w\" sizes=\"auto, (max-width: 197px) 100vw, 197px\" \/><\/a><\/p>\n<p>Milan Pa\u013ea (1982) sa narodil v Pre\u0161ove. \u0160tudoval na konzervat\u00f3riu J\u00e1na Levoslava Bellu v Banskej Bystrici (1996-2000) v triede Mgr. Petera Stren\u00e1\u010dika. Po absolvovan\u00ed konzervat\u00f3ria pokra\u010doval na viedenskej Universit\u00e4t fur Musik und darstellende Kunst a vysoko\u0161kolsk\u00e9 \u0161t\u00fadium ukon\u010dil na Jan\u00e1\u010dkovej akad\u00e9mii m\u00fazick\u00fdch umen\u00ed v Brne, kde absolvoval v triede doc. Franti\u0161ka Novotn\u00e9ho.<\/p>\n<p>Milan Pa\u013ea je nosite\u013eom ocenen\u00ed z dom\u00e1cich a medzin\u00e1rodn\u00fdch s\u00fa\u0165a\u017e\u00ed, medzi ktor\u00e9 patr\u00ed napr. Concourse Moderne Riga, Leo\u0161 Jan\u00e1\u010dek Competition Brno, Bohuslav Martinu Competition, Anglo-Czecho-Slovak Trust London at\u010f.<\/p>\n<p>Po\u010das svojho \u0161t\u00fadia sa Milan Pa\u013ea z\u00fa\u010dastnil nieko\u013ek\u00fdch medzin\u00e1rodn\u00fdch majstrovsk\u00fdch kurzov, z ktor\u00fdch najv\u00fdznamnej\u0161ie s\u00fa Vladim\u00edra Spivakova v Zurichu, Semiona Jaro\u0161evi\u010da a Jeana Guillou, na ktor\u00fdch sa nieko\u013ekokr\u00e1t z\u00fa\u010dastnil aj ako interpret jeho diel.<\/p>\n<p>Ako s\u00f3lista spolupracoval so St\u00e1tn\u00ed filharmonii Brno, Slovenskou filharm\u00f3niou, Symfonick\u00fdm orchestrom slovensk\u00e9ho rozhlasu Bratislava, R\u00e1diov\u00fdm orchestrom Kijev, Petrohradsk\u00fdm kongresov\u00fdm orchesterom, Petrohradsk\u00fdm filharmonick\u00fdm orchesterom, Capella of St. Pe\u00actersburg a dirigentmi ako Theodor Guschlbauer, Howard Arman, Alexander Cernusenko, Leos Svarovsky, Ondrej Olos,David Svee, Peter Gribanov a in\u00ed. Koncertoval vo \u0160vaj\u010diarsku, Franc\u00fazku, Rusku, na Ukrajine, Nemecku, Rak\u00fasku, Malte&#8230;<\/p>\n<p>V roku 2009 z\u00edskal Milan Pa\u013ea Cenu \u013dudov\u00edta Rajtera. Cenu ude\u013euje Hudobn\u00e9 centrum mladej osobnosti slovenskej hudby. Milan Pa\u013ea je len druh\u00fdm dr\u017eite\u013eom tejto ceny, kedy bola prv\u00fd kr\u00e1t udelen\u00e1 v roku 2006 a z\u00edskal ju nielen za v\u00fdnimo\u010dn\u00e9 interpreta\u010dn\u00e9 kvality, ale aj za svoj ojedinel\u00fd pr\u00edstup k slovenskej hudbe, ktor\u00e1 si prostredn\u00edctvom jeho strhuj\u00faceho podania z\u00edskava \u010doraz v\u00e4\u010d\u0161iu pozornos\u0165 nielen na dom\u00e1cich, ale aj zahrani\u010dn\u00fdch p\u00f3di\u00e1ch.<\/p>\n<\/div>\n","protected":false},"excerpt":{"rendered":"<p>Milan Pa\u013ea (1982) sa narodil v Pre\u0161ove. \u0160tudoval na konzervat\u00f3riu J\u00e1na Levoslava Bellu v Banskej Bystrici (1996-2000) v triede Mgr. Petera Stren\u00e1\u010dika. Po absolvovan\u00ed konzervat\u00f3ria pokra\u010doval na viedenskej Universit\u00e4t fur Musik und darstellende Kunst a vysoko\u0161kolsk\u00e9 \u0161t\u00fadium ukon\u010dil na Jan\u00e1\u010dkovej &hellip; <a href=\"https:\/\/www.slovakdoublebassclub.com\/SK\/milan-pala\/\">Continued<\/a><\/p>\n","protected":false},"author":2,"featured_media":0,"parent":0,"menu_order":0,"comment_status":"closed","ping_status":"closed","template":"","meta":{"ngg_post_thumbnail":0,"footnotes":""},"class_list":["post-653","page","type-page","status-publish","hentry"],"_links":{"self":[{"href":"https:\/\/www.slovakdoublebassclub.com\/SK\/wp-json\/wp\/v2\/pages\/653","targetHints":{"allow":["GET"]}}],"collection":[{"href":"https:\/\/www.slovakdoublebassclub.com\/SK\/wp-json\/wp\/v2\/pages"}],"about":[{"href":"https:\/\/www.slovakdoublebassclub.com\/SK\/wp-json\/wp\/v2\/types\/page"}],"author":[{"embeddable":true,"href":"https:\/\/www.slovakdoublebassclub.com\/SK\/wp-json\/wp\/v2\/users\/2"}],"replies":[{"embeddable":true,"href":"https:\/\/www.slovakdoublebassclub.com\/SK\/wp-json\/wp\/v2\/comments?post=653"}],"version-history":[{"count":2,"href":"https:\/\/www.slovakdoublebassclub.com\/SK\/wp-json\/wp\/v2\/pages\/653\/revisions"}],"predecessor-version":[{"id":1226,"href":"https:\/\/www.slovakdoublebassclub.com\/SK\/wp-json\/wp\/v2\/pages\/653\/revisions\/1226"}],"wp:attachment":[{"href":"https:\/\/www.slovakdoublebassclub.com\/SK\/wp-json\/wp\/v2\/media?parent=653"}],"curies":[{"name":"wp","href":"https:\/\/api.w.org\/{rel}","templated":true}]}}