{"id":660,"date":"2012-12-13T16:08:04","date_gmt":"2012-12-13T15:08:04","guid":{"rendered":"http:\/\/www.slovakdoublebassclub.com\/?page_id=660"},"modified":"2015-03-19T19:48:25","modified_gmt":"2015-03-19T18:48:25","slug":"jozef-podhoransky","status":"publish","type":"page","link":"https:\/\/www.slovakdoublebassclub.com\/SK\/jozef-podhoransky\/","title":{"rendered":"Jozef Podhoransk\u00fd"},"content":{"rendered":"<p style=\"text-align: center;\"><a href=\"http:\/\/www.slovakdoublebassclub.com\/wp-content\/uploads\/2012\/12\/Jozef-Podhoransk\u00fd.jpg\"><img loading=\"lazy\" decoding=\"async\" class=\"alignnone size-full wp-image-1228\" src=\"http:\/\/www.slovakdoublebassclub.com\/wp-content\/uploads\/2012\/12\/Jozef-Podhoransk\u00fd.jpg\" alt=\"Jozef Podhoransk\u00fd\" width=\"120\" height=\"174\" \/><\/a><\/p>\n<p>1959 \u2013 1966 ZU\u0160 Milo\u0161a Ruppeldta Bratislava (Vladim\u00edr \u0160\u00e1lek)<br \/>\n1966 \u2013 1972 Konzervat\u00f3rium Bratislava (Gust\u00e1v Ve\u010dern\u00fd)<br \/>\n1972 \u2013 1977 Konzervat\u00f3rium Piotra Ilji\u010da \u010cajkovsk\u00e9ho Moskva<br \/>\n1977 \u2013 1980 Konzervat\u00f3rium Piotra Ilji\u010da \u010cajkovsk\u00e9ho Moskva (Michail Chomicer), a\u0161pirant\u00fara v Moskve (Fejgin)<br \/>\n1975 kurz komornej hudby Par\u00ed\u017e (Joseph Calvet)<br \/>\nod 1978 p\u00f4sob\u00ed nepretr\u017eite pedagoggicky na V\u0160MU v Bratislave (1987 docent, 1994 profesor)<br \/>\nod 1990 ved\u00faci Katedry orchestr\u00e1lnych n\u00e1strojov. Doteraz na umeleck\u00fa \u010di pedagogick\u00fa prax pripravil okolo 30 absolventov, ktor\u00ed sa uplatnili na koncertnom p\u00f3diu doma i v zahrani\u010d\u00ed.<\/p>\n<p>&#8222;Jozef Podhoransk\u00fd je tvoriv\u00fdm a neust\u00e1le h\u013eadaj\u00facim typom interpreta. Neuspokojuje sa s dosiahnut\u00fdmi m\u00e9tami, v\u017edy sa usiluje siaha\u0165 na e\u0161te vy\u0161\u0161ie prie\u010dky rebr\u00edka kvality. Prib\u00fadaj\u00face roky a roz\u0161iruj\u00faca sa prax mu umo\u017e\u0148uj\u00fa \u010doraz v\u00fdsti\u017enej\u0161ie pretlmo\u010denie skladate\u013eovho z\u00e1meru. Jeho \u0161t\u00fdlovo prec\u00edzna interpret\u00e1cia je podmienen\u00e1 predov\u0161etk\u00fdm vysokou hudobnou inteligenciou, bohatou tvorivou fant\u00e1ziou, eleganciou prejavu, zmyslom pre dramatick\u00fa hutnos\u0165, vysokou kult\u00farou t\u00f3nu a v neposlednom rade i spo\u013eahlivos\u0165ou technick\u00e9ho z\u00e1zemia. Je rovnako vynikaj\u00faci vo filozofickej medit\u00e1cii \u010di v brav\u00farnej virtuozite. Jednotliv\u00e9 zlo\u017eky svojho interpreta\u010dn\u00e9ho majstrovstva zva\u017euje a d\u00e1vkuje s vkusom a nadh\u013eadom. M\u00e1 vz\u00e1cny zmysel pre mieru svojho osobnostn\u00e9ho vkladu, ni\u010d nepreexponov\u00e1va. Na svojich partnerov, \u010di u\u017e ide o duo alebo komorn\u00fd ans\u00e1mbel, p\u00f4sob\u00ed v\u017edy ve\u013emi in\u0161pirat\u00edvne. Silou svojej v\u00fdpovede vtl\u00e1\u010da potom v\u00fdslednej koncepcii pe\u010da\u0165 osobitosti. Disponuje \u0161irok\u00fdm spektrom dynamick\u00fdch, farebn\u00fdch, tempovo-agogick\u00fdch vlnen\u00ed, n\u00e1ladov\u00fdch odtienkov, ktor\u00e9 ako u ka\u017ed\u00e9ho popredn\u00e9ho umelca vy\u00fas\u0165uj\u00fa do presved\u010divej, jednoliato p\u00f4sobiacej sugest\u00edvnej hudobnej l\u00ednie.&#8220;<br \/>\n(Slovn\u00edk slovensk\u00e9ho koncertn\u00e9ho umenia II)","protected":false},"excerpt":{"rendered":"<p>1959 \u2013 1966 ZU\u0160 Milo\u0161a Ruppeldta Bratislava (Vladim\u00edr \u0160\u00e1lek) 1966 \u2013 1972 Konzervat\u00f3rium Bratislava (Gust\u00e1v Ve\u010dern\u00fd) 1972 \u2013 1977 Konzervat\u00f3rium Piotra Ilji\u010da \u010cajkovsk\u00e9ho Moskva 1977 \u2013 1980 Konzervat\u00f3rium Piotra Ilji\u010da \u010cajkovsk\u00e9ho Moskva (Michail Chomicer), a\u0161pirant\u00fara v Moskve (Fejgin) 1975 kurz &hellip; <a href=\"https:\/\/www.slovakdoublebassclub.com\/SK\/jozef-podhoransky\/\">Continued<\/a><\/p>\n","protected":false},"author":2,"featured_media":0,"parent":0,"menu_order":0,"comment_status":"closed","ping_status":"closed","template":"","meta":{"ngg_post_thumbnail":0,"footnotes":""},"class_list":["post-660","page","type-page","status-publish","hentry"],"_links":{"self":[{"href":"https:\/\/www.slovakdoublebassclub.com\/SK\/wp-json\/wp\/v2\/pages\/660","targetHints":{"allow":["GET"]}}],"collection":[{"href":"https:\/\/www.slovakdoublebassclub.com\/SK\/wp-json\/wp\/v2\/pages"}],"about":[{"href":"https:\/\/www.slovakdoublebassclub.com\/SK\/wp-json\/wp\/v2\/types\/page"}],"author":[{"embeddable":true,"href":"https:\/\/www.slovakdoublebassclub.com\/SK\/wp-json\/wp\/v2\/users\/2"}],"replies":[{"embeddable":true,"href":"https:\/\/www.slovakdoublebassclub.com\/SK\/wp-json\/wp\/v2\/comments?post=660"}],"version-history":[{"count":4,"href":"https:\/\/www.slovakdoublebassclub.com\/SK\/wp-json\/wp\/v2\/pages\/660\/revisions"}],"predecessor-version":[{"id":3649,"href":"https:\/\/www.slovakdoublebassclub.com\/SK\/wp-json\/wp\/v2\/pages\/660\/revisions\/3649"}],"wp:attachment":[{"href":"https:\/\/www.slovakdoublebassclub.com\/SK\/wp-json\/wp\/v2\/media?parent=660"}],"curies":[{"name":"wp","href":"https:\/\/api.w.org\/{rel}","templated":true}]}}