{"id":6846,"date":"2019-06-28T09:22:14","date_gmt":"2019-06-28T07:22:14","guid":{"rendered":"https:\/\/www.slovakdoublebassclub.com\/?page_id=6846"},"modified":"2026-03-20T00:15:31","modified_gmt":"2026-03-19T23:15:31","slug":"jury-2026","status":"publish","type":"page","link":"https:\/\/www.slovakdoublebassclub.com\/SK\/jury-2026\/","title":{"rendered":"s\u00fa\u0165a\u017en\u00e1 porota 2026"},"content":{"rendered":"<h3 style=\"text-align: center;\"><em><strong>S\u00fa\u0165a\u017en\u00e1 porota 2026:<\/strong><\/em><em><strong>&nbsp;<\/strong><\/em><\/h3>\n<p>&nbsp;<\/p>\n<h4 style=\"text-align: center;\"><em><strong>PREDSEDA POROTY:<\/strong><\/em><\/h4>\n<p>&nbsp;<\/p>\n<h4 style=\"text-align: center;\">Thomas Martin \/UK<\/h4>\n<p><a href=\"https:\/\/www.slovakdoublebassclub.com\/wp-content\/uploads\/2022\/04\/Thomas-Martin-.jpg\"><img loading=\"lazy\" decoding=\"async\" class=\"wp-image-27343 aligncenter\" src=\"https:\/\/www.slovakdoublebassclub.com\/wp-content\/uploads\/2022\/04\/Thomas-Martin-.jpg\" alt=\"\" width=\"452\" height=\"302\" srcset=\"https:\/\/www.slovakdoublebassclub.com\/wp-content\/uploads\/2022\/04\/Thomas-Martin-.jpg 960w, https:\/\/www.slovakdoublebassclub.com\/wp-content\/uploads\/2022\/04\/Thomas-Martin--300x200.jpg 300w, https:\/\/www.slovakdoublebassclub.com\/wp-content\/uploads\/2022\/04\/Thomas-Martin--768x513.jpg 768w, https:\/\/www.slovakdoublebassclub.com\/wp-content\/uploads\/2022\/04\/Thomas-Martin--600x401.jpg 600w\" sizes=\"auto, (max-width: 452px) 100vw, 452px\" \/><\/a><\/p>\n<h4>&nbsp;<\/h4>\n<h4 style=\"text-align: center;\"><strong>Members:<\/strong><\/h4>\n<h4 style=\"text-align: center;\">Lorraine Campet\/ FR<\/h4>\n<p><a href=\"https:\/\/www.slovakdoublebassclub.com\/wp-content\/uploads\/2026\/03\/Loraine-scaled.webp\"><img loading=\"lazy\" decoding=\"async\" class=\"wp-image-28259 aligncenter\" src=\"https:\/\/www.slovakdoublebassclub.com\/wp-content\/uploads\/2026\/03\/Loraine-768x1024.webp\" alt=\"\" width=\"336\" height=\"448\" srcset=\"https:\/\/www.slovakdoublebassclub.com\/wp-content\/uploads\/2026\/03\/Loraine-768x1024.webp 768w, https:\/\/www.slovakdoublebassclub.com\/wp-content\/uploads\/2026\/03\/Loraine-225x300.webp 225w, https:\/\/www.slovakdoublebassclub.com\/wp-content\/uploads\/2026\/03\/Loraine-1152x1536.webp 1152w, https:\/\/www.slovakdoublebassclub.com\/wp-content\/uploads\/2026\/03\/Loraine-1536x2048.webp 1536w, https:\/\/www.slovakdoublebassclub.com\/wp-content\/uploads\/2026\/03\/Loraine-600x800.webp 600w, https:\/\/www.slovakdoublebassclub.com\/wp-content\/uploads\/2026\/03\/Loraine-scaled.webp 1920w\" sizes=\"auto, (max-width: 336px) 100vw, 336px\" \/><\/a><\/p>\n<p>&nbsp;<\/p>\n<h4 style=\"text-align: center;\"><strong>Roman Patkol\u00f3 <\/strong><em>\/SK<\/em><\/h4>\n<p><a href=\"https:\/\/www.slovakdoublebassclub.com\/wp-content\/uploads\/2012\/03\/Patkolo_Roman_1.jpg\"><img loading=\"lazy\" decoding=\"async\" class=\" wp-image-1194 aligncenter\" src=\"https:\/\/www.slovakdoublebassclub.com\/wp-content\/uploads\/2012\/03\/Patkolo_Roman_1.jpg\" alt=\"\" width=\"350\" height=\"523\" srcset=\"https:\/\/www.slovakdoublebassclub.com\/wp-content\/uploads\/2012\/03\/Patkolo_Roman_1.jpg 404w, https:\/\/www.slovakdoublebassclub.com\/wp-content\/uploads\/2012\/03\/Patkolo_Roman_1-200x300.jpg 200w\" sizes=\"auto, (max-width: 350px) 100vw, 350px\" \/><\/a><\/p>\n<h4>&nbsp;<\/h4>\n<h4 style=\"text-align: center;\"><em><strong>J\u00e1n Krigovsk\u00fd \/SK<\/strong><\/em><\/h4>\n<p><a href=\"https:\/\/www.slovakdoublebassclub.com\/wp-content\/uploads\/2017\/02\/j\u00e1n-krigovsk\u00fd-men\u0161ia-kvalita-scaled.jpg\"><img loading=\"lazy\" decoding=\"async\" class=\" wp-image-4379 aligncenter\" src=\"https:\/\/www.slovakdoublebassclub.com\/wp-content\/uploads\/2017\/02\/j\u00e1n-krigovsk\u00fd-men\u0161ia-kvalita-683x1024.jpg\" alt=\"\" width=\"386\" height=\"579\" srcset=\"https:\/\/www.slovakdoublebassclub.com\/wp-content\/uploads\/2017\/02\/j\u00e1n-krigovsk\u00fd-men\u0161ia-kvalita-683x1024.jpg 683w, https:\/\/www.slovakdoublebassclub.com\/wp-content\/uploads\/2017\/02\/j\u00e1n-krigovsk\u00fd-men\u0161ia-kvalita-600x900.jpg 600w, https:\/\/www.slovakdoublebassclub.com\/wp-content\/uploads\/2017\/02\/j\u00e1n-krigovsk\u00fd-men\u0161ia-kvalita-200x300.jpg 200w, https:\/\/www.slovakdoublebassclub.com\/wp-content\/uploads\/2017\/02\/j\u00e1n-krigovsk\u00fd-men\u0161ia-kvalita-768x1152.jpg 768w, https:\/\/www.slovakdoublebassclub.com\/wp-content\/uploads\/2017\/02\/j\u00e1n-krigovsk\u00fd-men\u0161ia-kvalita-scaled.jpg 1707w\" sizes=\"auto, (max-width: 386px) 100vw, 386px\" \/><\/a><\/p>\n<h4>&nbsp;<\/h4>\n<h4 style=\"text-align: center;\"><em><strong>Miloslav Gajdo\u0161 \/CZ<\/strong><\/em><a href=\"https:\/\/www.slovakdoublebassclub.com\/wp-content\/uploads\/2012\/03\/Gajdo\u0161.jpg\"><img loading=\"lazy\" decoding=\"async\" class=\"wp-image-3609 aligncenter\" src=\"https:\/\/www.slovakdoublebassclub.com\/wp-content\/uploads\/2012\/03\/Gajdo\u0161.jpg\" alt=\"\" width=\"368\" height=\"368\" srcset=\"https:\/\/www.slovakdoublebassclub.com\/wp-content\/uploads\/2012\/03\/Gajdo\u0161.jpg 900w, https:\/\/www.slovakdoublebassclub.com\/wp-content\/uploads\/2012\/03\/Gajdo\u0161-300x300.jpg 300w, https:\/\/www.slovakdoublebassclub.com\/wp-content\/uploads\/2012\/03\/Gajdo\u0161-100x100.jpg 100w, https:\/\/www.slovakdoublebassclub.com\/wp-content\/uploads\/2012\/03\/Gajdo\u0161-600x600.jpg 600w, https:\/\/www.slovakdoublebassclub.com\/wp-content\/uploads\/2012\/03\/Gajdo\u0161-150x150.jpg 150w\" sizes=\"auto, (max-width: 368px) 100vw, 368px\" \/><\/a><\/h4>\n<h4>&nbsp;<\/h4>\n<h4 style=\"text-align: center;\"><em>Artem Chirkov \/RUS<\/em><\/h4>\n<p><a href=\"https:\/\/www.slovakdoublebassclub.com\/wp-content\/uploads\/2018\/05\/Artem-Chirkov.jpg\"><img loading=\"lazy\" decoding=\"async\" class=\"wp-image-4723 aligncenter\" src=\"https:\/\/www.slovakdoublebassclub.com\/wp-content\/uploads\/2018\/05\/Artem-Chirkov-1024x683.jpg\" alt=\"\" width=\"410\" height=\"274\" srcset=\"https:\/\/www.slovakdoublebassclub.com\/wp-content\/uploads\/2018\/05\/Artem-Chirkov-1024x683.jpg 1024w, https:\/\/www.slovakdoublebassclub.com\/wp-content\/uploads\/2018\/05\/Artem-Chirkov-600x400.jpg 600w, https:\/\/www.slovakdoublebassclub.com\/wp-content\/uploads\/2018\/05\/Artem-Chirkov-300x200.jpg 300w, https:\/\/www.slovakdoublebassclub.com\/wp-content\/uploads\/2018\/05\/Artem-Chirkov-768x512.jpg 768w, https:\/\/www.slovakdoublebassclub.com\/wp-content\/uploads\/2018\/05\/Artem-Chirkov.jpg 1500w\" sizes=\"auto, (max-width: 410px) 100vw, 410px\" \/><\/a><\/p>\n<h4 style=\"text-align: center;\">&nbsp;<\/h4>\n<h4 style=\"text-align: center;\"><em><strong>Piotr Zimnik \/PL<\/strong><\/em><\/h4>\n<p><a href=\"https:\/\/www.slovakdoublebassclub.com\/wp-content\/uploads\/2026\/03\/csm_Zimnik-Piotr_c_Hoederath_37668_Y_2e58729605.jpg\"><img loading=\"lazy\" decoding=\"async\" class=\"wp-image-28257 aligncenter\" src=\"https:\/\/www.slovakdoublebassclub.com\/wp-content\/uploads\/2026\/03\/csm_Zimnik-Piotr_c_Hoederath_37668_Y_2e58729605-1024x538.jpg\" alt=\"\" width=\"466\" height=\"245\" srcset=\"https:\/\/www.slovakdoublebassclub.com\/wp-content\/uploads\/2026\/03\/csm_Zimnik-Piotr_c_Hoederath_37668_Y_2e58729605-1024x538.jpg 1024w, https:\/\/www.slovakdoublebassclub.com\/wp-content\/uploads\/2026\/03\/csm_Zimnik-Piotr_c_Hoederath_37668_Y_2e58729605-300x158.jpg 300w, https:\/\/www.slovakdoublebassclub.com\/wp-content\/uploads\/2026\/03\/csm_Zimnik-Piotr_c_Hoederath_37668_Y_2e58729605-768x403.jpg 768w, https:\/\/www.slovakdoublebassclub.com\/wp-content\/uploads\/2026\/03\/csm_Zimnik-Piotr_c_Hoederath_37668_Y_2e58729605-1536x806.jpg 1536w, https:\/\/www.slovakdoublebassclub.com\/wp-content\/uploads\/2026\/03\/csm_Zimnik-Piotr_c_Hoederath_37668_Y_2e58729605-600x315.jpg 600w, https:\/\/www.slovakdoublebassclub.com\/wp-content\/uploads\/2026\/03\/csm_Zimnik-Piotr_c_Hoederath_37668_Y_2e58729605.jpg 2000w\" sizes=\"auto, (max-width: 466px) 100vw, 466px\" \/><\/a><\/p>\n<p>&nbsp;<\/p>\n<p>&nbsp;<\/p>\n<h4 style=\"text-align: center;\"><em>Juraj Kukan \/SK<\/em><a href=\"https:\/\/www.slovakdoublebassclub.com\/wp-content\/uploads\/2024\/01\/5bbf4a75e68db03be98166f8f87acd4b.jpg\"><img loading=\"lazy\" decoding=\"async\" class=\" wp-image-27819 aligncenter\" src=\"https:\/\/www.slovakdoublebassclub.com\/wp-content\/uploads\/2024\/01\/5bbf4a75e68db03be98166f8f87acd4b.jpg\" alt=\"\" width=\"358\" height=\"358\" srcset=\"https:\/\/www.slovakdoublebassclub.com\/wp-content\/uploads\/2024\/01\/5bbf4a75e68db03be98166f8f87acd4b.jpg 650w, https:\/\/www.slovakdoublebassclub.com\/wp-content\/uploads\/2024\/01\/5bbf4a75e68db03be98166f8f87acd4b-300x300.jpg 300w, https:\/\/www.slovakdoublebassclub.com\/wp-content\/uploads\/2024\/01\/5bbf4a75e68db03be98166f8f87acd4b-150x150.jpg 150w, https:\/\/www.slovakdoublebassclub.com\/wp-content\/uploads\/2024\/01\/5bbf4a75e68db03be98166f8f87acd4b-600x600.jpg 600w, https:\/\/www.slovakdoublebassclub.com\/wp-content\/uploads\/2024\/01\/5bbf4a75e68db03be98166f8f87acd4b-100x100.jpg 100w\" sizes=\"auto, (max-width: 358px) 100vw, 358px\" \/><\/a><\/h4>\n<h4>&nbsp;<\/h4>\n<h4 style=\"text-align: center;\"><em>J\u00e1n Prievozn\u00edk \/SK<\/em><a href=\"https:\/\/www.slovakdoublebassclub.com\/wp-content\/uploads\/2026\/03\/jp-synagoga.jpg\"><img loading=\"lazy\" decoding=\"async\" class=\" wp-image-28263 aligncenter\" src=\"https:\/\/www.slovakdoublebassclub.com\/wp-content\/uploads\/2026\/03\/jp-synagoga-683x1024.jpg\" alt=\"\" width=\"376\" height=\"564\" srcset=\"https:\/\/www.slovakdoublebassclub.com\/wp-content\/uploads\/2026\/03\/jp-synagoga-683x1024.jpg 683w, https:\/\/www.slovakdoublebassclub.com\/wp-content\/uploads\/2026\/03\/jp-synagoga-200x300.jpg 200w, https:\/\/www.slovakdoublebassclub.com\/wp-content\/uploads\/2026\/03\/jp-synagoga-600x900.jpg 600w, https:\/\/www.slovakdoublebassclub.com\/wp-content\/uploads\/2026\/03\/jp-synagoga.jpg 720w\" sizes=\"auto, (max-width: 376px) 100vw, 376px\" \/><\/a><\/h4>\n<p>&nbsp;<\/p>\n<h4 style=\"text-align: center;\"><em>Maria Krykov \/FIN<\/em><\/h4>\n<p><a href=\"https:\/\/www.slovakdoublebassclub.com\/wp-content\/uploads\/2026\/03\/kuhmon-kamarimusiikki-maria-krykov-kontrabasso-double-bass-kuhmo-chamber-music.jpg\"><img loading=\"lazy\" decoding=\"async\" class=\"wp-image-28258 aligncenter\" src=\"https:\/\/www.slovakdoublebassclub.com\/wp-content\/uploads\/2026\/03\/kuhmon-kamarimusiikki-maria-krykov-kontrabasso-double-bass-kuhmo-chamber-music.jpg\" alt=\"\" width=\"429\" height=\"436\" srcset=\"https:\/\/www.slovakdoublebassclub.com\/wp-content\/uploads\/2026\/03\/kuhmon-kamarimusiikki-maria-krykov-kontrabasso-double-bass-kuhmo-chamber-music.jpg 756w, https:\/\/www.slovakdoublebassclub.com\/wp-content\/uploads\/2026\/03\/kuhmon-kamarimusiikki-maria-krykov-kontrabasso-double-bass-kuhmo-chamber-music-295x300.jpg 295w, https:\/\/www.slovakdoublebassclub.com\/wp-content\/uploads\/2026\/03\/kuhmon-kamarimusiikki-maria-krykov-kontrabasso-double-bass-kuhmo-chamber-music-600x610.jpg 600w\" sizes=\"auto, (max-width: 429px) 100vw, 429px\" \/><\/a><\/p>\n<p>&nbsp;<\/p>\n<h4>&nbsp;<\/h4>\n<h4 style=\"text-align: center;\"><em>Marek \u0160vestka \/CZ<\/em><\/h4>\n<p><a href=\"https:\/\/www.slovakdoublebassclub.com\/wp-content\/uploads\/2026\/03\/marek_svestka.jpg\"><img loading=\"lazy\" decoding=\"async\" class=\" wp-image-28260 aligncenter\" src=\"https:\/\/www.slovakdoublebassclub.com\/wp-content\/uploads\/2026\/03\/marek_svestka.jpg\" alt=\"\" width=\"418\" height=\"629\" srcset=\"https:\/\/www.slovakdoublebassclub.com\/wp-content\/uploads\/2026\/03\/marek_svestka.jpg 399w, https:\/\/www.slovakdoublebassclub.com\/wp-content\/uploads\/2026\/03\/marek_svestka-200x300.jpg 200w\" sizes=\"auto, (max-width: 418px) 100vw, 418px\" \/><\/a>&nbsp;<\/p>\n<p>&nbsp;<\/p>\n<h4 style=\"text-align: center;\"><i>Juraj Valen\u010d\u00edk \/SK<\/i><\/h4>\n<p><a href=\"https:\/\/www.slovakdoublebassclub.com\/wp-content\/uploads\/2026\/03\/Juraj-Valencik-.jpeg\"><img loading=\"lazy\" decoding=\"async\" class=\" wp-image-28262 aligncenter\" src=\"https:\/\/www.slovakdoublebassclub.com\/wp-content\/uploads\/2026\/03\/Juraj-Valencik-.jpeg\" alt=\"\" width=\"262\" height=\"468\"><\/a><\/p>\n<p>&nbsp;<\/p>\n<hr>\n<p style=\"text-align: center;\"><strong>&nbsp;<\/strong><em>all changes reserved<\/em><\/p>\n<p style=\"text-align: center;\"><strong>SDBC 2026<\/strong><\/p>\n<p>&nbsp;","protected":false},"excerpt":{"rendered":"<p>S\u00fa\u0165a\u017en\u00e1 porota 2026:&nbsp; &nbsp; PREDSEDA POROTY: &nbsp; Thomas Martin \/UK &nbsp; Members: Lorraine Campet\/ FR &nbsp; Roman Patkol\u00f3 \/SK &nbsp; J\u00e1n Krigovsk\u00fd \/SK &nbsp; Miloslav Gajdo\u0161 \/CZ &nbsp; Artem Chirkov \/RUS &nbsp; Piotr Zimnik \/PL &nbsp; &nbsp; Juraj Kukan \/SK &hellip; <a href=\"https:\/\/www.slovakdoublebassclub.com\/SK\/jury-2026\/\">Continued<\/a><\/p>\n","protected":false},"author":5,"featured_media":0,"parent":0,"menu_order":0,"comment_status":"closed","ping_status":"closed","template":"","meta":{"ngg_post_thumbnail":0,"footnotes":""},"class_list":["post-6846","page","type-page","status-publish","hentry"],"_links":{"self":[{"href":"https:\/\/www.slovakdoublebassclub.com\/SK\/wp-json\/wp\/v2\/pages\/6846","targetHints":{"allow":["GET"]}}],"collection":[{"href":"https:\/\/www.slovakdoublebassclub.com\/SK\/wp-json\/wp\/v2\/pages"}],"about":[{"href":"https:\/\/www.slovakdoublebassclub.com\/SK\/wp-json\/wp\/v2\/types\/page"}],"author":[{"embeddable":true,"href":"https:\/\/www.slovakdoublebassclub.com\/SK\/wp-json\/wp\/v2\/users\/5"}],"replies":[{"embeddable":true,"href":"https:\/\/www.slovakdoublebassclub.com\/SK\/wp-json\/wp\/v2\/comments?post=6846"}],"version-history":[{"count":35,"href":"https:\/\/www.slovakdoublebassclub.com\/SK\/wp-json\/wp\/v2\/pages\/6846\/revisions"}],"predecessor-version":[{"id":28272,"href":"https:\/\/www.slovakdoublebassclub.com\/SK\/wp-json\/wp\/v2\/pages\/6846\/revisions\/28272"}],"wp:attachment":[{"href":"https:\/\/www.slovakdoublebassclub.com\/SK\/wp-json\/wp\/v2\/media?parent=6846"}],"curies":[{"name":"wp","href":"https:\/\/api.w.org\/{rel}","templated":true}]}}