{"id":785,"date":"2013-02-07T14:13:59","date_gmt":"2013-02-07T13:13:59","guid":{"rendered":"http:\/\/www.slovakdoublebassclub.com\/?page_id=785"},"modified":"2020-01-31T10:37:29","modified_gmt":"2020-01-31T09:37:29","slug":"2-2","status":"publish","type":"page","link":"https:\/\/www.slovakdoublebassclub.com\/SK\/2-2\/","title":{"rendered":"2% dane 2020"},"content":{"rendered":"<h3 style=\"text-align: center;\">&nbsp;<\/h3>\n<p><a href=\"http:\/\/www.slovakdoublebassclub.com\/wp-content\/uploads\/2013\/02\/2_small-p\u00e4ta-mailu.jpg\"><img loading=\"lazy\" decoding=\"async\" class=\"size-full wp-image-4359 aligncenter\" src=\"http:\/\/www.slovakdoublebassclub.com\/wp-content\/uploads\/2013\/02\/2_small-p\u00e4ta-mailu.jpg\" alt=\"\" width=\"591\" height=\"182\" srcset=\"https:\/\/www.slovakdoublebassclub.com\/wp-content\/uploads\/2013\/02\/2_small-p\u00e4ta-mailu.jpg 591w, https:\/\/www.slovakdoublebassclub.com\/wp-content\/uploads\/2013\/02\/2_small-p\u00e4ta-mailu-300x92.jpg 300w\" sizes=\"auto, (max-width: 591px) 100vw, 591px\" \/><\/a><\/p>\n<p style=\"text-align: center;\"><strong>THIS SITE IS AVAILABLE ONLY IN SLOVAK LANGUAGE!<\/strong><\/p>\n<p style=\"text-align: center;\"><strong><em>Aj v tomto roku sa ob\u010dianske zdru\u017eenie Slovak Double Bass Club stalo prij\u00edmate\u013eom 2% dane &nbsp; &nbsp; &nbsp; &nbsp; &nbsp; &nbsp; &nbsp; &nbsp;<\/em><\/strong><\/p>\n<p style=\"text-align: center;\">&nbsp;<\/p>\n<hr>\n<h4 style=\"text-align: center;\"><a href=\"https:\/\/www.slovakdoublebassclub.com\/vyhlasenie-o-poukazani-podielu-zaplatenej-dane-z-prijmov-fyzickej-osoby\/\">TU si stiahnite tla\u010divo!<\/a><\/h4>\n<p><a href=\"http:\/\/www.slovakdoublebassclub.com\/wp-content\/uploads\/2018\/02\/1200x628__EXPORT_02.gif\"><img loading=\"lazy\" decoding=\"async\" class=\"size-large wp-image-4676 aligncenter\" src=\"http:\/\/www.slovakdoublebassclub.com\/wp-content\/uploads\/2018\/02\/1200x628__EXPORT_02-1024x536.gif\" alt=\"\" width=\"1024\" height=\"536\" srcset=\"https:\/\/www.slovakdoublebassclub.com\/wp-content\/uploads\/2018\/02\/1200x628__EXPORT_02-1024x536.gif 1024w, https:\/\/www.slovakdoublebassclub.com\/wp-content\/uploads\/2018\/02\/1200x628__EXPORT_02-600x314.gif 600w, https:\/\/www.slovakdoublebassclub.com\/wp-content\/uploads\/2018\/02\/1200x628__EXPORT_02-300x157.gif 300w, https:\/\/www.slovakdoublebassclub.com\/wp-content\/uploads\/2018\/02\/1200x628__EXPORT_02-768x402.gif 768w\" sizes=\"auto, (max-width: 1024px) 100vw, 1024px\" \/><\/a><\/p>\n<h4 style=\"text-align: center;\"><a href=\"http:\/\/rozhodni.sk\/poukazatel\/ako-mam-poukazat-2-z-dane\/\">link dve percenta<\/a><\/h4>\n<h4 style=\"text-align: center;\">o pouk\u00e1zan\u00ed sumy do v\u00fd\u0161ky 2% zaplatenej dane z&nbsp;pr\u00edjmov fyzickej osoby na rok 2019!<\/h4>\n<hr>\n<p style=\"text-align: left;\">\u00dadaje o prij\u00edmate\u013eovi:<\/p>\n<p>Obchodn\u00e9 meno, alebo n\u00e1zov: <strong>Slovak Doublebass Club<\/strong><br \/>\nS\u00eddlo: <strong>Hviezdoslavova 44,&nbsp;Senec 903 01<\/strong><br \/>\nPr\u00e1vna forma: <strong>ob\u010dianske zdru\u017eenie<\/strong><br \/>\nIdentifika\u010dn\u00e9 \u010d\u00edslo (I\u010cO\/SID):&nbsp;<strong>42181461<\/strong><\/p>\n<hr>\n<p style=\"text-align: justify;\">Ob\u010dianske zdru\u017eenie <b>Slovak Double Bass Club<\/b> bolo zalo\u017een\u00e9 v&nbsp;roku 2010.<\/p>\n<p style=\"text-align: justify;\">Po\u010das svojej existencie sa mu podarilo zorganizova\u0165 <strong>10.<\/strong><b>&nbsp;ro\u010dn\u00edkov medzin\u00e1rodn\u00fdch kontrabasov\u00fdch kurzov BASS FEST+<\/b>, na ktor\u00fdch priv\u00edtalo vy\u0161e 140 r\u00f4znych lektorov zo Slovenska, \u010ciech, Po\u013eska, Ma\u010farska, Nemecka, \u0160vaj\u010diarska, Anglicka, Rak\u00faska, Chorv\u00e1tska, Talianska, Ruska, Turecka, Bulharska, Ukrainy, USA a i. (pozri: <a href=\"http:\/\/www.slovakdoublebassclub.com\/SK\/kto-bol-nasim-hostom\/\">&#8222;kto bol na\u0161im hos\u0165om?<\/a>)<\/p>\n<p style=\"text-align: justify;\">Podporuje Slovensk\u00fdch kontrabasistov, ale i&nbsp;koncertn\u00fd a&nbsp;umeleck\u00fd \u017eivot na Slovensku.<\/p>\n<p style=\"text-align: justify;\">Je spoluorganiz\u00e1torom celoro\u010dn\u00e9ho benefi\u010dn\u00e9ho festivalu <b>Musica Perennis Iuventutis<\/b> (ve\u010dn\u00e1 hudba mlad\u00fdch&#8230;), kde po\u010das \u0161iestich rokov zorganizovalo vy\u0161e 180 r\u00f4znych koncertov. V\u010faka t\u00fdmto aktivit\u00e1m sa na charitat\u00edvne ciele&nbsp; vyzbieralo viac ako 15000 eur, ktor\u00e9 boli odovzdan\u00e9 organiz\u00e1ci\u00e1m pre Afriku\/Nairobi, zdru\u017eenie Dobrota sv. Al\u017ebety v Sud\u00e1ne, ale i napr. zariadeniu \u201cmatky v n\u00fadzi\u201d v Dolnej Krupej a r\u00f4zne charitat\u00edvne ciele po celom Slovensku.<\/p>\n<p style=\"text-align: justify;\">Zorganizovalo u\u017e deviaty ro\u010dn\u00edk medzin\u00e1rodnej <b>kontrabasovej interpreta\u010dnej s\u00fa\u0165a\u017ee Karla Ditters von Dittersdorfa,&nbsp;<\/b> na ktorej sa z\u00fa\u010dastnilo viac ako 170 \u00fa\u010dastn\u00edkov zo 21 kraj\u00edn Eur\u00f3py.<\/p>\n<p style=\"text-align: justify;\">V roku 2015 pri pr\u00edle\u017eitosti piateho v\u00fdro\u010dia OZ priv\u00edtalo na Slovensku legendu kontrabasov\u00e9ho sveta <strong>Gary Karra<\/strong>, ktor\u00fd viedol master class.<\/p>\n<p style=\"text-align: justify;\">Svojimi aktivitami sa sna\u017e\u00ed vytv\u00e1ra\u0165 prostredie pre rozvoj nielen kontrabasov\u00e9ho interpreta\u010dn\u00e9ho umenia na Slovensku, ale i&nbsp;komornej hudby, podpory mlad\u00fdch talentov a&nbsp;vytv\u00e1raniu koncertn\u00fdch a&nbsp;in\u00fdch pr\u00edle\u017eitost\u00ed na ich zvidite\u013enenie. Spolupracuje s \u010fal\u0161\u00edmi zdru\u017eeniami na podporu koncertn\u00e9ho umenia na Slovensku: Collegium Wartberg, Collegium Wartberg joung, BASS BAND, Collegium Wartberg Dance company.<\/p>\n<p style=\"text-align: justify;\">Potrebujeme i&nbsp;Va\u0161u pomoc, aby sa na\u0161e v\u00edzie a pl\u00e1ny stali na\u0161ou spolo\u010dnou realitou!<\/p>\n<p style=\"text-align: justify;\">PODPORTE <b>Slovak Double Bass Club<\/b> 2% Z&nbsp;VA\u0160ICH DAN\u00cd A&nbsp;POU\u017dITE ICH NA DOBR\u00da VEC!<\/p>\n<hr>\n<h3 style=\"text-align: center;\"><b>Ako na to?<\/b><\/h3>\n<hr>\n<h4 style=\"text-align: center;\"><a href=\"https:\/\/www.slovakdoublebassclub.com\/vyhlasenie-o-poukazani-podielu-zaplatenej-dane-z-prijmov-fyzickej-osoby\/\">TU si stiahnite tla\u010divo!<\/a><\/h4>\n<h4 style=\"text-align: center;\"><a href=\"http:\/\/rozhodni.sk\/poukazatel\/ako-mam-poukazat-2-z-dane\/\">link dve percenta<\/a><\/h4>\n<h5><strong>Postup krokov pre fyzick\u00e9 osoby, ktor\u00e9 si sam\u00e9 pod\u00e1vaj\u00fa da\u0148ov\u00e9 priznanie v roku 2019: <\/strong><\/h5>\n<h5><a href=\"http:\/\/rozhodni.sk\/poukazatel\/ako-mam-poukazat-2-z-dane\/postup-krokov-pre-fyzicke-osoby\/\"><strong>\/inform\u00e1cie zo str\u00e1nky rozhodni.sk\/<\/strong><\/a><\/h5>\n<p>&nbsp;<\/p>\n<ul>\n<li style=\"list-style-type: none;\">\n<ol>\n<li>Vyberte si jedn\u00e9ho prij\u00edmate\u013ea zo <strong><a href=\"http:\/\/rozhodni.sk\/zoznam-prijimatelov\/\">Zoznamu prij\u00edmate\u013eov 2% na rok 2019<\/a><\/strong>, ktor\u00e9mu chcete pouk\u00e1za\u0165 Va\u0161e % zo zaplatenej dane, <strong>minim\u00e1lna v\u00fd\u0161ka v prospech prij\u00edmate\u013ea je 3 \u20ac. (V\u017dDY si overte aktu\u00e1lnos\u0165 \u00fadajov o prij\u00edmate\u013eovi v ofici\u00e1lnom Zozname prij\u00edmate\u013eov!)<\/strong><\/li>\n<li>Vypo\u010d\u00edtajte si:<br \/>\n<strong>a) 2% z Va\u0161ej zaplatenej dane<\/strong> \u2013 to je maxim\u00e1lna suma, ktor\u00fa m\u00f4\u017eete v prospech prij\u00edmate\u013ea pouk\u00e1za\u0165, ak ste v roku 2018 neboli dobrovo\u013en\u00edkom, alebo dobrovo\u013en\u00edcky odpracovali menej ako 40 hod\u00edn. T\u00e1to suma v\u0161ak mus\u00ed by\u0165 minim\u00e1lne 3 \u20ac.<br \/>\n<strong>b) <a title=\"Ako m\u00f4\u017eu dobrovo\u013en\u00edci pouk\u00e1za\u0165 3% z dane?\" href=\"http:\/\/rozhodni.sk\/poukazatel\/ako-mozu-dobrovolnici-poukazat-3-z-dane\/\">3% z Va\u0161ej zaplatenej dane<\/a><\/strong><a title=\"Ako m\u00f4\u017eu dobrovo\u013en\u00edci pouk\u00e1za\u0165 3% z dane?\" href=\"http:\/\/rozhodni.sk\/poukazatel\/ako-mozu-dobrovolnici-poukazat-3-z-dane\/\">, ak ste v roku 2018 odpracovali dobrovo\u013en\u00edcky minim\u00e1lne 40 hod\u00edn <\/a>a z\u00edskate o tom Potvrdenie od organiz\u00e1cie\/organiz\u00e1ci\u00ed, pre ktor\u00e9 ste v roku 2018 dobrovo\u013en\u00edcky pracovali.<\/li>\n<li>V <a title=\"Tla\u010div\u00e1 na pouk\u00e1zanie 2% z dane\" href=\"http:\/\/rozhodni.sk\/poukazatel\/tlaciva-na-poukazanie-2-z-dane\/\" target=\"_blank\" rel=\"noopener noreferrer\"><strong>da\u0148ovom priznan\u00ed pre fyzick\u00e9 osoby<\/strong> <\/a>s\u00fa u\u017e uveden\u00e9 kol\u00f3nky na pouk\u00e1zanie 2% (3%)&nbsp;z dane v prospech 1 prij\u00edmate\u013ea. \u00dadaje, ktor\u00e9 potrebujete do da\u0148ov\u00e9ho priznania uvies\u0165, n\u00e1jdete v Zozname prij\u00edmate\u013eov pri organiz\u00e1ci\u00ed, ktor\u00fa ste si vybrali.<\/li>\n<li><strong>Ak chcete ozn\u00e1mi\u0165 prij\u00edmate\u013eovi, \u017ee ste mu Vy zaslali svoje 2%\/3%, za\u0161krtnite v tla\u010dive pr\u00edslu\u0161n\u00fd s\u00fahlas so zaslan\u00edm Va\u0161ich \u00fadajov (meno a adresa\u2026 NIE v\u0161ak pouk\u00e1zan\u00e1 suma) \u2013 novinka od roku 2016!<\/strong><\/li>\n<li>Riadne vyplnen\u00e9 da\u0148ov\u00e9&nbsp;priznanie<strong>***<br \/>\n<\/strong>a) odo\u0161lite v lehote na podanie da\u0148ov\u00e9ho priznania elektronicky na Finan\u010dn\u00fa spr\u00e1vu&nbsp;a v tomto term\u00edne aj zapla\u0165te da\u0148 z pr\u00edjmov.<br \/>\nb) ak nem\u00e1te povinnos\u0165 elektronickej komunik\u00e1cie \u2013 vytla\u010dte a doru\u010dte v lehote, ktor\u00fa m\u00e1te na podanie da\u0148ov\u00e9ho priznania (zvy\u010dajne do 31.03.2019) na V\u00e1\u0161 da\u0148ov\u00fd \u00farad (pod\u013ea V\u00e1\u0161ho bydliska: <strong>&#8211; adresu si n\u00e1jdete tu:&nbsp;<\/strong><a href=\"https:\/\/www.financnasprava.sk\/sk\/elektronicke-sluzby\/verejne-sluzby\/zistenie-miestnej-prislusnost\" target=\"_blank\" rel=\"noopener noreferrer\">https:\/\/www.financnasprava.sk\/sk\/elektronicke-sluzby\/verejne-sluzby\/zistenie-miestnej-prislusnost<strong>&nbsp;<\/strong><\/a>) a v tomto term\u00edne aj zapla\u0165te da\u0148 z pr\u00edjmov.<\/li>\n<li>***<strong>Ak ste pouk\u00e1zali 3% z dane, povinnou pr\u00edlohou k Da\u0148ov\u00e9mu priznaniu je aj <a title=\"Tla\u010div\u00e1 na pouk\u00e1zanie 2% z dane\" href=\"http:\/\/rozhodni.sk\/poukazatel\/tlaciva-na-poukazanie-2-z-dane\/\" target=\"_blank\" rel=\"noopener noreferrer\">Potvrdenie o odpracovan\u00ed minim\u00e1lne 40 hod\u00edn dobrovo\u013en\u00edckej \u010dinnosti!!!<\/a><\/strong><\/li>\n<li>Da\u0148ov\u00fd \u00farad po kontrole \u00fadajov a splnen\u00ed v\u0161etk\u00fdch podmienok m\u00e1 z\u00e1konn\u00fa lehotu 90 dn\u00ed na to, aby previedol sumu, ktor\u00fa ste pouk\u00e1zali, v prospech Vami vybran\u00e9ho prij\u00edmate\u013ea.<\/li>\n<\/ol>\n<\/li>\n<\/ul>","protected":false},"excerpt":{"rendered":"<p>&nbsp; THIS SITE IS AVAILABLE ONLY IN SLOVAK LANGUAGE! Aj v tomto roku sa ob\u010dianske zdru\u017eenie Slovak Double Bass Club stalo prij\u00edmate\u013eom 2% dane &nbsp; &nbsp; &nbsp; &nbsp; &nbsp; &nbsp; &nbsp; &nbsp; &nbsp; TU si stiahnite tla\u010divo! link dve percenta &hellip; <a href=\"https:\/\/www.slovakdoublebassclub.com\/SK\/2-2\/\">Continued<\/a><\/p>\n","protected":false},"author":2,"featured_media":4676,"parent":0,"menu_order":0,"comment_status":"closed","ping_status":"closed","template":"","meta":{"ngg_post_thumbnail":0,"footnotes":""},"class_list":["post-785","page","type-page","status-publish","has-post-thumbnail","hentry"],"_links":{"self":[{"href":"https:\/\/www.slovakdoublebassclub.com\/SK\/wp-json\/wp\/v2\/pages\/785","targetHints":{"allow":["GET"]}}],"collection":[{"href":"https:\/\/www.slovakdoublebassclub.com\/SK\/wp-json\/wp\/v2\/pages"}],"about":[{"href":"https:\/\/www.slovakdoublebassclub.com\/SK\/wp-json\/wp\/v2\/types\/page"}],"author":[{"embeddable":true,"href":"https:\/\/www.slovakdoublebassclub.com\/SK\/wp-json\/wp\/v2\/users\/2"}],"replies":[{"embeddable":true,"href":"https:\/\/www.slovakdoublebassclub.com\/SK\/wp-json\/wp\/v2\/comments?post=785"}],"version-history":[{"count":42,"href":"https:\/\/www.slovakdoublebassclub.com\/SK\/wp-json\/wp\/v2\/pages\/785\/revisions"}],"predecessor-version":[{"id":19831,"href":"https:\/\/www.slovakdoublebassclub.com\/SK\/wp-json\/wp\/v2\/pages\/785\/revisions\/19831"}],"wp:featuredmedia":[{"embeddable":true,"href":"https:\/\/www.slovakdoublebassclub.com\/SK\/wp-json\/wp\/v2\/media\/4676"}],"wp:attachment":[{"href":"https:\/\/www.slovakdoublebassclub.com\/SK\/wp-json\/wp\/v2\/media?parent=785"}],"curies":[{"name":"wp","href":"https:\/\/api.w.org\/{rel}","templated":true}]}}