{"id":872,"date":"2013-05-07T15:10:39","date_gmt":"2013-05-07T14:10:39","guid":{"rendered":"http:\/\/www.slovakdoublebassclub.com\/?page_id=872"},"modified":"2013-05-07T15:10:39","modified_gmt":"2013-05-07T14:10:39","slug":"beneficia-2012","status":"publish","type":"page","link":"https:\/\/www.slovakdoublebassclub.com\/SK\/beneficia-2012\/","title":{"rendered":"Benef\u00edcia 2012"},"content":{"rendered":"<p><strong>29. janu\u00e1r 2012, Otv\u00e1rac\u00ed koncert: &#8222;Senec kult\u00faru m\u00e1!&#8220;<\/strong><\/p>\n<p>V\u00fd\u0165a\u017eok z koncertu\u00a0<strong>450,10 \u20ac<\/strong>\u00a0venovan\u00fd OZ Dobrota sv. Al\u017ebety pre sirotince v Nairobi.<\/p>\n<p><strong>12. febru\u00e1r 2012, Koncert: &#8222;Ars Antiqua Austria&#8220;<\/strong><br \/>\nV\u00fd\u0165a\u017eok z koncertu\u00a0<strong>260 \u20ac<\/strong>\u00a0venovan\u00fd Zariadeniu n\u00fadzov\u00e9ho b\u00fdvania pre \u017eeny &#8211; Jozef\u00ednium v Dolnej Krupej.<\/p>\n<p><strong>4. marec 2012, Koncert v Mirbachovom pal\u00e1ci v Bratislave a v Senci: &#8222;Po stop\u00e1ch violonu praotca kontrabasu&#8220;<\/strong><br \/>\nV\u00fd\u0165a\u017eok z koncertov\u00a0<strong>380 \u20ac<\/strong>\u00a0venovan\u00fd OZ Dobrota sv. Al\u017ebety pre sirotince a domovy pre ml\u00e1de\u017e v Keni.<\/p>\n<p><strong>15. marec 2012, Koncert: &#8222;Johanka z\u00a0Arku&#8220; &#8211; orat\u00f3rium sv. Filipa N\u00e9riho v\u00a0Senci<\/strong><br \/>\nV\u00fd\u0165a\u017eok z koncertu\u00a0<strong>300 \u20ac<\/strong>\u00a0venovan\u00fd Orat\u00f3riu sv. Filipa N\u00e9riho v\u00a0Senci.<\/p>\n<p><strong>5. m\u00e1j 2012, Hudobn\u00fd marat\u00f3n: &#8222;Sen\u010dania Sen\u010danom&#8220;<\/strong><br \/>\nV\u00fd\u0165a\u017eok\u00a0<strong>690 \u20ac<\/strong>, ktor\u00ed po\u010das d\u0148a vyzbierali dobovo\u013en\u00edci venovan\u00fd pre soci\u00e1lne najslab\u0161ie rodiny v Senci.<\/p>\n<p><strong>9. september 2012, Koncert: &#8222;Zbojn\u00edkova modlitba&#8220;<\/strong><br \/>\nV\u00fd\u0165a\u017eok z koncertu\u00a0<strong>85 \u20ac<\/strong>\u00a0venovan\u00fd Zariadeniu n\u00fadzov\u00e9ho b\u00fdvania pre \u017eeny &#8211; Jozef\u00ednum v Dolnej Krupejna opravu kanaliz\u00e1cie.<\/p>\n<p><strong>14. okt\u00f3ber 2012, Koncert: &#8222;Divertimento da camera&#8220; &#8211; koncert k 200. v\u00fdro\u010diu \u00famrtia J. M. Spergera<\/strong><br \/>\nV\u00fd\u0165a\u017eok z koncertu\u00a0<strong>76 \u20ac<\/strong>\u00a0venovan\u00fd Slovak Doublebass Club-u v Senci pre jeho organiza\u010dno-technick\u00fd rozvoj.<\/p>\n<p><strong>18. november 2012, Koncert Quadrifolio: &#8222;Osl\u00e1vme Boha Spevom&#8220;<\/strong><br \/>\nV\u00fd\u0165a\u017eok z koncertu\u00a0<strong>315,66 \u20ac<\/strong>\u00a0venovan\u00fd salezi\u00e1nskemu projektu v\u00fdstavby detsk\u00e9ho pastora\u010dn\u00e9ho domova pre deti na Sib\u00edri.<\/p>\n<p><strong>2. december 2012, koncert: &#8222;Kult\u00farno-hudobno-z\u00e1bavn\u00fd program k\u00a0patroc\u00edniu sv. Mikul\u00e1\u0161a&#8220;<\/strong><br \/>\nV\u00fd\u0165a\u017eok\u00a0<strong>187<\/strong>\u00a0\u20ac z koncertu venovan\u00fd Hudobn\u00e9mu festivalu Musica Perennis Iuventutis.<\/p>\n<div>\n<p>Suma v\u00fd\u0165a\u017ekov z benef\u00edci\u00ed za rok 2012:\u00a0<b>2743,76 \u20ac.<\/b><\/p>\n<\/div>\n<p><strong>J\u00e1n Krigovsk\u00fd<\/strong><\/p>\n<p>Viac tu:\u00a0<a href=\"http:\/\/www.collegiumwartberg.com\/musica-perennis-iuventutis\/musica-perennis-iuventutis-2012\/beneficia\/?utm_source=copy&amp;utm_medium=paste&amp;utm_campaign=copypaste&amp;utm_content=http%3A%2F%2Fwww.collegiumwartberg.com%2Fmusica-perennis-iuventutis%2Fmusica-perennis-iuventutis-2012%2Fbeneficia%2F\">http:\/\/www.collegiumwartberg.com\/musica-perennis-iuventutis\/musica-perennis-iuventutis-2012\/beneficia\/<\/a><\/p>\n","protected":false},"excerpt":{"rendered":"<p>29. janu\u00e1r 2012, Otv\u00e1rac\u00ed koncert: &#8222;Senec kult\u00faru m\u00e1!&#8220; V\u00fd\u0165a\u017eok z koncertu\u00a0450,10 \u20ac\u00a0venovan\u00fd OZ Dobrota sv. Al\u017ebety pre sirotince v Nairobi. 12. febru\u00e1r 2012, Koncert: &#8222;Ars Antiqua Austria&#8220; V\u00fd\u0165a\u017eok z koncertu\u00a0260 \u20ac\u00a0venovan\u00fd Zariadeniu n\u00fadzov\u00e9ho b\u00fdvania pre \u017eeny &#8211; Jozef\u00ednium v Dolnej &hellip; <a href=\"https:\/\/www.slovakdoublebassclub.com\/SK\/beneficia-2012\/\">Continued<\/a><\/p>\n","protected":false},"author":4,"featured_media":0,"parent":0,"menu_order":0,"comment_status":"closed","ping_status":"closed","template":"","meta":{"ngg_post_thumbnail":0,"footnotes":""},"class_list":["post-872","page","type-page","status-publish","hentry"],"_links":{"self":[{"href":"https:\/\/www.slovakdoublebassclub.com\/SK\/wp-json\/wp\/v2\/pages\/872","targetHints":{"allow":["GET"]}}],"collection":[{"href":"https:\/\/www.slovakdoublebassclub.com\/SK\/wp-json\/wp\/v2\/pages"}],"about":[{"href":"https:\/\/www.slovakdoublebassclub.com\/SK\/wp-json\/wp\/v2\/types\/page"}],"author":[{"embeddable":true,"href":"https:\/\/www.slovakdoublebassclub.com\/SK\/wp-json\/wp\/v2\/users\/4"}],"replies":[{"embeddable":true,"href":"https:\/\/www.slovakdoublebassclub.com\/SK\/wp-json\/wp\/v2\/comments?post=872"}],"version-history":[{"count":0,"href":"https:\/\/www.slovakdoublebassclub.com\/SK\/wp-json\/wp\/v2\/pages\/872\/revisions"}],"wp:attachment":[{"href":"https:\/\/www.slovakdoublebassclub.com\/SK\/wp-json\/wp\/v2\/media?parent=872"}],"curies":[{"name":"wp","href":"https:\/\/api.w.org\/{rel}","templated":true}]}}