{"id":946,"date":"2013-09-04T18:52:55","date_gmt":"2013-09-04T18:52:55","guid":{"rendered":"http:\/\/www.slovakdoublebassclub.com\/?page_id=946"},"modified":"2014-09-06T01:03:39","modified_gmt":"2014-09-05T23:03:39","slug":"bass-fest-2014","status":"publish","type":"page","link":"https:\/\/www.slovakdoublebassclub.com\/SK\/bass-fest-2014\/","title":{"rendered":"BASS FEST 2014"},"content":{"rendered":"<h2 style=\"text-align: center;\"><a href=\"http:\/\/www.slovakdoublebassclub.com\/wp-content\/uploads\/2013\/09\/bass-fest-2014-banner.jpg\"><img loading=\"lazy\" decoding=\"async\" class=\"alignnone size-full wp-image-1535\" alt=\"bass-fest-2014-banner\" src=\"http:\/\/www.slovakdoublebassclub.com\/wp-content\/uploads\/2013\/09\/bass-fest-2014-banner.jpg\" width=\"900\" height=\"405\" srcset=\"https:\/\/www.slovakdoublebassclub.com\/wp-content\/uploads\/2013\/09\/bass-fest-2014-banner.jpg 900w, https:\/\/www.slovakdoublebassclub.com\/wp-content\/uploads\/2013\/09\/bass-fest-2014-banner-600x270.jpg 600w, https:\/\/www.slovakdoublebassclub.com\/wp-content\/uploads\/2013\/09\/bass-fest-2014-banner-300x135.jpg 300w\" sizes=\"auto, (max-width: 900px) 100vw, 900px\" \/><\/a><\/h2>\n<h1 style=\"text-align: center;\"><strong>BASS FEST 2014<\/strong><\/h1>\n<h1 style=\"text-align: center;\"><strong>12.-16. 2. 2014<\/strong><\/h1>\n<p><b>\u00a0<\/b>BASS FEST 2014 je u\u017e<strong> piaty ro\u010dn\u00edk medzin\u00e1rodn\u00fdch interpreta\u010dn\u00fdch kurzov<\/strong> v\u00a0spojen\u00ed s\u00a0 predn\u00e1\u0161kami, semin\u00e1rmi a\u00a0odborn\u00fdmi stretnutiami a koncertmi. Kurzy prebiehaj\u00fa v\u00a0odboroch: interpret\u00e1cia na kontrabase, husliach, viole, violon\u010dele, gitare, akorde\u00f3ne, klav\u00edri a perkusi\u00e1ch. Spojen\u00edm viacer\u00fdch n\u00e1strojov a\u00a0zoskupen\u00ed v\u00a0r\u00e1mci jedn\u00e9ho kurzu sledujeme z\u00e1mer uplatnenia kontrabasu v\u00a0komornej hudbe, orchestr\u00e1lnej ako i\u00a0jazzovej a s\u00f3lovej interpret\u00e1cii. Z\u00e1merom je pouk\u00e1za\u0165 na potrebu vz\u00e1jomnej interakcie s\u00a0in\u00fdmi n\u00e1strojmi a\u00a0podporu vz\u00e1jmn\u00e9ho muzic\u00edrovania.<\/p>\n<p>V\u00a0r\u00e1mci workshopov sa \u00fa\u010dastn\u00edci maj\u00fa mo\u017enos\u0165 z\u00fa\u010dastni\u0165 s\u00f3lov\u00fdch lekci\u00ed u\u00a0popredn\u00fdch pedag\u00f3gov z\u00a0vysok\u00fdch \u0161k\u00f4l zo Slovenska, \u010ciech, Po\u013eska, Nemecka, \u0160vaj\u010diarska, Bulharska, Ruska, Anglicka, Franc\u00fazska, Turecka, Talianska, Chorv\u00e1tska a Rak\u00faska.<\/p>\n<h3><strong style=\"font-size: 16px;\">KONTRABAS<\/strong><\/h3>\n<p><a href=\"http:\/\/www.slovakdoublebassclub.com\/?page_id=547\">Thomas Martin<\/a>\u00a0s\u00f3lo kontrabas (UK)<\/p>\n<p><a href=\"http:\/\/www.slovakdoublebassclub.com\/?page_id=253\">Roman Patkol\u00f3<\/a>\u00a0\u00a0s\u00f3lo kontrabas(SK\/CH)<\/p>\n<p><a title=\"Petia Bagovska\/ solo bass\" href=\"http:\/\/www.slovakdoublebassclub.com\/petia-bagovska-solo-bass\/\">Petya Bagovska<\/a>\u00a0s\u00f3lo kontrabas (BG)<\/p>\n<p><a title=\"Burak Karaagac\" href=\"http:\/\/www.slovakdoublebassclub.com\/burak-karaagac-solo-bass\/\">Burak Karaagac<\/a>\u00a0s\u00f3lo kontrabas (TK)<\/p>\n<p>Waldemar Tamowski s\u00f3lo kontrabas (PL)<\/p>\n<p><a href=\"http:\/\/www.slovakdoublebassclub.com\/?page_id=261\">J\u00e1n Krigovsk\u00fd<\/a><strong>\u00a0<\/strong>\u00a0s\u00f3lo kontrabas, viedensk\u00fd violon, osemstop\u00fd violon (SK)<\/p>\n<p>Jakub Waldman s\u00f3lo kontrabas (CZ)<\/p>\n<p><a href=\"http:\/\/www.slovakdoublebassclub.com\/?page_id=265\">Miloslav Gajdo\u0161<\/a>\u00a0 s\u00f3lo kontrabas, komorn\u00e1 hudba, pedagogika (CZ)<\/p>\n<p><a href=\"http:\/\/www.slovakdoublebassclub.com\/?page_id=258\">Miloslav Jel\u00ednek<\/a><strong>\u00a0<\/strong>\u00a0s\u00f3lo kontrabas(CZ)<\/p>\n<p>Milan \u0160ag\u00e1t komorn\u00e1 hudba\u00a0 s\u00a0kontrabasom (SK\/AT)<\/p>\n<p><a title=\"Rastislav Sokol\" href=\"http:\/\/www.slovakdoublebassclub.com\/rastislav-sokol-2\/\">Rastislav Sokol<\/a>\u00a0&#8211; orchestr\u00e1lne party (SK)<\/p>\n<p><a href=\"http:\/\/www.slovakdoublebassclub.com\/?page_id=553\">Vladim\u00edr \u017datko<\/a><strong>\u00a0<\/strong>s\u00f3lo kontrabas (SK\/DE)<\/p>\n<p><a href=\"http:\/\/www.slovakdoublebassclub.com\/?page_id=286\">Franti\u0161ek Szanto<\/a>\u00a0 fyzioterapia, mental &amp; body training (SK\/CH)<\/p>\n<p><a title=\"Robert Ragan\" href=\"http:\/\/www.slovakdoublebassclub.com\/robert-ragan\/\">Robert Ragan<\/a>\u00a0&#8211; jazzov\u00fd kontrabas, basov\u00e1 gitara (SK)<\/p>\n<p>Jacek Nedziela \u2013 Meira\u00a0 jazzov\u00fd kontrabas, basov\u00e1 gitara (PL)<\/p>\n<p><strong>HUSLE<\/strong><\/p>\n<p><a title=\"Dalibor Karvay\" href=\"http:\/\/www.slovakdoublebassclub.com\/dalibor-karvay\/\">Dalibor Karvay<\/a><strong>\u00a0<\/strong>\u00a0(SK\/AT)<br \/>\n<a title=\"Rollo Kovac\" href=\"http:\/\/www.slovakdoublebassclub.com\/rollo-kovac-husle-violin\/\">Rollo Kovac<\/a>\u00a0(FR)<br \/>\n<a title=\"Ilia Korol\" href=\"http:\/\/www.slovakdoublebassclub.com\/ilja-korol-husle-violin\/\">Ilia Korol<\/a>\u00a0&#8211; barokov\u00e9 husle (RUS\/AT)<br \/>\n<a title=\"Stano Pal\u00fach\" href=\"http:\/\/www.slovakdoublebassclub.com\/stano-paluch\/\">Stano Pal\u00fach<\/a>\u00a0&#8211; jazzov\u00e1 artikul\u00e1cia &amp; improviz\u00e1cia (SK)<\/p>\n<p><strong>VIOLA<\/strong><\/p>\n<p><a title=\"Zuzana Bou\u0159ov\u00e1\" href=\"http:\/\/www.slovakdoublebassclub.com\/zuzana-bourova-viola\/\">Zuzana Bou\u0159ov\u00e1\u00a0(SK)<\/a><\/p>\n<p><strong>VIOLON\u010cELO<\/strong><\/p>\n<p><a title=\"Jozef Podhoransk\u00fd\" href=\"http:\/\/www.slovakdoublebassclub.com\/jozef-podhoransky\/\">Jozef Podoransk\u00fd\u00a0<\/a>(SK)<\/p>\n<p><strong>AKORDE\u00d3N<\/strong><\/p>\n<p><a title=\"Boris Lenko\" href=\"http:\/\/www.slovakdoublebassclub.com\/boris-lenko\/\">Boris Lenko<\/a>\u00a0(SK)<\/p>\n<p><strong>GITARA<\/strong><\/p>\n<p><a title=\"Rafael Catala\" href=\"http:\/\/www.slovakdoublebassclub.com\/rafael-catala\/\">Rafael Catala<\/a>\u00a0(IT)<\/p>\n<p><strong>PERKUSIE<\/strong><\/p>\n<p><a title=\"Hrvoje Rupcic\" href=\"http:\/\/www.slovakdoublebassclub.com\/hrvoje-rupcic-perkusie-purkusin\/\">Hrvoje Rupcic<\/a>\u00a0(HR)<\/p>\n<p><strong>KLAV\u00cdR<\/strong><\/p>\n<p><a title=\"Daniel Buranovsk\u00fd\" href=\"http:\/\/www.slovakdoublebassclub.com\/daniel-buranovsky-klavir-piano\/\">Daniel Buranovsk\u00fd<\/a><strong>\u00a0<\/strong>(SK)<br \/>\n<a title=\"Eva C\u00e1hov\u00e1\" href=\"http:\/\/www.slovakdoublebassclub.com\/eva-cahova\/\">Eva C\u00e1hov\u00e1<\/a>\u00a0(SK)<br \/>\n<a title=\"Klaudius Kov\u00e1\u010d\" href=\"http:\/\/www.slovakdoublebassclub.com\/klaudius-kovac\/\">Klaudius Kov\u00e1\u010d<\/a><strong>\u00a0<\/strong>\u00a0jazz, improviz\u00e1cia (SK)<\/p>\n<p>Ka\u017ed\u00fd z\u00a0\u00fa\u010dastn\u00edkov m\u00e1 mo\u017enos\u0165 z\u00fa\u010dastni\u0165 sa jednotliv\u00fdch lekci\u00ed v\u00a0ka\u017edom odbore. S\u00fa\u010das\u0165ou lekci\u00ed v\u00a0odboroch interpret\u00e1cia na husliach, viole, violon\u010dele, kontrabase a\u00a0klav\u00edri je pr\u00edprava komorn\u00e9ho reperto\u00e1ru z\u00a0diel Shuberta, Rosiniho <a href=\"http:\/\/www.slovakdoublebassclub.com\/komorna-hudba-chamber-music\/\">(k stiahnutiu tu!)<\/a><\/p>\n<p>Z\u00e1ujemcovia o\u00a0jazzov\u00fa interpret\u00e1ciu maj\u00fa taktie\u017e mo\u017enos\u0165 z\u00fa\u010dastni\u0165 sa jednotliv\u00fdch s\u00f3lov\u00fdch tried vo svojom odbore (husle, gitara, klav\u00edr, kontrabas) a spolo\u010dne vytvori\u0165 zoskupenia a\u00a0prezentova\u0165 ich na z\u00e1vere\u010dnom koncerte.<\/p>\n<p>BASS FEST prin\u00e1\u0161a u\u017e <strong>4. ro\u010dn\u00edk medzin\u00e1rodnej kontrabasovej interpreta\u010dnej s\u00fa\u0165a\u017ee Karl Ditters von Dittersdorfa.<\/strong><\/p>\n<p>Cielom s\u00fa\u0165a\u017ee je obohati\u0165, motivova\u0165 a\u00a0podpori\u0165 zdrav\u00fa s\u00fa\u0165a\u017eivos\u0165 medzi \u0161tudentmi kontrabasu, pon\u00faknu\u0165 v\u0161etk\u00fdm \u00fa\u010dastn\u00edkom a\u00a0posluch\u00e1\u010dom kurzov mo\u017enos\u0165 porovna\u0165 svoje v\u00fdkony s\u00a0kontrabasistami z\u00a0in\u00fdch \u0161t\u00e1tov a z\u00e1stupcami in\u00fdch \u0161k\u00f4l. V\u00fdkony \u00fa\u010dastn\u00edkov s\u00fa\u0165a\u017ee hodnot\u00ed odborn\u00e1 porota v\u00a0zlo\u017een\u00ed v\u0161etk\u00fdch lektorov kontrabasu. \u00da\u010dastn\u00edci s\u00fa\u0165a\u017eia v\u00a0troch r\u00f4znych kateg\u00f3ri\u00e1ch (ZU\u0160, konzervat\u00f3ria, vysok\u00e9 \u0161koly). Podmienky s\u00fa\u0165a\u017ee s\u00fa dan\u00e9 a\u00a0zverejnen\u00e9 na webovej str\u00e1nke ob\u010dianskeho zdru\u017eenia Slovak Double Bass club. Pre aktu\u00e1lny ro\u010dn\u00edk bola\u00a0skomponovan\u00e1 povinn\u00e1 skladba pre kontrabas a klav\u00edr od Jevgenina Ir\u0161aia \u201eBassome mucho\u201c (pre najvy\u0161\u0161iu s\u00fa\u0165a\u017en\u00fa kateg\u00f3riu). V\u00ed\u0165azi s\u00fa\u0165a\u017ee vyst\u00fapia na z\u00e1vere\u010dnom koncerte v\u00ed\u0165azov, obdr\u017eia diplom a\u00a0vecn\u00e9 ceny od sponzorov podujatia.<\/p>\n<h2>Po\u010das BASS FEST-u sa uskuto\u010dn\u00ed 8 koncertov z\u00a0toho:<\/h2>\n<p><strong>2 lektorsk\u00e9 koncerty s\u00f3lo kontrabasistov<\/strong>:<\/p>\n<p><strong>Thomas Martin, \u00a0Miloslav Jel\u00ednek, Miloslav Gajdo\u0161, Burak Karagaac, J\u00e1n Krigovsk\u00fd, Petya Bagovska, Radoslav \u0160a\u0161ina a BASS BAND<\/strong><\/p>\n<p><strong>Rafael Catala &amp; ensemble\/\u00a0Rafael Catala<\/strong>&#8211; gitara, <strong>J\u00e1n Krigovsk\u00fd<\/strong>&#8211; kontrabas, <strong>Hrvoje Rupcic<\/strong> &#8211; perkusie<\/p>\n<p><strong>ALEA\/<\/strong>\u00a0<strong>Stano Pal\u00fach<\/strong>&#8211; husle, <strong>Daniel Buranovsk\u00fd<\/strong>-klav\u00edr, <strong>Boris Lenko<\/strong>&#8211; akorde\u00f3n, <strong>J\u00e1n Krigovsk\u00fd<\/strong>&#8211; kontrabas<strong>\u00a0Martin Babjak<\/strong> &#8211; spev, <strong>Robert Roth<\/strong><\/p>\n<p><strong>jazzov\u00fd koncert<\/strong> na ktorom vyst\u00fapia <strong>lektori jazzov\u00fdch tried<\/strong> : <strong>Jacek Meira, Robert Ragan, Stano Pal\u00fach, Klaudio kov\u00e1\u010d,<\/strong><\/p>\n<p><strong>Koncert lektorov komornej hudby<\/strong> a\u00a0ostatn\u00fdch n\u00e1strojov:<strong> Dalibor Karvay, Jozef Podhoransk\u00fd, Zuzana Bou\u0159ov\u00e1, J\u00e1n Krigovsk\u00fd, Eva C\u00e1hov\u00e1,\u00a0<strong>Daniel Buranovsk\u00fd<\/strong><\/strong><\/p>\n<p><strong>Koncert kontrabasov\u00e9ho orchestra a\u00a0komorn\u00fdch zoskupen\u00ed \u0161tudentov<\/strong><\/p>\n<p><strong>Z\u00e1vere\u010dn\u00fd koncert v\u00ed\u0165azov medzin\u00e1rodnej kontrabasovej interpreta\u010dnej s\u00fa\u0165a\u017ee Karl Ditters von Dittersdorfa.<\/strong><\/p>\n<p>Cie\u013eom projektu<strong> BASS FEST 2014<\/strong> je sprostredkovanie profesion\u00e1lnych sk\u00fasenost\u00ed, vedomost\u00ed a\u00a0zru\u010dnost\u00ed pre \u00fa\u010dastn\u00edkov kurzov, nadviazanie nov\u00fdch kontaktov a\u00a0podnetn\u00fdch stretnut\u00ed, umeleckej konfront\u00e1cie mlad\u00fdch umelcov. V\u00a0neposlednej rade sprostredkova\u0165 profesion\u00e1lne hudobn\u00e9 podujatie v\u00a0podobe kvalitn\u00fdch interpreta\u010dn\u00fdch kurzov, s\u00fa\u0165a\u017ee, predn\u00e1\u0161ok, semin\u00e1rov a\u00a0koncertov.<\/p>\n<p style=\"text-align: left;\"><a title=\"Inform\u00e1cie pre uch\u00e1dza\u010dov \/ Participant information\" href=\"http:\/\/www.slovakdoublebassclub.com\/informacie-pre-uchadzacov\/\">Inform\u00e1cie pre uch\u00e1dza\u010dov \/ Participant information<\/a><\/p>\n<p style=\"text-align: left;\"><a title=\"Prihl\u00e1\u0161ka\/Registration\" href=\"https:\/\/docs.google.com\/forms\/d\/1rqltpaH_Oxp5OdBUE9n2FbrkBZIrJt3ASKn67Ed6KZg\/viewform\" target=\"_blank\">Prihl\u00e1\u0161ka\/Registration<\/a><\/p>\n<p><a title=\"Lektori 2014 \/ Lectors 2014\" href=\"http:\/\/www.slovakdoublebassclub.com\/lektori\/\">Lektori\/ Lectors<\/a><\/p>\n<p><a title=\"Harmonogram kurzov\/ workshop schedule\" href=\"http:\/\/www.slovakdoublebassclub.com\/harmonogram-kurzov\/\">Harmonogram kurzov\/ workshop schedule<\/a><\/p>\n<p><a title=\"Kontrabasov\u00e1 s\u00fa\u0165a\u017e Karla Ditters von Dittersdorfa\/ Double bass competition of C. D. von Dittersdorf\" href=\"http:\/\/www.slovakdoublebassclub.com\/kontrabasova-sutaz-karla-ditters-von-dittersdorfa\/\">Kontrabasov\u00e1 s\u00fa\u0165a\u017e Karla Ditters von Dittersdorfa\/ Double bass competition of C. D. von Dittersdorf<\/a><\/p>\n<p><a title=\"Plag\u00e1t\/Poster\" href=\"http:\/\/www.slovakdoublebassclub.com\/wp-content\/uploads\/2013\/11\/BassFest2014_plagat-web.jpg\" target=\"_blank\">Plag\u00e1t\/Poster<\/a><\/p>\n","protected":false},"excerpt":{"rendered":"<p>BASS FEST 2014 12.-16. 2. 2014 \u00a0BASS FEST 2014 je u\u017e piaty ro\u010dn\u00edk medzin\u00e1rodn\u00fdch interpreta\u010dn\u00fdch kurzov v\u00a0spojen\u00ed s\u00a0 predn\u00e1\u0161kami, semin\u00e1rmi a\u00a0odborn\u00fdmi stretnutiami a koncertmi. Kurzy prebiehaj\u00fa v\u00a0odboroch: interpret\u00e1cia na kontrabase, husliach, viole, violon\u010dele, gitare, akorde\u00f3ne, klav\u00edri a perkusi\u00e1ch. Spojen\u00edm viacer\u00fdch &hellip; <a href=\"https:\/\/www.slovakdoublebassclub.com\/SK\/bass-fest-2014\/\">Continued<\/a><\/p>\n","protected":false},"author":5,"featured_media":0,"parent":0,"menu_order":0,"comment_status":"closed","ping_status":"closed","template":"","meta":{"ngg_post_thumbnail":0,"footnotes":""},"class_list":["post-946","page","type-page","status-publish","hentry"],"_links":{"self":[{"href":"https:\/\/www.slovakdoublebassclub.com\/SK\/wp-json\/wp\/v2\/pages\/946","targetHints":{"allow":["GET"]}}],"collection":[{"href":"https:\/\/www.slovakdoublebassclub.com\/SK\/wp-json\/wp\/v2\/pages"}],"about":[{"href":"https:\/\/www.slovakdoublebassclub.com\/SK\/wp-json\/wp\/v2\/types\/page"}],"author":[{"embeddable":true,"href":"https:\/\/www.slovakdoublebassclub.com\/SK\/wp-json\/wp\/v2\/users\/5"}],"replies":[{"embeddable":true,"href":"https:\/\/www.slovakdoublebassclub.com\/SK\/wp-json\/wp\/v2\/comments?post=946"}],"version-history":[{"count":32,"href":"https:\/\/www.slovakdoublebassclub.com\/SK\/wp-json\/wp\/v2\/pages\/946\/revisions"}],"predecessor-version":[{"id":2466,"href":"https:\/\/www.slovakdoublebassclub.com\/SK\/wp-json\/wp\/v2\/pages\/946\/revisions\/2466"}],"wp:attachment":[{"href":"https:\/\/www.slovakdoublebassclub.com\/SK\/wp-json\/wp\/v2\/media?parent=946"}],"curies":[{"name":"wp","href":"https:\/\/api.w.org\/{rel}","templated":true}]}}