{"id":951,"date":"2013-09-10T22:37:32","date_gmt":"2013-09-10T22:37:32","guid":{"rendered":"http:\/\/www.slovakdoublebassclub.com\/?page_id=951"},"modified":"2014-10-22T22:11:29","modified_gmt":"2014-10-22T20:11:29","slug":"bass-band","status":"publish","type":"page","link":"https:\/\/www.slovakdoublebassclub.com\/SK\/bass-band\/","title":{"rendered":"BASS BAND"},"content":{"rendered":"<p><a href=\"http:\/\/www.slovakdoublebassclub.com\/wp-content\/uploads\/2013\/09\/Logo-BassBand.jpg\"><img loading=\"lazy\" decoding=\"async\" class=\"size-full wp-image-1114 aligncenter\" alt=\"Logo-BassBand\" src=\"http:\/\/www.slovakdoublebassclub.com\/wp-content\/uploads\/2013\/09\/Logo-BassBand.jpg\" width=\"300\" height=\"150\" \/><\/a><\/p>\n<p style=\"text-align: center;\"><a href=\"http:\/\/www.slovakdoublebassclub.com\/wp-content\/uploads\/2013\/09\/IMG_9643.png\"><img loading=\"lazy\" decoding=\"async\" class=\" wp-image-2932 aligncenter\" alt=\"IMG_9643\" src=\"http:\/\/www.slovakdoublebassclub.com\/wp-content\/uploads\/2013\/09\/IMG_9643-1024x682.png\" width=\"658\" height=\"438\" srcset=\"https:\/\/www.slovakdoublebassclub.com\/wp-content\/uploads\/2013\/09\/IMG_9643-1024x682.png 1024w, https:\/\/www.slovakdoublebassclub.com\/wp-content\/uploads\/2013\/09\/IMG_9643-600x400.png 600w, https:\/\/www.slovakdoublebassclub.com\/wp-content\/uploads\/2013\/09\/IMG_9643-300x200.png 300w, https:\/\/www.slovakdoublebassclub.com\/wp-content\/uploads\/2013\/09\/IMG_9643.png 1200w\" sizes=\"auto, (max-width: 658px) 100vw, 658px\" \/><\/a><\/p>\n<p>&nbsp;<\/p>\n<p>&nbsp;<\/p>\n<p>Kontrabasov\u00e9 kvarteto <strong>BASS BAND<\/strong> je jedno zo zoskupen\u00ed, ktor\u00e9 spont\u00e1nne vzniklo popri aktivit\u00e1ch ob\u010dianskeho zdru\u017eenia Slovak Double Bass Club. Jeho snahou je uk\u00e1za\u0165 posluch\u00e1\u010dom mo\u017enosti vyu\u017eitia kontrabasu nie len ako orchestr\u00e1lneho n\u00e1stroja, ale i n\u00e1stroja s\u00f3lov\u00e9ho. Kontrabasov\u00fd kvartet pon\u00faka posluch\u00e1\u010dovi nev\u0161edn\u00fd z\u00e1\u017eitok v spojen\u00ed so zvukom najhlb\u0161ie znej\u00faceho sl\u00e1\u010dikov\u00e9ho n\u00e1stroja v nev\u0161edn\u00fdch aran\u017em\u00e1noch od klasiky cez jazz, swing, a\u017e popul\u00e1rnu hudbu. Popri uv\u00e1dzan\u00ed aran\u017em\u00e1nov a transkripci\u00ed sl\u00e1\u010dikov\u00fdch kvartetov, (W. A. Mozart Divertimento D dur) dychov\u00fdch zoskupen\u00ed a pod. sa s\u00fabor \u0161pecializuje aj na uv\u00e1dzanie p\u00f4vodn\u00fdch a origin\u00e1lnych skladieb nap\u00edsan\u00fdch pre toto\u00a0nev\u0161edn\u00e9 zoskupenie od autorov svetovej, ale i dom\u00e1cej hudobnej sc\u00e9ny.<\/p>\n<p>Vyst\u00fapenia Bass Band-u s\u00fa h\u013eadan\u00edm spolo\u010dnej re\u010di n\u00e1strojov i \u013eud\u00ed. \u010clenov sp\u00e1ja nielen l\u00e1ska ku kontrabasu a hudbe, ale aj \u00faprimn\u00e9 priate\u013estvo.<\/p>\n<p>\u00da\u010dinkuj\u00fa:<\/p>\n<p><a title=\"J\u00e1n Krigovsk\u00fd\" href=\"http:\/\/www.slovakdoublebassclub.com\/jan-krigovsky\/\">J\u00e1n Krigovsk\u00fd<\/a>\u00a0&#8211; umeleck\u00fd \u017eivotopis \/\u00a0<a title=\"Curriculum auf Deutch J\u00e1n Krigovsky\" href=\"http:\/\/www.slovakdoublebassclub.com\/curriculum-jan-krigovsky\/\">Curriculum auf Deutsch<\/a><br \/>\n<a title=\"J\u00e1n Prievozn\u00edk\" href=\"http:\/\/www.slovakdoublebassclub.com\/jan-prievoznik\/\">J\u00e1n Prievozn\u00edk<\/a>\u00a0&#8211;\u00a0umeleck\u00fd \u017eivotopis<br \/>\n<a title=\"Metod Podolsk\u00fd\" href=\"http:\/\/www.slovakdoublebassclub.com\/metod-podolsky\/\">Metod Podolsk\u00fd<\/a>\u00a0&#8211;\u00a0umeleck\u00fd \u017eivotopis<br \/>\n<a title=\"J\u00e1n Borza\" href=\"http:\/\/www.slovakdoublebassclub.com\/jan-borza\/\">J\u00e1n Borza<\/a>\u00a0&#8211;\u00a0umeleck\u00fd \u017eivotopis<\/p>\n<p><a href=\"http:\/\/www.slovakdoublebassclub.com\/wp-content\/uploads\/2013\/09\/IMG_7772.jpg\"><img loading=\"lazy\" decoding=\"async\" class=\"alignnone size-medium wp-image-985\" style=\"font-size: 12px; line-height: 18px;\" title=\"J\u00e1n Krigovsk\u00fd\" alt=\"IMG_7772\" src=\"http:\/\/www.slovakdoublebassclub.com\/wp-content\/uploads\/2013\/09\/IMG_7772-200x300.jpg\" width=\"200\" height=\"300\" srcset=\"https:\/\/www.slovakdoublebassclub.com\/wp-content\/uploads\/2013\/09\/IMG_7772-200x300.jpg 200w, https:\/\/www.slovakdoublebassclub.com\/wp-content\/uploads\/2013\/09\/IMG_7772.jpg 600w\" sizes=\"auto, (max-width: 200px) 100vw, 200px\" \/><\/a>\u00a0\u00a0<a href=\"http:\/\/www.slovakdoublebassclub.com\/wp-content\/uploads\/2013\/09\/IMG_7769.jpg\"><img loading=\"lazy\" decoding=\"async\" class=\"alignnone size-medium wp-image-983\" title=\"Metod Podolsk\u00fd\" alt=\"IMG_7769\" src=\"http:\/\/www.slovakdoublebassclub.com\/wp-content\/uploads\/2013\/09\/IMG_7769-300x200.jpg\" width=\"300\" height=\"200\" srcset=\"https:\/\/www.slovakdoublebassclub.com\/wp-content\/uploads\/2013\/09\/IMG_7769-300x200.jpg 300w, https:\/\/www.slovakdoublebassclub.com\/wp-content\/uploads\/2013\/09\/IMG_7769-600x400.jpg 600w, https:\/\/www.slovakdoublebassclub.com\/wp-content\/uploads\/2013\/09\/IMG_7769-1024x682.jpg 1024w, https:\/\/www.slovakdoublebassclub.com\/wp-content\/uploads\/2013\/09\/IMG_7769.jpg 1200w\" sizes=\"auto, (max-width: 300px) 100vw, 300px\" \/><\/a><a href=\"http:\/\/www.slovakdoublebassclub.com\/wp-content\/uploads\/2013\/09\/IMG_7770.jpg\"><img loading=\"lazy\" decoding=\"async\" class=\"alignnone size-medium wp-image-984\" title=\"J\u00e1n Prievozn\u00edk\" alt=\"IMG_7770\" src=\"http:\/\/www.slovakdoublebassclub.com\/wp-content\/uploads\/2013\/09\/IMG_7770-300x200.jpg\" width=\"300\" height=\"200\" srcset=\"https:\/\/www.slovakdoublebassclub.com\/wp-content\/uploads\/2013\/09\/IMG_7770-300x200.jpg 300w, https:\/\/www.slovakdoublebassclub.com\/wp-content\/uploads\/2013\/09\/IMG_7770-600x400.jpg 600w, https:\/\/www.slovakdoublebassclub.com\/wp-content\/uploads\/2013\/09\/IMG_7770-1024x682.jpg 1024w, https:\/\/www.slovakdoublebassclub.com\/wp-content\/uploads\/2013\/09\/IMG_7770.jpg 1200w\" sizes=\"auto, (max-width: 300px) 100vw, 300px\" \/><\/a>\u00a0\u00a0<img loading=\"lazy\" decoding=\"async\" style=\"font-size: 12px; line-height: 18px;\" title=\"Bass Band\" alt=\"IMG_7762\" src=\"http:\/\/www.slovakdoublebassclub.com\/wp-content\/uploads\/2013\/09\/IMG_7762-300x200.jpg\" width=\"300\" height=\"200\" \/><\/p>\n<p><iframe loading=\"lazy\" src=\"\/\/www.youtube.com\/embed\/zZNtKoKA5dA?rel=0\" height=\"480\" width=\"853\" allowfullscreen=\"\" frameborder=\"0\"><\/iframe><\/p>\n","protected":false},"excerpt":{"rendered":"<p>&nbsp; &nbsp; Kontrabasov\u00e9 kvarteto BASS BAND je jedno zo zoskupen\u00ed, ktor\u00e9 spont\u00e1nne vzniklo popri aktivit\u00e1ch ob\u010dianskeho zdru\u017eenia Slovak Double Bass Club. Jeho snahou je uk\u00e1za\u0165 posluch\u00e1\u010dom mo\u017enosti vyu\u017eitia kontrabasu nie len ako orchestr\u00e1lneho n\u00e1stroja, ale i n\u00e1stroja s\u00f3lov\u00e9ho. Kontrabasov\u00fd kvartet &hellip; <a href=\"https:\/\/www.slovakdoublebassclub.com\/SK\/bass-band\/\">Continued<\/a><\/p>\n","protected":false},"author":5,"featured_media":1114,"parent":0,"menu_order":0,"comment_status":"closed","ping_status":"closed","template":"page-sidebar.php","meta":{"ngg_post_thumbnail":0,"footnotes":""},"class_list":["post-951","page","type-page","status-publish","has-post-thumbnail","hentry"],"_links":{"self":[{"href":"https:\/\/www.slovakdoublebassclub.com\/SK\/wp-json\/wp\/v2\/pages\/951","targetHints":{"allow":["GET"]}}],"collection":[{"href":"https:\/\/www.slovakdoublebassclub.com\/SK\/wp-json\/wp\/v2\/pages"}],"about":[{"href":"https:\/\/www.slovakdoublebassclub.com\/SK\/wp-json\/wp\/v2\/types\/page"}],"author":[{"embeddable":true,"href":"https:\/\/www.slovakdoublebassclub.com\/SK\/wp-json\/wp\/v2\/users\/5"}],"replies":[{"embeddable":true,"href":"https:\/\/www.slovakdoublebassclub.com\/SK\/wp-json\/wp\/v2\/comments?post=951"}],"version-history":[{"count":31,"href":"https:\/\/www.slovakdoublebassclub.com\/SK\/wp-json\/wp\/v2\/pages\/951\/revisions"}],"predecessor-version":[{"id":987,"href":"https:\/\/www.slovakdoublebassclub.com\/SK\/wp-json\/wp\/v2\/pages\/951\/revisions\/987"}],"wp:featuredmedia":[{"embeddable":true,"href":"https:\/\/www.slovakdoublebassclub.com\/SK\/wp-json\/wp\/v2\/media\/1114"}],"wp:attachment":[{"href":"https:\/\/www.slovakdoublebassclub.com\/SK\/wp-json\/wp\/v2\/media?parent=951"}],"curies":[{"name":"wp","href":"https:\/\/api.w.org\/{rel}","templated":true}]}}